{"id":16398,"date":"2025-01-20T09:12:19","date_gmt":"2025-01-20T09:12:19","guid":{"rendered":"https:\/\/www.hydraulic-cylinders.net\/product\/arm-cylinderfor-xcmg-middle-excavator-xe225ca\/"},"modified":"2025-01-20T09:12:21","modified_gmt":"2025-01-20T09:12:21","slug":"arm-cylinderfor-xcmg-middle-excavator-xe225ca","status":"publish","type":"product","link":"https:\/\/www.hydraulic-cylinders.net\/sl\/izdelek\/arm-cylinderfor-xcmg-middle-excavator-xe225ca\/","title":{"rendered":"Ro\u010dica cilindra za srednji bager XCMG XE225CA"},"content":{"rendered":"<h1>Ro\u010dica cilindra za srednji bager XCMG XE225CA<\/h1>\n<h2>Definicija izdelka<\/h2>\n<p>Hidravli\u010dni valj roke je posebej zasnovan hidravli\u010dni valj, ki zagotavlja linearno gibanje in mo\u010d roki razli\u010dnih strojev, kot so bagri, \u017eerjavi in \u200b\u200bmehanske roke. Igra klju\u010dno vlogo v hidravli\u010dnih sistemih, saj omogo\u010da u\u010dinkovito gibanje in nadzor priklju\u010dkov ali dodatne opreme. Ti cilindri ne omogo\u010dajo le gladkega gibanja, temve\u010d tudi prenesejo velike obremenitve, kar zagotavlja u\u010dinkovito delovanje in zanesljivost strojev v razli\u010dnih delovnih pogojih.<\/p>\n<p><img decoding=\"async\" src=\"https:\/\/www.hydraulic-cylinders.net\/wp-content\/uploads\/2025\/01\/songte-company-2.webp\"><\/p>\n<h2>Zna\u010dilnosti izdelka<\/h2>\n<ul>\n<li>Visoko u\u010dinkovit prenos: Cilinder roke zagotavlja mo\u010dno linearno gibanje in silo, kar zagotavlja visoko zmogljivost mehanske roke pri razli\u010dnih operacijah.<\/li>\n<li>Natan\u010den nadzor: S hidravli\u010dnim sistemom omogo\u010da valj roke natan\u010den nadzor gibanja, zaradi \u010desar je delovanje priklju\u010denih orodij bolj prilagodljivo in natan\u010dno.<\/li>\n<li>Visoka vzdr\u017eljivost: Valji rok so obi\u010dajno izdelani iz visoko trdnih materialov, ki ponujajo odli\u010dno odpornost proti obrabi in koroziji, zaradi \u010desar so primerni za dolgotrajno uporabo v zahtevnih okoljih.<\/li>\n<li>Ve\u010dnamenska prilagodljivost: Ti cilindri se lahko \u0161iroko uporabljajo v razli\u010dnih strojih, kot so bagri, \u017eerjavi in \u200b\u200bmehanske roke, ter se prilagajajo razli\u010dnim zahtevam dela.<\/li>\n<li>Enostavno vzdr\u017eevanje: Cilindri so zasnovani za enostavno vzdr\u017eevanje in zamenjavo ter omogo\u010dajo priro\u010dne redne preglede in vzdr\u017eevanje, kar zmanj\u0161uje \u010das izpada opreme.<\/li>\n<\/ul>\n<p><img decoding=\"async\" src=\"https:\/\/www.hydraulic-cylinders.net\/wp-content\/uploads\/2025\/01\/songte-oil-pipes-and-spare-parts.webp\"><\/p>\n<h2>Aplikacije<\/h2>\n<p>Ro\u010dni cilindri se uporabljajo v razli\u010dnih panogah:<\/p>\n<ul>\n<li>Gradbeni\u0161tvo: Pri bagrih in \u017eerjavih cilindri roke nadzorujejo gibanje \u017elic ali rok za zemeljska dela, ravnanje z materiali in monta\u017eo konstrukcij.<\/li>\n<li>Proizvodna industrija: V avtomatiziranih proizvodnih linijah cilindri rok olaj\u0161ajo gibanje mehanskih rok za monta\u017eo, varjenje in ravnanje z materiali, kar izbolj\u0161uje u\u010dinkovitost in natan\u010dnost proizvodnje.<\/li>\n<li>Kmetijska mehanizacija: Pri kmetijski opremi, kot so kombajni in sejalnice, cilindri rok nadzorujejo gibanje delovnih rok za naloge, kot so setev, gnojenje in \u017eetev.<\/li>\n<li>Rudarstvo: V rudarski opremi cilindri roke nadzorujejo gibanje roke rudarskih strojev za pridobivanje in transport rude.<\/li>\n<li>Logistika in transport: Pri vili\u010darjih in robotih za manipulacijo cilindri roke nadzorujejo dvigovanje in premikanje vilic, kar omogo\u010da ravnanje z materiali in zlaganje.<\/li>\n<\/ul>\n<h2>Oblikovalski vidiki in izbirna merila<\/h2>\n<p>Pri na\u010drtovanju in izbiri cilindrov z vzvodom je treba upo\u0161tevati ve\u010d klju\u010dnih dejavnikov:<\/p>\n<ul>\n<li>Nosilnost: Valj roke mora biti zasnovan tako, da prenese dolo\u010deno nosilnost, da se zagotovi varno in zanesljivo delovanje.<\/li>\n<li>Tesnilna sposobnost: Za zagotovitev u\u010dinkovitega tesnjenja je treba izbrati razli\u010dne tesnilne elemente, kot so tesnila bata in ojnice, izdelana iz materialov, odpornih proti obrabi, kot sta poliuretan in nitrilna guma.<\/li>\n<li>Vzdr\u017eljivost: Ohi\u0161je valja in navojne kon\u010dne povr\u0161ine morajo biti natan\u010dno obdelane, da se pove\u010da odpornost proti obrabi in podalj\u0161a \u017eivljenjska doba.<\/li>\n<li>Varnost: Pri zasnovi je treba dati prednost varnosti, pri \u010demer je treba upo\u0161tevati dejavnike, kot so tla\u010dni varnostni ventili in varnostne klju\u010davnice, da se prepre\u010dijo nesre\u010de.<\/li>\n<li>Vzdr\u017eevanje: Valji roke morajo biti zasnovani za enostavno vzdr\u017eevanje in popravilo, kar omogo\u010da hitre preglede in zamenjavo komponent.<\/li>\n<\/ul>\n<p><img decoding=\"async\" src=\"https:\/\/www.hydraulic-cylinders.net\/wp-content\/uploads\/2025\/01\/songte-cylinder-head-with-all-kinds-excavator-models.webp\"><\/p>\n<h2>Tesnjenje in mazanje<\/h2>\n<p>Ro\u010dajni cilindri uporabljajo razli\u010dne tesnilne komponente, kot so tesnila bata in tesnila palic, izdelana iz materialov, odpornih proti obrabi, kot sta poliuretan in nitrilna guma. Telo cilindra in navojne kon\u010dne povr\u0161ine so fino obdelane za ve\u010djo odpornost proti obrabi. Za nemoteno delovanje je potrebno redno mazanje z ustrezno koli\u010dino hidravli\u010dnega olja.<\/p>\n<h2>Redni pregledi in preventivno vzdr\u017eevanje<\/h2>\n<p>Redni pregledi so bistveni za zagotovitev optimalne zmogljivosti in dolge \u017eivljenjske dobe cilindrov roke. Nekateri preventivni vzdr\u017eevalni ukrepi vklju\u010dujejo:<\/p>\n<ul>\n<li>Preverjanje pu\u0161\u010danja olja in zagotavljanje ustreznega tesnjenja.<\/li>\n<li>Pregled ohi\u0161ja valja in kon\u010dnih povr\u0161in glede morebitnih znakov obrabe ali po\u0161kodb.<\/li>\n<li>Preverjanje delovanja varnostnih ventilov in klju\u010davnic.<\/li>\n<li>Spremljanje in vzdr\u017eevanje ustrezne ravni in kakovosti hidravli\u010dnega olja.<\/li>\n<li>Upo\u0161tevanje navodil proizvajalca glede intervalov in postopkov vzdr\u017eevanja.<\/li>\n<\/ul>\n<h2>Vodnik za namestitev izdelka<\/h2>\n<p>Pravilna namestitev ro\u010dnega cilindra je klju\u010dnega pomena za njegovo delovanje in varnost. Tukaj je nekaj pomembnih korakov namestitve:<\/p>\n<ul>\n<li>Prepri\u010dajte se, da so vse komponente \u010diste in brez kakr\u0161nih koli ostankov ali onesna\u017eevalcev.<\/li>\n<li>Za pravilno pozicioniranje in poravnavo cilindra upo\u0161tevajte navodila proizvajalca.<\/li>\n<li>Vse priklju\u010dke, kot so vijaki in hidravli\u010dne cevi, varno pritrdite.<\/li>\n<li>Pravilno nastavite hod valja in kon\u010dna stikala, \u010de so na voljo.<\/li>\n<li>Preden stroj za\u017eenete, opravite obse\u017een funkcionalni preizkus.<\/li>\n<\/ul>\n<p><img decoding=\"async\" src=\"https:\/\/www.hydraulic-cylinders.net\/wp-content\/uploads\/2025\/01\/songte-bushings-with-all-kinds-of-excavator-models.webp\"><\/p>\n<h2>Varnostni vidiki in okoljski dejavniki<\/h2>\n<p>Pri uporabi cilindrov roke so varnostni ukrepi izjemnega pomena. Za prepre\u010devanje nesre\u010d in zagotavljanje dobrega po\u010dutja osebja je potrebno ustrezno usposabljanje in upo\u0161tevanje varnostnih protokolov. Poleg tega upo\u0161tevanje okoljskih dejavnikov, kot sta pravilno odstranjevanje hidravli\u010dnega olja in skladnost s predpisi, pomaga zmanj\u0161ati vpliv na okolje.<\/p>\n<h2>Diagnoza napak in pogoste te\u017eave<\/h2>\n<p>Nekatere pogoste te\u017eave, ki se lahko pojavijo pri cilindrih roke, vklju\u010dujejo pu\u0161\u010danje olja, nezadostno ali neenakomerno gibanje in nenavadne zvoke. Te napake je mogo\u010de diagnosticirati z opazovanjem simptomov in temeljitimi pregledi. Hitro odpravljanje te\u017eav in tehnike re\u0161evanja te\u017eav lahko pomagajo u\u010dinkovito odpraviti te te\u017eave. Izvajanje preventivnih ukrepov lahko dodatno zmanj\u0161a morebitne te\u017eave.<\/p>\n<p><img decoding=\"async\" src=\"https:\/\/www.hydraulic-cylinders.net\/wp-content\/uploads\/2025\/01\/songte-chushion-collar.webp\"><\/p>\n<p>Avtor: lyl<\/p>\n<h2>O na\u0161em podjetju<\/h2>\n<p>Smo profesionalni proizvajalec nadomestnih hidravli\u010dnih cilindrov in ponujamo \u0161iroko paleto izdelkov. Postali smo eden vodilnih proizvajalcev in veleprodajnih distributerjev hidravli\u010dnih cilindrov na doma\u010dem in mednarodnem trgu. Dr\u017eimo se na\u010dela odli\u010dne kakovosti in nenehno izbolj\u0161ujemo svoje tehnolo\u0161ko znanje in proizvodno u\u010dinkovitost. Z najsodobnej\u0161o digitalno proizvodno opremo in profesionalnimi testnimi sistemi optimiziramo na\u0161o proizvodno platformo, izbolj\u0161ujemo procese nadzora kakovosti izdelkov in dokazujemo mo\u010dne inovacijske sposobnosti. Na\u0161 cilj je zadovoljiti raznolike potrebe strank z visoko u\u010dinkovitostjo, natan\u010dnostjo in visokokakovostnimi izdelki.<\/p>\n<p><img decoding=\"async\" src=\"https:\/\/www.hydraulic-cylinders.net\/wp-content\/uploads\/2025\/01\/songte-company-4.webp\"><br \/>\n<img decoding=\"async\" src=\"https:\/\/www.hydraulic-cylinders.net\/wp-content\/uploads\/2025\/01\/songte-company-3.webp\"><\/p>","protected":false},"excerpt":{"rendered":"<p>Arm Cylinder For XCMG Middle Excavator XE225CA Product Definition The arm cylinder is a specially designed hydraulic cylinder that provides linear motion and power to the arm of various machinery, such as excavators, cranes, and mechanical arms. It plays a crucial role in hydraulic systems, allowing for efficient movement and control of attachments or accessories. [&hellip;]<\/p>","protected":false},"featured_media":14777,"comment_status":"open","ping_status":"closed","template":"","meta":{"_et_pb_use_builder":"","_et_pb_old_content":"","_et_gb_content_width":""},"product_brand":[],"product_cat":[1497],"product_tag":[1498,1496],"class_list":{"0":"post-16398","1":"product","2":"type-product","3":"status-publish","4":"has-post-thumbnail","6":"product_cat-arm-cylinders","7":"product_tag-arm-cylinders","8":"product_tag-hydraulic-cylinders","10":"first","11":"instock","12":"shipping-taxable","13":"product-type-simple"},"amp_enabled":true,"_links":{"self":[{"href":"https:\/\/www.hydraulic-cylinders.net\/sl\/wp-json\/wp\/v2\/product\/16398","targetHints":{"allow":["GET"]}}],"collection":[{"href":"https:\/\/www.hydraulic-cylinders.net\/sl\/wp-json\/wp\/v2\/product"}],"about":[{"href":"https:\/\/www.hydraulic-cylinders.net\/sl\/wp-json\/wp\/v2\/types\/product"}],"replies":[{"embeddable":true,"href":"https:\/\/www.hydraulic-cylinders.net\/sl\/wp-json\/wp\/v2\/comments?post=16398"}],"wp:featuredmedia":[{"embeddable":true,"href":"https:\/\/www.hydraulic-cylinders.net\/sl\/wp-json\/wp\/v2\/media\/14777"}],"wp:attachment":[{"href":"https:\/\/www.hydraulic-cylinders.net\/sl\/wp-json\/wp\/v2\/media?parent=16398"}],"wp:term":[{"taxonomy":"product_brand","embeddable":true,"href":"https:\/\/www.hydraulic-cylinders.net\/sl\/wp-json\/wp\/v2\/product_brand?post=16398"},{"taxonomy":"product_cat","embeddable":true,"href":"https:\/\/www.hydraulic-cylinders.net\/sl\/wp-json\/wp\/v2\/product_cat?post=16398"},{"taxonomy":"product_tag","embeddable":true,"href":"https:\/\/www.hydraulic-cylinders.net\/sl\/wp-json\/wp\/v2\/product_tag?post=16398"}],"curies":[{"name":"delovni list","href":"https:\/\/api.w.org\/{rel}","templated":true}]}}