{"id":16405,"date":"2025-01-20T09:12:53","date_gmt":"2025-01-20T09:12:53","guid":{"rendered":"https:\/\/www.hydraulic-cylinders.net\/product\/arm-cylinderfor-xcmg-large-excavator-xe335c\/"},"modified":"2025-01-20T09:12:55","modified_gmt":"2025-01-20T09:12:55","slug":"arm-cylinderfor-xcmg-large-excavator-xe335c","status":"publish","type":"product","link":"https:\/\/www.hydraulic-cylinders.net\/sl\/izdelek\/arm-cylinderfor-xcmg-large-excavator-xe335c\/","title":{"rendered":"Ro\u010dica cilindra za XCMG veliki bager XE335C"},"content":{"rendered":"<h2>Ro\u010dica cilindra za XCMG veliki bager XE335C<\/h2>\n<p>Hidravli\u010dni cilinder za bager XCMG XE335C je specializiran hidravli\u010dni cilinder, zasnovan za zagotavljanje linearnega gibanja in mo\u010di roki razli\u010dnih vrst strojev, kot so bagri, \u017eerjavi in \u200b\u200brobotske roke. Cilinder roke igra klju\u010dno vlogo v hidravli\u010dnih sistemih, saj omogo\u010da u\u010dinkovito premikanje in krmiljenje dodatnih orodij ali priklju\u010dkov. Ti cilindri ne zagotavljajo le gladkega gibanja, temve\u010d tudi prenesejo velike obremenitve, kar zagotavlja u\u010dinkovito delovanje in zanesljivost strojev v razli\u010dnih delovnih pogojih.<\/p>\n<p><img decoding=\"async\" src=\"https:\/\/www.hydraulic-cylinders.net\/wp-content\/uploads\/2025\/01\/songte-company-2.webp\" alt=\"Ro\u010daj cilindra\" \/><\/p>\n<h2>Zna\u010dilnosti ro\u010dnega cilindra<\/h2>\n<h3>1. Visoko u\u010dinkovit pogon<\/h3>\n<p>Cilinder roke zagotavlja mo\u010dno linearno gibanje in silo, kar zagotavlja visoko zmogljivost roke stroja pri razli\u010dnih operacijah.<\/p>\n<h3>2. Natan\u010den nadzor<\/h3>\n<p>S hidravli\u010dnim sistemom omogo\u010da cilinder roke natan\u010den nadzor gibanja, zaradi \u010desar je upravljanje priklju\u010denih orodij bolj prilagodljivo in natan\u010dno.<\/p>\n<h3>3. Mo\u010dna vzdr\u017eljivost<\/h3>\n<p>Ro\u010dajni valj je obi\u010dajno izdelan iz visoko trdnih materialov, ki ponujajo odli\u010dno odpornost proti obrabi in koroziji, zaradi \u010desar je primeren za dolgotrajno uporabo v zahtevnih okoljih.<\/p>\n<h3>4. Vsestranska prilagodljivost<\/h3>\n<p>Ti cilindri se lahko \u0161iroko uporabljajo v razli\u010dnih vrstah strojne opreme, kot so bagri, \u017eerjavi in \u200b\u200brobotske roke, da bi izpolnili razli\u010dne delovne zahteve.<\/p>\n<h3>5. Enostavno vzdr\u017eevanje<\/h3>\n<p>Zasnovan z mislijo na enostavno vzdr\u017eevanje in zamenjavo, ro\u010dni valj omogo\u010da priro\u010dne redne preglede in vzdr\u017eevanje, kar zmanj\u0161uje \u010das izpada opreme.<\/p>\n<p><img decoding=\"async\" src=\"https:\/\/www.hydraulic-cylinders.net\/wp-content\/uploads\/2025\/01\/songte-oil-pipes-and-spare-parts.webp\" alt=\"Hidravli\u010dni cilinder\" \/><\/p>\n<h2>Uporaba ro\u010dnega cilindra<\/h2>\n<p>Ro\u010dni valj se uporablja v razli\u010dnih panogah in scenarijih:<\/p>\n<h3>1. Gradbeni\u0161tvo<\/h3>\n<p>Pri bagrih in \u017eerjavih ro\u010di\u010dni valj nadzoruje gibanje \u017elic ali rok za zemeljska dela, ravnanje z materiali in konstrukcijske instalacije.<\/p>\n<h3>2. Proizvodnja<\/h3>\n<p>V avtomatiziranih proizvodnih linijah ro\u010dni valj omogo\u010da premikanje robotskih rok za procese monta\u017ee, varjenja in ravnanja z materiali, kar pove\u010duje u\u010dinkovitost in natan\u010dnost proizvodnje.<\/p>\n<h3>3. Kmetijska mehanizacija<\/h3>\n<p>V kmetijski opremi, kot so \u017eetveni stroji in sejalnice, ro\u010di\u010dni valj nadzoruje gibanje delovnih rok za naloge, kot so sajenje, gnojenje in \u017eetev.<\/p>\n<h3>4. Rudarstvo<\/h3>\n<p>V rudarski opremi ro\u010di\u010dni valj nadzoruje gibanje rok rudarskih strojev za pridobivanje in transport rude.<\/p>\n<h3>5. Logistika in transport<\/h3>\n<p>Pri vili\u010darjih in robotih za manipulacijo cilinder roke nadzoruje dvigovanje in premikanje vilic, kar omogo\u010da ravnanje z materiali in zlaganje.<\/p>\n<p><img decoding=\"async\" src=\"https:\/\/www.hydraulic-cylinders.net\/wp-content\/uploads\/2025\/01\/songte-cylinder-head-with-all-kinds-excavator-models.webp\" alt=\"Uporaba ro\u010dnih cilindrov\" \/><\/p>\n<h2>Oblikovalski vidiki in izbirna merila<\/h2>\n<p>Pri na\u010drtovanju in izbiri ro\u010dnega cilindra je treba upo\u0161tevati ve\u010d dejavnikov:<\/p>\n<h3>1. Nosilnost<\/h3>\n<p>Ro\u010dajni valj mora biti zasnovan tako, da prenese pri\u010dakovane obremenitve in sile, s katerimi se soo\u010damo pri specifi\u010dni uporabi.<\/p>\n<h3>2. Zmogljivost tesnjenja<\/h3>\n<p>Za zagotovitev u\u010dinkovitega tesnjenja in prepre\u010devanje pu\u0161\u010danja je treba uporabiti razli\u010dne tesnilne komponente, kot so tesnila bata in tesnila ojnic iz materialov, odpornih proti obrabi, kot sta poliuretan in nitrilna guma.<\/p>\n<h3>3. Vzdr\u017eljivost<\/h3>\n<p>Konstrukcija valja, vklju\u010dno s povr\u0161insko obdelavo ohi\u0161ja valja in navojnih koncev, mora biti fino obdelana, da se pove\u010da odpornost proti obrabi in podalj\u0161a njegova \u017eivljenjska doba.<\/p>\n<h3>4. Varnost<\/h3>\n<p>Ro\u010dni valj mora biti v skladu z varnostnimi standardi in imeti varnostne funkcije za prepre\u010devanje nesre\u010d med delovanjem.<\/p>\n<h3>5. Vzdr\u017eevanje<\/h3>\n<p>V zasnovo je treba vklju\u010diti vidike enostavnega vzdr\u017eevanja in popravila, kar omogo\u010da priro\u010den pregled, mazanje in zamenjavo komponent.<\/p>\n<p><img decoding=\"async\" src=\"https:\/\/www.hydraulic-cylinders.net\/wp-content\/uploads\/2025\/01\/songte-chushion-collar.webp\" alt=\"Zasnova ro\u010dnega cilindra\" \/><\/p>\n<h2>Tesnjenje in mazanje<\/h2>\n<p>Ro\u010dajni valj uporablja razli\u010dne tesnilne elemente, kot so tesnila bata in tesnila palic, izdelana iz materialov, odpornih proti obrabi, kot sta poliuretan in nitrilna guma. Telo valja in navojni konci so fino obdelani za izbolj\u0161anje odpornosti proti obrabi. Za nemoteno delovanje in podalj\u0161anje \u017eivljenjske dobe valja je potrebno redno mazanje z ustrezno koli\u010dino hidravli\u010dnega olja.<\/p>\n<h2>Redni pregledi in preventivno vzdr\u017eevanje<\/h2>\n<ul>\n<li>Redno pregledujte valj ro\u010dice glede morebitnih znakov obrabe, pu\u0161\u010danja ali po\u0161kodb.<\/li>\n<li>Preverite nivo in kakovost hidravli\u010dne teko\u010dine, da zagotovite pravilno mazanje in \u010disto\u010do.<\/li>\n<li>Opravljajte rutinska vzdr\u017eevalna dela, kot so \u010di\u0161\u010denje, mazanje in privijanje komponent.<\/li>\n<li>Obrabljena tesnila in po\u0161kodovane dele nemudoma zamenjajte, da prepre\u010dite nadaljnjo \u0161kodo ali okvaro.<\/li>\n<li>Upo\u0161tevajte priporo\u010dila in smernice proizvajalca za preventivno vzdr\u017eevanje.<\/li>\n<\/ul>\n<h2>Vodnik za namestitev izdelka<\/h2>\n<p>Pravilna namestitev ro\u010dnega cilindra je klju\u010dnega pomena za njegovo delovanje in dolgo \u017eivljenjsko dobo. Sledite spodnjim korakom:<\/p>\n<ol>\n<li>Prepri\u010dajte se, da je bager ali stroj izklopljen in da je hidravli\u010dni sistem brez tlaka.<\/li>\n<li>Ro\u010di\u010dni valj varno pritrdite na ozna\u010dene pritrdilne to\u010dke na stroju v skladu z navodili proizvajalca.<\/li>\n<li>Vse priklju\u010dke in pritrdilne elemente privijte z navedenim navorom.<\/li>\n<li>Priklju\u010dite hidravli\u010dne cevi in \u200b\u200bpriklju\u010dke ter pazite na pravilno poravnavo in tesnjenje.<\/li>\n<li>Hidravli\u010dni sistem napolnite s priporo\u010deno hidravli\u010dno teko\u010dino.<\/li>\n<li>Pred uporabo stroja opravite temeljit pregled, da zagotovite pravilno namestitev in delovanje.<\/li>\n<\/ol>\n<p><img decoding=\"async\" src=\"https:\/\/www.hydraulic-cylinders.net\/wp-content\/uploads\/2025\/01\/songte-bushings-with-all-kinds-of-excavator-models.webp\" alt=\"Namestitev ro\u010dice cilindra\" \/><\/p>\n<h2>Varnostni vidiki in okoljski dejavniki<\/h2>\n<p>Pri uporabi ro\u010dnega cilindra je bistveno dati prednost varnostnim ukrepom za prepre\u010devanje nesre\u010d in zagotavljanje dobrega po\u010dutja upravljavcev in okoli\u0161kega osebja. Upo\u0161tevanje varnostnih protokolov in predpisov je izjemnega pomena. Poleg tega je treba upo\u0161tevati okoljske dejavnike, da se ubla\u017eijo morebitni negativni u\u010dinki, ki jih povzro\u010da delovanje strojev.<\/p>\n<h2>Diagnoza napak in pogoste te\u017eave<\/h2>\n<p>\u010ceprav je ro\u010dni valj zasnovan zanesljivo, se lahko pojavijo dolo\u010dene napake in te\u017eave. Nekatere pogoste te\u017eave vklju\u010dujejo:<\/p>\n<ul>\n<li>Pu\u0161\u010danje iz tesnil ali priklju\u010dkov<\/li>\n<li>Po\u010dasno ali nezadostno gibanje roke<\/li>\n<li>Nenavaden hrup med delovanjem<\/li>\n<li>Nedosledno ali sunkovito gibanje<\/li>\n<li>Neuspeh pri ohranjanju ali ohranjanju polo\u017eaja<\/li>\n<\/ul>\n<p>Ko naletite na te te\u017eave, sledite tem nasvetom in re\u0161itvam:<\/p>\n<ul>\n<li>Preverite tesnila in priklju\u010dke glede po\u0161kodb ali obrabe in jih po potrebi zamenjajte.<\/li>\n<li>Preverite nivo in kakovost hidravli\u010dne teko\u010dine ter jo po potrebi dolijte ali zamenjajte.<\/li>\n<li>Zagotovite pravilno poravnavo in nastavitev cilindra in pripadajo\u010dih komponent.<\/li>\n<li>Nama\u017eite gibljive dele in preverite, ali so prisotne morebitne ovire ali ostanki, ki vplivajo na gibanje roke.<\/li>\n<li>\u010ce te\u017eave ne izginejo, se za dodatno pomo\u010d posvetujte s strokovnim tehnikom ali se obrnite na proizvajalca.<\/li>\n<\/ul>\n<p><img decoding=\"async\" src=\"https:\/\/www.hydraulic-cylinders.net\/wp-content\/uploads\/2025\/01\/songte-chushion-collar.webp\" alt=\"Diagnoza napake ro\u010dnega cilindra\" \/><\/p>\n<p>Avtor: lyl<\/p>\n<h2>O na\u0161em podjetju<\/h2>\n<p>Smo profesionalni proizvajalec nadomestnih hidravli\u010dnih cilindrov s \u0161iroko paleto izdelkov. Postali smo eden vodilnih proizvajalcev in veleprodajnih distributerjev hidravli\u010dnih cilindrov na doma\u010dem in mednarodnem trgu. Na\u0161a zavezanost k odli\u010dnosti temelji na industrializiranih strategijah upravljanja proizvodnje v na\u0161i prefinjeni proizvodni delavnici, s \u010dimer nenehno izbolj\u0161ujemo na\u0161o tehnolo\u0161ko raven in proizvodnjo.<\/p>","protected":false},"excerpt":{"rendered":"<p>Arm CylinderFor XCMG Large Excavator XE335C The Arm Cylinder for XCMG Large Excavator XE335C is a specialized hydraulic cylinder designed to provide linear motion and power to the arm of various types of machinery, such as excavators, cranes, and robotic arms. The arm cylinder plays a key role in hydraulic systems, enabling the efficient movement [&hellip;]<\/p>","protected":false},"featured_media":14786,"comment_status":"open","ping_status":"closed","template":"","meta":{"_et_pb_use_builder":"","_et_pb_old_content":"","_et_gb_content_width":""},"product_brand":[],"product_cat":[1497],"product_tag":[1498,1496],"class_list":{"0":"post-16405","1":"product","2":"type-product","3":"status-publish","4":"has-post-thumbnail","6":"product_cat-arm-cylinders","7":"product_tag-arm-cylinders","8":"product_tag-hydraulic-cylinders","10":"first","11":"instock","12":"shipping-taxable","13":"product-type-simple"},"amp_enabled":true,"_links":{"self":[{"href":"https:\/\/www.hydraulic-cylinders.net\/sl\/wp-json\/wp\/v2\/product\/16405","targetHints":{"allow":["GET"]}}],"collection":[{"href":"https:\/\/www.hydraulic-cylinders.net\/sl\/wp-json\/wp\/v2\/product"}],"about":[{"href":"https:\/\/www.hydraulic-cylinders.net\/sl\/wp-json\/wp\/v2\/types\/product"}],"replies":[{"embeddable":true,"href":"https:\/\/www.hydraulic-cylinders.net\/sl\/wp-json\/wp\/v2\/comments?post=16405"}],"wp:featuredmedia":[{"embeddable":true,"href":"https:\/\/www.hydraulic-cylinders.net\/sl\/wp-json\/wp\/v2\/media\/14786"}],"wp:attachment":[{"href":"https:\/\/www.hydraulic-cylinders.net\/sl\/wp-json\/wp\/v2\/media?parent=16405"}],"wp:term":[{"taxonomy":"product_brand","embeddable":true,"href":"https:\/\/www.hydraulic-cylinders.net\/sl\/wp-json\/wp\/v2\/product_brand?post=16405"},{"taxonomy":"product_cat","embeddable":true,"href":"https:\/\/www.hydraulic-cylinders.net\/sl\/wp-json\/wp\/v2\/product_cat?post=16405"},{"taxonomy":"product_tag","embeddable":true,"href":"https:\/\/www.hydraulic-cylinders.net\/sl\/wp-json\/wp\/v2\/product_tag?post=16405"}],"curies":[{"name":"delovni list","href":"https:\/\/api.w.org\/{rel}","templated":true}]}}