{"id":16412,"date":"2025-01-20T09:13:27","date_gmt":"2025-01-20T09:13:27","guid":{"rendered":"https:\/\/www.hydraulic-cylinders.net\/product\/arm-cylinderfor-xcmg-large-excavator-xe700c\/"},"modified":"2025-01-20T09:13:29","modified_gmt":"2025-01-20T09:13:29","slug":"arm-cylinderfor-xcmg-large-excavator-xe700c","status":"publish","type":"product","link":"https:\/\/www.hydraulic-cylinders.net\/sl\/izdelek\/arm-cylinderfor-xcmg-large-excavator-xe700c\/","title":{"rendered":"Ro\u010dica cilindra za XCMG veliki bager XE700C"},"content":{"rendered":"<p>Ro\u010dica cilindra za XCMG veliki bager XE700C<\/p>\n<p>Hidravli\u010dni valj roke je vrsta posebej zasnovanega hidravli\u010dnega cilindra, ki se uporablja predvsem za zagotavljanje linearnega gibanja in mo\u010di rok razli\u010dnih vrst strojev, kot so bagri, \u017eerjavi in \u200b\u200bmehanske roke. Cilinder roke igra klju\u010dno vlogo v hidravli\u010dnih sistemih, saj omogo\u010da u\u010dinkovito gibanje in nadzor priklju\u010denega orodja ali dodatkov. Ti cilindri ne omogo\u010dajo le gladkega gibanja, temve\u010d tudi prenesejo velike obremenitve, kar zagotavlja u\u010dinkovito delovanje in zanesljivost strojev v razli\u010dnih delovnih pogojih.<\/p>\n<p><img decoding=\"async\" src=\"https:\/\/www.hydraulic-cylinders.net\/wp-content\/uploads\/2025\/01\/songte-company-2.webp\"><\/p>\n<p>Zna\u010dilnosti ro\u010dnega cilindra:<br \/>\n\u2013 Visoko u\u010dinkovit prenos: Cilinder roke zagotavlja mo\u010dno linearno gibanje in silo, kar zagotavlja visoko u\u010dinkovitost mehanske roke pri razli\u010dnih operacijah.<br \/>\n\u2013 Natan\u010den nadzor: S hidravli\u010dnim sistemom lahko cilinder roke dose\u017ee natan\u010den nadzor gibanja, zaradi \u010desar je delovanje priklju\u010denih orodij bolj prilagodljivo in natan\u010dno.<br \/>\n\u2013 Visoka vzdr\u017eljivost: Valji rok so obi\u010dajno izdelani iz visoko trdnih materialov in imajo dobro odpornost proti obrabi in koroziji, primerni za dolgotrajno uporabo v zahtevnih okoljih.<br \/>\n\u2013 Ve\u010dnamenska prilagodljivost: Ti cilindri se lahko \u0161iroko uporabljajo v razli\u010dnih vrstah strojev, kot so bagri, \u017eerjavi in \u200b\u200bmehanske roke, ter se prilagajajo razli\u010dnim delovnim zahtevam.<br \/>\n\u2013 Enostavno vzdr\u017eevanje: Zasnova upo\u0161teva enostavno vzdr\u017eevanje in zamenjavo, zaradi \u010desar so redni pregledi in vzdr\u017eevanje bolj priro\u010dni ter se skraj\u0161a \u010das izpada opreme.<\/p>\n<p>Na\u0161i izdelki lahko popolnoma nadomestijo te hidravli\u010dne cilindre.<\/p>\n<p><img decoding=\"async\" src=\"https:\/\/www.hydraulic-cylinders.net\/wp-content\/uploads\/2025\/01\/songte-oil-pipes-and-spare-parts.webp\"><\/p>\n<p>Uporaba:<br \/>\n\u2013 Gradbeni\u0161tvo: Valji rok se uporabljajo v bagrih in \u017eerjavih za nadzor gibanja \u017elice ali roke, za zemeljska dela, ravnanje z materiali in monta\u017eo konstrukcij.<br \/>\n\u2013 Proizvodnja: V avtomatiziranih proizvodnih linijah cilindri rok nadzorujejo gibanje mehanskih rok za monta\u017eo, varjenje in rokovanje, kar izbolj\u0161uje u\u010dinkovitost in natan\u010dnost proizvodnje.<br \/>\n\u2013 Kmetijska mehanizacija: Pri kmetijski mehanizaciji, kot so \u017eetveni stroji in sejalniki, cilindri roke nadzorujejo gibanje delovnih rok, ki opravljajo naloge, kot so sajenje, gnojenje in \u017eetev.<br \/>\n\u2013 Rudarstvo: V rudarski opremi se cilindri rok uporabljajo za nadzor gibanja roke rudarske opreme za rudarjenje in ravnanje z rudo.<br \/>\n\u2013 Logistika in transport: Pri vili\u010darjih in robotih za ravnanje se cilindri rok uporabljajo za nadzor dvigovanja in premikanja vilic, s \u010dimer se dose\u017ee ravnanje in zlaganje materialov.<\/p>\n<p>Upo\u0161tevanje na\u010drtov in standardi izbire:<br \/>\n\u2013 Nosilnost: Valj roke mora biti sposoben prenesti najve\u010djo nosilnost stroja.<br \/>\n\u2013 Tesnjenje: Uporabiti je treba razli\u010dne tesnilne komponente, kot so tesnilni obro\u010dki bata in tesnilni obro\u010dki palice, tesnila pa morajo biti izdelana iz materialov, odpornih proti obrabi, kot sta poliuretan in nitrilna guma.<br \/>\n\u2013 Vzdr\u017eljivost: Telo valja in povr\u0161ina navojnega konca morata biti fino obdelana, da se izbolj\u0161a odpornost proti obrabi.<br \/>\n\u2013 Varnost: Cilinder roke mora biti zasnovan z varnostnim faktorjem, da se prepre\u010dijo nesre\u010de zaradi prekomerne obremenitve.<br \/>\n\u2013 Vzdr\u017eevanje: Zasnova mora upo\u0161tevati enostavno vzdr\u017eevanje in zamenjavo, kar bo olaj\u0161alo redne preglede in vzdr\u017eevanje.<\/p>\n<p><img decoding=\"async\" src=\"https:\/\/www.hydraulic-cylinders.net\/wp-content\/uploads\/2025\/01\/songte-cylinder-head-with-all-kinds-excavator-models.webp\"><\/p>\n<p>Tesnjenje in mazanje:<br \/>\n\u2013 Uporabiti je treba razli\u010dne tesnilne komponente, kot so tesnilni obro\u010dki bata in tesnilni obro\u010dki palice, tesnila pa morajo biti izdelana iz materialov, odpornih proti obrabi, kot sta poliuretan in nitrilna guma.<br \/>\n\u2013 Povr\u0161ino ohi\u0161ja valja in navojnega konca je treba fino obdelati, da se izbolj\u0161a odpornost proti obrabi.<br \/>\n\u2013 Za mazanje je treba redno dodajati ustrezno koli\u010dino hidravli\u010dnega olja.<\/p>\n<p>Redni pregledi in preventivni vzdr\u017eevalni ukrepi:<br \/>\n\u2013 Redno preverjajte valj roke glede znakov obrabe in po\u0161kodb ter pravo\u010dasno zamenjajte obrabljene ali po\u0161kodovane dele.<br \/>\n\u2013 Redno preverjajte hidravli\u010dno olje glede ne\u010disto\u010d in ga pravo\u010dasno zamenjajte.<br \/>\n\u2013 Redno preverjajte tesnilne dele in jih pravo\u010dasno zamenjajte, \u010de so po\u0161kodovani ali obrabljeni.<\/p>\n<p>Pravilna navodila za namestitev izdelka:<br \/>\n\u2013 Pred namestitvijo o\u010distite namestitveno povr\u0161ino stroja in povr\u0161ino navojnega konca ro\u010dnega cilindra.<br \/>\n\u2013 Nanesite plast masti na kon\u010dno povr\u0161ino navoja ro\u010dice cilindra in jo namestite na stroj.<br \/>\n\u2013 Priklju\u010dne vijake privijte s predpisanim navorom.<\/p>\n<p><img decoding=\"async\" src=\"https:\/\/www.hydraulic-cylinders.net\/wp-content\/uploads\/2025\/01\/songte-bushings-with-all-kinds-of-excavator-models.webp\"><\/p>\n<p>Varnostni vidiki in okoljski dejavniki:<br \/>\n\u2013 Med namestitvijo, delovanjem in vzdr\u017eevanjem ro\u010dnega cilindra je treba upo\u0161tevati varnostne ukrepe.<br \/>\n\u2013 Uporabljeno hidravli\u010dno olje mora biti okolju prijazno in ga po uporabi pravilno odstraniti.<\/p>\n<p>Diagnoza napak in pogoste te\u017eave:<br \/>\n\u2013 Nezadostno ali prekomerno mazanje lahko povzro\u010di nenavaden hrup ali nezadostno mo\u010d.<br \/>\n\u2013 Po\u0161kodbe tesnilnih komponent lahko povzro\u010dijo pu\u0161\u010danje hidravli\u010dnega olja.<br \/>\n\u2013 Mehanska obraba ali po\u0161kodba lahko povzro\u010di nezadostno mo\u010d ali nestabilno gibanje.<\/p>\n<p>Nasveti za odpravljanje napak in re\u0161itve:<br \/>\n\u2013 Preverite in prilagodite koli\u010dino hidravli\u010dnega olja.<br \/>\n\u2013 Zamenjajte po\u0161kodovane tesnilne dele.<br \/>\n\u2013 Zamenjajte obrabljene ali po\u0161kodovane dele.<\/p>\n<p><img decoding=\"async\" src=\"https:\/\/www.hydraulic-cylinders.net\/wp-content\/uploads\/2025\/01\/songte-chushion-collar.webp\"><\/p>\n<p>Smo profesionalni proizvajalec nadomestnih hidravli\u010dnih cilindrov s \u0161iroko paleto izdelkov. Postali smo eden vodilnih proizvajalcev in veleprodajnih distributerjev hidravli\u010dnih cilindrov na doma\u010dem in mednarodnem trgu. Vedno se dr\u017eimo na\u010dela odli\u010dne kakovosti, pri \u010demer se zana\u0161amo na industrializirano strategijo upravljanja proizvodnje v prefinjeni proizvodni delavnici in nenehno izbolj\u0161ujemo na\u0161o tehni\u010dno raven in u\u010dinkovitost proizvodnje. Z uvajanjem vrhunske digitalne proizvodne opreme in profesionalnih sistemov testiranja nenehno optimiziramo proizvodno platformo, izbolj\u0161ujemo proces nadzora kakovosti izdelkov in imamo mo\u010dne inovacijske zmogljivosti. Na\u0161 cilj je zadovoljiti raznolike potrebe strank z na\u010deli u\u010dinkovitosti, natan\u010dnosti in visoke kakovosti.<\/p>\n<p>Ponujamo profesionalne storitve, mednarodne certifikate, prilagojene storitve, proizvodno opremo in poprodajne storitve.<\/p>\n<p><img decoding=\"async\" src=\"https:\/\/www.hydraulic-cylinders.net\/wp-content\/uploads\/2025\/01\/songte-company-4.webp\"><br \/>\n<img decoding=\"async\" src=\"https:\/\/www.hydraulic-cylinders.net\/wp-content\/uploads\/2025\/01\/songte-company-3.webp\"><br \/>\nAvtor: lyl.<\/p>","protected":false},"excerpt":{"rendered":"<p>Arm Cylinder for XCMG Large Excavator XE700C Arm cylinder is a type of specially designed hydraulic cylinder that is mainly used to provide linear motion and power to the arms of various types of machinery, such as excavators, cranes, and mechanical arms. The arm cylinder plays a critical role in hydraulic systems, enabling the effective [&hellip;]<\/p>","protected":false},"featured_media":14766,"comment_status":"open","ping_status":"closed","template":"","meta":{"_et_pb_use_builder":"","_et_pb_old_content":"","_et_gb_content_width":""},"product_brand":[],"product_cat":[1497],"product_tag":[1498,1496],"class_list":{"0":"post-16412","1":"product","2":"type-product","3":"status-publish","4":"has-post-thumbnail","6":"product_cat-arm-cylinders","7":"product_tag-arm-cylinders","8":"product_tag-hydraulic-cylinders","10":"first","11":"instock","12":"shipping-taxable","13":"product-type-simple"},"amp_enabled":true,"_links":{"self":[{"href":"https:\/\/www.hydraulic-cylinders.net\/sl\/wp-json\/wp\/v2\/product\/16412","targetHints":{"allow":["GET"]}}],"collection":[{"href":"https:\/\/www.hydraulic-cylinders.net\/sl\/wp-json\/wp\/v2\/product"}],"about":[{"href":"https:\/\/www.hydraulic-cylinders.net\/sl\/wp-json\/wp\/v2\/types\/product"}],"replies":[{"embeddable":true,"href":"https:\/\/www.hydraulic-cylinders.net\/sl\/wp-json\/wp\/v2\/comments?post=16412"}],"wp:featuredmedia":[{"embeddable":true,"href":"https:\/\/www.hydraulic-cylinders.net\/sl\/wp-json\/wp\/v2\/media\/14766"}],"wp:attachment":[{"href":"https:\/\/www.hydraulic-cylinders.net\/sl\/wp-json\/wp\/v2\/media?parent=16412"}],"wp:term":[{"taxonomy":"product_brand","embeddable":true,"href":"https:\/\/www.hydraulic-cylinders.net\/sl\/wp-json\/wp\/v2\/product_brand?post=16412"},{"taxonomy":"product_cat","embeddable":true,"href":"https:\/\/www.hydraulic-cylinders.net\/sl\/wp-json\/wp\/v2\/product_cat?post=16412"},{"taxonomy":"product_tag","embeddable":true,"href":"https:\/\/www.hydraulic-cylinders.net\/sl\/wp-json\/wp\/v2\/product_tag?post=16412"}],"curies":[{"name":"delovni list","href":"https:\/\/api.w.org\/{rel}","templated":true}]}}