{"id":16452,"date":"2025-01-21T05:26:20","date_gmt":"2025-01-21T05:26:20","guid":{"rendered":"https:\/\/www.hydraulic-cylinders.net\/product\/arm-cylinder-for-sunward-middle-excavator-swe21elr\/"},"modified":"2025-01-21T05:26:21","modified_gmt":"2025-01-21T05:26:21","slug":"arm-cylinder-for-sunward-middle-excavator-swe21elr","status":"publish","type":"product","link":"https:\/\/www.hydraulic-cylinders.net\/sl\/izdelek\/arm-cylinder-for-sunward-middle-excavator-swe21elr\/","title":{"rendered":"Ro\u010dni valj za srednji bager Sunward SWE21ELR"},"content":{"rendered":"<h1>Ro\u010dni valj za srednji bager Sunward SWE21ELR<\/h1>\n<h2>Definicija in razlaga<\/h2>\n<p>Hidravli\u010dni valj roke je posebej zasnovan hidravli\u010dni valj, ki zagotavlja linearno gibanje in mo\u010d roke razli\u010dnih vrst strojev, kot so bagri, \u017eerjavi in \u200b\u200brobotske roke. Cilinder roke igra klju\u010dno vlogo v hidravli\u010dnih sistemih, saj omogo\u010da u\u010dinkovito gibanje in nadzor dodatnih orodij ali priklju\u010dkov. Ti cilindri ne omogo\u010dajo le gladkih gibov, temve\u010d tudi prenesejo velike obremenitve, kar zagotavlja u\u010dinkovito delovanje in zanesljivost strojev v razli\u010dnih delovnih pogojih.<\/p>\n<p><img decoding=\"async\" src=\"https:\/\/www.hydraulic-cylinders.net\/wp-content\/uploads\/2025\/01\/songte-company-2.webp\" alt=\"Slika ro\u010dnega cilindra\"><\/p>\n<h2>Zna\u010dilnosti<\/h2>\n<ul>\n<li><strong>Visoko u\u010dinkovit prenos:<\/strong> Cilinder roke zagotavlja mo\u010dno linearno gibanje in silo, kar zagotavlja visoko zmogljivost roke stroja. <\/li>\n<li><strong>Natan\u010den nadzor:<\/strong> S hidravli\u010dnim sistemom cilinder roke dose\u017ee natan\u010den nadzor gibanja, zaradi \u010desar je upravljanje priklju\u010dkov bolj prilagodljivo in natan\u010dno.<\/li>\n<li><strong>Vzdr\u017eljivost:<\/strong> Ro\u010dajni cilindri so obi\u010dajno izdelani iz visoko trdnih materialov, ki ponujajo odli\u010dno odpornost proti obrabi in koroziji, zaradi \u010desar so primerni za dolgotrajno uporabo v zahtevnih okoljih.<\/li>\n<li><strong>Ve\u010dnamenska prilagodljivost:<\/strong> Ti cilindri se lahko \u0161iroko uporabljajo v razli\u010dnih vrstah strojev, kot so bagri, \u017eerjavi in \u200b\u200brobotske roke, ter se prilagajajo razli\u010dnim delovnim zahtevam.<\/li>\n<li><strong>Enostavno vzdr\u017eevanje:<\/strong> Zasnovan z mislijo na enostavno vzdr\u017eevanje in zamenjavo, so redni pregledi in vzdr\u017eevanje poenostavljeni, kar skraj\u0161a \u010das izpada opreme.<\/li>\n<\/ul>\n<p><img decoding=\"async\" src=\"https:\/\/www.hydraulic-cylinders.net\/wp-content\/uploads\/2025\/01\/songte-oil-pipes-and-spare-parts.webp\" alt=\"Slika hidravli\u010dnega cilindra\"><\/p>\n<h2>Aplikacije<\/h2>\n<p>Ro\u010dni valj se uporablja v razli\u010dnih panogah:<\/p>\n<h3>1. Gradbeni\u0161tvo<\/h3>\n<p>Pri bagrih in \u017eerjavih cilinder roke nadzoruje gibanje \u017elic ali rok za zemeljska dela, ravnanje z materiali in monta\u017eo konstrukcij.<\/p>\n<h3>2. Proizvodnja<\/h3>\n<p>V avtomatiziranih proizvodnih linijah valj roke omogo\u010da gibanje robotskih rok za procese monta\u017ee, varjenja in ravnanja z materiali, kar izbolj\u0161uje u\u010dinkovitost in natan\u010dnost proizvodnje.<\/p>\n<h3>3. Kmetijska mehanizacija<\/h3>\n<p>V kmetijski opremi, kot so kombajni in sejalnice, cilinder roke nadzoruje gibanje delovnih rok in izvaja naloge, kot so setev, gnojenje in \u017eetev.<\/p>\n<h3>4. Rudarstvo<\/h3>\n<p>V rudarski opremi cilinder roke nadzoruje gibanje roke za rudarjenje in transport rud.<\/p>\n<h3>5. Logistika in transport<\/h3>\n<p>Pri vili\u010darjih in robotih za manipulacijo valj roke nadzoruje dvigovanje in premikanje vilic, kar olaj\u0161a ravnanje z materiali in zlaganje.<\/p>\n<p><img decoding=\"async\" src=\"https:\/\/www.hydraulic-cylinders.net\/wp-content\/uploads\/2025\/01\/songte-chushion-collar.webp\" alt=\"Slika hidravli\u010dnega cilindra\"><\/p>\n<h2>Oblikovalski vidiki in izbirna merila<\/h2>\n<p>Pri na\u010drtovanju cilindrov roke je treba upo\u0161tevati ve\u010d klju\u010dnih dejavnikov in izbirnih meril:<\/p>\n<ul>\n<li><strong>Nosilnost:<\/strong> Ro\u010dajni valj mora biti sposoben prenesti dolo\u010dene obremenitve.<\/li>\n<li><strong>Zmogljivost tesnjenja:<\/strong> Uporabiti je treba razli\u010dne tesnilne komponente, kot so tesnila bata in tesnila ojnic. Ta tesnila so izdelana iz materialov, odpornih proti obrabi, kot sta poliuretan in nitrilna guma.<\/li>\n<li><strong>Vzdr\u017eljivost:<\/strong> Telo valja in navojni konci morajo biti fino obdelani za pove\u010danje odpornosti proti obrabi.<\/li>\n<li><strong>Varnost:<\/strong> V zasnovo je treba vklju\u010diti varnostne elemente, da se prepre\u010dijo nesre\u010de in zagotovi za\u0161\u010dita upravljavca.<\/li>\n<li><strong>Vzdr\u017eevanje:<\/strong> Za nemoteno delovanje in dolgo \u017eivljenjsko dobo je potrebno redno mazanje z ustrezno koli\u010dino hidravli\u010dnega olja.<\/li>\n<\/ul>\n<p><img decoding=\"async\" src=\"https:\/\/www.hydraulic-cylinders.net\/wp-content\/uploads\/2025\/01\/songte-cylinder-head-with-all-kinds-excavator-models.webp\" alt=\"Slika hidravli\u010dnega cilindra\"><\/p>\n<h2>Pregled in preventivno vzdr\u017eevanje<\/h2>\n<p>Za ohranjanje optimalne zmogljivosti in podalj\u0161anje \u017eivljenjske dobe cilindrov roke je treba sprejeti naslednje ukrepe:<\/p>\n<ul>\n<li>Redno pregledujte ohi\u0161je valja, batnico in tesnila glede morebitnih znakov obrabe ali po\u0161kodb.<\/li>\n<li>Preverite nivo in kakovost hidravli\u010dne teko\u010dine ter se prepri\u010dajte, da ustreza specifikacijam proizvajalca.<\/li>\n<li>Preverite in o\u010distite hidravli\u010dni filter, da prepre\u010dite vdor onesna\u017eevalcev v sistem.<\/li>\n<li>Zategnite vse ohlapne povezave in spoje.<\/li>\n<li>Upo\u0161tevajte priporo\u010deni urnik in postopke vzdr\u017eevanja proizvajalca.<\/li>\n<\/ul>\n<h2>Vodnik za namestitev izdelka<\/h2>\n<p>Pravilna namestitev ro\u010dnega cilindra je klju\u010dnega pomena za njegovo delovanje in dolgo \u017eivljenjsko dobo. Upo\u0161tevajte ta navodila:<\/p>\n<ul>\n<li>Prepri\u010dajte se, da je stroj izklopljen in da je hidravli\u010dni sistem brez tlaka.<\/li>\n<li>Preverite pritrdilne povr\u0161ine cilindra in roke stroja glede morebitnih po\u0161kodb ali ostankov.<\/li>\n<li>Natan\u010dno poravnajte pritrdilne to\u010dke cilindra in roke, pri \u010demer pazite, da ne prepletete navojev nobenih priklju\u010dkov.<\/li>\n<li>Vse vijake in spoje privijte z navornimi momenti, ki jih je dolo\u010dil proizvajalec.<\/li>\n<li>Varno priklju\u010dite hidravli\u010dne cevi in \u200b\u200bpriklju\u010dke.<\/li>\n<li>Preverite delovanje cilindra roke, da zagotovite pravilno delovanje.<\/li>\n<\/ul>\n<p><img decoding=\"async\" src=\"https:\/\/www.hydraulic-cylinders.net\/wp-content\/uploads\/2025\/01\/songte-bushings-with-all-kinds-of-excavator-models.webp\" alt=\"Slika hidravli\u010dnega cilindra\"><\/p>\n<h2>Varnostni vidiki in okoljski dejavniki<\/h2>\n<p>Pri delu z ro\u010dnimi cilindri je upo\u0161tevanje varnostnih ukrepov izjemnega pomena. Varnostni ukrepi zmanj\u0161ujejo tveganja in zagotavljajo za\u0161\u010dito osebja in opreme.<\/p>\n<p><strong>Diagnoza napak in pogoste te\u017eave<\/strong><\/p>\n<p>Ro\u010dajni cilindri lahko naletijo na razli\u010dne napake ali pogoste te\u017eave. Tukaj je nekaj primerov:<\/p>\n<ul>\n<li>Pu\u0161\u010danje hidravli\u010dne teko\u010dine<\/li>\n<li>Izguba mo\u010di ali \u0161ibko gibanje roke<\/li>\n<li>Prekomerni hrup med delovanjem<\/li>\n<li>Nedosledno ali sunkovito gibanje roke<\/li>\n<li>Neuspeh pri ohranjanju polo\u017eaja<\/li>\n<\/ul>\n<p>Za vsako te\u017eavo je bistveno zagotoviti nasvete za odpravljanje te\u017eav in re\u0161itve, ki bralcem pomagajo u\u010dinkovito diagnosticirati in odpraviti te\u017eave. Poleg tega se lahko predlagajo preventivni ukrepi za zmanj\u0161anje morebitnih te\u017eav.<\/p>\n<p><img decoding=\"async\" src=\"https:\/\/www.hydraulic-cylinders.net\/wp-content\/uploads\/2025\/01\/songte-chushion-collar.webp\" alt=\"Slika hidravli\u010dnega cilindra\"><\/p>\n<h2>O nas<\/h2>\n<p>Smo profesionalni proizvajalec nadomestnih hidravli\u010dnih cilindrov in ponujamo \u0161iroko paleto izdelkov. Postali smo eden vodilnih proizvajalcev in veleprodajnih distributerjev hidravli\u010dnih cilindrov na doma\u010dem in mednarodnem trgu. V skladu z na\u010delom odli\u010dne kakovosti nenehno izbolj\u0161ujemo svoje tehnolo\u0161ke zmogljivosti in u\u010dinkovitost proizvodnje z uvajanjem industrializiranih strategij upravljanja proizvodnje v na\u0161i sofisticirani proizvodni delavnici. Z uvedbo vrhunske digitalne proizvodne opreme in profesionalnih sistemov testiranja optimiziramo na\u0161o proizvodno platformo in izpopolnjujemo procese nadzora kakovosti izdelkov, kar nam omogo\u010da inovacije in zadovoljevanje raznolikih potreb na\u0161ih strank. S poudarkom na u\u010dinkovitosti, natan\u010dnosti in visoki kakovosti si prizadevamo zagotavljati izjemne izdelke in storitve.<\/p>\n<p><img decoding=\"async\" src=\"https:\/\/www.hydraulic-cylinders.net\/wp-content\/uploads\/2025\/01\/songte-company-4.webp\" alt=\"Slika podjetja\"><br \/>\n<img decoding=\"async\" src=\"https:\/\/www.hydraulic-cylinders.net\/wp-content\/uploads\/2025\/01\/songte-company-3.webp\" alt=\"Slika podjetja\"><\/p>\n<p><em>Avtor: lyl<\/em><\/p>","protected":false},"excerpt":{"rendered":"<p>Arm Cylinder For Sunward Middle Excavator SWE21ELR Definition and Explanation An arm cylinder is a specially designed hydraulic cylinder that provides linear motion and power for the arm of various types of machinery, such as excavators, cranes, and robotic arms. The arm cylinder plays a crucial role in hydraulic systems, allowing for the efficient movement [&hellip;]<\/p>","protected":false},"featured_media":14770,"comment_status":"open","ping_status":"closed","template":"","meta":{"_et_pb_use_builder":"","_et_pb_old_content":"","_et_gb_content_width":""},"product_brand":[],"product_cat":[1497],"product_tag":[1498,1496],"class_list":{"0":"post-16452","1":"product","2":"type-product","3":"status-publish","4":"has-post-thumbnail","6":"product_cat-arm-cylinders","7":"product_tag-arm-cylinders","8":"product_tag-hydraulic-cylinders","10":"first","11":"instock","12":"shipping-taxable","13":"product-type-simple"},"amp_enabled":true,"_links":{"self":[{"href":"https:\/\/www.hydraulic-cylinders.net\/sl\/wp-json\/wp\/v2\/product\/16452","targetHints":{"allow":["GET"]}}],"collection":[{"href":"https:\/\/www.hydraulic-cylinders.net\/sl\/wp-json\/wp\/v2\/product"}],"about":[{"href":"https:\/\/www.hydraulic-cylinders.net\/sl\/wp-json\/wp\/v2\/types\/product"}],"replies":[{"embeddable":true,"href":"https:\/\/www.hydraulic-cylinders.net\/sl\/wp-json\/wp\/v2\/comments?post=16452"}],"wp:featuredmedia":[{"embeddable":true,"href":"https:\/\/www.hydraulic-cylinders.net\/sl\/wp-json\/wp\/v2\/media\/14770"}],"wp:attachment":[{"href":"https:\/\/www.hydraulic-cylinders.net\/sl\/wp-json\/wp\/v2\/media?parent=16452"}],"wp:term":[{"taxonomy":"product_brand","embeddable":true,"href":"https:\/\/www.hydraulic-cylinders.net\/sl\/wp-json\/wp\/v2\/product_brand?post=16452"},{"taxonomy":"product_cat","embeddable":true,"href":"https:\/\/www.hydraulic-cylinders.net\/sl\/wp-json\/wp\/v2\/product_cat?post=16452"},{"taxonomy":"product_tag","embeddable":true,"href":"https:\/\/www.hydraulic-cylinders.net\/sl\/wp-json\/wp\/v2\/product_tag?post=16452"}],"curies":[{"name":"delovni list","href":"https:\/\/api.w.org\/{rel}","templated":true}]}}