{"id":16462,"date":"2025-01-21T05:27:04","date_gmt":"2025-01-21T05:27:04","guid":{"rendered":"https:\/\/www.hydraulic-cylinders.net\/product\/arm-cylinder-for-lishide-small-excavator-sc60-6\/"},"modified":"2025-01-21T05:27:05","modified_gmt":"2025-01-21T05:27:05","slug":"arm-cylinder-for-lishide-small-excavator-sc60-6","status":"publish","type":"product","link":"https:\/\/www.hydraulic-cylinders.net\/sl\/izdelek\/arm-cylinder-for-lishide-small-excavator-sc60-6\/","title":{"rendered":"Ro\u010dica cilindra za majhen bager Lishide SC60.6"},"content":{"rendered":"<h2>Ro\u010dica cilindra za majhen bager Lishide SC60.6<\/h2>\n<h3>Uvod:<\/h3>\n<p>Hidravli\u010dni valj roke je specializiran hidravli\u010dni valj, zasnovan za zagotavljanje linearnega gibanja in mo\u010di rok razli\u010dnih vrst strojev, kot so bagri, \u017eerjavi in \u200b\u200brobotske roke. Cilinder roke igra klju\u010dno vlogo v hidravli\u010dnem sistemu, saj omogo\u010da u\u010dinkovito gibanje in nadzor priklju\u010denega orodja ali dodatkov. Ti cilindri ne zagotavljajo le gladkega gibanja, temve\u010d lahko prenesejo tudi velike obremenitve, kar zagotavlja u\u010dinkovito delovanje in zanesljivost strojev v razli\u010dnih delovnih pogojih.<\/p>\n<p><img decoding=\"async\" src=\"https:\/\/www.hydraulic-cylinders.net\/wp-content\/uploads\/2025\/01\/songte-company-2.webp\" alt=\"roko cilindra\"><\/p>\n<h3>Zna\u010dilnosti:<\/h3>\n<ul>\n<li>U\u010dinkovit prenos mo\u010di: Valj roke zagotavlja mo\u010dno linearno gibanje in silo, kar zagotavlja visoko zmogljivost roke stroja pri razli\u010dnih operacijah.<\/li>\n<li>Natan\u010den nadzor: S hidravli\u010dnim sistemom lahko cilinder roke dose\u017ee natan\u010den nadzor gibanja, zaradi \u010desar je delovanje priklju\u010denih orodij bolj prilagodljivo in natan\u010dno.<\/li>\n<li>Mo\u010dna vzdr\u017eljivost: Ro\u010dajni cilindri so obi\u010dajno izdelani iz visoko trdnih materialov, ki imajo dobro odpornost proti obrabi in koroziji, zaradi \u010desar so primerni za dolgotrajno uporabo v te\u017ekih okoljih.<\/li>\n<li>Ve\u010dnamenska prilagodljivost: Ti cilindri se lahko \u0161iroko uporabljajo v razli\u010dni mehanski opremi, kot so bagri, \u017eerjavi in \u200b\u200brobotske roke, za prilagoditev razli\u010dnim delovnim zahtevam.<\/li>\n<li>Enostavno vzdr\u017eevanje: Zasnova upo\u0161teva enostavno vzdr\u017eevanje in zamenjavo, zaradi \u010desar so redni pregledi in vzdr\u017eevanje bolj priro\u010dni ter skraj\u0161ajo \u010das izpada opreme.<\/li>\n<\/ul>\n<p>Ta izdelek lahko izdelamo in na\u0161 izdelek lahko popolnoma nadomesti te hidravli\u010dne cilindre.<\/p>\n<p><img decoding=\"async\" src=\"https:\/\/www.hydraulic-cylinders.net\/wp-content\/uploads\/2025\/01\/songte-oil-pipes-and-spare-parts.webp\" alt=\"rezervni deli\"><\/p>\n<h3>Uporaba:<\/h3>\n<p>Ro\u010dni valj se pogosto uporablja v razli\u010dnih panogah, kot so:<\/p>\n<ul>\n<li>Gradbeni\u0161tvo: Pri bagrih in \u017eerjavih se cilindri rok uporabljajo za krmiljenje gibanja \u017elic ali rok, izvajanje zemeljskih del, ravnanje z materiali in monta\u017eo konstrukcij.<\/li>\n<li>Proizvodna industrija: V avtomatiziranih proizvodnih linijah se cilindri rok uporabljajo za premikanje robotskih rok, izvajanje postopkov monta\u017ee, varjenja in rokovanja, kar izbolj\u0161uje u\u010dinkovitost in natan\u010dnost proizvodnje.<\/li>\n<li>Kmetijska mehanizacija: Pri kmetijski mehanizaciji, kot so \u017eetveni stroji in sejalnice, cilindri roke nadzorujejo gibanje delovnih rok, ki opravljajo naloge, kot so setev, gnojenje in \u017eetev.<\/li>\n<li>Rudarstvo: V rudarski opremi se cilindri rok uporabljajo za nadzor gibanja roke rudarske opreme, ki izvaja rudarjenje in transport rude.<\/li>\n<li>Logistika in transport: Pri vili\u010darjih in robotih za ravnanje se cilindri rok uporabljajo za nadzor dvigovanja in premikanja vilic, s \u010dimer se dose\u017ee ravnanje in zlaganje materialov.<\/li>\n<\/ul>\n<h3>Oblikovalski vidiki in izbirna merila:<\/h3>\n<p>Kar zadeva konstrukcijske vidike, mora ro\u010dni valj upo\u0161tevati nosilnost, tesnjenje, vzdr\u017eljivost, varnost in vzdr\u017eevanje. <\/p>\n<ul>\n<li>Nosilnost: Valji roke morajo biti zasnovani tako, da prenesejo najve\u010djo nosilnost stroja. <\/li>\n<li>Tesnjenje: Uporaba razli\u010dnih tesnil, kot so tesnila bata in tesnila palic, izdelanih iz materialov, odpornih proti obrabi, kot sta poliuretan in nitrilna guma, lahko u\u010dinkovito izbolj\u0161a tesnilno delovanje valja. <\/li>\n<li>Vzdr\u017eljivost: Ohi\u0161je valja in navojne kon\u010dne povr\u0161ine je treba fino obdelati, da se izbolj\u0161a njihova odpornost proti obrabi. <\/li>\n<li>Varnost: Zasnova cilindra mora upo\u0161tevati varnost strojev in upravljavcev, kot sta za\u0161\u010dita pred preobremenitvijo in za\u0161\u010dita pred padcem. <\/li>\n<li>Vzdr\u017eevanje: Zasnova mora upo\u0161tevati enostavno vzdr\u017eevanje in zamenjavo, kot je uporaba enostavno zamenljivih tesnil in rezervnih delov, da se skraj\u0161a \u010das vzdr\u017eevanja in izbolj\u0161a u\u010dinkovitost. <\/li>\n<\/ul>\n<p><img decoding=\"async\" src=\"https:\/\/www.hydraulic-cylinders.net\/wp-content\/uploads\/2025\/01\/songte-cylinder-head-with-all-kinds-excavator-models.webp\" alt=\"glava valja\"><\/p>\n<h3>Tesnjenje in mazanje:<\/h3>\n<p>Ro\u010daj cilindra uporablja razli\u010dna tesnila, kot so tesnila bata in tesnila palic, izdelana iz materialov, odpornih proti obrabi, kot sta poliuretan in nitrilni kav\u010duk, da prepre\u010di pu\u0161\u010danje in izbolj\u0161a tesnjenje. Telo cilindra in navojne kon\u010dne povr\u0161ine so fino obdelane za izbolj\u0161anje odpornosti proti obrabi. Redno dodajanje ustrezne koli\u010dine hidravli\u010dnega olja lahko u\u010dinkovito ma\u017ee cilinder, kar zmanj\u0161a obrabo in podalj\u0161a \u017eivljenjsko dobo cilindra.<\/p>\n<h3>Pregled in vzdr\u017eevanje:<\/h3>\n<p>Redni pregledi in preventivno vzdr\u017eevanje lahko u\u010dinkovito zmanj\u0161ajo pojav napak in podalj\u0161ajo \u017eivljenjsko dobo jeklenke. Nekateri pogosti pregledi in vzdr\u017eevalni ukrepi so:<\/p>\n<ul>\n<li>Redno preverjajte tesnjenje valja, kot je tesnost tesnil bata in batnice. <\/li>\n<li>O\u010distite ohi\u0161je valja in navojne kon\u010dne povr\u0161ine, da prepre\u010dite kontaminacijo. <\/li>\n<li>Redno dodajajte hidravli\u010dno olje, da ohranite mazanje valja. <\/li>\n<li>Po potrebi zamenjajte tesnila in nadomestne dele ter skrbno preverite zdru\u017eljivost in kakovost nadomestnih delov.<\/li>\n<\/ul>\n<p><img decoding=\"async\" src=\"https:\/\/www.hydraulic-cylinders.net\/wp-content\/uploads\/2025\/01\/songte-chushion-collar.webp\" alt=\"ovratnik z blazino\"><\/p>\n<h3>Navodila za namestitev:<\/h3>\n<p>Namestitev ro\u010dnega cilindra mora potekati po naslednjih korakih:<\/p>\n<ol>\n<li>Odstranite stari valj in o\u010distite obmo\u010dje namestitve. <\/li>\n<li>Preverite zdru\u017eljivost novega cilindra in stroja ter se prepri\u010dajte, da so vse monta\u017ene dimenzije skladne. <\/li>\n<li>Previdno namestite novi valj in bodite pozorni na poravnavo navojnih koncev in hidravli\u010dnih priklju\u010dkov. <\/li>\n<li>Napolnite valj s hidravli\u010dnim oljem in preverite tesnjenje valja. <\/li>\n<li>Preverite delovanje cilindra in po potrebi prilagodite hidravli\u010dni sistem. <\/li>\n<\/ol>\n<p><img decoding=\"async\" src=\"https:\/\/www.hydraulic-cylinders.net\/wp-content\/uploads\/2025\/01\/songte-bushings-with-all-kinds-of-excavator-models.webp\" alt=\"pu\u0161e\"><\/p>\n<h3>Varnostni vidiki in okoljski dejavniki:<\/h3>\n<p>Varnost upravljavcev strojev in osebja je pri uporabi in vzdr\u017eevanju ro\u010dnega cilindra najpomembnej\u0161a. Za prepre\u010devanje nesre\u010d je treba zagotoviti ustrezne varnostne ukrepe, kot sta za\u0161\u010dita pred preobremenitvijo in za\u0161\u010dita pred padcem. Poleg tega lahko na delovanje cilindra vplivajo okoljski dejavniki, kot so temperatura, vla\u017enost in prah. Redno \u010di\u0161\u010denje in vzdr\u017eevanje lahko prepre\u010dita kontaminacijo ter zagotovita varno in u\u010dinkovito delovanje.<\/p>\n<h3>Odpravljanje te\u017eav in pogoste te\u017eave:<\/h3>\n<p>Nekatere pogoste te\u017eave z ro\u010dnimi cilindri so:<\/p>\n<ul>\n<li>Pu\u0161\u010danje tesnila<\/li>\n<li>Hrup med delovanjem<\/li>\n<li>Nezadosten prenos mo\u010di<\/li>\n<li>Po\u010dasno gibanje roke<\/li>\n<\/ul>\n<p>Za re\u0161itev teh te\u017eav je nekaj nasvetov:<\/p>\n<ul>\n<li>Preverite tesnila in jih po potrebi zamenjajte<\/li>\n<li>O\u010distite valj in hidravli\u010dne priklju\u010dke<\/li>\n<li>Preverite hidravli\u010dni sistem in ga po potrebi prilagodite<\/li>\n<li>Preverite zdru\u017eljivost cilindra in stroja<\/li>\n<\/ul>\n<p>Da bi prepre\u010dili te te\u017eave, je treba redno pregledovati in vzdr\u017eevati.<\/p>\n<p><img decoding=\"async\" src=\"https:\/\/www.hydraulic-cylinders.net\/wp-content\/uploads\/2025\/01\/songte-company-4.webp\" alt=\"podjetje\"><\/p>\n<h3>O nas:<\/h3>\n<p>Smo profesionalni proizvajalec nadomestnih hidravli\u010dnih cilindrov s \u0161iroko paleto izdelkov in smo postali eden vodilnih proizvajalcev in veleprodajnih distributerjev hidravli\u010dnih cilindrov na doma\u010dem in mednarodnem trgu. Vedno se dr\u017eimo na\u010dela odli\u010dne kakovosti in se zana\u0161amo na strategijo upravljanja industrijske proizvodnje izpopolnjene proizvodne delavnice, da bi nenehno izbolj\u0161evali na\u0161o tehnologijo in u\u010dinkovitost proizvodnje. Z uvajanjem napredne digitalne proizvodne opreme in profesionalnih sistemov testiranja nenehno optimiziramo na\u0161o proizvodno platformo, izbolj\u0161ujemo proces nadzora kakovosti izdelkov in imamo mo\u010dne inovacijske zmogljivosti. Na\u0161 cilj je zadovoljiti raznolike potrebe na\u0161ih strank z na\u010deli visoke u\u010dinkovitosti, natan\u010dnosti in visoke kakovosti.<\/p>\n<p>Ponujamo razli\u010dne storitve, vklju\u010dno s profesionalno prilagoditvijo, mednarodnim certificiranjem, proizvodno opremo in poprodajnimi storitvami. <\/p>\n<p><img decoding=\"async\" src=\"https:\/\/www.hydraulic-cylinders.net\/wp-content\/uploads\/2025\/01\/songte-company-3.webp\" alt=\"podjetje\"><\/p>\n<p>Avtor: lyl<\/p>","protected":false},"excerpt":{"rendered":"<p>Arm Cylinder For Lishide Small Excavator SC60.6 Introduction: Arm cylinder is a specialized hydraulic cylinder designed to provide linear motion and power to the arms of various types of machinery such as excavators, cranes, and robotic arms. The arm cylinder plays a vital role in the hydraulic system, enabling the effective movement and control of [&hellip;]<\/p>","protected":false},"featured_media":14770,"comment_status":"open","ping_status":"closed","template":"","meta":{"_et_pb_use_builder":"","_et_pb_old_content":"","_et_gb_content_width":""},"product_brand":[],"product_cat":[1497],"product_tag":[1498,1496],"class_list":{"0":"post-16462","1":"product","2":"type-product","3":"status-publish","4":"has-post-thumbnail","6":"product_cat-arm-cylinders","7":"product_tag-arm-cylinders","8":"product_tag-hydraulic-cylinders","10":"first","11":"instock","12":"shipping-taxable","13":"product-type-simple"},"amp_enabled":true,"_links":{"self":[{"href":"https:\/\/www.hydraulic-cylinders.net\/sl\/wp-json\/wp\/v2\/product\/16462","targetHints":{"allow":["GET"]}}],"collection":[{"href":"https:\/\/www.hydraulic-cylinders.net\/sl\/wp-json\/wp\/v2\/product"}],"about":[{"href":"https:\/\/www.hydraulic-cylinders.net\/sl\/wp-json\/wp\/v2\/types\/product"}],"replies":[{"embeddable":true,"href":"https:\/\/www.hydraulic-cylinders.net\/sl\/wp-json\/wp\/v2\/comments?post=16462"}],"wp:featuredmedia":[{"embeddable":true,"href":"https:\/\/www.hydraulic-cylinders.net\/sl\/wp-json\/wp\/v2\/media\/14770"}],"wp:attachment":[{"href":"https:\/\/www.hydraulic-cylinders.net\/sl\/wp-json\/wp\/v2\/media?parent=16462"}],"wp:term":[{"taxonomy":"product_brand","embeddable":true,"href":"https:\/\/www.hydraulic-cylinders.net\/sl\/wp-json\/wp\/v2\/product_brand?post=16462"},{"taxonomy":"product_cat","embeddable":true,"href":"https:\/\/www.hydraulic-cylinders.net\/sl\/wp-json\/wp\/v2\/product_cat?post=16462"},{"taxonomy":"product_tag","embeddable":true,"href":"https:\/\/www.hydraulic-cylinders.net\/sl\/wp-json\/wp\/v2\/product_tag?post=16462"}],"curies":[{"name":"delovni list","href":"https:\/\/api.w.org\/{rel}","templated":true}]}}