{"id":16466,"date":"2025-01-21T05:27:19","date_gmt":"2025-01-21T05:27:19","guid":{"rendered":"https:\/\/www.hydraulic-cylinders.net\/product\/arm-cylinder-for-lishide-small-excavator-sc130-8\/"},"modified":"2025-01-21T05:27:20","modified_gmt":"2025-01-21T05:27:20","slug":"arm-cylinder-for-lishide-small-excavator-sc130-8","status":"publish","type":"product","link":"https:\/\/www.hydraulic-cylinders.net\/sl\/izdelek\/arm-cylinder-for-lishide-small-excavator-sc130-8\/","title":{"rendered":"Ro\u010dica cilindra za majhen bager Lishide SC130.8"},"content":{"rendered":"<h1>Ro\u010dica cilindra za majhen bager Lishide SC130.8<\/h1>\n<h2>Uvod<\/h2>\n<p>Hidravli\u010dni valj roke je posebej zasnovan hidravli\u010dni valj, ki zagotavlja linearno gibanje in mo\u010d roki razli\u010dnih vrst strojev, kot so bagri, \u017eerjavi in \u200b\u200brobotske roke. Igra klju\u010dno vlogo v hidravli\u010dnih sistemih, saj omogo\u010da u\u010dinkovito gibanje in nadzor dodatnih orodij ali priklju\u010dkov. Ti cilindri ne zagotavljajo le gladkega gibanja, temve\u010d tudi prenesejo velike obremenitve, kar zagotavlja u\u010dinkovito delovanje in zanesljivost strojev v razli\u010dnih delovnih pogojih.<\/p>\n<p><img decoding=\"async\" src=\"https:\/\/www.hydraulic-cylinders.net\/wp-content\/uploads\/2025\/01\/songte-company-2.webp\" alt=\"Slika ro\u010dnega cilindra\"><\/p>\n<h2>Zna\u010dilnosti<\/h2>\n<ul>\n<li>Visoko u\u010dinkovit prenos mo\u010di: Cilinder roke zagotavlja mo\u010dno linearno gibanje in silo, kar zagotavlja visoko zmogljivost pri razli\u010dnih operacijah.<\/li>\n<li>Natan\u010den nadzor: S hidravli\u010dnim sistemom omogo\u010da valj roke natan\u010den nadzor gibanja, zaradi \u010desar je upravljanje dodatnih orodij bolj prilagodljivo in natan\u010dno.<\/li>\n<li>Visoka vzdr\u017eljivost: Ro\u010dajni cilindri so obi\u010dajno izdelani iz visoko trdnih materialov, ki ponujajo odli\u010dno odpornost proti obrabi in koroziji, zaradi \u010desar so primerni za dolgotrajno uporabo v zahtevnih okoljih.<\/li>\n<li>Ve\u010dnamenska prilagodljivost: Ti cilindri se lahko \u0161iroko uporabljajo v razli\u010dnih strojih, kot so bagri, \u017eerjavi in \u200b\u200brobotske roke, ter se prilagajajo razli\u010dnim operativnim zahtevam.<\/li>\n<li>Enostavno vzdr\u017eevanje: Zasnova za enostavno vzdr\u017eevanje in zamenjavo omogo\u010da la\u017eje redne preglede in vzdr\u017eevanje, kar zmanj\u0161uje \u010das izpada opreme.<\/li>\n<\/ul>\n<p><img decoding=\"async\" src=\"https:\/\/www.hydraulic-cylinders.net\/wp-content\/uploads\/2025\/01\/songte-oil-pipes-and-spare-parts.webp\" alt=\"Slika izdelka\"><\/p>\n<h2>Aplikacije<\/h2>\n<p>Ro\u010dni cilindri se uporabljajo v razli\u010dnih panogah:<\/p>\n<ul>\n<li>Gradbeni\u0161tvo: Pri bagrih in \u017eerjavih cilinder roke nadzoruje gibanje \u017elice ali roke, kar olaj\u0161a zemeljska dela, ravnanje z materiali in konstrukcijsko monta\u017eo.<\/li>\n<li>Proizvodna industrija: V avtomatiziranih proizvodnih linijah se valj roke uporablja za gibanje robotskih rok, kar omogo\u010da monta\u017eo, varjenje in ravnanje z materiali, s \u010dimer se izbolj\u0161a u\u010dinkovitost in natan\u010dnost proizvodnje.<\/li>\n<li>Kmetijska mehanizacija: Pri kmetijski opremi, kot so kombajni in sejalnice, cilindri rok nadzorujejo gibanje delovnih rok in opravljajo naloge, kot so setev, gnojenje in \u017eetev.<\/li>\n<li>Rudarstvo: V rudarski opremi se cilindri rok uporabljajo za nadzor gibanja roke rudarske opreme, kar olaj\u0161a pridobivanje in transport rude.<\/li>\n<li>Logistika in transport: Pri vili\u010darjih in robotih za manipulacijo cilindri roke nadzorujejo dvigovanje in premikanje vilic, kar omogo\u010da ravnanje z materiali in zlaganje.<\/li>\n<\/ul>\n<h2>Oblikovalski vidiki in izbirna merila<\/h2>\n<p>Pri na\u010drtovanju in izbiri cilindri\u010dnih elementov je treba upo\u0161tevati naslednje to\u010dke:<\/p>\n<ul>\n<li>Nosilnost: Valji roke morajo biti zasnovani tako, da prenesejo specifi\u010dne obremenitve strojev in uporabe.<\/li>\n<li>Tesnjenje: Uporabljajo se razli\u010dne tesnilne komponente, kot so tesnila bata in tesnila ojnic, obi\u010dajno izdelane iz materialov, odpornih proti obrabi, kot sta poliuretan in nitrilna guma, kar zagotavlja u\u010dinkovito tesnjenje.<\/li>\n<li>Vzdr\u017eljivost: Ohi\u0161je valja in navojni konci so podvr\u017eeni skrbni povr\u0161inski obdelavi za pove\u010danje odpornosti proti obrabi in podalj\u0161anje \u017eivljenjske dobe.<\/li>\n<li>Varnost: V zasnovo je treba vklju\u010diti varnostne elemente, da se prepre\u010dijo nesre\u010de in zagotovi za\u0161\u010dita upravljavca.<\/li>\n<li>Vzdr\u017eevanje: Enostavno vzdr\u017eevanje in popravila pomagajo zmanj\u0161ati \u010das izpada in zagotoviti dolgo \u017eivljenjsko dobo cilindra roke.<\/li>\n<\/ul>\n<p><img decoding=\"async\" src=\"https:\/\/www.hydraulic-cylinders.net\/wp-content\/uploads\/2025\/01\/songte-cylinder-head-with-all-kinds-excavator-models.webp\" alt=\"Slika oblikovanja izdelka\"><\/p>\n<h2>Tesnjenje in mazanje<\/h2>\n<p>Za zagotovitev ustreznega tesnjenja in mazanja cilindra roke:<\/p>\n<ul>\n<li>Uporabljajo se razli\u010dne tesnilne komponente, kot so tesnila bata in tesnila ojnic, izdelane iz materialov, odpornih proti obrabi, kot sta poliuretan in nitrilna guma.<\/li>\n<li>Telo valja in navojni konci so podvr\u017eeni skrbni povr\u0161inski obdelavi za izbolj\u0161anje odpornosti proti obrabi.<\/li>\n<li>Redno mazanje z ustrezno koli\u010dino hidravli\u010dnega olja je potrebno za zagotovitev nemotenega delovanja in prepre\u010devanje prekomerne obrabe.<\/li>\n<\/ul>\n<h2>Redni pregledi in preventivno vzdr\u017eevanje<\/h2>\n<p>Za optimalno delovanje je treba redno pregledovati in izvajati preventivne vzdr\u017eevalne ukrepe:<\/p>\n<ul>\n<li>Preverite valj roke glede morebitnih znakov pu\u0161\u010danja, po\u0161kodb ali nenormalne obrabe.<\/li>\n<li>Redno \u010distite in ma\u017eite komponente cilindra.<\/li>\n<li>Zamenjajte obrabljena tesnila ali komponente, da prepre\u010dite morebitne te\u017eave in zagotovite zanesljivo delovanje.<\/li>\n<\/ul>\n<h2>Vodnik za namestitev izdelka<\/h2>\n<p>Za pravilno namestitev izdelka sledite tem korakom:<\/p>\n<ol>\n<li>Prepri\u010dajte se, da je stroj izklopljen in zavarovan.<\/li>\n<li>Dolo\u010dite pravilen polo\u017eaj za namestitev ro\u010dice cilindra.<\/li>\n<li>Jeklenko varno pritrdite na ozna\u010dene pritrdilne to\u010dke z ustreznimi vijaki ali pritrdilnimi elementi.<\/li>\n<li>Preverite, ali so vse povezave tesne in pravilno zatesnjene.<\/li>\n<li>Za nemoteno delovanje se prepri\u010dajte, da je valj roke poravnan z drugimi komponentami.<\/li>\n<\/ol>\n<p><img decoding=\"async\" src=\"https:\/\/www.hydraulic-cylinders.net\/wp-content\/uploads\/2025\/01\/songte-bushings-with-all-kinds-of-excavator-models.webp\" alt=\"Slika namestitvenega vodnika\"><\/p>\n<h2>Varnostni vidiki in okoljski dejavniki<\/h2>\n<p>Pri uporabi cilindra roke so varnostni ukrepi izjemnega pomena. Upo\u0161tevati je treba:<\/p>\n<ul>\n<li>Ustrezni varnostni ukrepi, vklju\u010dno z varnostnimi \u0161\u010ditniki in sistemi za zaustavitev v sili, za za\u0161\u010dito upravljavcev pred morebitnimi nevarnostmi.<\/li>\n<li>Environmental factors such as temperature and humidity that may affect the cylinder&#8217;s performance and lifespan.<\/li>\n<\/ul>\n<h2>Diagnoza napak in pogoste te\u017eave<\/h2>\n<p>Pogoste te\u017eave in nasveti za odpravljanje te\u017eav z valji roke vklju\u010dujejo:<\/p>\n<ul>\n<li>Pu\u0161\u010danje: Preverite morebitna po\u0161kodovana tesnila ali priklju\u010dke in jih po potrebi zamenjajte.<\/li>\n<li>Slabo delovanje: Preverite, ali so komponente obrabljene ali so premalo mazane, in ustrezno ukrepajte.<\/li>\n<li>Prekomeren hrup: Preverite, ali so povezave ohlapne ali deli po\u0161kodovani, in opravite potrebna popravila ali zamenjave.<\/li>\n<\/ul>\n<h2>Zaklju\u010dek<\/h2>\n<p>Kot vodilni proizvajalec in veleprodajni distributer nadomestnih hidravli\u010dnih cilindrov ponujamo \u0161iroko paleto izdelkov. Dajemo prednost odli\u010dnosti v kakovosti in nenehno izbolj\u0161ujemo na\u0161e tehnolo\u0161ke zmogljivosti in u\u010dinkovitost proizvodnje. Z na\u0161o napredno digitalno proizvodno opremo in profesionalnimi sistemi testiranja zagotavljamo vrhunski nadzor kakovosti izdelkov in imamo mo\u010dne inovacijske zmogljivosti. Na\u0161 cilj je zadovoljiti raznolike potrebe strank z u\u010dinkovitostjo, natan\u010dnostjo in visokimi standardi kakovosti.<\/p>\n<p><img decoding=\"async\" src=\"https:\/\/www.hydraulic-cylinders.net\/wp-content\/uploads\/2025\/01\/songte-company-4.webp\" alt=\"Slika podjetja\"><br \/>\n<img decoding=\"async\" src=\"https:\/\/www.hydraulic-cylinders.net\/wp-content\/uploads\/2025\/01\/songte-company-3.webp\" alt=\"Slika podjetja\"><\/p>\n<p>Avtor: lyl.<\/p>","protected":false},"excerpt":{"rendered":"<p>Arm Cylinder For Lishide Small Excavator SC130.8 Introduction The arm cylinder is a specially designed hydraulic cylinder that provides linear motion and power to the arm of various types of machinery, such as excavators, cranes, and robotic arms. It plays a crucial role in hydraulic systems, enabling effective movement and control of additional tools or [&hellip;]<\/p>","protected":false},"featured_media":14786,"comment_status":"open","ping_status":"closed","template":"","meta":{"_et_pb_use_builder":"","_et_pb_old_content":"","_et_gb_content_width":""},"product_brand":[],"product_cat":[1497],"product_tag":[1498,1496],"class_list":{"0":"post-16466","1":"product","2":"type-product","3":"status-publish","4":"has-post-thumbnail","6":"product_cat-arm-cylinders","7":"product_tag-arm-cylinders","8":"product_tag-hydraulic-cylinders","10":"first","11":"instock","12":"shipping-taxable","13":"product-type-simple"},"amp_enabled":true,"_links":{"self":[{"href":"https:\/\/www.hydraulic-cylinders.net\/sl\/wp-json\/wp\/v2\/product\/16466","targetHints":{"allow":["GET"]}}],"collection":[{"href":"https:\/\/www.hydraulic-cylinders.net\/sl\/wp-json\/wp\/v2\/product"}],"about":[{"href":"https:\/\/www.hydraulic-cylinders.net\/sl\/wp-json\/wp\/v2\/types\/product"}],"replies":[{"embeddable":true,"href":"https:\/\/www.hydraulic-cylinders.net\/sl\/wp-json\/wp\/v2\/comments?post=16466"}],"wp:featuredmedia":[{"embeddable":true,"href":"https:\/\/www.hydraulic-cylinders.net\/sl\/wp-json\/wp\/v2\/media\/14786"}],"wp:attachment":[{"href":"https:\/\/www.hydraulic-cylinders.net\/sl\/wp-json\/wp\/v2\/media?parent=16466"}],"wp:term":[{"taxonomy":"product_brand","embeddable":true,"href":"https:\/\/www.hydraulic-cylinders.net\/sl\/wp-json\/wp\/v2\/product_brand?post=16466"},{"taxonomy":"product_cat","embeddable":true,"href":"https:\/\/www.hydraulic-cylinders.net\/sl\/wp-json\/wp\/v2\/product_cat?post=16466"},{"taxonomy":"product_tag","embeddable":true,"href":"https:\/\/www.hydraulic-cylinders.net\/sl\/wp-json\/wp\/v2\/product_tag?post=16466"}],"curies":[{"name":"delovni list","href":"https:\/\/api.w.org\/{rel}","templated":true}]}}