{"id":16489,"date":"2025-01-21T05:28:51","date_gmt":"2025-01-21T05:28:51","guid":{"rendered":"https:\/\/www.hydraulic-cylinders.net\/product\/arm-cylinder-for-lovol-middle-excavator-fr225\/"},"modified":"2025-01-21T05:28:53","modified_gmt":"2025-01-21T05:28:53","slug":"arm-cylinder-for-lovol-middle-excavator-fr225","status":"publish","type":"product","link":"https:\/\/www.hydraulic-cylinders.net\/sl\/izdelek\/arm-cylinder-for-lovol-middle-excavator-fr225\/","title":{"rendered":"Ro\u010dica cilindra za srednji bager Lovol FR225"},"content":{"rendered":"<h1>Ro\u010dica cilindra za srednji bager Lovol FR225<\/h1>\n<h2>Uvod<\/h2>\n<p>Hidravli\u010dni cilinder za srednji bager Lovol FR225 je posebej zasnovan hidravli\u010dni cilinder, ki zagotavlja linearno gibanje in mo\u010d roki razli\u010dnih strojev, kot so bagri, \u017eerjavi in \u200b\u200bmehanske roke. Cilinder roke igra klju\u010dno vlogo v hidravli\u010dnih sistemih, saj omogo\u010da u\u010dinkovito gibanje in nadzor dodatnih orodij ali priklju\u010dkov. Ti cilindri ne omogo\u010dajo le gladkega gibanja, temve\u010d tudi prenesejo velike obremenitve, kar zagotavlja u\u010dinkovito delovanje in zanesljivost strojev v razli\u010dnih delovnih pogojih.<\/p>\n<p><img decoding=\"async\" src=\"https:\/\/www.hydraulic-cylinders.net\/wp-content\/uploads\/2025\/01\/songte-company-2.webp\" alt=\"Slika ro\u010dnega cilindra\"><\/p>\n<h2>Zna\u010dilnosti<\/h2>\n<ul>\n<li><strong>Visoko u\u010dinkovit prenos:<\/strong> Cilinder roke zagotavlja mo\u010dno linearno gibanje in silo, kar zagotavlja visoko zmogljivost mehanske roke pri razli\u010dnih operacijah.<\/li>\n<li><strong>Natan\u010den nadzor:<\/strong> S hidravli\u010dnim sistemom dose\u017ee cilinder roke natan\u010den nadzor gibanja, zaradi \u010desar je delovanje priklju\u010denih orodij bolj prilagodljivo in natan\u010dno.<\/li>\n<li><strong>Vzdr\u017eljivost:<\/strong> Ro\u010dajni cilindri so obi\u010dajno izdelani iz visoko trdnih materialov, ki ponujajo odli\u010dno odpornost proti obrabi in koroziji, zaradi \u010desar so primerni za dolgotrajno uporabo v zahtevnih okoljih.<\/li>\n<li><strong>Vsestranska prilagodljivost:<\/strong> Ti cilindri se lahko \u0161iroko uporabljajo v razli\u010dnih strojih, kot so bagri, \u017eerjavi in \u200b\u200bmehanske roke, ter ustrezajo razli\u010dnim delovnim zahtevam.<\/li>\n<li><strong>Enostavno vzdr\u017eevanje:<\/strong> Zasnovani so z mislijo na enostavno vzdr\u017eevanje in zamenjavo, zato so redni pregledi in servisiranje bolj priro\u010dni, kar zmanj\u0161uje \u010das izpada opreme.<\/li>\n<\/ul>\n<p><img decoding=\"async\" src=\"https:\/\/www.hydraulic-cylinders.net\/wp-content\/uploads\/2025\/01\/songte-oil-pipes-and-spare-parts.webp\" alt=\"Slika rezervnih delov\"><\/p>\n<h2>Aplikacije<\/h2>\n<p>Ro\u010dni valj za srednji bager Lovol FR225 se uporablja v razli\u010dnih panogah:<\/p>\n<ul>\n<li><strong>Gradbeni\u0161tvo:<\/strong> Uporablja se v bagrih in \u017eerjavih, cilinder roke pa nadzoruje gibanje \u017elic ali rok za zemeljska dela, ravnanje z materiali in monta\u017eo konstrukcij.<\/li>\n<li><strong>Predelovalna industrija:<\/strong> V avtomatiziranih proizvodnih linijah valj roke olaj\u0161a gibanje mehanskih rok za postopke monta\u017ee, varjenja in rokovanja, da se pove\u010da u\u010dinkovitost in natan\u010dnost proizvodnje.<\/li>\n<li><strong>Kmetijska mehanizacija:<\/strong> V kmetijski opremi, kot so kombajni in sejalnice, cilinder roke nadzoruje gibanje delovnih rok za naloge, kot so setev, gnojenje in \u017eetev.<\/li>\n<li><strong>Rudarstvo:<\/strong> V rudarski opremi cilinder roke nadzoruje gibanje roke rudarskih strojev za pridobivanje in transport rude.<\/li>\n<li><strong>Logistika in transport:<\/strong> Pri vili\u010darjih in robotih za manipulacijo cilinder roke nadzoruje dvigovanje in premikanje vilic, kar omogo\u010da ravnanje z materiali in zlaganje.<\/li>\n<\/ul>\n<h2>Oblikovalski vidiki in izbirna merila<\/h2>\n<p>Pri na\u010drtovanju in izbiri cilindra roke za srednji bager Lovol FR225 je treba upo\u0161tevati ve\u010d dejavnikov:<\/p>\n<ul>\n<li><strong>Nosilnost:<\/strong> Zmo\u017enost cilindra roke, da prenese in podpira te\u017eke obremenitve, je bistvenega pomena za varno in u\u010dinkovito delovanje.<\/li>\n<li><strong>Tesnjenje:<\/strong> Uporabljajo se razli\u010dna tesnila, kot so tesnila bata in tesnila ojnic, iz materialov, odpornih proti obrabi, kot sta poliuretan in nitrilna guma. Glava valja in navojne kon\u010dne povr\u0161ine so fino obdelane za izbolj\u0161anje odpornosti proti obrabi.<\/li>\n<li><strong>Vzdr\u017eljivost:<\/strong> Ohi\u0161je valja je izdelano iz visokokakovostnih materialov, ki zagotavljajo dolgo \u017eivljenjsko dobo ter odpornost proti obrabi in koroziji.<\/li>\n<li><strong>Varnost:<\/strong> Zasnova vklju\u010duje varnostne funkcije za prepre\u010devanje nesre\u010d in zagotavljanje dobrega po\u010dutja upravljavca med delovanjem.<\/li>\n<li><strong>Vzdr\u017eevanje:<\/strong> Cilinder roke je zasnovan za enostavno vzdr\u017eevanje in zamenjavo, kar zmanj\u0161uje \u010das izpada in izbolj\u0161uje splo\u0161no produktivnost.<\/li>\n<\/ul>\n<p><img decoding=\"async\" src=\"https:\/\/www.hydraulic-cylinders.net\/wp-content\/uploads\/2025\/01\/songte-cylinder-head-with-all-kinds-excavator-models.webp\" alt=\"Slika delov cilindra\"><\/p>\n<h2>Tesnjenje in mazanje<\/h2>\n<p>Ro\u010dajni valj za srednji bager Lovol FR225 uporablja razli\u010dne tesnilne komponente, kot so tesnila bata in tesnila palic, izdelana iz materialov, odpornih proti obrabi, kot sta poliuretan in nitrilna guma. Telo valja in navojne kon\u010dne povr\u0161ine so fino obdelane za pove\u010danje odpornosti proti obrabi. Redno mazanje z ustrezno koli\u010dino hidravli\u010dnega olja je potrebno za zagotovitev nemotenega delovanja in dolge \u017eivljenjske dobe.<\/p>\n<h2>Redni pregledi in preventivno vzdr\u017eevanje<\/h2>\n<p>Redni pregledi in preventivno vzdr\u017eevanje so klju\u010dnega pomena za optimalno delovanje in dolgo \u017eivljenjsko dobo ro\u010dnega cilindra. Sprejeti je treba naslednje ukrepe:<\/p>\n<ul>\n<li>Preverite valj glede morebitnih znakov obrabe, pu\u0161\u010danja ali po\u0161kodb.<\/li>\n<li>Redno \u010distite jeklenko in njene sestavne dele, da odstranite umazanijo in ostanke.<\/li>\n<li>Zagotovite pravilno mazanje tako, da preverite nivo hidravli\u010dnega olja in po potrebi dolijete ustrezno koli\u010dino.<\/li>\n<li>Preverite in po potrebi zamenjajte tesnila ali druge po\u0161kodovane komponente.<\/li>\n<\/ul>\n<h2>Vodnik za namestitev izdelka<\/h2>\n<p>Pravilna namestitev ro\u010dnega cilindra za srednji bager Lovol FR225 je bistvenega pomena za njegovo u\u010dinkovito delovanje. Upo\u0161tevajte ta navodila:<\/p>\n<ul>\n<li>Prepri\u010dajte se, da je bager pravilno podprt in stabilen.<\/li>\n<li>Odstranite vse stare ali po\u0161kodovane jeklenke.<\/li>\n<li>Previdno poravnajte novi valj s pritrdilnimi to\u010dkami.<\/li>\n<li>Vse povezave varno pritrdite z ustreznim orodjem.<\/li>\n<li>Preverite namestitev glede morebitnih te\u017eav ali nepravilnosti.<\/li>\n<\/ul>\n<p><img decoding=\"async\" src=\"https:\/\/www.hydraulic-cylinders.net\/wp-content\/uploads\/2025\/01\/songte-bushings-with-all-kinds-of-excavator-models.webp\" alt=\"Slika pu\u0161\"><\/p>\n<h2>Varnostni vidiki in okoljski dejavniki<\/h2>\n<p>Pri uporabi cilindra roke za srednji bager Lovol FR225 so varnostni ukrepi izjemnega pomena. Upo\u0161tevati je treba klju\u010dne besede, ki poudarjajo varnostne ukrepe, da se zagotovi dobro po\u010dutje upravljavca in zmanj\u0161a \u0161tevilo nesre\u010d. Poleg tega je treba upo\u0161tevati okoljske dejavnike, kot je prepre\u010devanje pu\u0161\u010danja ali razlitja olja, ki bi lahko \u0161kodovalo okolju.<\/p>\n<h2>Odpravljanje te\u017eav in pogoste te\u017eave<\/h2>\n<p>Tukaj je nekaj pogostih nasvetov in re\u0161itev za odpravljanje te\u017eav z ro\u010dnim cilindrom:<\/p>\n<ul>\n<li>\u010ce se valj ne izteguje ali umika pravilno, preverite, ali hidravli\u010dna teko\u010dina pu\u0161\u010da ali je njena raven nezadostna.<\/li>\n<li>\u010ce se med delovanjem sli\u0161i prekomeren hrup, preverite valj glede ohlapnih komponent ali po\u0161kodovanih tesnil.<\/li>\n<li>\u010ce valj prekomerno vibrira, preverite pritrdilne to\u010dke in priklju\u010dke glede morebitne zrahljanosti ali neporavnanosti.<\/li>\n<li>\u010ce se valj ne odziva natan\u010dno na krmilne ukaze, preverite hidravli\u010dni sistem glede morebitnih okvar ali blokad.<\/li>\n<\/ul>\n<p><img decoding=\"async\" src=\"https:\/\/www.hydraulic-cylinders.net\/wp-content\/uploads\/2025\/01\/songte-chushion-collar.webp\" alt=\"Slika ovratnice\"><\/p>\n<p>Z upo\u0161tevanjem teh nasvetov za odpravljanje te\u017eav in preventivnih ukrepov lahko bralci u\u010dinkovito diagnosticirajo in odpravijo te\u017eave, hkrati pa zmanj\u0161ajo morebitne te\u017eave.<\/p>\n<h2>O nas<\/h2>\n<p>Avtor: lyl<\/p>\n<p>Smo profesionalni proizvajalec, specializiran za proizvodnjo nadomestnih hidravli\u010dnih cilindrov. S \u0161iroko paleto izdelkov smo postali eden vodilnih proizvajalcev in veleprodajnih distributerjev hidravli\u010dnih cilindrov na doma\u010dem in mednarodnem trgu. Z upo\u0161tevanjem na\u010dela odli\u010dne kakovosti nenehno izbolj\u0161ujemo svoje tehni\u010dno znanje in u\u010dinkovitost proizvodnje z industrializiranim upravljanjem proizvodnje. Z uvedbo vrhunske digitalne proizvodne opreme in profesionalnih sistemov testiranja optimiziramo na\u0161o proizvodno platformo in izbolj\u0161ujemo procese nadzora kakovosti izdelkov, s \u010dimer dokazujemo mo\u010dne inovativne zmogljivosti. Na\u0161 cilj je zadovoljiti raznolike potrebe strank z na\u010deli u\u010dinkovitosti, natan\u010dnosti in visoke kakovosti.<\/p>\n<p><img decoding=\"async\" src=\"https:\/\/www.hydraulic-cylinders.net\/wp-content\/uploads\/2025\/01\/songte-company-4.webp\" alt=\"Slika podjetja 1\"><br \/>\n<img decoding=\"async\" src=\"https:\/\/www.hydraulic-cylinders.net\/wp-content\/uploads\/2025\/01\/songte-company-3.webp\" alt=\"Slika podjetja 2\"><\/p>\n<p>Poleg tega smo ponosni na naslednje:<\/p>\n<ul>\n<li>Profesionalnost<\/li>\n<li>Mednarodni certifikati<\/li>\n<li>Storitve prilagajanja<\/li>\n<li>Napredna proizvodna oprema<\/li>\n<p>  <\n<\/p>","protected":false},"excerpt":{"rendered":"<p>Arm Cylinder For Lovol Middle Excavator FR225 Introduction The Arm Cylinder for Lovol Middle Excavator FR225 is a specially designed hydraulic cylinder that provides linear motion and power to the arm of various machinery such as excavators, cranes, and mechanical arms. The arm cylinder plays a crucial role in hydraulic systems, allowing for the efficient [&hellip;]<\/p>","protected":false},"featured_media":14777,"comment_status":"open","ping_status":"closed","template":"","meta":{"_et_pb_use_builder":"","_et_pb_old_content":"","_et_gb_content_width":""},"product_brand":[],"product_cat":[1497],"product_tag":[1498,1496],"class_list":{"0":"post-16489","1":"product","2":"type-product","3":"status-publish","4":"has-post-thumbnail","6":"product_cat-arm-cylinders","7":"product_tag-arm-cylinders","8":"product_tag-hydraulic-cylinders","10":"first","11":"instock","12":"shipping-taxable","13":"product-type-simple"},"amp_enabled":true,"_links":{"self":[{"href":"https:\/\/www.hydraulic-cylinders.net\/sl\/wp-json\/wp\/v2\/product\/16489","targetHints":{"allow":["GET"]}}],"collection":[{"href":"https:\/\/www.hydraulic-cylinders.net\/sl\/wp-json\/wp\/v2\/product"}],"about":[{"href":"https:\/\/www.hydraulic-cylinders.net\/sl\/wp-json\/wp\/v2\/types\/product"}],"replies":[{"embeddable":true,"href":"https:\/\/www.hydraulic-cylinders.net\/sl\/wp-json\/wp\/v2\/comments?post=16489"}],"wp:featuredmedia":[{"embeddable":true,"href":"https:\/\/www.hydraulic-cylinders.net\/sl\/wp-json\/wp\/v2\/media\/14777"}],"wp:attachment":[{"href":"https:\/\/www.hydraulic-cylinders.net\/sl\/wp-json\/wp\/v2\/media?parent=16489"}],"wp:term":[{"taxonomy":"product_brand","embeddable":true,"href":"https:\/\/www.hydraulic-cylinders.net\/sl\/wp-json\/wp\/v2\/product_brand?post=16489"},{"taxonomy":"product_cat","embeddable":true,"href":"https:\/\/www.hydraulic-cylinders.net\/sl\/wp-json\/wp\/v2\/product_cat?post=16489"},{"taxonomy":"product_tag","embeddable":true,"href":"https:\/\/www.hydraulic-cylinders.net\/sl\/wp-json\/wp\/v2\/product_tag?post=16489"}],"curies":[{"name":"delovni list","href":"https:\/\/api.w.org\/{rel}","templated":true}]}}