{"id":16498,"date":"2025-01-21T05:29:30","date_gmt":"2025-01-21T05:29:30","guid":{"rendered":"https:\/\/www.hydraulic-cylinders.net\/product\/arm-cylinder-for-liugong-small-excavator-clg915d\/"},"modified":"2025-01-21T05:29:32","modified_gmt":"2025-01-21T05:29:32","slug":"arm-cylinder-for-liugong-small-excavator-clg915d","status":"publish","type":"product","link":"https:\/\/www.hydraulic-cylinders.net\/sl\/izdelek\/arm-cylinder-for-liugong-small-excavator-clg915d\/","title":{"rendered":"Ro\u010dica cilindra za majhen bager Liugong CLG915D"},"content":{"rendered":"<h1>Ro\u010dica cilindra za majhen bager Liugong CLG915D<\/h1>\n<h2>Uvod<\/h2>\n<h3>Definicija in razlaga<\/h3>\n<p>Hidravli\u010dni valj roke je posebej zasnovan hidravli\u010dni valj, ki se uporablja za zagotavljanje linearnega gibanja in mo\u010di rok razli\u010dnih vrst strojev, kot so bagri, \u017eerjavi in \u200b\u200bmehanske roke. Cilinder roke igra klju\u010dno vlogo v hidravli\u010dnem sistemu, saj omogo\u010da u\u010dinkovito gibanje in nadzor dodatnih orodij ali priklju\u010dkov. Ti cilindri ne le dosegajo gladke gibe, temve\u010d tudi prenesejo velike obremenitve, kar zagotavlja u\u010dinkovito delovanje in zanesljivost strojev v razli\u010dnih obratovalnih pogojih.<\/p>\n<p><img decoding=\"async\" src=\"https:\/\/www.hydraulic-cylinders.net\/wp-content\/uploads\/2025\/01\/songte-company-2.webp\"><\/p>\n<h2>Zna\u010dilnosti izdelka<\/h2>\n<ul>\n<li>\n<h3>Visoko u\u010dinkovit menjalnik<\/h3>\n<p>Cilinder roke zagotavlja mo\u010dno linearno gibanje in silo, kar zagotavlja visoko u\u010dinkovitost med razli\u010dnimi operacijami.<\/p>\n<\/li>\n<li>\n<h3>Natan\u010den nadzor<\/h3>\n<p>S hidravli\u010dnim sistemom lahko cilinder roke dose\u017ee natan\u010den nadzor gibanja, zaradi \u010desar je delovanje dodatnih orodij bolj prilagodljivo in natan\u010dno.<\/p>\n<\/li>\n<li>\n<h3>Mo\u010dna vzdr\u017eljivost<\/h3>\n<p>Ro\u010daj cilindra je obi\u010dajno izdelan iz visoko trdnih materialov, ki imajo dobro odpornost proti obrabi in koroziji, primeren za dolgotrajno uporabo v te\u017ekih okoljskih pogojih.<\/p>\n<\/li>\n<li>\n<h3>Ve\u010dnamenska prilagodljivost<\/h3>\n<p>Ti cilindri se lahko \u0161iroko uporabljajo v razli\u010dnih vrstah strojne opreme, kot so bagri, \u017eerjavi in \u200b\u200bmehanske roke, za izpolnjevanje razli\u010dnih delovnih zahtev.<\/p>\n<\/li>\n<li>\n<h3>Enostavno vzdr\u017eevanje<\/h3>\n<p>Zasnova ro\u010dnega cilindra omogo\u010da enostavno vzdr\u017eevanje in zamenjavo, zaradi \u010desar so redni pregledi in vzdr\u017eevanje bolj priro\u010dni ter skraj\u0161ajo \u010das izpada opreme.<\/p>\n<\/li>\n<\/ul>\n<p>Na\u0161 izdelek lahko popolnoma nadomesti te hidravli\u010dne cilindre.<\/p>\n<p><img decoding=\"async\" src=\"https:\/\/www.hydraulic-cylinders.net\/wp-content\/uploads\/2025\/01\/songte-oil-pipes-and-spare-parts.webp\"><\/p>\n<h2>Scenariji uporabe<\/h2>\n<p>Rokavni valj se pogosto uporablja v razli\u010dnih panogah in na razli\u010dnih podro\u010djih, vklju\u010dno z:<\/p>\n<ul>\n<li>\n<h3>Gradbeni\u0161tvo<\/h3>\n<p>Cilinder roke se uporablja za krmiljenje gibanja bagrskih \u017elic ali \u017eerjavov pri zemeljskih delih, ravnanju z materiali in monta\u017ei konstrukcij.<\/p>\n<\/li>\n<li>\n<h3>Predelovalna industrija<\/h3>\n<p>Cilinder roke se uporablja za premikanje mehanskih rok v avtomatiziranih proizvodnih linijah za monta\u017eo, varjenje in rokovanje, kar izbolj\u0161uje u\u010dinkovitost in natan\u010dnost proizvodnje.<\/p>\n<\/li>\n<li>\n<h3>Kmetijska mehanizacija<\/h3>\n<p>Cilinder roke nadzoruje gibanje delovnih rok v kmetijskih strojih, kot so \u017eetveni stroji in sejalnice, ki opravljajo naloge, kot so setev, gnojenje in \u017eetev.<\/p>\n<\/li>\n<li>\n<h3>Rudarstvo<\/h3>\n<p>Ro\u010dni cilinder se uporablja za nadzor gibanja ro\u010dne rudarske opreme za rudarjenje in transport rud.<\/p>\n<\/li>\n<li>\n<h3>Logistika in transport<\/h3>\n<p>Ro\u010dajni valj se uporablja za krmiljenje dvigovanja in premikanja vili\u010darjev in robotov za ravnanje z materiali, s \u010dimer se dose\u017ee ravnanje in zlaganje materialov.<\/p>\n<\/li>\n<\/ul>\n<h2>Oblikovalski vidiki in izbirna merila<\/h2>\n<p>Z vidika zasnove mora ro\u010dica cilindra izpolnjevati naslednja merila:<\/p>\n<ul>\n<li>\n<h3>Nosilnost<\/h3>\n<p>Ro\u010dajni valj mora imeti zadostno nosilnost, da zadosti zahtevam razli\u010dnih strojev in delovnih pogojev.<\/p>\n<\/li>\n<li>\n<h3>Tesnilna zmogljivost<\/h3>\n<p>Valj roke mora imeti zanesljivo tesnjenje, da prepre\u010di pu\u0161\u010danje hidravli\u010dnega olja in zagotovi u\u010dinkovito delovanje.<\/p>\n<\/li>\n<li>\n<h3>Vzdr\u017eljivost<\/h3>\n<p>Ro\u010dajni valj mora imeti dobro odpornost proti obrabi, odpornost proti koroziji in dolgo \u017eivljenjsko dobo, zlasti za uporabo v te\u017ekih okoljih.<\/p>\n<\/li>\n<li>\n<h3>Varnost<\/h3>\n<p>Ro\u010dajni valj mora imeti varnostne funkcije, kot so tla\u010dni varnostni ventili, da se prepre\u010dijo nesre\u010de in zagotovi varno delovanje.<\/p>\n<\/li>\n<li>\n<h3>Vzdr\u017eevanje<\/h3>\n<p>Vzdr\u017eevanje in popravilo cilindra roke mora biti enostavno, kar zmanj\u0161a \u010das izpada opreme in stro\u0161ke vzdr\u017eevanja.<\/p>\n<\/li>\n<\/ul>\n<p><img decoding=\"async\" src=\"https:\/\/www.hydraulic-cylinders.net\/wp-content\/uploads\/2025\/01\/songte-cylinder-head-with-all-kinds-excavator-models.webp\"><\/p>\n<h2>Tesnjenje in mazanje<\/h2>\n<p>Ro\u010dajni valj uporablja razli\u010dne tesnilne komponente, kot so tesnilni obro\u010di bata, tesnilni obro\u010di palice in drugi materiali, odporni proti obrabi, kot sta poliuretan in nitrilna guma, da se zagotovi dobro tesnjenje. Telo valja in navojna kon\u010dna povr\u0161ina sta fino obdelana za izbolj\u0161anje odpornosti proti obrabi. Ro\u010dajni valj potrebuje redno mazanje z ustreznim hidravli\u010dnim oljem za zagotovitev u\u010dinkovitega delovanja.<\/p>\n<h2>Vzdr\u017eevanje in preventivni ukrepi<\/h2>\n<p>Redni pregledi in preventivno vzdr\u017eevanje so bistveni za zagotovitev u\u010dinkovitega in varnega delovanja ro\u010dnega cilindra. Sprejeti je treba naslednje ukrepe:<\/p>\n<ul>\n<li>\n<h3>Redno preverjajte tesnjenje cilindra.<\/h3>\n<\/li>\n<li>\n<h3>Redno pregledujte batnico glede obrabe in po\u0161kodb.<\/h3>\n<\/li>\n<li>\n<h3>Redno preverjajte ohi\u0161je valja in navojno kon\u010dno povr\u0161ino glede obrabe in korozije.<\/h3>\n<\/li>\n<li>\n<h3>Redno menjajte hidravli\u010dno olje v skladu s priporo\u010dili proizvajalca.<\/h3>\n<\/li>\n<li>\n<h3>Redno preverjajte tla\u010dni varnostni ventil, da zagotovite varno delovanje.<\/h3>\n<\/li>\n<\/ul>\n<p><img decoding=\"async\" src=\"https:\/\/www.hydraulic-cylinders.net\/wp-content\/uploads\/2025\/01\/songte-chushion-collar.webp\"><\/p>\n<h2>Navodila za namestitev<\/h2>\n<p>Namestitev ro\u010dnega cilindra mora opraviti usposobljen tehnik v skladu z navodili proizvajalca. Upo\u0161tevati je treba naslednje korake:<\/p>\n<ul>\n<li>\n<h3>O\u010distite monta\u017eno povr\u0161ino ro\u010dice cilindra in monta\u017eno povr\u0161ino stroja.<\/h3>\n<\/li>\n<li>\n<h3>Namestite valj roke in privijte pritrdilne vijake z navedenim navorom.<\/h3>\n<\/li>\n<li>\n<h3>Hidravli\u010dne cevi in \u200b\u200bpriklju\u010dke priklju\u010dite na valj roke v skladu z navodili proizvajalca in pri tem pazite na pravilno velikost navoja in navor.<\/h3>\n<\/li>\n<li>\n<h3>Hidravli\u010dni sistem napolnite s priporo\u010denim hidravli\u010dnim oljem.<\/h3>\n<\/li>\n<li>\n<h3>Upravljajte stroj in preverite pravilno delovanje cilindra roke.<\/h3>\n<\/li>\n<\/ul>\n<h2>Varnostni vidiki in okoljski dejavniki<\/h2>\n<p>Pri upravljanju strojev z ro\u010dnim cilindrom je varnost izjemnega pomena. Upo\u0161tevati je treba naslednje varnostne ukrepe:<\/p>\n<ul>\n<li>\n<h3>Stroje naj upravlja samo usposobljeno osebje.<\/h3>\n<\/li>\n<li>\n<h3>Seznanite se z navodili za uporabo in upo\u0161tevajte varnostne postopke.<\/h3>\n<\/li>\n<li>\n<h3>Nosite ustrezno osebno za\u0161\u010ditno opremo, kot so rokavice, za\u0161\u010ditna o\u010dala in \u0161kornji.<\/h3>\n<\/li>\n<li>\n<h3>Ne prekora\u010dite nazivne nosilnosti stroja in cilindra roke.<\/h3>\n<\/li>\n<li>\n<h3>Redno pregledujte stroje in valj roke glede znakov obrabe ali po\u0161kodb.<\/h3>\n<\/li>\n<li>\n<h3>Hidravli\u010dno olje in obrabljene dele pravilno zavrzite, da za\u0161\u010ditite okolje.<\/h3>\n<\/li>\n<\/ul>\n<h2>Odpravljanje te\u017eav in pogoste te\u017eave<\/h2>\n<p>Sledi nekaj pogostih te\u017eav, ki se lahko pojavijo z ro\u010di\u010dnim cilindrom:<\/p>\n<ul>\n<li>\n<h3>Pu\u0161\u010danje hidravli\u010dnega olja<\/h3>\n<p>Iz tesnila bata ali ojnice lahko pu\u0161\u010da hidravli\u010dno olje iz cilindra roke. Preverite tesnila in jih po potrebi zamenjajte.<\/p>\n<\/li>\n<li>\n<h3>Zmanj\u0161ana u\u010dinkovitost<\/h3>\n<p>U\u010dinkovitost ro\u010dice cilindra se lahko zmanj\u0161a zaradi obrabe ali po\u0161kodbe batnice ali ohi\u0161ja cilindra. Zamenjajte obrabljene ali po\u0161kodovane dele.<\/p>\n<\/li>\n<li>\n<h3>Nenavaden hrup<\/h3>\n<p>Ro\u010dajni valj lahko med delovanjem povzro\u010da nenavaden hrup zaradi obrabe ali po\u0161kodbe le\u017eajev ali drugih komponent. Preverite valj in zamenjajte po\u0161kodovane dele.<\/p>\n<\/li>\n<li>\n<h3>Nestabilno delovanje<\/h3>\n<p>Cilinder roke lahko ka\u017ee nestabilno delovanje zaradi te\u017eav s hidravli\u010dnim sistemom, kot sta nezadosten hidravli\u010dni tlak ali okvarjen ventil. Preverite hidravli\u010dni sistem in ga po potrebi popravite.<\/p>\n<\/li>\n<\/ul>\n<p>\u010ce se pojavijo kakr\u0161ne koli te\u017eave, sledite navodilom proizvajalca za odpravljanje te\u017eav in popravilo, da zagotovite varno in u\u010dinkovito delovanje stroja.<\/p>\n<h2>O nas<\/h2>\n<p>Smo profesionalni proizvajalec nadomestnih hidravli\u010dnih cilindrov, ki ponuja \u0161iroko paleto izdelkov in storitev. Postali smo eden vodilnih proizvajalcev in veleprodajnih distributerjev hidravli\u010dnih cilindrov na doma\u010dem in mednarodnem trgu. Vedno se dr\u017eimo na\u010dela odli\u010dne kakovosti, pri \u010demer se zana\u0161amo na strategijo upravljanja industrijske proizvodnje v prefinjenih proizvodnih delavnicah in nenehno izbolj\u0161ujemo na\u0161o tehni\u010dno raven in u\u010dinkovitost proizvodnje. Z uvajanjem vrhunske digitalne proizvodne opreme in profesionalnih sistemov testiranja nenehno optimiziramo proizvodno platformo, izbolj\u0161ujemo proces nadzora kakovosti izdelkov in imamo mo\u010dne inovativne zmogljivosti. Na\u0161 cilj je zadovoljiti raznolike potrebe strank z visoko u\u010dinkovitostjo, natan\u010dnostjo in visoko kakovostjo.<\/p>\n<p>Na\u0161e podjetje ponuja:<\/p>\n<ul>\n<li>\n<h3>Profesionalnost<\/h3>\n<p>Imamo ekipo izku\u0161enih in\u017eenirjev in tehnikov, ki so zavezani zagotavljanju visokokakovostnih izdelkov in storitev na\u0161im strankam.<\/p>\n<\/li>\n<li>\n<h3>Mednarodno certificiranje<\/h3>\n<p>Na\u0161i izdelki so prejeli mednarodne certifikate, kot so ISO 9001, CE in SGS, kar zagotavlja visoke standarde kakovosti in varnosti.<\/p>\n<\/li>\n<li>\n<h3>Storitve prilagajanja<\/h3>\n<p>Zagotovimo vam lahko prilagojene hidravli\u010dne cilindre, ki ustrezajo specifi\u010dnim zahtevam na\u0161ih strank.<\/p>\n<\/li>\n<li>\n<h3>Napredna proizvodna oprema<\/h3>\n<p>Za zagotavljanje kakovosti in u\u010dinkovitosti izdelkov uporabljamo napredno opremo, kot so CNC stru\u017enice, obdelovalni centri in testna oprema.<\/p>\n<\/li>\n<li>\n<h3>Poprodajne storitve<\/h3>\n<p>Nudimo celovito poprodajno storitev, vklju\u010dno s tehni\u010dno podporo, vzdr\u017eevanjem in popravili, da zagotovimo dolgoro\u010dno uporabo na\u0161ih izdelkov.<\/p>\n<\/li>\n<\/ul>\n<p><img decoding=\"async\" src=\"https:\/\/www.hydraulic-cylinders.net\/wp-content\/uploads\/2025\/01\/songte-company-4.webp\"><br \/>\n<img decoding=\"async\" src=\"https:\/\/www.hydraulic-cylinders.net\/wp-content\/uploads\/2025\/01\/songte-company-3.webp\"><\/p>\n<p>Avtor: lyl<\/p>","protected":false},"excerpt":{"rendered":"<p>Arm Cylinder For Liugong Small Excavator CLG915D Introduction Definition and Explanation An arm cylinder is a specially designed hydraulic cylinder used to provide linear motion and power to the arms of various types of machinery, such as excavators, cranes, and mechanical arms. The arm cylinder plays a crucial role in the hydraulic system, enabling the [&hellip;]<\/p>","protected":false},"featured_media":14779,"comment_status":"open","ping_status":"closed","template":"","meta":{"_et_pb_use_builder":"","_et_pb_old_content":"","_et_gb_content_width":""},"product_brand":[],"product_cat":[1497],"product_tag":[1498,1496],"class_list":{"0":"post-16498","1":"product","2":"type-product","3":"status-publish","4":"has-post-thumbnail","6":"product_cat-arm-cylinders","7":"product_tag-arm-cylinders","8":"product_tag-hydraulic-cylinders","10":"first","11":"instock","12":"shipping-taxable","13":"product-type-simple"},"amp_enabled":true,"_links":{"self":[{"href":"https:\/\/www.hydraulic-cylinders.net\/sl\/wp-json\/wp\/v2\/product\/16498","targetHints":{"allow":["GET"]}}],"collection":[{"href":"https:\/\/www.hydraulic-cylinders.net\/sl\/wp-json\/wp\/v2\/product"}],"about":[{"href":"https:\/\/www.hydraulic-cylinders.net\/sl\/wp-json\/wp\/v2\/types\/product"}],"replies":[{"embeddable":true,"href":"https:\/\/www.hydraulic-cylinders.net\/sl\/wp-json\/wp\/v2\/comments?post=16498"}],"wp:featuredmedia":[{"embeddable":true,"href":"https:\/\/www.hydraulic-cylinders.net\/sl\/wp-json\/wp\/v2\/media\/14779"}],"wp:attachment":[{"href":"https:\/\/www.hydraulic-cylinders.net\/sl\/wp-json\/wp\/v2\/media?parent=16498"}],"wp:term":[{"taxonomy":"product_brand","embeddable":true,"href":"https:\/\/www.hydraulic-cylinders.net\/sl\/wp-json\/wp\/v2\/product_brand?post=16498"},{"taxonomy":"product_cat","embeddable":true,"href":"https:\/\/www.hydraulic-cylinders.net\/sl\/wp-json\/wp\/v2\/product_cat?post=16498"},{"taxonomy":"product_tag","embeddable":true,"href":"https:\/\/www.hydraulic-cylinders.net\/sl\/wp-json\/wp\/v2\/product_tag?post=16498"}],"curies":[{"name":"delovni list","href":"https:\/\/api.w.org\/{rel}","templated":true}]}}