{"id":16520,"date":"2025-01-21T05:31:13","date_gmt":"2025-01-21T05:31:13","guid":{"rendered":"https:\/\/www.hydraulic-cylinders.net\/product\/arm-cylinder-for-xgma-small-excavator-xg808\/"},"modified":"2025-01-21T05:31:16","modified_gmt":"2025-01-21T05:31:16","slug":"arm-cylinder-for-xgma-small-excavator-xg808","status":"publish","type":"product","link":"https:\/\/www.hydraulic-cylinders.net\/sl\/izdelek\/arm-cylinder-for-xgma-small-excavator-xg808\/","title":{"rendered":"Ro\u010dni valj za majhen bager XGMA XG808"},"content":{"rendered":"<p><!DOCTYPE html><br \/>\n<html><br \/>\n<head><br \/>\n<title>Ro\u010dni valj za majhen bager XGMA XG808<\/title><br \/>\n<\/head><br \/>\n<body><\/p>\n<h1>Ro\u010dni valj za majhen bager XGMA XG808<\/h1>\n<h2>Uvod<\/h2>\n<p>Hidravli\u010dni valj roke je posebej zasnovan hidravli\u010dni valj, ki zagotavlja linearno gibanje in mo\u010d roki razli\u010dnih strojev, kot so bagri, \u017eerjavi in \u200b\u200brobotske roke. Igra klju\u010dno vlogo v hidravli\u010dnih sistemih, saj omogo\u010da u\u010dinkovito gibanje in nadzor dodatnih orodij ali priklju\u010dkov. Ti cilindri ne le dosegajo gladko gibanje, temve\u010d tudi prenesejo velike obremenitve, kar zagotavlja visoko u\u010dinkovitost in zanesljivost strojev v razli\u010dnih obratovalnih pogojih.<\/p>\n<p><img decoding=\"async\" src=\"https:\/\/www.hydraulic-cylinders.net\/wp-content\/uploads\/2025\/01\/songte-company-2.webp\" alt=\"Slika ro\u010dnega cilindra\"><\/p>\n<h2>Zna\u010dilnosti<\/h2>\n<ul>\n<li>\n<h3>Visoko u\u010dinkovit prenos<\/h3>\n<p>Cilinder roke zagotavlja mo\u010dno linearno gibanje in silo, kar zagotavlja u\u010dinkovito delovanje mehanske roke pri razli\u010dnih operacijah.<\/p>\n<\/li>\n<li>\n<h3>Natan\u010den nadzor<\/h3>\n<p>S hidravli\u010dnim sistemom omogo\u010da cilinder roke natan\u010den nadzor gibanja, zaradi \u010desar je upravljanje dodatnih orodij bolj prilagodljivo in natan\u010dno.<\/p>\n<\/li>\n<li>\n<h3>Mo\u010dna vzdr\u017eljivost<\/h3>\n<p>Ro\u010dajni valj je obi\u010dajno izdelan iz visoko trdnih materialov, ki ponujajo odli\u010dno odpornost proti obrabi in koroziji, zaradi \u010desar je primeren za dolgotrajno uporabo v zahtevnih okoljih.<\/p>\n<\/li>\n<li>\n<h3>Vsestranska prilagodljivost<\/h3>\n<p>Ti cilindri se lahko \u0161iroko uporabljajo v razli\u010dni mehanski opremi, kot so bagri, \u017eerjavi in \u200b\u200brobotske roke, ter se prilagajajo razli\u010dnim zahtevam dela.<\/p>\n<\/li>\n<li>\n<h3>Enostavno vzdr\u017eevanje<\/h3>\n<p>Zasnovan za enostavno vzdr\u017eevanje in zamenjavo, je cilinder roke omogo\u010den za priro\u010dne redne preglede in vzdr\u017eevanje, kar zmanj\u0161uje \u010das izpada opreme.<\/p>\n<\/li>\n<\/ul>\n<p><img decoding=\"async\" src=\"https:\/\/www.hydraulic-cylinders.net\/wp-content\/uploads\/2025\/01\/songte-oil-pipes-and-spare-parts.webp\" alt=\"Slika izdelka\"><\/p>\n<h2>Aplikacije<\/h2>\n<p>Rokavni valj se uporablja v razli\u010dnih panogah:<\/p>\n<ol>\n<li>\n<h3>Gradbeni\u0161tvo<\/h3>\n<p>Pri bagrih in \u017eerjavih cilinder roke nadzoruje gibanje \u017elic ali rok za zemeljska dela, ravnanje z materiali in monta\u017eo konstrukcij.<\/p>\n<\/li>\n<li>\n<h3>Proizvodnja<\/h3>\n<p>V avtomatiziranih proizvodnih linijah valj roke omogo\u010da gibanje robotskih rok za procese monta\u017ee, varjenja in ravnanja z materiali, kar izbolj\u0161uje u\u010dinkovitost in natan\u010dnost proizvodnje.<\/p>\n<\/li>\n<li>\n<h3>Kmetijska mehanizacija<\/h3>\n<p>V kmetijskih strojih, kot so \u017eetveni stroji in sejalniki, cilinder roke nadzoruje gibanje delovnih rok za naloge, kot so setev, gnojenje in \u017eetev.<\/p>\n<\/li>\n<li>\n<h3>Rudarstvo<\/h3>\n<p>V rudarski opremi cilinder roke nadzoruje gibanje roke rudarskih strojev za pridobivanje in transport rude.<\/p>\n<\/li>\n<li>\n<h3>Logistika in transport<\/h3>\n<p>Pri vili\u010darjih in robotih za manipulacijo cilinder roke nadzoruje dvigovanje in premikanje vilic, kar omogo\u010da ravnanje z materiali in zlaganje.<\/p>\n<\/li>\n<\/ol>\n<h2>Oblikovalski vidiki in izbirna merila<\/h2>\n<p>Pri na\u010drtovanju ro\u010dnega cilindra je treba upo\u0161tevati ve\u010d dejavnikov:<\/p>\n<ol>\n<li>\n<h3>Nosilnost<\/h3>\n<p>Ro\u010dajni valj mora biti sposoben prenesti najve\u010djo pri\u010dakovano obremenitev med delovanjem.<\/p>\n<\/li>\n<li>\n<h3>Tesnjenje<\/h3>\n<p>Uporabiti je treba razli\u010dne tesnilne komponente, kot so tesnila bata in tesnila ojnic. Ta tesnila morajo biti izdelana iz materialov, odpornih proti obrabi, kot sta poliuretan in nitrilna guma. Ohi\u0161je valja in navojni konci morajo biti fino obdelani za izbolj\u0161anje odpornosti proti obrabi. Potrebno je redno mazanje z ustrezno koli\u010dino hidravli\u010dnega olja.<\/p>\n<\/li>\n<li>\n<h3>Vzdr\u017eljivost<\/h3>\n<p>Ro\u010dajni valj mora biti izdelan iz materialov z visoko vzdr\u017eljivostjo, da se zagotovi dolgotrajno delovanje v zahtevnih delovnih okoljih.<\/p>\n<\/li>\n<li>\n<h3>Varnost<\/h3>\n<p>It is important to ensure the safety of the arm cylinder&#8217;s operation, including measures such as pressure relief valves, overload protection, and proper installation.<\/p>\n<\/li>\n<li>\n<h3>Vzdr\u017eevanje<\/h3>\n<p>Zasnova cilindra roke mora omogo\u010dati enostavno vzdr\u017eevanje in popravila, da se \u010dim bolj zmanj\u0161a \u010das izpada in zagotovi nemoteno delovanje.<\/p>\n<\/li>\n<\/ol>\n<p><img decoding=\"async\" src=\"https:\/\/www.hydraulic-cylinders.net\/wp-content\/uploads\/2025\/01\/songte-cylinder-head-with-all-kinds-excavator-models.webp\" alt=\"Slika izdelka\"><\/p>\n<h2>Redni pregledi in preventivno vzdr\u017eevanje<\/h2>\n<p>Za zagotovitev optimalne zmogljivosti in dolge \u017eivljenjske dobe ro\u010dnega cilindra je treba sprejeti naslednje ukrepe:<\/p>\n<ol>\n<li>Redno pregledujte jeklenko glede morebitnih znakov obrabe, pu\u0161\u010danja ali po\u0161kodb.<\/li>\n<li>Preverite in po potrebi zamenjajte tesnila in druge komponente.<\/li>\n<li>Za ustrezno mazanje poskrbite z dodajanjem priporo\u010dene koli\u010dine hidravli\u010dnega olja.<\/li>\n<li>Jeklenko naj bo \u010dista in brez umazanije ali ne\u010disto\u010d.<\/li>\n<li>Upo\u0161tevajte navodila proizvajalca glede intervalov in postopkov vzdr\u017eevanja.<\/li>\n<\/ol>\n<h2>Navodila za namestitev<\/h2>\n<p>Pravilna namestitev ro\u010dnega cilindra je klju\u010dnega pomena za njegovo delovanje in varnost. Sledite tem korakom:<\/p>\n<ol>\n<li>Prepri\u010dajte se, da je bager ali stroj izklopljen in da je spro\u0161\u010den ves hidravli\u010dni tlak.<\/li>\n<li>Namestite valj roke na pravilno mesto in poravnajte pritrdilne luknje.<\/li>\n<li>Cilinder varno pritrdite z ustreznimi vijaki in maticami.<\/li>\n<li>Hidravli\u010dne cevi priklju\u010dite na valj, pri \u010demer sledite ozna\u010denim priklju\u010dkom.<\/li>\n<li>Pred nadaljevanjem dela preverite pravilno delovanje cilindra.<\/li>\n<\/ol>\n<p><img decoding=\"async\" src=\"https:\/\/www.hydraulic-cylinders.net\/wp-content\/uploads\/2025\/01\/songte-bushings-with-all-kinds-of-excavator-models.webp\" alt=\"Slika izdelka\"><\/p>\n<h2>Varnostni vidiki in okoljski dejavniki<\/h2>\n<p>Pri uporabi cilindra roke je bistveno dati prednost varnostnim ukrepom za prepre\u010devanje nesre\u010d in za\u0161\u010dito osebja. Varnostni ukrepi vklju\u010dujejo:<\/p>\n<ul>\n<li>Upo\u0161tevajte vsa varnostna navodila in smernice proizvajalca.<\/li>\n<li>Zagotovite ustrezno usposabljanje in certificiranje za vse, ki upravljajo ali vzdr\u017eujejo stroje.<\/li>\n<li>Redno pregledujte valj in hidravli\u010dni sistem glede morebitnih znakov po\u0161kodb ali okvare.<\/li>\n<li>Pri delu z jeklenko si zagotovite ustrezno za\u0161\u010ditno opremo, kot so rokavice in za\u0161\u010ditna o\u010dala.<\/li>\n<\/ul>\n<h2>Odpravljanje te\u017eav in pogoste te\u017eave<\/h2>\n<p>\u010ce naletite na te\u017eave z ro\u010di\u010dnim cilindrom, upo\u0161tevajte naslednje korake za odpravljanje te\u017eav:<\/p>\n<ol>\n<li>Preverite morebitna vidna pu\u0161\u010danja ali po\u0161kodbe cilindra ali hidravli\u010dnih cevi.<\/li>\n<li>Preverite nivo in kakovost hidravli\u010dne teko\u010dine ter jo po potrebi dolijte ali zamenjajte.<\/li>\n<li>Prepri\u010dajte se, da so vse hidravli\u010dne povezave varne in pravilno zategnjene.<\/li>\n<li>Preverite, ali tla\u010dni varnostni ventil deluje pravilno.<\/li>\n<li>Refer to the manufacturer&#8217;s troubleshooting guide or contact their customer support for further assistance.<\/li>\n<\/ol>\n<p>Z upo\u0161tevanjem teh nasvetov za odpravljanje te\u017eav in zagotavljanjem preventivnih ukrepov lahko bralci u\u010dinkovito diagnosticirajo in odpravijo te\u017eave, hkrati pa zmanj\u0161ajo morebitne te\u017eave.<\/p>\n<p><img decoding=\"async\" src=\"https:\/\/www.hydraulic-cylinders.net\/wp-content\/uploads\/2025\/01\/songte-chushion-collar.webp\" alt=\"Slika izdelka\"><\/p>\n<h2>O nas<\/h2>\n<p>Smo profesionalni proizvajalec nadomestnih hidravli\u010dnih cilindrov in ponujamo \u0161iroko paleto izdelkov. Postali smo eden vodilnih proizvajalcev in veleprodajnih distributerjev hidravli\u010dnih cilindrov na doma\u010dem in mednarodnem trgu. Z zavezanostjo k odli\u010dnosti nenehno izbolj\u0161ujemo svoje tehni\u010dno znanje in u\u010dinkovitost proizvodnje z naprednimi proizvodnimi obrati in profesionalnimi sistemi testiranja. Na\u0161e inovativne zmogljivosti so okrepljene z uporabo vrhunske digitalne proizvodne opreme. Dajemo prednost u\u010dinkovitosti, natan\u010dnosti in visokokakovostnim izdelkom, da bi zadovoljili raznolike potrebe na\u0161ih strank.<\/p>\n<p><img decoding=\"async\" src=\"https:\/\/www.hydraulic-cylinders.net\/wp-content\/uploads\/2025\/01\/songte-company-4.webp\" alt=\"Slika podjetja\"><br \/>\n<img decoding=\"async\" src=\"https:\/\/www.hydraulic-cylinders.net\/wp-content\/uploads\/2025\/01\/songte-company-3.webp\" alt=\"Slika podjetja\"><\/p>\n<p>Avtor: lyl<\/p>\n<p><\/body><br \/>\n<\/html><\/p>","protected":false},"excerpt":{"rendered":"<p>Arm Cylinder For XGMA Small Excavator XG808 Arm Cylinder For XGMA Small Excavator XG808 Introduction The arm cylinder is a specially designed hydraulic cylinder that provides linear motion and power to the arm of various machinery such as excavators, cranes, and robotic arms. It plays a crucial role in hydraulic systems, enabling the efficient movement [&hellip;]<\/p>","protected":false},"featured_media":14774,"comment_status":"open","ping_status":"closed","template":"","meta":{"_et_pb_use_builder":"","_et_pb_old_content":"","_et_gb_content_width":""},"product_brand":[],"product_cat":[1497],"product_tag":[1498,1496],"class_list":{"0":"post-16520","1":"product","2":"type-product","3":"status-publish","4":"has-post-thumbnail","6":"product_cat-arm-cylinders","7":"product_tag-arm-cylinders","8":"product_tag-hydraulic-cylinders","10":"first","11":"instock","12":"shipping-taxable","13":"product-type-simple"},"amp_enabled":true,"_links":{"self":[{"href":"https:\/\/www.hydraulic-cylinders.net\/sl\/wp-json\/wp\/v2\/product\/16520","targetHints":{"allow":["GET"]}}],"collection":[{"href":"https:\/\/www.hydraulic-cylinders.net\/sl\/wp-json\/wp\/v2\/product"}],"about":[{"href":"https:\/\/www.hydraulic-cylinders.net\/sl\/wp-json\/wp\/v2\/types\/product"}],"replies":[{"embeddable":true,"href":"https:\/\/www.hydraulic-cylinders.net\/sl\/wp-json\/wp\/v2\/comments?post=16520"}],"wp:featuredmedia":[{"embeddable":true,"href":"https:\/\/www.hydraulic-cylinders.net\/sl\/wp-json\/wp\/v2\/media\/14774"}],"wp:attachment":[{"href":"https:\/\/www.hydraulic-cylinders.net\/sl\/wp-json\/wp\/v2\/media?parent=16520"}],"wp:term":[{"taxonomy":"product_brand","embeddable":true,"href":"https:\/\/www.hydraulic-cylinders.net\/sl\/wp-json\/wp\/v2\/product_brand?post=16520"},{"taxonomy":"product_cat","embeddable":true,"href":"https:\/\/www.hydraulic-cylinders.net\/sl\/wp-json\/wp\/v2\/product_cat?post=16520"},{"taxonomy":"product_tag","embeddable":true,"href":"https:\/\/www.hydraulic-cylinders.net\/sl\/wp-json\/wp\/v2\/product_tag?post=16520"}],"curies":[{"name":"delovni list","href":"https:\/\/api.w.org\/{rel}","templated":true}]}}