{"id":16532,"date":"2025-01-21T05:32:00","date_gmt":"2025-01-21T05:32:00","guid":{"rendered":"https:\/\/www.hydraulic-cylinders.net\/product\/arm-cylinder-for-xgma-wheel-excavator-xg806w\/"},"modified":"2025-01-21T05:32:05","modified_gmt":"2025-01-21T05:32:05","slug":"arm-cylinder-for-xgma-wheel-excavator-xg806w","status":"publish","type":"product","link":"https:\/\/www.hydraulic-cylinders.net\/sl\/izdelek\/arm-cylinder-for-xgma-wheel-excavator-xg806w\/","title":{"rendered":"Ro\u010dica cilindra za kolesni bager XGMA XG806W"},"content":{"rendered":"<h2>Ro\u010dica cilindra za kolesni bager XGMA XG806W<\/h2>\n<p>Hidravli\u010dni cilinder za kolesni bager XGMA XG806W je specializiran hidravli\u010dni cilinder, zasnovan za zagotavljanje linearnega gibanja in mo\u010di roki razli\u010dnih strojev, kot so bagri, \u017eerjavi in \u200b\u200bmehanske roke. Cilinder roke igra klju\u010dno vlogo v hidravli\u010dnih sistemih, saj omogo\u010da u\u010dinkovito gibanje in nadzor dodatnih orodij ali priklju\u010dkov. Ti cilindri ne omogo\u010dajo le gladkega gibanja, temve\u010d tudi prenesejo velike obremenitve, kar zagotavlja u\u010dinkovito delovanje in zanesljivost strojev v razli\u010dnih delovnih pogojih.<\/p>\n<p><img decoding=\"async\" src=\"https:\/\/www.hydraulic-cylinders.net\/wp-content\/uploads\/2025\/01\/songte-company-2.webp\" alt=\"Ro\u010daj cilindra\" \/><\/p>\n<h3>Zna\u010dilnosti:<\/h3>\n<ul>\n<li>\n    <strong>Visoko u\u010dinkovit menjalnik:<\/strong> Cilinder roke zagotavlja mo\u010dno linearno gibanje in silo, kar zagotavlja visoko zmogljivost mehanske roke pri razli\u010dnih operacijah.\n  <\/li>\n<li>\n    <strong>Natan\u010den nadzor:<\/strong> S hidravli\u010dnim sistemom omogo\u010da cilinder roke natan\u010den nadzor gibanja, zaradi \u010desar je upravljanje priklju\u010denih orodij bolj prilagodljivo in natan\u010dno.\n  <\/li>\n<li>\n    <strong>Mo\u010dna vzdr\u017eljivost:<\/strong> Ro\u010dajni cilindri so obi\u010dajno izdelani iz visoko trdnih materialov z dobro odpornostjo proti obrabi in koroziji, zaradi \u010desar so primerni za dolgotrajno uporabo v zahtevnih okoljih.\n  <\/li>\n<li>\n    <strong>Vsestranska prilagodljivost:<\/strong> Ti cilindri se lahko \u0161iroko uporabljajo v razli\u010dnih strojih, kot so bagri, \u017eerjavi in \u200b\u200bmehanske roke, ter se prilagajajo razli\u010dnim delovnim zahtevam.\n  <\/li>\n<li>\n    <strong>Enostavnost vzdr\u017eevanja:<\/strong> Zasnovan z mislijo na enostavno vzdr\u017eevanje in zamenjavo, redni pregledi in servisiranje postanejo bolj priro\u010dni, kar zmanj\u0161a \u010das izpada opreme.\n  <\/li>\n<\/ul>\n<p><img decoding=\"async\" src=\"https:\/\/www.hydraulic-cylinders.net\/wp-content\/uploads\/2025\/01\/songte-oil-pipes-and-spare-parts.webp\" alt=\"Rezervni deli za hidravli\u010dne cilindre\" \/><\/p>\n<h3>Uporaba:<\/h3>\n<p>Ro\u010dni valj se uporablja na razli\u010dnih podro\u010djih:<\/p>\n<ul>\n<li>\n    <strong>Gradbeni\u0161tvo:<\/strong> Pri bagrih in \u017eerjavih cilinder roke nadzoruje gibanje \u017elic ali rok, izvajanje zemeljskih del, ravnanje z materiali in monta\u017eo konstrukcij.\n  <\/li>\n<li>\n    <strong>Predelovalna industrija:<\/strong> V avtomatiziranih proizvodnih linijah cilinder roke omogo\u010da premikanje mehanskih rok za postopke monta\u017ee, varjenja in rokovanja, kar pove\u010duje u\u010dinkovitost in natan\u010dnost proizvodnje.\n  <\/li>\n<li>\n    <strong>Kmetijska mehanizacija:<\/strong> V kmetijskih strojih, kot so \u017eetveni stroji in sejalnice, cilinder roke nadzoruje gibanje delovnih rok za naloge, kot so setev, gnojenje in \u017eetev.\n  <\/li>\n<li>\n    <strong>Rudarstvo:<\/strong> V rudarski opremi cilinder roke nadzoruje gibanje roke rudarskih strojev, kar olaj\u0161a pridobivanje in transport rude.\n  <\/li>\n<li>\n    <strong>Logistika in transport:<\/strong> Pri vili\u010darjih in robotih za manipulacijo cilinder roke nadzoruje dvigovanje in premikanje vilic, kar omogo\u010da ravnanje z materiali in zlaganje.\n  <\/li>\n<\/ul>\n<h3>Oblikovalski vidiki in izbirna merila:<\/h3>\n<p>Pri na\u010drtovanju in izbiri cilindrov roke je treba upo\u0161tevati ve\u010d pomembnih dejavnikov:<\/p>\n<ul>\n<li>\n    <strong>Nosilnost:<\/strong> Ro\u010dni valj mora biti sposoben prenesti najve\u010djo obremenitev, ki bi jo lahko do\u017eivel med delovanjem.\n  <\/li>\n<li>\n    <strong>Tesnjenje:<\/strong> Za zagotovitev ustreznega tesnjenja je treba uporabiti razli\u010dna tesnila, kot so tesnila bata in tesnila ojnic. Ta tesnila so obi\u010dajno izdelana iz materialov, odpornih proti obrabi, kot sta poliuretan in nitrilna guma.\n  <\/li>\n<li>\n    <strong>Vzdr\u017eljivost:<\/strong> Telo valja in navojni konci morajo biti skrbno obdelani, da se pove\u010da odpornost proti obrabi. Redno mazanje s hidravli\u010dnim oljem je potrebno za nemoteno delovanje.\n  <\/li>\n<li>\n    <strong>Varnost:<\/strong> V na\u010drtu je treba vklju\u010diti varnostne ukrepe za prepre\u010devanje nesre\u010d med delovanjem. To vklju\u010duje funkcije, kot so za\u0161\u010dita pred preobremenitvijo in mehanizmi za zaustavitev v sili.\n  <\/li>\n<li>\n    <strong>Vzdr\u017eevanje:<\/strong> Enostavna dostopnost za vzdr\u017eevanje in razpolo\u017eljivost rezervnih delov sta klju\u010dnega pomena za zmanj\u0161anje izpadov in zagotavljanje dolge \u017eivljenjske dobe cilindra roke.\n  <\/li>\n<\/ul>\n<p><img decoding=\"async\" src=\"https:\/\/www.hydraulic-cylinders.net\/wp-content\/uploads\/2025\/01\/songte-cylinder-head-with-all-kinds-excavator-models.webp\" alt=\"Glava valja\" \/><\/p>\n<p>Redni pregledi in preventivni vzdr\u017eevalni ukrepi so bistveni za pravilno delovanje ro\u010dnega cilindra. Z upo\u0161tevanjem teh ukrepov je mogo\u010de zmanj\u0161ati morebitne te\u017eave:<\/p>\n<ul>\n<li>Redno pregledujte valj roke glede morebitnih znakov pu\u0161\u010danja, obrabe ali po\u0161kodb. Morebitne te\u017eave odpravite nemudoma, da prepre\u010dite nadaljnjo \u0161kodo.<\/li>\n<li>Zagotovite pravilno mazanje cilindra in tesnil s priporo\u010denim hidravli\u010dnim oljem.<\/li>\n<li>Preverite tesnost pritrdilnih vijakov in priklju\u010dkov ter jih po potrebi prilagodite.<\/li>\n<li>Okolico vzdr\u017eujte \u010disto in brez ostankov ali onesna\u017eevalcev, ki bi lahko vplivali na delovanje jeklenke.<\/li>\n<li>Upravljavce usposobite za pravilno uporabo in ravnanje z cilindrom roke, da prepre\u010dite zlorabo ali nesre\u010de.<\/li>\n<\/ul>\n<p>Za pravilno namestitev ro\u010dnega cilindra upo\u0161tevajte naslednja navodila:<\/p>\n<ul>\n<li>Za podrobna navodila, specifi\u010dna za kolesni bager XGMA XG806W, glejte navodila za namestitev proizvajalca.<\/li>\n<li>Prepri\u010dajte se, da so monta\u017ene povr\u0161ine \u010diste in brez kakr\u0161nih koli napak ali nepravilnosti.<\/li>\n<li>Za namestitev uporabite ustrezno orodje in opremo, da prepre\u010dite po\u0161kodbe cilindra ali okoli\u0161kih komponent.<\/li>\n<li>Vse pritrdilne vijake privijte s priporo\u010denim navorom.<\/li>\n<li>Pred dokon\u010danjem namestitve preverite pravilno poravnavo in polo\u017eaj cilindra roke.<\/li>\n<\/ul>\n<p><img decoding=\"async\" src=\"https:\/\/www.hydraulic-cylinders.net\/wp-content\/uploads\/2025\/01\/songte-bushings-with-all-kinds-of-excavator-models.webp\" alt=\"Pu\u0161e hidravli\u010dnih cilindrov\" \/><\/p>\n<p>Pri upo\u0161tevanju varnostnih vidikov in okoljskih dejavnikov je klju\u010dnega pomena dati prednost izvajanju varnostnih ukrepov. Ti ukrepi zagotavljajo dobro po\u010dutje upravljavcev in okolice:<\/p>\n<ul>\n<li>Zagotovite ustrezno usposabljanje upravljavcev o varnostnih protokolih in morebitnih nevarnostih, povezanih z upravljanjem strojev, opremljenih z ro\u010dnimi cilindri.<\/li>\n<li>Za zmanj\u0161anje tveganja nesre\u010d uporabite varnostne funkcije, kot so tla\u010dni varnostni ventili in gumbi za zaustavitev v sili.<\/li>\n<li>Pri ravnanju s hidravli\u010dnimi teko\u010dinami in odstranjevanju odpadnih materialov upo\u0161tevajte okoljske predpise in smernice.<\/li>\n<li>Redno pregledujte valj roke in hidravli\u010dni sistem glede morebitnih pu\u0161\u010danj, ki bi lahko predstavljala okoljsko tveganje.<\/li>\n<li>Zagotovite pravilno odstranjevanje ali recikliranje obrabljenih ali po\u0161kodovanih hidravli\u010dnih komponent, da zmanj\u0161ate vpliv na okolje.<\/li>\n<\/ul>\n<h3>Odpravljanje te\u017eav in pogoste te\u017eave:<\/h3>\n<p>Tukaj je nekaj pogostih te\u017eav, ki se lahko pojavijo z ro\u010di\u010dnim cilindrom:<\/p>\n<ul>\n<li>\n    <strong>Pu\u0161\u010danje:<\/strong> Preverite morebitne vidne znake pu\u0161\u010danja hidravli\u010dne teko\u010dine okoli tesnil in priklju\u010dkov. Po potrebi zamenjajte po\u0161kodovana tesnila ali privijte ohlapne priklju\u010dke.\n  <\/li>\n<li>\n    <strong>Po\u010dasno ali nedosledno gibanje:<\/strong> Nezadosten hidravli\u010dni tlak ali notranje trenje lahko povzro\u010dita po\u010dasno ali neenakomerno gibanje. Preverite ustrezno raven hidravli\u010dne teko\u010dine in preverite, ali so v valju morebitne blokade ali po\u0161kodbe.\n  <\/li>\n<li>\n    <strong>Hrup ali vibracije:<\/strong> Nenavaden hrup ali vibracije med delovanjem lahko ka\u017eejo na obrabljene komponente ali nepravilno poravnavo. Preverite valj glede morebitnih znakov obrabe in po potrebi dele ponovno poravnajte ali zamenjajte.\n  <\/li>\n<\/ul>\n<p>Pomembno je, da te te\u017eave odpravite takoj, da prepre\u010dite nadaljnjo \u0161kodo in zagotovite optimalno delovanje cilindra roke.<\/p>\n<p><img decoding=\"async\" src=\"https:\/\/www.hydraulic-cylinders.net\/wp-content\/uploads\/2025\/01\/songte-chushion-collar.webp\" alt=\"Objemka hidravli\u010dnega cilindra\" \/><\/p>\n<p>Kot profesionalni proizvajalec nadomestnih hidravli\u010dnih cilindrov ponujamo \u0161iroko paleto izdelkov in smo postali eden vodilnih proizvajalcev in veletrgovcev s hidravli\u010dnimi cilindri na doma\u010dem in mednarodnem trgu. V na\u0161i delavnici za natan\u010dno proizvodnjo spo\u0161tujemo na\u010delo odli\u010dne kakovosti in nenehno izbolj\u0161ujemo na\u0161o tehnolo\u0161ko raven in u\u010dinkovitost proizvodnje z industrializiranimi strategijami upravljanja proizvodnje. Z uvedbo vrhunske digitalne proizvodne opreme in profesionalnih sistemov testiranja optimiziramo na\u0161o proizvodno platformo, izbolj\u0161ujemo procese nadzora kakovosti izdelkov in imamo mo\u010dne inovativne zmogljivosti. Na\u0161 cilj je zadovoljiti potrebe strank.<\/p>","protected":false},"excerpt":{"rendered":"<p>Arm Cylinder For XGMA Wheel Excavator XG806W The Arm Cylinder for XGMA Wheel Excavator XG806W is a specialized hydraulic cylinder designed to provide linear motion and power to the arm of various machinery such as excavators, cranes, and mechanical arms. The arm cylinder plays a crucial role in hydraulic systems, allowing for the efficient movement [&hellip;]<\/p>","protected":false},"featured_media":14770,"comment_status":"open","ping_status":"closed","template":"","meta":{"_et_pb_use_builder":"","_et_pb_old_content":"","_et_gb_content_width":""},"product_brand":[],"product_cat":[1497],"product_tag":[1498,1496],"class_list":{"0":"post-16532","1":"product","2":"type-product","3":"status-publish","4":"has-post-thumbnail","6":"product_cat-arm-cylinders","7":"product_tag-arm-cylinders","8":"product_tag-hydraulic-cylinders","10":"first","11":"instock","12":"shipping-taxable","13":"product-type-simple"},"amp_enabled":true,"_links":{"self":[{"href":"https:\/\/www.hydraulic-cylinders.net\/sl\/wp-json\/wp\/v2\/product\/16532","targetHints":{"allow":["GET"]}}],"collection":[{"href":"https:\/\/www.hydraulic-cylinders.net\/sl\/wp-json\/wp\/v2\/product"}],"about":[{"href":"https:\/\/www.hydraulic-cylinders.net\/sl\/wp-json\/wp\/v2\/types\/product"}],"replies":[{"embeddable":true,"href":"https:\/\/www.hydraulic-cylinders.net\/sl\/wp-json\/wp\/v2\/comments?post=16532"}],"wp:featuredmedia":[{"embeddable":true,"href":"https:\/\/www.hydraulic-cylinders.net\/sl\/wp-json\/wp\/v2\/media\/14770"}],"wp:attachment":[{"href":"https:\/\/www.hydraulic-cylinders.net\/sl\/wp-json\/wp\/v2\/media?parent=16532"}],"wp:term":[{"taxonomy":"product_brand","embeddable":true,"href":"https:\/\/www.hydraulic-cylinders.net\/sl\/wp-json\/wp\/v2\/product_brand?post=16532"},{"taxonomy":"product_cat","embeddable":true,"href":"https:\/\/www.hydraulic-cylinders.net\/sl\/wp-json\/wp\/v2\/product_cat?post=16532"},{"taxonomy":"product_tag","embeddable":true,"href":"https:\/\/www.hydraulic-cylinders.net\/sl\/wp-json\/wp\/v2\/product_tag?post=16532"}],"curies":[{"name":"delovni list","href":"https:\/\/api.w.org\/{rel}","templated":true}]}}