{"id":16553,"date":"2025-01-21T05:33:31","date_gmt":"2025-01-21T05:33:31","guid":{"rendered":"https:\/\/www.hydraulic-cylinders.net\/product\/arm-cylinder-for-jcm-middle-excavator-jcm921f\/"},"modified":"2025-01-21T05:33:32","modified_gmt":"2025-01-21T05:33:32","slug":"arm-cylinder-for-jcm-middle-excavator-jcm921f","status":"publish","type":"product","link":"https:\/\/www.hydraulic-cylinders.net\/sl\/izdelek\/arm-cylinder-for-jcm-middle-excavator-jcm921f\/","title":{"rendered":"Ro\u010dica cilindra za srednji bager JCM JCM921F"},"content":{"rendered":"<p>Ro\u010dica cilindra za srednji bager JCM JCM921F<\/p>\n<p>Uvod<br \/>\nHidravli\u010dni valj roke je posebej zasnovan hidravli\u010dni valj, ki se uporablja za zagotavljanje linearnega gibanja in mo\u010di rok razli\u010dnih vrst strojev, kot so bagri, \u017eerjavi in \u200b\u200bmehanske roke. Cilinder roke igra klju\u010dno vlogo v hidravli\u010dnem sistemu, saj omogo\u010da u\u010dinkovito gibanje in nadzor dodatnega orodja ali priklju\u010dkov. Ti cilindri ne zagotavljajo le gladkega gibanja, temve\u010d tudi prenesejo velike obremenitve, kar zagotavlja u\u010dinkovito delovanje in zanesljivost strojev v razli\u010dnih delovnih pogojih.<\/p>\n<p><img loading=\"lazy\" decoding=\"async\" src=\"https:\/\/www.hydraulic-cylinders.net\/wp-content\/uploads\/2025\/01\/songte-company-2.webp\" alt=\"Ro\u010daj cilindra\" width=\"400\" height=\"267\"><\/p>\n<p>Definicija in razlaga<br \/>\nCilindri roke so bistveni elementi hidravli\u010dnega sistema v te\u017ekih strojih. Zasnovani so tako, da zagotavljajo linearno gibanje in mo\u010d rokam razli\u010dnih vrst strojev, kot so bagri, \u017eerjavi in \u200b\u200bmehanske roke. Cilinder roke je odgovoren za gladko gibanje in nadzor dodatnih orodij ali priklju\u010dkov, zaradi \u010desar je bistvenega pomena za u\u010dinkovito delovanje in zanesljivost strojev. Ti cilindri igrajo klju\u010dno vlogo v hidravli\u010dnem sistemu, saj omogo\u010dajo u\u010dinkovito gibanje in nadzor dodatnih orodij ali priklju\u010dkov, kot so \u017elice in roke. Cilindri roke so izdelani iz visoko trdnih materialov, kar zagotavlja vzdr\u017eljivost in zanesljivost v razli\u010dnih delovnih pogojih.<\/p>\n<p>Zna\u010dilnosti<br \/>\nRo\u010dni cilindri imajo naslednje klju\u010dne lastnosti:<\/p>\n<h2>Visoko u\u010dinkovit menjalnik<\/h2>\n<p>Ro\u010dajni cilindri zagotavljajo mo\u010dno linearno gibanje in silo, kar zagotavlja visoko u\u010dinkovitost delovanja strojev.<\/p>\n<h2>Natan\u010den nadzor<\/h2>\n<p>Ro\u010dajni cilindri lahko dose\u017eejo natan\u010den nadzor gibanja prek hidravli\u010dnega sistema, zaradi \u010desar je delovanje dodatnih orodij bolj prilagodljivo in natan\u010dno.<\/p>\n<h2>Vzdr\u017eljivost<\/h2>\n<p>Ro\u010dajni cilindri so obi\u010dajno izdelani iz visoko trdnih materialov, zaradi \u010desar so zelo odporni proti obrabi in koroziji, primerni za dolgotrajno uporabo v zahtevnih okoljih.<\/p>\n<h2>Ve\u010dnamenska prilagodljivost<\/h2>\n<p>Ti cilindri se pogosto uporabljajo v razli\u010dnih vrstah strojev, kot so bagri, \u017eerjavi in \u200b\u200bmehanske roke, ter se prilagajajo razli\u010dnim delovnim zahtevam.<\/p>\n<h2>Enostavno vzdr\u017eevanje<\/h2>\n<p>Ro\u010dajni cilindri so zasnovani tako, da jih je mogo\u010de enostavno vzdr\u017eevati in zamenjati, kar omogo\u010da la\u017eje redne preglede in vzdr\u017eevanje ter skraj\u0161a \u010das izpada opreme.<\/p>\n<p>Izdelujemo lahko ta izdelek, ki lahko popolnoma nadomesti te hidravli\u010dne cilindre.<\/p>\n<p><img loading=\"lazy\" decoding=\"async\" src=\"https:\/\/www.hydraulic-cylinders.net\/wp-content\/uploads\/2025\/01\/songte-oil-pipes-and-spare-parts.webp\" alt=\"Deli hidravli\u010dnega cilindra\" width=\"400\" height=\"267\"><\/p>\n<p>Aplikacije<br \/>\nRo\u010dni cilindri imajo \u0161iroko paleto uporabe v razli\u010dnih panogah, kot so:<\/p>\n<h2>Gradbeni\u0161tvo<\/h2>\n<p>Ro\u010dni cilindri nadzorujejo gibanje \u017elic ali rok v bagrih in \u017eerjavih, izvajajo zemeljska dela, ravnanje z materiali in monta\u017eo konstrukcij.<\/p>\n<h2>Predelovalna industrija<\/h2>\n<p>Valji rok nadzorujejo gibanje mehanskih rok v avtomatiziranih proizvodnih linijah za monta\u017eo, varjenje in rokovanje, kar izbolj\u0161uje u\u010dinkovitost in natan\u010dnost proizvodnje.<\/p>\n<h2>Kmetijska mehanizacija<\/h2>\n<p>Valji roke krmilijo roko v kmetijskih strojih, kot so \u017eetveni stroji in sejalnice, ter opravljajo naloge, kot so sajenje, gnojenje in \u017eetev.<\/p>\n<h2>Rudarska industrija<\/h2>\n<p>Ro\u010dni cilindri nadzorujejo gibanje ro\u010dice v rudarski opremi, izvajajo rudarske in transportne operacije.<\/p>\n<h2>Logistika in transport<\/h2>\n<p>Ro\u010dni cilindri nadzorujejo gibanje tovornih vilic v vili\u010darjih in robotih za ravnanje z materiali, kar omogo\u010da ravnanje in zlaganje materialov.<\/p>\n<p>Oblikovalski vidiki in standardi izbire<br \/>\nZa optimalno delovanje cilindrov veljajo posebni konstrukcijski vidiki in izbirni standardi, ki so:<\/p>\n<h2>Nosilnost<\/h2>\n<p>Ro\u010dni cilindri morajo biti sposobni prenesti obremenitev, ki jo povzro\u010da stroj.<\/p>\n<h2>Tesnjenje<\/h2>\n<p>Ro\u010dajni cilindri potrebujejo razli\u010dna tesnila, kot so tesnila bata in tesnila palice, da prepre\u010dijo pu\u0161\u010danje in zagotovijo u\u010dinkovito delovanje cilindra.<\/p>\n<h2>Vzdr\u017eljivost<\/h2>\n<p>Ro\u010dajni cilindri morajo biti izdelani iz visokokakovostnih materialov, ki zagotavljajo vzdr\u017eljivost in zanesljivost v razli\u010dnih delovnih pogojih.<\/p>\n<h2>Varnost<\/h2>\n<p>Ro\u010dne cilindre je treba zasnovati z mislijo na varnost, da se zagotovi, da lahko prenesejo potrebne sile in prepre\u010dijo nesre\u010de.<\/p>\n<h2>Vzdr\u017eevanje<\/h2>\n<p>Ro\u010dajni cilindri morajo biti zasnovani tako, da omogo\u010dajo enostavno vzdr\u017eevanje in zamenjavo, kar omogo\u010da redne preglede in vzdr\u017eevanje, kar zmanj\u0161uje \u010das izpada opreme.<\/p>\n<p><img loading=\"lazy\" decoding=\"async\" src=\"https:\/\/www.hydraulic-cylinders.net\/wp-content\/uploads\/2025\/01\/songte-cylinder-head-with-all-kinds-excavator-models.webp\" alt=\"Glava valja\" width=\"400\" height=\"267\"><\/p>\n<p>Tesnjenje in mazanje<br \/>\nRo\u010dajni cilindri zahtevajo razli\u010dne vrste tesnil, kot so tesnila bata in tesnila palic, izdelana iz materialov, odpornih proti obrabi, kot sta poliuretan in nitrilna guma, da se prepre\u010di pu\u0161\u010danje in zagotovi u\u010dinkovito delovanje cilindra. Telo in povr\u0161ina navoja cilindra morata biti natan\u010dno obdelana, da se izbolj\u0161a odpornost proti obrabi, poleg tega pa je potrebno redno mazanje z ustrezno koli\u010dino hidravli\u010dnega olja.<\/p>\n<p>Vzdr\u017eevanje in preventivni ukrepi<br \/>\nRedni vzdr\u017eevalni pregledi in preventivni ukrepi so bistveni za zagotovitev optimalnega delovanja cilindrov roke. Preventivni ukrepi vklju\u010dujejo:<\/p>\n<h2>Redni pregled<\/h2>\n<p>Pregled jeklenke glede pu\u0161\u010danja, po\u0161kodb in obrabe ter zamenjava obrabljenih delov.<\/p>\n<h2>\u010ci\u0161\u010denje<\/h2>\n<p>Vzdr\u017eevanje \u010disto\u010de valja prepre\u010duje, da bi prah, umazanija in drugi onesna\u017eevalci vplivali na njegovo delovanje.<\/p>\n<h2>Mazanje<\/h2>\n<p>Redno mazanje valja z ustrezno koli\u010dino hidravli\u010dnega olja prepre\u010di obrabo in podalj\u0161a njegovo \u017eivljenjsko dobo.<\/p>\n<h2>Pravilno shranjevanje<\/h2>\n<p>Jeklenko shranjujte na suhem in hladnem mestu, da prepre\u010dite rjo in druge po\u0161kodbe.<\/p>\n<h2>Zamenjava delov<\/h2>\n<p>Zamenjava obrabljenih delov, kot so tesnila in bati, za zagotovitev u\u010dinkovitega delovanja valja.<\/p>\n<p><img loading=\"lazy\" decoding=\"async\" src=\"https:\/\/www.hydraulic-cylinders.net\/wp-content\/uploads\/2025\/01\/songte-chushion-collar.webp\" alt=\"Blazinasti ovratnik\" width=\"400\" height=\"267\"><\/p>\n<p>Navodila za namestitev<br \/>\nNamestitev cilindrov roke zahteva posebne korake za zagotovitev optimalne u\u010dinkovitosti, ki so:<\/p>\n<h2>Priprava<\/h2>\n<p>Pripravite potrebno orodje, za\u0161\u010ditno opremo in jeklenko.<\/p>\n<h2>In\u0161pekcijski pregled<\/h2>\n<p>Pred namestitvijo preverite jeklenko glede morebitnih po\u0161kodb ali napak.<\/p>\n<h2>Demonta\u017ea<\/h2>\n<p>Razstavite stari valj in ga odstranite iz stroja.<\/p>\n<h2>Namestitev<\/h2>\n<p>Namestite novi valj ro\u010dice v skladu z navodili proizvajalca.<\/p>\n<h2>Testiranje<\/h2>\n<p>Preverite delovanje in morebitno pu\u0161\u010danje novega cilindra roke.<\/p>\n<p>Varnostni in okoljski vidiki<br \/>\nRo\u010dni cilindri zahtevajo posebne varnostne ukrepe za prepre\u010devanje nesre\u010d med delovanjem. Varnostni ukrepi vklju\u010dujejo:<\/p>\n<h2>Pravilno usposabljanje<\/h2>\n<p>Ustrezno usposabljanje upravljavcev, da se zagotovi razumevanje opreme in njenega varnega delovanja.<\/p>\n<h2>Redno vzdr\u017eevanje<\/h2>\n<p>Redni vzdr\u017eevalni pregledi za zagotovitev optimalnega delovanja jeklenke in prepre\u010devanje nesre\u010d.<\/p>\n<h2>Varstvo okolja<\/h2>\n<p>Pravilno odstranjevanje hidravli\u010dnega olja in drugih nevarnih materialov, ki se uporabljajo pri delovanju cilindrov roke, za za\u0161\u010dito okolja.<\/p>\n<p>Diagnoza napak in pogoste te\u017eave<br \/>\nValji roke lahko imajo ve\u010d pogostih te\u017eav, vklju\u010dno s pu\u0161\u010danjem, po\u0161kodbami in obrabo. Za diagnosticiranje in odpravljanje teh te\u017eav sledite spodnjim smernicam:<\/p>\n<h2>Pu\u0161\u010danje<\/h2>\n<p>Do pu\u0161\u010danja lahko pride zaradi obrabljenih tesnil. Te\u017eavo odpravite z zamenjavo tesnil.<\/p>\n<h2>\u0160koda<\/h2>\n<p>Do po\u0161kodb lahko pride zaradi nepravilnega delovanja ali zunanjih dejavnikov. Preverite valj in zamenjajte po\u0161kodovane dele.<\/p>\n<h2>Nosite<\/h2>\n<p>Zaradi dolgotrajne uporabe lahko pride do obrabe. Redno vzdr\u017eevanje in zamenjava obrabljenih delov lahko prepre\u010dita obrabo.<\/p>\n<p><img loading=\"lazy\" decoding=\"async\" src=\"https:\/\/www.hydraulic-cylinders.net\/wp-content\/uploads\/2025\/01\/songte-bushings-with-all-kinds-of-excavator-models.webp\" alt=\"Pu\u0161e\" width=\"400\" height=\"267\"><\/p>\n<p>Odpravljanje te\u017eav in prepre\u010devanje<br \/>\nDa bi prepre\u010dili pogoste te\u017eave, upo\u0161tevajte naslednje ukrepe:<\/p>\n<h2>Redni vzdr\u017eevalni pregledi<\/h2>\n<p>Redni vzdr\u017eevalni pregledi za prepre\u010devanje obrabe in po\u0161kodb.<\/p>\n<h2>Pravilno usposabljanje<\/h2>\n<p>Ustrezno usposabljanje upravljavcev za zagotovitev optimalnega delovanja strojev.<\/p>\n<h2>Ustrezno mazanje<\/h2>\n<p>Ustrezno mazanje za prepre\u010devanje obrabe in podalj\u0161anje \u017eivljenjske dobe cilindra.<\/p>\n<h2>Zamenjava obrabljenih delov<\/h2>\n<p>Zamenjava obrabljenih delov za zagotovitev u\u010dinkovitega delovanja valja.<\/p>\n<p>Zaklju\u010dek<br \/>\nSmo profesionalni proizvajalec nadomestnih hidravli\u010dnih cilindrov s \u0161iroko paleto izdelkov, zaradi \u010desar smo eden vodilnih proizvajalcev in veleprodajnih distributerjev hidravli\u010dnih cilindrov po vsem svetu. Dr\u017eimo se na\u010dela odli\u010dnosti v kakovosti in nenehno izbolj\u0161ujemo svoje tehni\u010dne zmogljivosti in u\u010dinkovitost proizvodnje. Z uvedbo vrhunske digitalne proizvodne opreme in profesionalnih sistemov testiranja optimiziramo na\u0161o proizvodno platformo in izbolj\u0161ujemo proces nadzora kakovosti izdelkov. Na\u0161 cilj je zadovoljiti raznolike potrebe na\u0161ih strank na podlagi na\u010del visoke u\u010dinkovitosti, natan\u010dnosti in visoke kakovosti.<\/p>\n<p><img loading=\"lazy\" decoding=\"async\" src=\"https:\/\/www.hydraulic-cylinders.net\/wp-content\/uploads\/2025\/01\/songte-company-4.webp\" alt=\"Podjetje\" width=\"400\" height=\"267\"><\/p>\n<p>Smo podjetje, ki ceni profesionalnost, mednarodno certificiranje, prilagojene storitve, proizvodno opremo in poprodajne storitve. <\/p>\n<p><img loading=\"lazy\" decoding=\"async\" src=\"https:\/\/www.hydraulic-cylinders.net\/wp-content\/uploads\/2025\/01\/songte-company-3.webp\" alt=\"Tovarna\" width=\"400\" height=\"267\"><\/p>\n<p>Avtor: lyl<\/p>","protected":false},"excerpt":{"rendered":"<p>Arm Cylinder for JCM Middle Excavator JCM921F Introduction Arm cylinder is a specially designed hydraulic cylinder used to provide linear motion and power to the arms of various types of machinery such as excavators, cranes, and mechanical arms. The arm cylinder plays a key role in the hydraulic system, enabling the effective movement and control [&hellip;]<\/p>","protected":false},"featured_media":14766,"comment_status":"open","ping_status":"closed","template":"","meta":{"_et_pb_use_builder":"","_et_pb_old_content":"","_et_gb_content_width":""},"product_brand":[],"product_cat":[1497],"product_tag":[1498,1496],"class_list":{"0":"post-16553","1":"product","2":"type-product","3":"status-publish","4":"has-post-thumbnail","6":"product_cat-arm-cylinders","7":"product_tag-arm-cylinders","8":"product_tag-hydraulic-cylinders","10":"first","11":"instock","12":"shipping-taxable","13":"product-type-simple"},"amp_enabled":true,"_links":{"self":[{"href":"https:\/\/www.hydraulic-cylinders.net\/sl\/wp-json\/wp\/v2\/product\/16553","targetHints":{"allow":["GET"]}}],"collection":[{"href":"https:\/\/www.hydraulic-cylinders.net\/sl\/wp-json\/wp\/v2\/product"}],"about":[{"href":"https:\/\/www.hydraulic-cylinders.net\/sl\/wp-json\/wp\/v2\/types\/product"}],"replies":[{"embeddable":true,"href":"https:\/\/www.hydraulic-cylinders.net\/sl\/wp-json\/wp\/v2\/comments?post=16553"}],"wp:featuredmedia":[{"embeddable":true,"href":"https:\/\/www.hydraulic-cylinders.net\/sl\/wp-json\/wp\/v2\/media\/14766"}],"wp:attachment":[{"href":"https:\/\/www.hydraulic-cylinders.net\/sl\/wp-json\/wp\/v2\/media?parent=16553"}],"wp:term":[{"taxonomy":"product_brand","embeddable":true,"href":"https:\/\/www.hydraulic-cylinders.net\/sl\/wp-json\/wp\/v2\/product_brand?post=16553"},{"taxonomy":"product_cat","embeddable":true,"href":"https:\/\/www.hydraulic-cylinders.net\/sl\/wp-json\/wp\/v2\/product_cat?post=16553"},{"taxonomy":"product_tag","embeddable":true,"href":"https:\/\/www.hydraulic-cylinders.net\/sl\/wp-json\/wp\/v2\/product_tag?post=16553"}],"curies":[{"name":"delovni list","href":"https:\/\/api.w.org\/{rel}","templated":true}]}}