{"id":16569,"date":"2025-01-21T05:34:36","date_gmt":"2025-01-21T05:34:36","guid":{"rendered":"https:\/\/www.hydraulic-cylinders.net\/product\/arm-cylinder-for-liebherr-large-excavator-r954c\/"},"modified":"2025-01-21T05:34:38","modified_gmt":"2025-01-21T05:34:38","slug":"arm-cylinder-for-liebherr-large-excavator-r954c","status":"publish","type":"product","link":"https:\/\/www.hydraulic-cylinders.net\/sl\/izdelek\/arm-cylinder-for-liebherr-large-excavator-r954c\/","title":{"rendered":"Ro\u010dica cilindra za Liebherr veliki bager R954C"},"content":{"rendered":"<h1>Ro\u010dica cilindra za Liebherr veliki bager R954C<\/h1>\n<h2>Uvod<\/h2>\n<p>Hidravli\u010dni valj roke je posebej zasnovan hidravli\u010dni valj, ki se uporablja predvsem za zagotavljanje linearnega gibanja in mo\u010di rok razli\u010dnih vrst strojev, kot so bagri, \u017eerjavi in \u200b\u200brobotske roke. Cilinder roke igra klju\u010dno vlogo v hidravli\u010dnih sistemih, saj omogo\u010da u\u010dinkovito gibanje in nadzor priklju\u010dkov ali orodij. Ti cilindri ne zagotavljajo le gladkega gibanja, temve\u010d tudi prenesejo velike obremenitve, kar zagotavlja u\u010dinkovito delovanje in zanesljivost strojev v razli\u010dnih delovnih pogojih.<\/p>\n<p><img decoding=\"async\" src=\"https:\/\/www.hydraulic-cylinders.net\/wp-content\/uploads\/2025\/01\/songte-company-2.webp\"><\/p>\n<h2>Zna\u010dilnosti<\/h2>\n<ul>\n<li>U\u010dinkovit prenos mo\u010di: Cilindri roke zagotavljajo mo\u010dno linearno gibanje in silo, kar zagotavlja visoko zmogljivost strojnih rok pri razli\u010dnih operacijah.<\/li>\n<li>Natan\u010den nadzor: S hidravli\u010dnimi sistemi lahko cilindri roke dose\u017eejo natan\u010den nadzor gibanja, zaradi \u010desar je delovanje orodja bolj prilagodljivo in natan\u010dno.<\/li>\n<li>Visoka vzdr\u017eljivost: Valji rok so obi\u010dajno izdelani iz visoko trdnih materialov, z dobro odpornostjo proti obrabi in koroziji, primerni za dolgotrajno uporabo v zahtevnih okoljih.<\/li>\n<li>Ve\u010dnamenska prilagodljivost: Ti cilindri se lahko \u0161iroko uporabljajo v razli\u010dnih vrstah strojev, kot so bagri, \u017eerjavi in \u200b\u200brobotske roke, za prilagoditev razli\u010dnim delovnim zahtevam.<\/li>\n<li>Enostavno vzdr\u017eevanje: Zasnovan za enostavno vzdr\u017eevanje in zamenjavo, redni pregledi in vzdr\u017eevanje so olaj\u0161ani, kar zmanj\u0161uje \u010das izpada opreme.<\/li>\n<\/ul>\n<p>Na\u0161i izdelki lahko popolnoma nadomestijo te hidravli\u010dne cilindre.<\/p>\n<p><img decoding=\"async\" src=\"https:\/\/www.hydraulic-cylinders.net\/wp-content\/uploads\/2025\/01\/songte-oil-pipes-and-spare-parts.webp\"><\/p>\n<h2>Aplikacije<\/h2>\n<p>Ro\u010dni cilindri se uporabljajo v \u0161tevilnih panogah in aplikacijah, vklju\u010dno z:<\/p>\n<ul>\n<li>Gradbeni\u0161tvo: Pri bagrih in \u017eerjavih se cilindri rok uporabljajo za krmiljenje gibanja \u017elic ali rok za zemeljska dela, ravnanje z materiali in monta\u017eo konstrukcij.<\/li>\n<li>Proizvodnja: V avtomatiziranih proizvodnih linijah se cilindri rok uporabljajo za gibanje robotskih rok v procesih, kot so monta\u017ea, varjenje in ravnanje z materiali, kar izbolj\u0161uje u\u010dinkovitost in natan\u010dnost proizvodnje.<\/li>\n<li>Kmetijska mehanizacija: Pri kmetijski mehanizaciji, kot so \u017eetveni stroji in sejalnice, cilindri rok nadzorujejo gibanje delovnih rok, ki opravljajo naloge, kot so sajenje, gnojenje in \u017eetev.<\/li>\n<li>Rudarstvo: V rudarski opremi se cilindri rok uporabljajo za nadzor gibanja rok rudarske opreme za rudarjenje in transport rude.<\/li>\n<li>Logistika in transport: Pri vili\u010darjih in robotih za manipulacijo cilindri roke nadzorujejo dvigovanje in premikanje vilic, s \u010dimer se dose\u017ee ravnanje in zlaganje materialov.<\/li>\n<\/ul>\n<h2>Oblikovalski vidiki in izbirna merila<\/h2>\n<p>Pri izbiri ro\u010dnih cilindrov za stroje je treba upo\u0161tevati ve\u010d konstrukcijskih vidikov in izbirnih meril, vklju\u010dno z:<\/p>\n<h3>Nosilnost<\/h3>\n<p>Jeklenka mora biti sposobna prenesti najve\u010djo obremenitev, ki jo lahko do\u017eivi med normalnim delovanjem, kar zagotavlja varno in stabilno delovanje stroja.<\/p>\n<h3>Tesnjenje<\/h3>\n<p>Valj ro\u010dice mora imeti zanesljivo tesnjenje, da se prepre\u010di pu\u0161\u010danje hidravli\u010dnega olja, ki lahko povzro\u010di po\u0161kodbe strojev in \u0161koduje okolju. Tesnilna u\u010dinkovitost valja zagotavljajo razli\u010dni tesnilni elementi, kot so tesnila bata in palice, izdelani iz materialov, odpornih proti obrabi, kot sta poliuretan in nitrilna guma.<\/p>\n<h3>Vzdr\u017eljivost<\/h3>\n<p>Ro\u010daj valja mora biti izdelan iz visoko trdnih materialov, z odli\u010dno odpornostjo proti obrabi, koroziji in vzdr\u017eljivostjo, zaradi \u010desar je primeren za dolgotrajno uporabo v zahtevnih okoljih.<\/p>\n<h3>Varnost<\/h3>\n<p>Jeklenka mora imeti varnostni mehanizem, ki prepre\u010duje preobremenitev ali po\u0161kodbe zaradi nenormalnih pogojev, s \u010dimer se zmanj\u0161a tveganje za po\u0161kodbe upravljavcev in po\u0161kodbe strojev.<\/p>\n<h3>Vzdr\u017eevanje<\/h3>\n<p>Jeklenka mora biti zasnovana za enostavno vzdr\u017eevanje in zamenjavo komponent, kar zmanj\u0161a \u010das izpada in stro\u0161ke vzdr\u017eevanja.<\/p>\n<p><img decoding=\"async\" src=\"https:\/\/www.hydraulic-cylinders.net\/wp-content\/uploads\/2025\/01\/songte-cylinder-head-with-all-kinds-excavator-models.webp\"><\/p>\n<h2>Tesnjenje in mazanje<\/h2>\n<p>Za zagotovitev tesnilne u\u010dinkovitosti cilindrov rok se uporabljajo razli\u010dne tesnilne komponente, kot so tesnila bata in tesnila palic, izdelane iz materialov, odpornih proti obrabi, kot sta poliuretan in nitrilni kav\u010duk. Telo cilindra in povr\u0161ina navoja sta fino obdelana za izbolj\u0161anje odpornosti proti obrabi. Redno vbrizgavanje ustreznih koli\u010din hidravli\u010dnega olja lahko zagotovi mazanje in hlajenje cilindra.<\/p>\n<h2>Pregled in preventivno vzdr\u017eevanje<\/h2>\n<p>Redni pregledi in preventivno vzdr\u017eevanje so pomembni za zagotovitev delovanja in varnosti cilindrov roke. Sprejeti je treba naslednje ukrepe:<\/p>\n<ul>\n<li>Redno preverjajte tesnjenje cilindra in pravo\u010dasno zamenjajte obrabljena tesnila.<\/li>\n<li>O\u010distite povr\u0161ino valja in odstranite umazanijo, da prepre\u010dite po\u0161kodbe valja.<\/li>\n<li>Preverite nosilnost valja in ga pravo\u010dasno zamenjajte, \u010de obstaja nevarnost preobremenitve.<\/li>\n<li>Preverite varnostni mehanizem cilindra in ga zamenjajte, \u010de je po\u0161kodovan ali ne deluje pravilno.<\/li>\n<\/ul>\n<p><img decoding=\"async\" src=\"https:\/\/www.hydraulic-cylinders.net\/wp-content\/uploads\/2025\/01\/songte-chushion-collar.webp\"><\/p>\n<h2>Navodila za namestitev<\/h2>\n<p>Za pravilno namestitev cilindrov roke je treba upo\u0161tevati naslednje korake:<\/p>\n<ol>\n<li>Prepri\u010dajte se, da je povr\u0161ina za namestitev \u010dista in brez umazanije.<\/li>\n<li>Poravnajte valj in monta\u017eno povr\u0161ino ter privijte monta\u017ene vijake v skladu s predpisanim navorom.<\/li>\n<li>Hidravli\u010dne cevi in \u200b\u200bpriklju\u010dke priklju\u010dite na valj.<\/li>\n<li>Hidravli\u010dni sistem napolnite z ustrezno koli\u010dino hidravli\u010dnega olja in preverite, ali kje pu\u0161\u010da.<\/li>\n<li>Preverite delovanje cilindra in ga po potrebi prilagodite.<\/li>\n<\/ol>\n<p><img decoding=\"async\" src=\"https:\/\/www.hydraulic-cylinders.net\/wp-content\/uploads\/2025\/01\/songte-bushings-with-all-kinds-of-excavator-models.webp\"><\/p>\n<h2>Varnostni in okoljski dejavniki<\/h2>\n<p>Pri uporabi cilindrov roke je treba sprejeti varnostne ukrepe za prepre\u010devanje nesre\u010d ali po\u0161kodb upravljavcev. Varnostni ukrepi vklju\u010dujejo:<\/p>\n<ul>\n<li>No\u0161enje za\u0161\u010ditne obleke in opreme pri upravljanju strojev.<\/li>\n<li>Uporaba strojev v skladu z navodili proizvajalca in varnostnimi smernicami.<\/li>\n<li>Vzdr\u017eevanje strojev in valjev rok v dobrem stanju.<\/li>\n<li>Izvajanje rednih pregledov in preventivnega vzdr\u017eevanja.<\/li>\n<\/ul>\n<p>Upo\u0161tevati je treba tudi okoljske dejavnike in pravilno odstraniti hidravli\u010dno olje in komponente valjev, da se prepre\u010di onesna\u017eevanje okolja.<\/p>\n<h2>Pogoste te\u017eave in odpravljanje te\u017eav<\/h2>\n<p>Pogoste te\u017eave, ki se lahko pojavijo z ro\u010dnimi cilindri, vklju\u010dujejo:<\/p>\n<ul>\n<li>Pu\u0161\u010danje hidravli\u010dnega olja zaradi obrabljenih ali po\u0161kodovanih tesnil.<\/li>\n<li>Zmanj\u0161ana nosilnost zaradi obrabe ali po\u0161kodb.<\/li>\n<li>Nenavaden hrup zaradi ohlapnih ali po\u0161kodovanih komponent.<\/li>\n<li>Nedelovanje zaradi okvare varnostnega mehanizma.<\/li>\n<\/ul>\n<p>Za odpravljanje teh te\u017eav je treba uporabiti naslednje nasvete in re\u0161itve:<\/p>\n<ul>\n<li>Zamenjajte obrabljena ali po\u0161kodovana tesnila, da prepre\u010dite pu\u0161\u010danje hidravli\u010dnega olja.<\/li>\n<li>Zamenjajte obrabljene ali po\u0161kodovane le\u017eaje, da obnovite nosilnost valja.<\/li>\n<li>Za odpravo nenaravnega hrupa privijte ali zamenjajte ohlapne ali po\u0161kodovane komponente.<\/li>\n<li>Zamenjajte okvarjen varnostni mehanizem, da zagotovite varno in zanesljivo delovanje.<\/li>\n<\/ul>\n<p>Prav tako je treba sprejeti preventivne ukrepe, kot sta redni pregledi in vzdr\u017eevanje, da se \u010dim bolj zmanj\u0161ajo morebitne te\u017eave.<\/p>\n<p><img decoding=\"async\" src=\"https:\/\/www.hydraulic-cylinders.net\/wp-content\/uploads\/2025\/01\/songte-company-4.webp\"><br \/>\n<img decoding=\"async\" src=\"https:\/\/www.hydraulic-cylinders.net\/wp-content\/uploads\/2025\/01\/songte-company-3.webp\"><\/p>\n<h2>O nas<\/h2>\n<p>Smo profesionalni proizvajalec nadomestnih hidravli\u010dnih cilindrov s \u0161iroko paleto izdelkov in smo postali eden vodilnih proizvajalcev in veleprodajnih distributerjev hidravli\u010dnih cilindrov na doma\u010dem in mednarodnem trgu. Vedno se dr\u017eimo na\u010dela odli\u010dne kakovosti in se zana\u0161amo na industrializirano strategijo upravljanja proizvodnje v finih proizvodnih delavnicah, da bi nenehno izbolj\u0161evali na\u0161o tehnologijo in u\u010dinkovitost proizvodnje. Z uvajanjem vrhunske digitalne proizvodne opreme in profesionalnih sistemov testiranja nenehno optimiziramo na\u0161o proizvodno platformo, izbolj\u0161ujemo proces nadzora kakovosti izdelkov in imamo mo\u010dne inovacijske zmogljivosti. Na\u0161 cilj je zadovoljiti raznolike potrebe strank z visoko u\u010dinkovitostjo, natan\u010dnostjo in visoko kakovostjo.<\/p>\n<h3>Profesionalnost<\/h3>\n<p>Imamo strokovno ekipo z bogatimi izku\u0161njami na podro\u010dju na\u010drtovanja, proizvodnje in nadzora kakovosti hidravli\u010dnih cilindrov, kar zagotavlja, da na\u0161i izdelki ustrezajo mednarodnim standardom in zahtevam strank.<\/p>\n<h3>Mednarodno certificiranje<\/h3>\n<p>Na\u0161i hidravli\u010dni cilindri so pridobili mednarodne certifikate, kot so ISO9001, CE in SGS, kar zagotavlja kakovost in varnost na\u0161ih izdelkov.<\/p>\n<h3>Storitve prilagajanja<\/h3>\n<p>Nudimo storitve prilagajanja hidravli\u010dnih cilindrov glede na zahteve strank in specifi\u010dne aplikacije, da zagotovimo najbolj\u0161o zmogljivost in stro\u0161kovno u\u010dinkovitost na\u0161ih izdelkov.<\/p>\n<h3>Proizvodna oprema<\/h3>\n<p>Na\u0161a sofisticirana proizvodna oprema, kot so CNC stroji in testni sistemi, nam omogo\u010da natan\u010dno in u\u010dinkovito izdelavo visokokakovostnih hidravli\u010dnih cilindrov.<\/p>\n<h3>Poprodajne storitve<\/h3>\n<p>Nudimo celovito poprodajno storitev in tehni\u010dno podporo, da lahko na\u0161e stranke z zaupanjem uporabljajo na\u0161e izdelke in re\u0161ijo vse te\u017eave, s katerimi se soo\u010dijo med njihovo uporabo.<\/p>\n<p><em>Avtor: lyl<\/em><\/p>","protected":false},"excerpt":{"rendered":"<p>Arm Cylinder For Liebherr Large Excavator R954C Introduction An arm cylinder is a specially designed hydraulic cylinder that is primarily used to provide linear motion and power to the arms of various types of machinery, such as excavators, cranes, and robotic arms. The arm cylinder plays a key role in hydraulic systems, allowing for effective [&hellip;]<\/p>","protected":false},"featured_media":14777,"comment_status":"open","ping_status":"closed","template":"","meta":{"_et_pb_use_builder":"","_et_pb_old_content":"","_et_gb_content_width":""},"product_brand":[],"product_cat":[1497],"product_tag":[1498,1496],"class_list":{"0":"post-16569","1":"product","2":"type-product","3":"status-publish","4":"has-post-thumbnail","6":"product_cat-arm-cylinders","7":"product_tag-arm-cylinders","8":"product_tag-hydraulic-cylinders","10":"first","11":"instock","12":"shipping-taxable","13":"product-type-simple"},"amp_enabled":true,"_links":{"self":[{"href":"https:\/\/www.hydraulic-cylinders.net\/sl\/wp-json\/wp\/v2\/product\/16569","targetHints":{"allow":["GET"]}}],"collection":[{"href":"https:\/\/www.hydraulic-cylinders.net\/sl\/wp-json\/wp\/v2\/product"}],"about":[{"href":"https:\/\/www.hydraulic-cylinders.net\/sl\/wp-json\/wp\/v2\/types\/product"}],"replies":[{"embeddable":true,"href":"https:\/\/www.hydraulic-cylinders.net\/sl\/wp-json\/wp\/v2\/comments?post=16569"}],"wp:featuredmedia":[{"embeddable":true,"href":"https:\/\/www.hydraulic-cylinders.net\/sl\/wp-json\/wp\/v2\/media\/14777"}],"wp:attachment":[{"href":"https:\/\/www.hydraulic-cylinders.net\/sl\/wp-json\/wp\/v2\/media?parent=16569"}],"wp:term":[{"taxonomy":"product_brand","embeddable":true,"href":"https:\/\/www.hydraulic-cylinders.net\/sl\/wp-json\/wp\/v2\/product_brand?post=16569"},{"taxonomy":"product_cat","embeddable":true,"href":"https:\/\/www.hydraulic-cylinders.net\/sl\/wp-json\/wp\/v2\/product_cat?post=16569"},{"taxonomy":"product_tag","embeddable":true,"href":"https:\/\/www.hydraulic-cylinders.net\/sl\/wp-json\/wp\/v2\/product_tag?post=16569"}],"curies":[{"name":"delovni list","href":"https:\/\/api.w.org\/{rel}","templated":true}]}}