{"id":16579,"date":"2025-01-21T05:35:33","date_gmt":"2025-01-21T05:35:33","guid":{"rendered":"https:\/\/www.hydraulic-cylinders.net\/product\/arm-cylinder-for-sdlg-middle-excavator-lg6210e\/"},"modified":"2025-01-21T05:35:35","modified_gmt":"2025-01-21T05:35:35","slug":"arm-cylinder-for-sdlg-middle-excavator-lg6210e","status":"publish","type":"product","link":"https:\/\/www.hydraulic-cylinders.net\/sl\/izdelek\/arm-cylinder-for-sdlg-middle-excavator-lg6210e\/","title":{"rendered":"Ro\u010dica cilindra za srednji bager SDLG LG6210E"},"content":{"rendered":"<h1>Ro\u010dica cilindra za srednji bager SDLG LG6210E<\/h1>\n<h2>Uvod<\/h2>\n<p>Hidravli\u010dni valj roke je posebej zasnovan hidravli\u010dni valj, ki se uporablja za zagotavljanje linearnega gibanja in mo\u010di roki razli\u010dnih vrst strojev, kot so bagri, \u017eerjavi in \u200b\u200bmehanske roke. Hidravli\u010dni valj roke igra klju\u010dno vlogo v hidravli\u010dnem sistemu, saj omogo\u010da u\u010dinkovito gibanje in nadzor priklju\u010denega orodja ali dodatkov. Ti cilindri ne zagotavljajo le gladkega gibanja, temve\u010d lahko prenesejo tudi velike obremenitve, kar zagotavlja u\u010dinkovito delovanje in zanesljivost strojev v razli\u010dnih delovnih pogojih.<\/p>\n<p><img decoding=\"async\" src=\"https:\/\/www.hydraulic-cylinders.net\/wp-content\/uploads\/2025\/01\/songte-company-2.webp\"><\/p>\n<h2>Zna\u010dilnosti<\/h2>\n<ul>\n<li>U\u010dinkovit prenos mo\u010di: Cilinder roke lahko zagotavlja mo\u010dno linearno gibanje in silo, kar zagotavlja visoko u\u010dinkovitost mehanske roke pri razli\u010dnih operacijah.<\/li>\n<li>Natan\u010den nadzor: S hidravli\u010dnim sistemom lahko ro\u010dni valj dose\u017ee natan\u010den nadzor gibanja, zaradi \u010desar je delovanje priklju\u010denih orodij bolj prilagodljivo in natan\u010dno.<\/li>\n<li>Mo\u010dna vzdr\u017eljivost: Ro\u010dajni valj je obi\u010dajno izdelan iz visoko trdnih materialov z dobro odpornostjo proti obrabi in koroziji, zaradi \u010desar je primeren za dolgotrajno uporabo v te\u017ekih okoljih.<\/li>\n<li>Ve\u010dnamenska prilagodljivost: Ti cilindri se lahko \u0161iroko uporabljajo v razli\u010dni mehanski opremi, kot so bagri, \u017eerjavi in \u200b\u200bmehanske roke, ter se prilagajajo razli\u010dnim delovnim zahtevam.<\/li>\n<li>Enostavno vzdr\u017eevanje: Zasnova upo\u0161teva enostavno vzdr\u017eevanje in zamenjavo, zaradi \u010desar so redni pregledi in vzdr\u017eevanje bolj priro\u010dni ter skraj\u0161a \u010das izpada opreme.<\/li>\n<\/ul>\n<p>Ta izdelek lahko izdelamo in na\u0161 izdelek lahko popolnoma nadomesti te hidravli\u010dne cilindre.<\/p>\n<p><img decoding=\"async\" src=\"https:\/\/www.hydraulic-cylinders.net\/wp-content\/uploads\/2025\/01\/songte-oil-pipes-and-spare-parts.webp\"><\/p>\n<h2>Aplikacije<\/h2>\n<ul>\n<li>Gradbeni\u0161tvo: Pri bagrih in \u017eerjavih se ro\u010dni valj uporablja za nadzor gibanja \u017elice ali roke, izvajanje zemeljskih del, ravnanje z materiali in nalog monta\u017ee konstrukcij.<\/li>\n<li>Proizvodna industrija: V avtomatiziranih proizvodnih linijah se ro\u010dni valj uporablja za premikanje mehanske roke med procesi monta\u017ee, varjenja in rokovanja, kar izbolj\u0161uje u\u010dinkovitost in natan\u010dnost proizvodnje.<\/li>\n<li>Kmetijska mehanizacija: Pri kmetijski mehanizaciji, kot so \u017eetveni stroji in sejalniki, ro\u010di\u010dni valj nadzoruje gibanje delovne roke in izvaja naloge, kot so setev, gnojenje in \u017eetev.<\/li>\n<li>Rudarstvo: V rudarski opremi se ro\u010dni valj uporablja za nadzor gibanja roke rudarske opreme, izvajanje izkopavanja in prevoza mineralov.<\/li>\n<li>Logistika in transport: Pri vili\u010darjih in robotih za ravnanje se ro\u010di\u010dni valj uporablja za nadzor dvigovanja in premikanja vilic, s \u010dimer se dose\u017ee ravnanje z materialom in zlaganje.<\/li>\n<\/ul>\n<h2>Oblikovalski vidiki in izbirna merila<\/h2>\n<p>Zasnova ro\u010dnega cilindra upo\u0161teva njegovo nosilnost, tesnjenje, vzdr\u017eljivost, varnost in vzdr\u017eevanje. Klju\u010dne to\u010dke so naslednje:<\/p>\n<h3>Nosilnost<\/h3>\n<p>Ro\u010dajni valj mora imeti ustrezno nosilnost, da se zagotovi varno in u\u010dinkovito delovanje. Nosilnost valja je odvisna od delovnih pogojev uporabe, vklju\u010dno s te\u017eo pritrjenega orodja ali pribora, hitrostjo gibanja in delovno temperaturo.<\/p>\n<h3>Tesnjenje<\/h3>\n<p>Ro\u010dica cilindra mora imeti zadostno tesnjenje, da prepre\u010di pu\u0161\u010danje olja in zagotovi normalno delovanje. Tesnilna struktura cilindra vklju\u010duje predvsem tesnilo bata, tesnilo palice in tesnilo pufra, pri izbiri tesnilnih materialov pa je treba upo\u0161tevati njihovo odpornost proti obrabi, odpornost na visoke temperature in kemi\u010dno odpornost.<\/p>\n<h3>Vzdr\u017eljivost<\/h3>\n<p>Vzdr\u017eljivost ro\u010dnega cilindra je odvisna od materiala in povr\u0161inske obdelave njegovih sestavnih delov. Cilinder je obi\u010dajno izdelan iz visoko trdnega legiranega jekla in je povr\u0161insko obdelan, kot je kromiranje, za izbolj\u0161anje odpornosti proti obrabi in koroziji.<\/p>\n<h3>Varnost<\/h3>\n<p>Varnost ro\u010dnega cilindra je klju\u010dnega pomena za prepre\u010devanje nesre\u010d in po\u0161kodb opreme. Cilinder mora imeti zanesljivo varnostno napravo, ki prepre\u010duje preobremenitev ali nenadne padce tlaka, kot je varnostni ventil ali tla\u010dni varnostni ventil.<\/p>\n<h3>Vzdr\u017eevanje<\/h3>\n<p>Vzdr\u017eevanje ro\u010dnega cilindra je bistvenega pomena za zagotovitev njegove dolgoro\u010dne zmogljivosti in \u017eivljenjske dobe. Zasnova cilindra mora upo\u0161tevati enostavno namestitev, demonta\u017eo in vzdr\u017eevanje ter uporabo standardiziranih komponent in modularne zasnove za la\u017ejo zamenjavo delov.<\/p>\n<p><img decoding=\"async\" src=\"https:\/\/www.hydraulic-cylinders.net\/wp-content\/uploads\/2025\/01\/songte-cylinder-head-with-all-kinds-excavator-models.webp\"><\/p>\n<h2>Tesnjenje in mazanje<\/h2>\n<p>Ro\u010daj cilindra uporablja razli\u010dne tesnilne komponente, kot so tesnila bata, tesnila palic in tesnila odbojnikov, da prepre\u010di pu\u0161\u010danje olja in zagotovi normalno delovanje. Ta tesnila so izdelana iz materialov, odpornih proti obrabi, kot sta poliuretan in nitrilna guma. Telo cilindra in povr\u0161ina navoja sta podvr\u017eena skrbni obdelavi za izbolj\u0161anje njune odpornosti proti obrabi. Redno mazanje z oljem je potrebno za nemoteno delovanje in prepre\u010devanje obrabe in po\u0161kodb komponent.<\/p>\n<h2>Vzdr\u017eevanje in preventivni ukrepi<\/h2>\n<ul>\n<li>Redno pregledujte valj ro\u010dice glede obrabe, po\u0161kodb in pu\u0161\u010danja olja ter pravo\u010dasno zamenjajte obrabljene ali po\u0161kodovane komponente.<\/li>\n<li>Redno ma\u017eite ohi\u0161je valja in batnico, da zagotovite nemoteno delovanje.<\/li>\n<li>Bodite pozorni na delovno stanje jeklenke, kot so nosilnost, delovni tlak in delovna temperatura, ter ustrezno prilagodite parametre.<\/li>\n<li>Uporabljajte originalno hidravli\u010dno olje in vzdr\u017eujte \u010disto\u010do olja, da zagotovite normalno delovanje valja.<\/li>\n<li>Redno izvajajte preventivno vzdr\u017eevanje, kot so \u010di\u0161\u010denje, pregled in nastavitev, da zagotovite dolgoro\u010dno delovanje in \u017eivljenjsko dobo cilindra.<\/li>\n<\/ul>\n<p><img decoding=\"async\" src=\"https:\/\/www.hydraulic-cylinders.net\/wp-content\/uploads\/2025\/01\/songte-chushion-collar.webp\"><\/p>\n<h2>Navodila za namestitev<\/h2>\n<p>Pri name\u0161\u010danju ro\u010dnega cilindra sledite tem korakom:<\/p>\n<ol>\n<li>O\u010distite monta\u017eno povr\u0161ino cilindra in polo\u017eaj namestitve opreme.<\/li>\n<li>Preverite model, specifikacijo in navodilo za namestitev cilindra, da zagotovite njegovo zdru\u017eljivost z opremo.<\/li>\n<li>Vstavite batnico v pritrdilno luknjo opreme in jo pritrdite z vijaki.<\/li>\n<li>Hidravli\u010dne cevi in \u200b\u200bpriklju\u010dke priklju\u010dite na dovod in izpust olja na cilindru.<\/li>\n<li>Po\u010dasi pove\u010dajte tlak v hidravli\u010dnem sistemu, da preverite delovanje cilindra in morebitno pu\u0161\u010danje olja.<\/li>\n<\/ol>\n<p><img decoding=\"async\" src=\"https:\/\/www.hydraulic-cylinders.net\/wp-content\/uploads\/2025\/01\/songte-bushings-with-all-kinds-of-excavator-models.webp\"><\/p>\n<h2>Varnostni vidiki in okoljski dejavniki<\/h2>\n<p>Pri uporabi ro\u010dnega cilindra upo\u0161tevajte naslednje varnostne ukrepe:<\/p>\n<ul>\n<li>Da bi prepre\u010dili nesre\u010de, strogo upo\u0161tevajte navodila za uporabo opreme in varnostne predpise.<\/li>\n<li>Redno preverjajte delovno stanje jeklenke, da pravo\u010dasno odkrijete morebitne varnostne nevarnosti.<\/li>\n<li>Za prepre\u010devanje preobremenitve in nenadnih padcev tlaka uporabljajte zanesljive varnostne naprave, kot so varnostni ventili in tla\u010dni varnostni ventili.<\/li>\n<li>Rabljeno hidravli\u010dno olje in komponente pravilno zavrzite, da za\u0161\u010ditite okolje.<\/li>\n<\/ul>\n<h2>Odpravljanje te\u017eav in pogoste te\u017eave<\/h2>\n<p>Sledijo nekatere pogoste te\u017eave in metode za odpravljanje te\u017eav z ro\u010di\u010dnim cilindrom:<\/p>\n<h3>Pu\u0161\u010danje olja<\/h3>\n<p>Mo\u017eni vzroki: po\u0161kodovana tesnila, ohlapne povezave ali obrabljena batnica.<\/p>\n<p>Odpravljanje te\u017eav: Zamenjajte po\u0161kodovana tesnila, privijte povezave ali zamenjajte obrabljeno batnico.<\/p>\n<h3>Nenavaden hrup<\/h3>\n<p>Mo\u017eni vzroki: zrak v hidravli\u010dnem sistemu, ohlapne povezave ali obrabljene komponente.<\/p>\n<p>Odpravljanje te\u017eav: Odzra\u010dite hidravli\u010dni sistem, privijte priklju\u010dke ali zamenjajte obrabljene komponente.<\/p>\n<h3>Po\u010dasen odziv<\/h3>\n<p>Mo\u017eni vzroki: premajhen hidravli\u010dni tlak, zama\u0161ene hidravli\u010dne cevi ali po\u0161kodovana tesnila.<\/p>\n<p>Odpravljanje te\u017eav: Pove\u010dajte hidravli\u010dni tlak, o\u010distite hidravli\u010dne cevi ali zamenjajte po\u0161kodovana tesnila.<\/p>\n<h2>Predstavitev podjetja<\/h2>\n<p>Smo profesionalni proizvajalec nadomestnih hidravli\u010dnih cilindrov s \u0161iroko paleto izdelkov in smo postali eden vodilnih proizvajalcev in veleprodajnih distributerjev hidravli\u010dnih cilindrov na doma\u010dem in mednarodnem trgu. Vedno se dr\u017eimo na\u010dela odli\u010dne kakovosti in se zana\u0161amo na strategijo upravljanja industrijske proizvodnje v fini proizvodni delavnici, da bi nenehno izbolj\u0161evali na\u0161o tehni\u010dno raven in u\u010dinkovitost proizvodnje. Z uvedbo vrhunske digitalne proizvodne opreme in profesionalnih testnih sistemov optimiziramo proizvodno platformo in izbolj\u0161ujemo proces nadzora kakovosti izdelkov, pri \u010demer imamo mo\u010dne inovacijske zmogljivosti. Na\u0161 cilj je zadovoljiti raznolike potrebe strank z visoko u\u010dinkovitostjo, natan\u010dnostjo in visoko kakovostjo.<\/p>\n<p>Nudimo profesionalne storitve, mednarodno certificiranje, storitve po meri, proizvodno opremo in poprodajne storitve.<\/p>\n<p><img decoding=\"async\" src=\"https:\/\/www.hydraulic-cylinders.net\/wp-content\/uploads\/2025\/01\/songte-company-4.webp\"><br \/>\n<img decoding=\"async\" src=\"https:\/\/www.hydraulic-cylinders.net\/wp-content\/uploads\/2025\/01\/songte-company-3.webp\"><\/p>\n<p>Avtor: lyl<\/p>","protected":false},"excerpt":{"rendered":"<p>Arm Cylinder For SDLG Middle Excavator LG6210E Introduction The Arm Cylinder is a specially designed hydraulic cylinder used to provide linear motion and power to the arm of various types of machinery such as excavators, cranes, and mechanical arms. The Arm Cylinder plays a critical role in the hydraulic system by enabling the efficient movement [&hellip;]<\/p>","protected":false},"featured_media":14777,"comment_status":"open","ping_status":"closed","template":"","meta":{"_et_pb_use_builder":"","_et_pb_old_content":"","_et_gb_content_width":""},"product_brand":[],"product_cat":[1497],"product_tag":[1498,1496],"class_list":{"0":"post-16579","1":"product","2":"type-product","3":"status-publish","4":"has-post-thumbnail","6":"product_cat-arm-cylinders","7":"product_tag-arm-cylinders","8":"product_tag-hydraulic-cylinders","10":"first","11":"instock","12":"shipping-taxable","13":"product-type-simple"},"amp_enabled":true,"_links":{"self":[{"href":"https:\/\/www.hydraulic-cylinders.net\/sl\/wp-json\/wp\/v2\/product\/16579","targetHints":{"allow":["GET"]}}],"collection":[{"href":"https:\/\/www.hydraulic-cylinders.net\/sl\/wp-json\/wp\/v2\/product"}],"about":[{"href":"https:\/\/www.hydraulic-cylinders.net\/sl\/wp-json\/wp\/v2\/types\/product"}],"replies":[{"embeddable":true,"href":"https:\/\/www.hydraulic-cylinders.net\/sl\/wp-json\/wp\/v2\/comments?post=16579"}],"wp:featuredmedia":[{"embeddable":true,"href":"https:\/\/www.hydraulic-cylinders.net\/sl\/wp-json\/wp\/v2\/media\/14777"}],"wp:attachment":[{"href":"https:\/\/www.hydraulic-cylinders.net\/sl\/wp-json\/wp\/v2\/media?parent=16579"}],"wp:term":[{"taxonomy":"product_brand","embeddable":true,"href":"https:\/\/www.hydraulic-cylinders.net\/sl\/wp-json\/wp\/v2\/product_brand?post=16579"},{"taxonomy":"product_cat","embeddable":true,"href":"https:\/\/www.hydraulic-cylinders.net\/sl\/wp-json\/wp\/v2\/product_cat?post=16579"},{"taxonomy":"product_tag","embeddable":true,"href":"https:\/\/www.hydraulic-cylinders.net\/sl\/wp-json\/wp\/v2\/product_tag?post=16579"}],"curies":[{"name":"delovni list","href":"https:\/\/api.w.org\/{rel}","templated":true}]}}