{"id":16588,"date":"2025-01-21T05:36:08","date_gmt":"2025-01-21T05:36:08","guid":{"rendered":"https:\/\/www.hydraulic-cylinders.net\/product\/arm-cylinder-for-jonyang-small-excavator-jy6085\/"},"modified":"2025-01-21T05:36:11","modified_gmt":"2025-01-21T05:36:11","slug":"arm-cylinder-for-jonyang-small-excavator-jy6085","status":"publish","type":"product","link":"https:\/\/www.hydraulic-cylinders.net\/sl\/izdelek\/arm-cylinder-for-jonyang-small-excavator-jy6085\/","title":{"rendered":"Ro\u010dica cilindra za majhen bager Jonyang JY6085"},"content":{"rendered":"<h1>Ro\u010dica cilindra za majhen bager Jonyang JY6085<\/h1>\n<h2>Uvod<\/h2>\n<p>Hidravli\u010dni valj roke je posebej zasnovan hidravli\u010dni valj, ki zagotavlja linearno gibanje in mo\u010d rokam razli\u010dnih strojev, kot so bagri, \u017eerjavi in \u200b\u200brobotske roke. Cilinder roke igra klju\u010dno vlogo v hidravli\u010dnih sistemih, saj omogo\u010da u\u010dinkovito gibanje in nadzor dodatnih orodij ali priklju\u010dkov. Ti cilindri ne zagotavljajo le gladkega gibanja, temve\u010d tudi prenesejo velike obremenitve, kar zagotavlja u\u010dinkovito delovanje in zanesljivost strojev v razli\u010dnih delovnih pogojih.<\/p>\n<p><img decoding=\"async\" src=\"https:\/\/www.hydraulic-cylinders.net\/wp-content\/uploads\/2025\/01\/songte-company-2.webp\"><\/p>\n<h2>Zna\u010dilnosti<\/h2>\n<ul>\n<li><strong>Visoko u\u010dinkovit prenos:<\/strong> Cilinder roke zagotavlja mo\u010dno linearno gibanje in silo, kar zagotavlja visoko zmogljivost robotske roke pri razli\u010dnih operacijah.<\/li>\n<li><strong>Natan\u010den nadzor:<\/strong> S hidravli\u010dnim sistemom omogo\u010da cilinder roke natan\u010den nadzor gibanja, zaradi \u010desar je upravljanje priklju\u010denih orodij bolj prilagodljivo in natan\u010dno.<\/li>\n<li><strong>Vzdr\u017eljivost:<\/strong> Ro\u010dajni cilindri so obi\u010dajno izdelani iz visoko trdnih materialov, ki ponujajo odli\u010dno odpornost proti obrabi in koroziji, zaradi \u010desar so primerni za dolgotrajno uporabo v zahtevnih okoljih.<\/li>\n<li><strong>Ve\u010dnamenska prilagodljivost:<\/strong> Ti cilindri se lahko \u0161iroko uporabljajo v razli\u010dnih vrstah strojev, kot so bagri, \u017eerjavi in \u200b\u200brobotske roke, ter se prilagajajo razli\u010dnim delovnim zahtevam.<\/li>\n<li><strong>Enostavno vzdr\u017eevanje:<\/strong> Zasnovani z mislijo na enostavno vzdr\u017eevanje in zamenjavo, cilindri rok omogo\u010dajo priro\u010dne redne preglede in vzdr\u017eevanje, kar zmanj\u0161uje \u010das izpada opreme.<\/li>\n<\/ul>\n<p><img decoding=\"async\" src=\"https:\/\/www.hydraulic-cylinders.net\/wp-content\/uploads\/2025\/01\/songte-oil-pipes-and-spare-parts.webp\"><\/p>\n<h2>Aplikacije<\/h2>\n<p>Rokavni valj se uporablja v razli\u010dnih panogah:<\/p>\n<ul>\n<li><strong>Gradbeni\u0161tvo:<\/strong> Uporabljajo se v bagrih in \u017eerjavih, cilindri roke pa nadzorujejo gibanje \u017elic ali rok za zemeljska dela, ravnanje z materiali in konstrukcijske instalacije.<\/li>\n<li><strong>Proizvodnja:<\/strong> V avtomatiziranih proizvodnih linijah cilindri rok omogo\u010dajo gibanje robotskih rok za procese, kot so monta\u017ea, varjenje in ravnanje, kar pove\u010duje u\u010dinkovitost in natan\u010dnost proizvodnje.<\/li>\n<li><strong>Kmetijska mehanizacija:<\/strong> V kmetijskih strojih, kot so \u017eetveni stroji in sejalnice, cilindri rok nadzorujejo gibanje delovnih rok za naloge, kot so setev, gnojenje in \u017eetev.<\/li>\n<li><strong>Rudarstvo:<\/strong> V rudarski opremi cilindri roke nadzorujejo gibanje roke rudarskih strojev za pridobivanje in transport rude.<\/li>\n<li><strong>Logistika in transport:<\/strong> V vili\u010darjih in robotih za manipulacijo cilindri roke nadzorujejo dvigovanje in premikanje vilic, kar omogo\u010da ravnanje z materiali in zlaganje.<\/li>\n<\/ul>\n<h2>Oblikovalski vidiki in izbirna merila<\/h2>\n<p>Pri na\u010drtovanju cilindrov roke je treba upo\u0161tevati ve\u010d klju\u010dnih dejavnikov in izbirnih meril:<\/p>\n<ul>\n<li><strong>Nosilnost:<\/strong> Ro\u010dni valj mora biti zasnovan tako, da prenese specifi\u010dne obremenitve strojev, s katerimi se bo uporabljal.<\/li>\n<li><strong>Tesnjenje:<\/strong> Za zagotovitev u\u010dinkovitega tesnjenja je treba uporabiti razli\u010dne tesnilne elemente, kot so tesnila bata in tesnila ojnic, izdelana iz materialov, odpornih proti obrabi, kot sta poliuretan in nitrilna guma.<\/li>\n<li><strong>Vzdr\u017eljivost:<\/strong> Telo valja in navojni konci morajo biti podvr\u017eeni skrbni povr\u0161inski obdelavi, da se pove\u010da odpornost proti obrabi in podalj\u0161a \u017eivljenjska doba valja.<\/li>\n<li><strong>Varnost:<\/strong> Za zagotovitev varnega delovanja in za\u0161\u010dito pred morebitnimi nevarnostmi je treba vklju\u010diti varnostne ukrepe, kot so tla\u010dni varnostni ventili in sistemi za zaustavitev v sili.<\/li>\n<li><strong>Vzdr\u017eevanje:<\/strong> Pri na\u010drtovanju je treba upo\u0161tevati enostaven dostop do komponent in zagotavljanje jasnih navodil za vzdr\u017eevanje, da se olaj\u0161a redno vzdr\u017eevanje in zmanj\u0161a \u010das izpada.<\/li>\n<\/ul>\n<p><img decoding=\"async\" src=\"https:\/\/www.hydraulic-cylinders.net\/wp-content\/uploads\/2025\/01\/songte-cylinder-head-with-all-kinds-excavator-models.webp\"><\/p>\n<h2>Tesnjenje in mazanje<\/h2>\n<p>Za zagotovitev optimalne zmogljivosti uporabljajo cilindri rok razli\u010dne tesnilne komponente, kot so tesnila bata in ojnice, izdelana iz materialov, kot sta poliuretan in nitrilna guma. Telo cilindra in navojni konci so podvr\u017eeni natan\u010dni povr\u0161inski obdelavi za izbolj\u0161anje odpornosti proti obrabi. Redno mazanje z ustreznim hidravli\u010dnim oljem je potrebno za nemoteno delovanje in prepre\u010devanje prezgodnje obrabe in po\u0161kodb.<\/p>\n<h2>Redni pregledi in preventivno vzdr\u017eevanje<\/h2>\n<p>Za zagotovitev dolge \u017eivljenjske dobe in zanesljivosti cilindra roke so redni pregledi in preventivno vzdr\u017eevanje klju\u010dnega pomena. Sprejeti je treba naslednje ukrepe:<\/p>\n<ul>\n<li>Preverite jeklenko glede morebitnih znakov pu\u0161\u010danja, po\u0161kodb ali nenormalne obrabe.<\/li>\n<li>Preverite in privijte vse povezave, da prepre\u010dite zrahljanje in morebitno pu\u0161\u010danje.<\/li>\n<li>O\u010distite valj in njegove sestavne dele, da odstranite umazanijo, ostanke in onesna\u017eevalce.<\/li>\n<li>Spremljajte nivo in kakovost hidravli\u010dne teko\u010dine ter jo po potrebi dolijte ali zamenjajte.<\/li>\n<li>Upo\u0161tevajte priporo\u010deni urnik vzdr\u017eevanja in smernice proizvajalca.<\/li>\n<\/ul>\n<h2>Pravilna namestitev izdelka<\/h2>\n<p>Pravilna namestitev ro\u010dnega cilindra je bistvenega pomena za optimalno delovanje in varnost. Upo\u0161tevajte ta navodila:<\/p>\n<ul>\n<li>Prepri\u010dajte se, da je povr\u0161ina za monta\u017eo \u010dista, ravna in brez deformacij.<\/li>\n<li>Za pritrditev cilindra uporabite ustrezno orodje in opremo.<\/li>\n<li>Vse pritrdilne elemente privijte v skladu z navornimi momenti, ki jih je dolo\u010dil proizvajalec.<\/li>\n<li>Preverite, ali so vse hidravli\u010dne povezave pravilno zatesnjene in ne pu\u0161\u010dajo.<\/li>\n<li>Za odstranitev zraka iz hidravli\u010dnega sistema sledite priporo\u010denim postopkom odzra\u010devanja.<\/li>\n<\/ul>\n<p><img decoding=\"async\" src=\"https:\/\/www.hydraulic-cylinders.net\/wp-content\/uploads\/2025\/01\/songte-bushings-with-all-kinds-of-excavator-models.webp\"><\/p>\n<h2>Varnostni vidiki in okoljski dejavniki<\/h2>\n<p>Pri delu z ro\u010dnimi cilindri je klju\u010dnega pomena dati prednost varnostnim ukrepom. Ustrezno usposabljanje, upo\u0161tevanje varnostnih smernic in uporaba osebne za\u0161\u010ditne opreme so bistveni. Za zagotovitev dolge \u017eivljenjske dobe in delovanja ro\u010dnega cilindra je treba upo\u0161tevati tudi okoljske dejavnike, kot so temperatura, vla\u017enost in izpostavljenost kemikalijam.<\/p>\n<h2>Odpravljanje te\u017eav in pogoste te\u017eave<\/h2>\n<p>Nekatere pogoste te\u017eave, ki se lahko pojavijo z cilindri roke, vklju\u010dujejo pu\u0161\u010danje, nezadostno mo\u010d in neenakomerno gibanje. Za u\u010dinkovito diagnosticiranje in odpravo teh te\u017eav upo\u0161tevajte naslednje:<\/p>\n<ul>\n<li>Preverite vsa tesnila in priklju\u010dke glede morebitnih znakov pu\u0161\u010danja.<\/li>\n<li>Preverite nivo in kakovost hidravli\u010dne teko\u010dine ter se prepri\u010dajte, da je znotraj priporo\u010denega obmo\u010dja.<\/li>\n<li>Preverite, ali je hidravli\u010dni sistem pravilno natla\u010den.<\/li>\n<li>Preverite komponente cilindra glede morebitnih znakov po\u0161kodb ali obrabe.<\/li>\n<li>Po potrebi glejte navodila proizvajalca za odpravljanje te\u017eav ali poi\u0161\u010dite strokovno pomo\u010d.<\/li>\n<\/ul>\n<p><img decoding=\"async\" src=\"https:\/\/www.hydraulic-cylinders.net\/wp-content\/uploads\/2025\/01\/songte-chushion-collar.webp\"><\/p>\n<p>Z upo\u0161tevanjem teh nasvetov za odpravljanje te\u017eav lahko u\u010dinkovito diagnosticirate in odpravite te\u017eave z cilindrom roke, s \u010dimer zmanj\u0161ate \u010das izpada in optimizirate delovanje.<\/p>\n<h2>O nas<\/h2>\n<p>Smo profesionalni proizvajalec nadomestnih hidravli\u010dnih cilindrov in ponujamo \u0161iroko paleto izdelkov. Postali smo eden vodilnih proizvajalcev in veleprodajnih distributerjev hidravli\u010dnih cilindrov na doma\u010dem in mednarodnem trgu. Z zavezanostjo k odli\u010dnosti nenehno izbolj\u0161ujemo svoje tehni\u010dno znanje in u\u010dinkovitost proizvodnje z uvajanjem naprednih proizvodnih obratov in profesionalnih sistemov testiranja. Na\u0161 cilj je zadovoljiti raznolike potrebe strank z na\u010deli u\u010dinkovitosti, natan\u010dnosti in visoke kakovosti.<\/p>\n<p><img decoding=\"async\" src=\"https:\/\/www.hydraulic-cylinders.net\/wp-content\/uploads\/2025\/01\/songte-company-4.webp\"><br \/>\n<img decoding=\"async\" src=\"https:\/\/www.hydraulic-cylinders.net\/wp-content\/uploads\/2025\/01\/songte-company-3.webp\"><\/p>\n<p>Na\u0161e podjetje se pona\u0161a s svojo profesionalnostjo, mednarodnimi certifikati, prilagojenimi storitvami, najsodobnej\u0161o proizvodno opremo in odli\u010dno poprodajno storitvijo. Prizadevamo si za zadovoljstvo strank z zagotavljanjem inovativnih re\u0161itev in prilagajanjem razli\u010dnim zahtevam industrije.<\/p>\n<p>Avtor: lyl<\/p>","protected":false},"excerpt":{"rendered":"<p>Arm Cylinder For Jonyang Small Excavator JY6085 Introduction The arm cylinder is a specially designed hydraulic cylinder that provides linear motion and power to the arms of various machinery, such as excavators, cranes, and robotic arms. The arm cylinder plays a crucial role in hydraulic systems, allowing for efficient movement and control of additional tools [&hellip;]<\/p>","protected":false},"featured_media":14779,"comment_status":"open","ping_status":"closed","template":"","meta":{"_et_pb_use_builder":"","_et_pb_old_content":"","_et_gb_content_width":""},"product_brand":[],"product_cat":[1497],"product_tag":[1498,1496],"class_list":{"0":"post-16588","1":"product","2":"type-product","3":"status-publish","4":"has-post-thumbnail","6":"product_cat-arm-cylinders","7":"product_tag-arm-cylinders","8":"product_tag-hydraulic-cylinders","10":"first","11":"instock","12":"shipping-taxable","13":"product-type-simple"},"amp_enabled":true,"_links":{"self":[{"href":"https:\/\/www.hydraulic-cylinders.net\/sl\/wp-json\/wp\/v2\/product\/16588","targetHints":{"allow":["GET"]}}],"collection":[{"href":"https:\/\/www.hydraulic-cylinders.net\/sl\/wp-json\/wp\/v2\/product"}],"about":[{"href":"https:\/\/www.hydraulic-cylinders.net\/sl\/wp-json\/wp\/v2\/types\/product"}],"replies":[{"embeddable":true,"href":"https:\/\/www.hydraulic-cylinders.net\/sl\/wp-json\/wp\/v2\/comments?post=16588"}],"wp:featuredmedia":[{"embeddable":true,"href":"https:\/\/www.hydraulic-cylinders.net\/sl\/wp-json\/wp\/v2\/media\/14779"}],"wp:attachment":[{"href":"https:\/\/www.hydraulic-cylinders.net\/sl\/wp-json\/wp\/v2\/media?parent=16588"}],"wp:term":[{"taxonomy":"product_brand","embeddable":true,"href":"https:\/\/www.hydraulic-cylinders.net\/sl\/wp-json\/wp\/v2\/product_brand?post=16588"},{"taxonomy":"product_cat","embeddable":true,"href":"https:\/\/www.hydraulic-cylinders.net\/sl\/wp-json\/wp\/v2\/product_cat?post=16588"},{"taxonomy":"product_tag","embeddable":true,"href":"https:\/\/www.hydraulic-cylinders.net\/sl\/wp-json\/wp\/v2\/product_tag?post=16588"}],"curies":[{"name":"delovni list","href":"https:\/\/api.w.org\/{rel}","templated":true}]}}