{"id":16614,"date":"2025-01-21T05:37:57","date_gmt":"2025-01-21T05:37:57","guid":{"rendered":"https:\/\/www.hydraulic-cylinders.net\/product\/arm-cylinder-for-bobcat-small-excavator-e26\/"},"modified":"2025-01-21T05:37:59","modified_gmt":"2025-01-21T05:37:59","slug":"arm-cylinder-for-bobcat-small-excavator-e26","status":"publish","type":"product","link":"https:\/\/www.hydraulic-cylinders.net\/sl\/izdelek\/arm-cylinder-for-bobcat-small-excavator-e26\/","title":{"rendered":"Ro\u010dica cilindra za Bobcat majhen bager E26"},"content":{"rendered":"<h1>Ro\u010dica cilindra za Bobcat majhen bager E26<\/h1>\n<p>Hidravli\u010dni valj roke je posebej zasnovan hidravli\u010dni valj, ki zagotavlja linearno gibanje in mo\u010d rokam razli\u010dnih strojev, kot so bagri, \u017eerjavi in \u200b\u200brobotske roke. Igra klju\u010dno vlogo v hidravli\u010dnih sistemih, saj omogo\u010da u\u010dinkovito gibanje in nadzor priklju\u010dkov ali dodatne opreme. Ti cilindri ne zagotavljajo le gladkega gibanja, temve\u010d tudi prenesejo velike obremenitve, kar zagotavlja u\u010dinkovito delovanje in zanesljivost strojev v razli\u010dnih delovnih pogojih.<\/p>\n<h2>Definicija<\/h2>\n<p>Hidravli\u010dni cilinder roke, znan tudi kot cilinder roke bagra ali hidravli\u010dni cilinder roke, je vrsta hidravli\u010dnega cilindra, zasnovanega za zagotavljanje premo\u010drtnega gibanja in mo\u010di rok strojev. \u0160iroko se uporablja v bagrih, \u017eerjavih in robotskih rokah za la\u017eje premikanje in nadzor dodatnih orodij ali priklju\u010dkov.<\/p>\n<h3>Klju\u010dne lastnosti<\/h3>\n<ul>\n<li><strong>Visoko u\u010dinkovit prenos:<\/strong> Ro\u010dajni valj je sposoben zagotavljati mo\u010dno linearno gibanje in silo, kar zagotavlja visoko u\u010dinkovitost pri razli\u010dnih operacijah.<\/li>\n<li><strong>Natan\u010den nadzor:<\/strong> S hidravli\u010dnim sistemom omogo\u010da cilinder roke natan\u010den nadzor gibanja, zaradi \u010desar je upravljanje priklju\u010dkov bolj prilagodljivo in natan\u010dno.<\/li>\n<li><strong>Vzdr\u017eljivost:<\/strong> Ro\u010dajni cilindri so obi\u010dajno izdelani iz visoko trdnih materialov, ki ponujajo odli\u010dno odpornost proti obrabi in koroziji, zaradi \u010desar so primerni za dolgotrajno uporabo v zahtevnih okoljih.<\/li>\n<li><strong>Ve\u010dnamenska prilagodljivost:<\/strong> Ti cilindri se \u0161iroko uporabljajo v razli\u010dnih vrstah strojev, kot so bagri, \u017eerjavi in \u200b\u200brobotske roke, ter zadovoljujejo razli\u010dne operativne zahteve.<\/li>\n<li><strong>Enostavno vzdr\u017eevanje:<\/strong> Zasnovani so za enostavno vzdr\u017eevanje in zamenjavo, cilindri roke pa omogo\u010dajo priro\u010dne redne preglede in vzdr\u017eevanje, kar zmanj\u0161uje \u010das izpada opreme.<\/li>\n<\/ul>\n<p><img decoding=\"async\" src=\"https:\/\/www.hydraulic-cylinders.net\/wp-content\/uploads\/2025\/01\/songte-company-2.webp\"><\/p>\n<p>Ta izdelek lahko izdelamo sami, na\u0161i cilindri pa so odli\u010dna zamenjava za te hidravli\u010dne cilindre.<\/p>\n<p><img decoding=\"async\" src=\"https:\/\/www.hydraulic-cylinders.net\/wp-content\/uploads\/2025\/01\/songte-oil-pipes-and-spare-parts.webp\"><\/p>\n<h2>Uporaba<\/h2>\n<p>Ro\u010dni valj se uporablja v razli\u010dnih panogah:<\/p>\n<h3>1. Gradbeni\u0161tvo<\/h3>\n<p>Pri bagrih in \u017eerjavih cilinder roke nadzoruje gibanje \u017elic ali rok za zemeljska dela, ravnanje z materiali in konstrukcijske instalacije.<\/p>\n<h3>2. Predelovalna industrija<\/h3>\n<p>V avtomatiziranih proizvodnih linijah valj roke olaj\u0161a gibanje robotskih rok za procese monta\u017ee, varjenja in ravnanja z materiali, s \u010dimer se izbolj\u0161a u\u010dinkovitost in natan\u010dnost proizvodnje.<\/p>\n<h3>3. Kmetijska mehanizacija<\/h3>\n<p>V kmetijskih strojih, kot so kombajni in sejalnice, cilinder roke nadzoruje gibanje delovnih rok za naloge, kot so sajenje, gnojenje in \u017eetev.<\/p>\n<h3>4. Rudarstvo<\/h3>\n<p>V rudarski opremi cilinder roke nadzoruje gibanje roke za rudarjenje in transport rud.<\/p>\n<h3>5. Logistika in transport<\/h3>\n<p>Pri vili\u010darjih in robotih za manipulacijo cilinder roke nadzoruje dvigovanje in premikanje vilic, kar omogo\u010da ravnanje z materiali in zlaganje.<\/p>\n<p><img decoding=\"async\" src=\"https:\/\/www.hydraulic-cylinders.net\/wp-content\/uploads\/2025\/01\/songte-chushion-collar.webp\"><\/p>\n<h2>Oblikovalski vidiki in izbirna merila<\/h2>\n<p>Pri izbiri in na\u010drtovanju cilindrov roke je treba upo\u0161tevati ve\u010d dejavnikov:<\/p>\n<h3>1. Nosilnost<\/h3>\n<p>Ro\u010dajni valj mora biti sposoben prenesti pri\u010dakovane obremenitve in zagotavljati zadostno silo za opravljanje predvidenih nalog.<\/p>\n<h3>2. Tesnjenje<\/h3>\n<p>Za zagotovitev ustreznega tesnjenja in prepre\u010devanje pu\u0161\u010danja je treba uporabiti razli\u010dne tesnilne komponente, kot so tesnila bata in tesnila batnic.<\/p>\n<h3>3. Vzdr\u017eljivost<\/h3>\n<p>Ro\u010daj cilindra mora biti izdelan iz trpe\u017enih materialov z dobro odpornostjo proti obrabi in koroziji, da prenese te\u017eke delovne pogoje.<\/p>\n<h3>4. Varnost<\/h3>\n<p>V zasnovo je treba vklju\u010diti varnostne elemente, da se prepre\u010dijo nesre\u010de in zagotovi dobro po\u010dutje upravljavca med delovanjem.<\/p>\n<h3>5. Vzdr\u017eevanje<\/h3>\n<p>Zasnova mora upo\u0161tevati enostavno vzdr\u017eevanje in dostopnost za preglede in popravila, s \u010dimer se zmanj\u0161ajo izpadi in stro\u0161ki servisiranja.<\/p>\n<p><img decoding=\"async\" src=\"https:\/\/www.hydraulic-cylinders.net\/wp-content\/uploads\/2025\/01\/songte-cylinder-head-with-all-kinds-excavator-models.webp\"><\/p>\n<h2>Tesnjenje in mazanje<\/h2>\n<p>Ro\u010dajni valj uporablja razli\u010dne tesnilne komponente, kot so tesnila bata in ojnice, izdelane iz materialov, odpornih proti obrabi, kot sta poliuretan in nitrilna guma. Telo valja in navojni konci so fino obdelani za izbolj\u0161anje odpornosti proti obrabi. Za nemoteno delovanje je potrebno redno mazanje z ustreznim hidravli\u010dnim oljem.<\/p>\n<h2>Redni pregledi in preventivno vzdr\u017eevanje<\/h2>\n<p>Za ohranjanje optimalne zmogljivosti in podalj\u0161anje \u017eivljenjske dobe ro\u010dnega cilindra je treba sprejeti naslednje ukrepe:<\/p>\n<ul>\n<li>Redno pregledujte valj roke glede morebitnih znakov obrabe, po\u0161kodb ali pu\u0161\u010danja.<\/li>\n<li>Jeklenko in njeno okolico vzdr\u017eujte \u010disto, da prepre\u010dite kontaminacijo in zagotovite pravilno delovanje.<\/li>\n<li>Spremljajte nivo in kakovost hidravli\u010dnega olja ter ga po potrebi zamenjajte ali dolijte.<\/li>\n<li>Preverite in privijte vse povezave, da prepre\u010dite zrahljanje ali pu\u0161\u010danje.<\/li>\n<li>Upo\u0161tevajte navodila proizvajalca glede intervalov in postopkov vzdr\u017eevanja.<\/li>\n<\/ul>\n<p><img decoding=\"async\" src=\"https:\/\/www.hydraulic-cylinders.net\/wp-content\/uploads\/2025\/01\/songte-bushings-with-all-kinds-of-excavator-models.webp\"><\/p>\n<h2>Varnostni vidiki in okoljski dejavniki<\/h2>\n<p>Pri delu z valji je upo\u0161tevanje varnostnih ukrepov klju\u010dnega pomena za prepre\u010devanje nesre\u010d. Varnostni ukrepi vklju\u010dujejo ustrezno usposabljanje, no\u0161enje ustrezne osebne za\u0161\u010ditne opreme (OZO) in upo\u0161tevanje varnostnih smernic proizvajalca. Poleg tega lahko upo\u0161tevanje okoljskih dejavnikov, kot so temperatura, vla\u017enost in izpostavljenost korozivnim snovem, pomaga zagotoviti dolgo \u017eivljenjsko dobo in delovanje valjev.<\/p>\n<h2>Odpravljanje te\u017eav in pogoste te\u017eave<\/h2>\n<p>\u010ce se pojavijo kakr\u0161ne koli te\u017eave z ro\u010di\u010dnim cilindrom, vam lahko naslednji koraki za odpravljanje te\u017eav pomagajo prepoznati in odpraviti pogoste te\u017eave:<\/p>\n<ul>\n<li>\u010ce se cilinder roke ne iztegne ali umakne, preverite, ali je hidravli\u010dni sistem blokiran, ali je nizka raven olja ali ali so po\u0161kodovana tesnila.<\/li>\n<li>V primeru nenavadnega hrupa ali vibracij preverite, ali so povezave ohlapne, komponente obrabljene ali so komponente nezadostno mazanje.<\/li>\n<li>\u010ce pride do prekomernega pu\u0161\u010danja, preverite tesnila, priklju\u010dke in hidravli\u010dne cevi glede po\u0161kodb ali obrabe.<\/li>\n<li>Za vsa druga vpra\u0161anja ali pomisleke si oglejte priro\u010dnik proizvajalca ali poi\u0161\u010dite strokovno pomo\u010d.<\/li>\n<\/ul>\n<p><img decoding=\"async\" src=\"https:\/\/www.hydraulic-cylinders.net\/wp-content\/uploads\/2025\/01\/songte-company-4.webp\"><img decoding=\"async\" src=\"https:\/\/www.hydraulic-cylinders.net\/wp-content\/uploads\/2025\/01\/songte-company-3.webp\"><\/p>\n<h2>O nas<\/h2>\n<p>Smo profesionalni proizvajalec nadomestnih hidravli\u010dnih cilindrov in ponujamo \u0161iroko paleto izdelkov. Postali smo eden vodilnih proizvajalcev in veleprodajnih distributerjev na doma\u010dem in mednarodnem trgu. V na\u0161i prefinjeni proizvodni delavnici se dr\u017eimo na\u010del odli\u010dnosti in se zana\u0161amo na industrializirane strategije upravljanja proizvodnje, s \u010dimer nenehno izbolj\u0161ujemo svoje tehnolo\u0161ke zmogljivosti in u\u010dinkovitost proizvodnje. Z uvajanjem vrhunske digitalne proizvodne opreme in profesionalnih sistemov testiranja optimiziramo na\u0161o proizvodno platformo in izpopolnjujemo procese nadzora kakovosti izdelkov, s \u010dimer dokazujemo mo\u010dne inovacijske sposobnosti. Na\u0161 cilj je zadovoljiti raznolike potrebe strank z u\u010dinkovitostjo, natan\u010dnostjo in visokokakovostnimi izdelki.<\/p>\n<p>Na\u0161e podjetje se odlikuje v:<\/p>\n<ul>\n<li>Profesionalnost<\/li>\n<li>Mednarodni certifikati<\/li>\n<li>Storitve prilagajanja<\/li>\n<li>Vrhunska proizvodna oprema<\/li>\n<li>Poprodajne storitve<\/li>\n<\/ul>\n<p><em>Avtor: lyl<\/em><\/p>","protected":false},"excerpt":{"rendered":"<p>Arm Cylinder For Bobcat Small Excavator E26 Arm Cylinder is a specially designed hydraulic cylinder that provides linear motion and power to the arms of various machinery such as excavators, cranes, and robotic arms. It plays a crucial role in hydraulic systems, enabling efficient movement and control of attachments or accessories. These cylinders not only [&hellip;]<\/p>","protected":false},"featured_media":14763,"comment_status":"open","ping_status":"closed","template":"","meta":{"_et_pb_use_builder":"","_et_pb_old_content":"","_et_gb_content_width":""},"product_brand":[],"product_cat":[1497],"product_tag":[1498,1496],"class_list":{"0":"post-16614","1":"product","2":"type-product","3":"status-publish","4":"has-post-thumbnail","6":"product_cat-arm-cylinders","7":"product_tag-arm-cylinders","8":"product_tag-hydraulic-cylinders","10":"first","11":"instock","12":"shipping-taxable","13":"product-type-simple"},"amp_enabled":true,"_links":{"self":[{"href":"https:\/\/www.hydraulic-cylinders.net\/sl\/wp-json\/wp\/v2\/product\/16614","targetHints":{"allow":["GET"]}}],"collection":[{"href":"https:\/\/www.hydraulic-cylinders.net\/sl\/wp-json\/wp\/v2\/product"}],"about":[{"href":"https:\/\/www.hydraulic-cylinders.net\/sl\/wp-json\/wp\/v2\/types\/product"}],"replies":[{"embeddable":true,"href":"https:\/\/www.hydraulic-cylinders.net\/sl\/wp-json\/wp\/v2\/comments?post=16614"}],"wp:featuredmedia":[{"embeddable":true,"href":"https:\/\/www.hydraulic-cylinders.net\/sl\/wp-json\/wp\/v2\/media\/14763"}],"wp:attachment":[{"href":"https:\/\/www.hydraulic-cylinders.net\/sl\/wp-json\/wp\/v2\/media?parent=16614"}],"wp:term":[{"taxonomy":"product_brand","embeddable":true,"href":"https:\/\/www.hydraulic-cylinders.net\/sl\/wp-json\/wp\/v2\/product_brand?post=16614"},{"taxonomy":"product_cat","embeddable":true,"href":"https:\/\/www.hydraulic-cylinders.net\/sl\/wp-json\/wp\/v2\/product_cat?post=16614"},{"taxonomy":"product_tag","embeddable":true,"href":"https:\/\/www.hydraulic-cylinders.net\/sl\/wp-json\/wp\/v2\/product_tag?post=16614"}],"curies":[{"name":"delovni list","href":"https:\/\/api.w.org\/{rel}","templated":true}]}}