{"id":16616,"date":"2025-01-21T05:38:06","date_gmt":"2025-01-21T05:38:06","guid":{"rendered":"https:\/\/www.hydraulic-cylinders.net\/product\/arm-cylinder-for-bobcat-small-excavator-e42\/"},"modified":"2025-01-21T05:38:07","modified_gmt":"2025-01-21T05:38:07","slug":"arm-cylinder-for-bobcat-small-excavator-e42","status":"publish","type":"product","link":"https:\/\/www.hydraulic-cylinders.net\/sl\/izdelek\/arm-cylinder-for-bobcat-small-excavator-e42\/","title":{"rendered":"Ro\u010dica cilindra za Bobcat majhen bager E42"},"content":{"rendered":"<h1>Ro\u010dica cilindra za Bobcat majhen bager E42<\/h1>\n<h2>Uvod<\/h2>\n<p>Hidravli\u010dni valj roke je posebej zasnovan hidravli\u010dni valj, ki zagotavlja linearno gibanje in mo\u010d roki razli\u010dnih strojev, kot so bagri, \u017eerjavi in \u200b\u200brobotske roke. Igra klju\u010dno vlogo v hidravli\u010dnih sistemih, saj omogo\u010da u\u010dinkovito gibanje in nadzor dodatnih orodij ali priklju\u010dkov. Ti cilindri ne zagotavljajo le gladkega gibanja, temve\u010d tudi prenesejo velike obremenitve, kar zagotavlja visoko operativno u\u010dinkovitost in zanesljivost strojev v razli\u010dnih delovnih pogojih.<\/p>\n<p><img decoding=\"async\" src=\"https:\/\/www.hydraulic-cylinders.net\/wp-content\/uploads\/2025\/01\/songte-company-2.webp\" alt=\"Slika ro\u010dnega cilindra\"><\/p>\n<h2>Zna\u010dilnosti<\/h2>\n<ul>\n<li>Visoko u\u010dinkovit prenos: Cilinder roke zagotavlja mo\u010dno linearno gibanje in silo, kar zagotavlja u\u010dinkovito delovanje roke stroja pri razli\u010dnih operacijah.<\/li>\n<li>Natan\u010den nadzor: S hidravli\u010dnim sistemom omogo\u010da valj roke natan\u010den nadzor gibanja, zaradi \u010desar je delovanje priklju\u010denih orodij bolj prilagodljivo in natan\u010dno.<\/li>\n<li>Vzdr\u017eljivost: Valji rok so obi\u010dajno izdelani iz visoko trdnih materialov, ki ponujajo dobro odpornost proti obrabi in koroziji, primerni za dolgotrajno uporabo v zahtevnih okoljih.<\/li>\n<li>Vsestranska prilagodljivost: Ti cilindri so \u0161iroko uporabni za razli\u010dne strojne naprave, kot so bagri, \u017eerjavi in \u200b\u200brobotske roke, ter se prilagajajo razli\u010dnim zahtevam dela.<\/li>\n<li>Enostavno vzdr\u017eevanje: Zasnovan za enostavno vzdr\u017eevanje in zamenjavo, redni pregledi in vzdr\u017eevanje so priro\u010dni, kar zmanj\u0161uje \u010das izpada opreme.<\/li>\n<\/ul>\n<p><img decoding=\"async\" src=\"https:\/\/www.hydraulic-cylinders.net\/wp-content\/uploads\/2025\/01\/songte-oil-pipes-and-spare-parts.webp\" alt=\"Slika izdelka\"><\/p>\n<h2>Aplikacije<\/h2>\n<p>Ro\u010dni cilindri se uporabljajo v razli\u010dnih panogah in scenarijih:<\/p>\n<ul>\n<li>Gradbeni\u0161tvo: Pri bagrih in \u017eerjavih cilindri roke nadzorujejo gibanje \u017elic ali rok za zemeljska dela, ravnanje z materiali in konstrukcijsko monta\u017eo.<\/li>\n<li>Proizvodnja: V avtomatiziranih proizvodnih linijah se cilindri rok uporabljajo za gibanje robotskih rok, izvajanje postopkov monta\u017ee, varjenja in ravnanja z materiali za izbolj\u0161anje u\u010dinkovitosti in natan\u010dnosti proizvodnje.<\/li>\n<li>Kmetijska mehanizacija: Pri kmetijski opremi, kot so \u017eetveni stroji in sejalnice, cilindri rok nadzorujejo gibanje delovnih rok in izvajajo naloge, kot so sajenje, gnojenje in \u017eetev.<\/li>\n<li>Rudarstvo: V rudarski opremi cilindri roke nadzorujejo gibanje roke rudarskih strojev za pridobivanje in transport rude.<\/li>\n<li>Logistika in transport: Pri vili\u010darjih in robotih za manipulacijo cilindri roke nadzorujejo dvigovanje in premikanje vilic, kar omogo\u010da ravnanje z materiali in zlaganje.<\/li>\n<\/ul>\n<h2>Oblikovalski vidiki in izbirna merila<\/h2>\n<p>Pri na\u010drtovanju cilindrov roke je bistvenih ve\u010d klju\u010dnih dejavnikov in izbirnih meril:<\/p>\n<ul>\n<li>Nosilnost<\/li>\n<li>Tesnilne zmogljivosti<\/li>\n<li>Vzdr\u017eljivost<\/li>\n<li>Varnost<\/li>\n<li>Vzdr\u017eevanje<\/li>\n<\/ul>\n<p><img decoding=\"async\" src=\"https:\/\/www.hydraulic-cylinders.net\/wp-content\/uploads\/2025\/01\/songte-cylinder-head-with-all-kinds-excavator-models.webp\" alt=\"Slika izdelka\"><\/p>\n<h2>Tesnjenje in mazanje<\/h2>\n<p>Ro\u010dajni cilindri uporabljajo razli\u010dne tesnilne komponente, kot so tesnila bata in tesnila palic, izdelana iz materialov, odpornih proti obrabi, kot sta poliuretan in nitrilna guma. Telo cilindra in navojne kon\u010dne povr\u0161ine so fino obdelane za izbolj\u0161anje odpornosti proti obrabi. Za nemoteno delovanje je potrebno redno mazanje z ustreznim hidravli\u010dnim oljem.<\/p>\n<h2>Redni pregledi in preventivno vzdr\u017eevanje<\/h2>\n<p>Redni pregledi in preventivni vzdr\u017eevalni ukrepi so klju\u010dnega pomena za optimalno delovanje in dolgo \u017eivljenjsko dobo cilindrov roke. Nekateri ukrepi vklju\u010dujejo:<\/p>\n<ul>\n<li>Preverjanje pu\u0161\u010danja ali po\u0161kodb<\/li>\n<li>Pregled tesnil in mazanja<\/li>\n<li>Zategovanje ohlapnih povezav<\/li>\n<li>Zamenjava obrabljenih komponent<\/li>\n<\/ul>\n<h2>Pravilna namestitev izdelka<\/h2>\n<p>Pravilna namestitev cilindrov roke je klju\u010dnega pomena za njihovo u\u010dinkovito delovanje. Namestitev mora slediti navodilom proizvajalca in upo\u0161tevati dejavnike, kot so poravnava, monta\u017ea in specifikacije navora.<\/p>\n<p><img decoding=\"async\" src=\"https:\/\/www.hydraulic-cylinders.net\/wp-content\/uploads\/2025\/01\/songte-bushings-with-all-kinds-of-excavator-models.webp\" alt=\"Slika izdelka\"><\/p>\n<h2>Varnostni vidiki in okoljski dejavniki<\/h2>\n<p>Pri uporabi cilindri\u010dnih ro\u010dnih valjev so varnostni ukrepi izjemnega pomena. Klju\u010dnega pomena je upo\u0161tevanje varnostnih protokolov in predpisov, da se prepre\u010dijo nesre\u010de in zagotovi dobro po\u010dutje upravljavcev in okoli\u0161kega osebja. Upo\u0161tevati je treba tudi okoljske dejavnike, da se \u010dim bolj zmanj\u0161a morebiten negativen vpliv.<\/p>\n<h2>Diagnoza napak in pogoste te\u017eave<\/h2>\n<p>Pri cilindrih roke se lahko pojavijo okvare ali pogoste te\u017eave, ki lahko motijo \u200b\u200bnjihovo delovanje. Nekatere pogoste te\u017eave vklju\u010dujejo pu\u0161\u010danje, nezadostno mo\u010d in nenavadne zvoke. U\u010dinkovite tehnike odpravljanja te\u017eav in re\u0161evanja te\u017eav lahko pomagajo pri diagnosticiranju in re\u0161evanju teh te\u017eav, skupaj s preventivnimi ukrepi za zmanj\u0161anje morebitnih te\u017eav.<\/p>\n<p><img decoding=\"async\" src=\"https:\/\/www.hydraulic-cylinders.net\/wp-content\/uploads\/2025\/01\/songte-chushion-collar.webp\" alt=\"Slika izdelka\"><\/p>\n<p>Avtor: lyl<\/p>\n<h2>O na\u0161em podjetju<\/h2>\n<p>Smo profesionalni proizvajalec nadomestnih hidravli\u010dnih cilindrov s \u0161iroko paleto izdelkov. Postali smo eden vodilnih proizvajalcev in veleprodajnih distributerjev hidravli\u010dnih cilindrov na doma\u010dem in mednarodnem trgu. Z zavezanostjo k odli\u010dnosti nenehno izbolj\u0161ujemo svoje tehni\u010dno znanje in u\u010dinkovitost proizvodnje z industrializiranimi strategijami upravljanja proizvodnje v na\u0161i napredni proizvodni delavnici. Z uvedbo vrhunske digitalne proizvodne opreme in profesionalnih sistemov testiranja optimiziramo na\u0161o proizvodno platformo in izbolj\u0161ujemo procese nadzora kakovosti izdelkov, s \u010dimer dokazujemo mo\u010dne inovacijske sposobnosti. Na\u0161 cilj je zadovoljiti raznolike zahteve strank z na\u010deli u\u010dinkovitosti, natan\u010dnosti in visokokakovostnih izdelkov.<\/p>\n<p><img decoding=\"async\" src=\"https:\/\/www.hydraulic-cylinders.net\/wp-content\/uploads\/2025\/01\/songte-company-4.webp\" alt=\"Slika podjetja\"><br \/>\n<img decoding=\"async\" src=\"https:\/\/www.hydraulic-cylinders.net\/wp-content\/uploads\/2025\/01\/songte-company-3.webp\" alt=\"Slika podjetja\"><\/p>\n<p>Na\u0161e podjetje je znano po:<\/p>\n<ul>\n<li>Profesionalnost<\/li>\n<li>Mednarodni certifikati<\/li>\n<li>Storitve prilagajanja<\/li>\n<li>Napredna proizvodna oprema<\/li>\n<li>Poprodajne storitve<\/li>\n<\/ul>\n<p>Ne pozabite logi\u010dno organizirati \u010dlanka, uporabiti podnapisov za la\u017ejo navigacijo, vklju\u010diti ustreznih slik ali grafikonov za bolj\u0161e razumevanje ter zagotoviti jasno in jedrnato vsebino, primerno za bralce z razli\u010dnimi stopnjami tehni\u010dnega znanja.<\/p>","protected":false},"excerpt":{"rendered":"<p>Arm Cylinder For Bobcat Small Excavator E42 Introduction Arm Cylinder is a specially designed hydraulic cylinder that provides linear motion and power to the arm of various machinery, such as excavators, cranes, and robotic arms. It plays a key role in hydraulic systems, enabling efficient movement and control of additional tools or attachments. These cylinders [&hellip;]<\/p>","protected":false},"featured_media":14786,"comment_status":"open","ping_status":"closed","template":"","meta":{"_et_pb_use_builder":"","_et_pb_old_content":"","_et_gb_content_width":""},"product_brand":[],"product_cat":[1497],"product_tag":[1498,1496],"class_list":{"0":"post-16616","1":"product","2":"type-product","3":"status-publish","4":"has-post-thumbnail","6":"product_cat-arm-cylinders","7":"product_tag-arm-cylinders","8":"product_tag-hydraulic-cylinders","10":"first","11":"instock","12":"shipping-taxable","13":"product-type-simple"},"amp_enabled":true,"_links":{"self":[{"href":"https:\/\/www.hydraulic-cylinders.net\/sl\/wp-json\/wp\/v2\/product\/16616","targetHints":{"allow":["GET"]}}],"collection":[{"href":"https:\/\/www.hydraulic-cylinders.net\/sl\/wp-json\/wp\/v2\/product"}],"about":[{"href":"https:\/\/www.hydraulic-cylinders.net\/sl\/wp-json\/wp\/v2\/types\/product"}],"replies":[{"embeddable":true,"href":"https:\/\/www.hydraulic-cylinders.net\/sl\/wp-json\/wp\/v2\/comments?post=16616"}],"wp:featuredmedia":[{"embeddable":true,"href":"https:\/\/www.hydraulic-cylinders.net\/sl\/wp-json\/wp\/v2\/media\/14786"}],"wp:attachment":[{"href":"https:\/\/www.hydraulic-cylinders.net\/sl\/wp-json\/wp\/v2\/media?parent=16616"}],"wp:term":[{"taxonomy":"product_brand","embeddable":true,"href":"https:\/\/www.hydraulic-cylinders.net\/sl\/wp-json\/wp\/v2\/product_brand?post=16616"},{"taxonomy":"product_cat","embeddable":true,"href":"https:\/\/www.hydraulic-cylinders.net\/sl\/wp-json\/wp\/v2\/product_cat?post=16616"},{"taxonomy":"product_tag","embeddable":true,"href":"https:\/\/www.hydraulic-cylinders.net\/sl\/wp-json\/wp\/v2\/product_tag?post=16616"}],"curies":[{"name":"delovni list","href":"https:\/\/api.w.org\/{rel}","templated":true}]}}