{"id":16617,"date":"2025-01-21T05:38:09","date_gmt":"2025-01-21T05:38:09","guid":{"rendered":"https:\/\/www.hydraulic-cylinders.net\/product\/arm-cylinder-for-bobcat-small-excavator-e50\/"},"modified":"2025-01-21T05:38:11","modified_gmt":"2025-01-21T05:38:11","slug":"arm-cylinder-for-bobcat-small-excavator-e50","status":"publish","type":"product","link":"https:\/\/www.hydraulic-cylinders.net\/sl\/izdelek\/arm-cylinder-for-bobcat-small-excavator-e50\/","title":{"rendered":"Ro\u010dni valj za Bobcat majhen bager E50"},"content":{"rendered":"<h1>Ro\u010dni valj za Bobcat majhen bager E50<\/h1>\n<p><h2>Uvod<\/h2>\n<p>Hidravli\u010dni valj roke je specializiran hidravli\u010dni valj, zasnovan za zagotavljanje linearnega gibanja in mo\u010di roki razli\u010dnih strojev, kot so bagri, \u017eerjavi in \u200b\u200bmehanske roke. Igra klju\u010dno vlogo v hidravli\u010dnih sistemih, saj omogo\u010da u\u010dinkovito gibanje in nadzor dodatnih orodij ali priklju\u010dkov. Ti cilindri ne omogo\u010dajo le gladkega gibanja, temve\u010d tudi prenesejo velike obremenitve, kar zagotavlja u\u010dinkovito delovanje in zanesljivost strojev v razli\u010dnih delovnih pogojih.\n<\/p>\n<p>\n  <img decoding=\"async\" src=\"https:\/\/www.hydraulic-cylinders.net\/wp-content\/uploads\/2025\/01\/songte-company-2.webp\" alt=\"Slika ro\u010dnega cilindra\">\n<\/p>\n<h2>Zna\u010dilnosti<\/h2>\n<ul>\n<li>\n<h3>Visoko u\u010dinkovit prenos<\/h3>\n<p>\n      Cilinder roke zagotavlja mo\u010dno linearno gibanje in silo, kar zagotavlja visoko zmogljivost mehanske roke pri razli\u010dnih operacijah.\n    <\/p>\n<\/li>\n<li>\n<h3>Natan\u010den nadzor<\/h3>\n<p>\n      S pomo\u010djo hidravli\u010dnih sistemov omogo\u010da valj roke natan\u010den nadzor gibanja, zaradi \u010desar je upravljanje dodatnih orodij bolj prilagodljivo in natan\u010dno.\n    <\/p>\n<\/li>\n<li>\n<h3>Vzdr\u017eljivost<\/h3>\n<p>\n      Ro\u010dajni cilindri so obi\u010dajno izdelani iz visoko trdnih materialov, z dobro odpornostjo proti obrabi in koroziji, primernih za dolgotrajno uporabo v zahtevnih okoljih.\n    <\/p>\n<\/li>\n<li>\n<h3>Ve\u010dnamenska prilagodljivost<\/h3>\n<p>\n      Ti cilindri se lahko \u0161iroko uporabljajo v razli\u010dnih vrstah strojev, kot so bagri, \u017eerjavi in \u200b\u200bmehanske roke, da bi izpolnili razli\u010dne zahteve dela.\n    <\/p>\n<\/li>\n<li>\n<h3>Enostavno vzdr\u017eevanje<\/h3>\n<p>\n      Zasnova cilindra roke upo\u0161teva enostavno vzdr\u017eevanje in zamenjavo, zaradi \u010desar so redni pregledi in vzdr\u017eevanje bolj priro\u010dni ter se skraj\u0161a \u010das izpada opreme.\n    <\/p>\n<\/li>\n<\/ul>\n<p>\n  <img decoding=\"async\" src=\"https:\/\/www.hydraulic-cylinders.net\/wp-content\/uploads\/2025\/01\/songte-oil-pipes-and-spare-parts.webp\" alt=\"Slika izdelka\">\n<\/p>\n<h2>Aplikacije<\/h2>\n<p>\n  Ro\u010dni valj se uporablja v razli\u010dnih panogah in aplikacijah, vklju\u010dno z:\n<\/p>\n<ol>\n<li>\n<h3>Gradbeni\u0161tvo<\/h3>\n<p>\n      Pri bagrih in \u017eerjavih se valj roke uporablja za krmiljenje gibanja \u017elic ali rok, izvajanje zemeljskih del, ravnanje z materiali in konstrukcijske instalacije.\n    <\/p>\n<\/li>\n<li>\n<h3>Proizvodnja<\/h3>\n<p>\n      V avtomatiziranih proizvodnih linijah se valj roke uporablja za gibanje mehanskih rok, izvajanje postopkov monta\u017ee, varjenja in rokovanja za izbolj\u0161anje u\u010dinkovitosti in natan\u010dnosti proizvodnje.\n    <\/p>\n<\/li>\n<li>\n<h3>Kmetijska mehanizacija<\/h3>\n<p>\n      V kmetijskih strojih, kot so kombajni in sejalnice, cilinder roke nadzoruje gibanje delovnih rok in izvaja naloge, kot so setev, gnojenje in \u017eetev.\n    <\/p>\n<\/li>\n<li>\n<h3>Rudarstvo<\/h3>\n<p>\n      V rudarski opremi se valj roke uporablja za nadzor gibanja roke rudarske opreme, kar olaj\u0161a pridobivanje in transport rude.\n    <\/p>\n<\/li>\n<li>\n<h3>Logistika in transport<\/h3>\n<p>\n      Pri vili\u010darjih in robotih za manipulacijo se valj roke uporablja za nadzor dvigovanja in premikanja vilic, kar omogo\u010da ravnanje z materiali in zlaganje.\n    <\/p>\n<\/li>\n<\/ol>\n<h2>Oblikovalski vidiki in izbirna merila<\/h2>\n<p>\n  Pri na\u010drtovanju in izbiri cilindrov z vzvodom je treba upo\u0161tevati ve\u010d klju\u010dnih dejavnikov:\n<\/p>\n<ul>\n<li>\n<h3>Nosilnost<\/h3>\n<p>\n      Ro\u010dajni cilindri morajo biti sposobni prenesti predvidene obremenitve in sile, da se zagotovi varno in u\u010dinkovito delovanje.\n    <\/p>\n<\/li>\n<li>\n<h3>Tesnjenje<\/h3>\n<p>\n      Za zagotovitev ustreznega tesnjenja je treba uporabiti razli\u010dne tesnilne komponente, kot so tesnila bata in tesnila ojnic. Ta tesnila so pogosto izdelana iz materialov, odpornih proti obrabi, kot sta poliuretan in nitrilna guma.\n    <\/p>\n<\/li>\n<li>\n<h3>Vzdr\u017eljivost<\/h3>\n<p>\n      Telo valja in navojne kon\u010dne povr\u0161ine je treba fino obdelati, da se izbolj\u0161a odpornost proti obrabi. Za pove\u010danje vzdr\u017eljivosti je potrebno redno mazanje s hidravli\u010dnim oljem.\n    <\/p>\n<\/li>\n<li>\n<h3>Varnost<\/h3>\n<p>\n      Med na\u010drtovanjem in delovanjem cilindrov roke je treba upo\u0161tevati varnostne ukrepe, da se prepre\u010dijo nesre\u010de in zagotovi varnost upravljavca.\n    <\/p>\n<\/li>\n<li>\n<h3>Vzdr\u017eevanje<\/h3>\n<p>\n      Ro\u010dajni cilindri morajo biti zasnovani tako, da jih je enostavno vzdr\u017eevati in popravljati, kar omogo\u010da hitre preglede in zamenjavo komponent, kadar je to potrebno.\n    <\/p>\n<\/li>\n<\/ul>\n<p>\n  <img decoding=\"async\" src=\"https:\/\/www.hydraulic-cylinders.net\/wp-content\/uploads\/2025\/01\/songte-cylinder-head-with-all-kinds-excavator-models.webp\" alt=\"Slika izdelka\">\n<\/p>\n<h2>Tesnjenje in mazanje<\/h2>\n<p>\n  Ro\u010dajni cilindri uporabljajo razli\u010dne tesnilne komponente, kot so tesnila bata in tesnila palic, izdelana iz materialov, odpornih proti obrabi, kot sta poliuretan in nitrilna guma. Telo cilindra in navojne kon\u010dne povr\u0161ine so fino obdelane za izbolj\u0161anje odpornosti proti obrabi. Redno mazanje z ustrezno koli\u010dino hidravli\u010dnega olja je potrebno za zagotovitev nemotenega delovanja in podalj\u0161anje \u017eivljenjske dobe cilindra.\n<\/p>\n<h2>Redni pregledi in preventivno vzdr\u017eevanje<\/h2>\n<p>\n  Za zagotovitev optimalne zmogljivosti in dolge \u017eivljenjske dobe cilindra roke je treba redno pregledovati in izvajati preventivno vzdr\u017eevanje. Sprejeti je mogo\u010de naslednje ukrepe:\n<\/p>\n<ul>\n<li>Preverite ohi\u0161je in sestavne dele cilindra glede morebitnih znakov obrabe ali po\u0161kodb.<\/li>\n<li>Preverite tesnila in jih po potrebi zamenjajte.<\/li>\n<li>Spremljajte nivo mazanja in po potrebi dolijte hidravli\u010dno olje.<\/li>\n<li>Zategnite vse ohlapne povezave ali pritrdilne elemente.<\/li>\n<li>Preverite monta\u017ene nosilce in se prepri\u010dajte, da so varno pritrjeni.<\/li>\n<\/ul>\n<h2>Vodnik za namestitev izdelka<\/h2>\n<p>\n  Pravilna namestitev ro\u010dnega cilindra je klju\u010dnega pomena za njegovo delovanje in varnost. Za pravilno namestitev sledite tem korakom:\n<\/p>\n<ol>\n<li>Pripravite povr\u0161ino za monta\u017eo in se prepri\u010dajte, da je \u010dista in ravna.<\/li>\n<li>Pritrdite jeklenko na nosilce z ustreznimi pritrdilnimi elementi.<\/li>\n<li>Priklju\u010dite hidravli\u010dne cevi in \u200b\u200bposkrbite za ustrezno tesnjenje.<\/li>\n<li>Preverite poravnavo cilindra in jo po potrebi prilagodite.<\/li>\n<li>Zavarujte vse priklju\u010dke in izvedite tla\u010dni preizkus, da zagotovite pravilno delovanje.<\/li>\n<\/ol>\n<p>\n  <img decoding=\"async\" src=\"https:\/\/www.hydraulic-cylinders.net\/wp-content\/uploads\/2025\/01\/songte-bushings-with-all-kinds-of-excavator-models.webp\" alt=\"Slika izdelka\">\n<\/p>\n<h2>Varnostni vidiki in okoljski dejavniki<\/h2>\n<p>\n  Pri uporabi cilindri\u010dnih ro\u010dnih mehanizmov je pomembno dati prednost varnostnim ukrepom. Upo\u0161tevati je treba varnostne ukrepe za prepre\u010devanje nesre\u010d in zagotavljanje dobrega po\u010dutja upravljavcev in drugega osebja.\n<\/p>\n<h2>Odpravljanje te\u017eav in pogoste te\u017eave<\/h2>\n<p>\n  V primeru kakr\u0161nih koli okvar ali te\u017eav z ro\u010di\u010dnim cilindrom so vam lahko v pomo\u010d naslednji nasveti in re\u0161itve za odpravljanje te\u017eav:\n<\/p>\n<ul>\n<li>\n<h3>Te\u017eava: Cilinder se ne izteguje ali umika pravilno.<\/h3>\n<p>\n      Re\u0161itev: Preverite morebitne blokade v hidravli\u010dnih ceveh, preglejte tesnila glede po\u0161kodb in zagotovite pravilno mazanje vseh gibljivih delov.\n    <\/p>\n<\/li>\n<li>\n<h3>Te\u017eava: Pu\u0161\u010danje okoli cilindra.<\/h3>\n<p>\n      Re\u0161itev: Preverite tesnila in jih zamenjajte, \u010de so po\u0161kodovana. Zagotovite pravilno pritrditev vseh priklju\u010dkov in fitingov.\n    <\/p>\n<\/li>\n<li>\n<h3>Te\u017eava: Prekomeren hrup med delovanjem.<\/h3>\n<p>\n      Re\u0161itev: Preverite, ali so komponente ali spoji ohlapni, in jih privijte. Preverite jeklenko, ali so morebitni<\/p>","protected":false},"excerpt":{"rendered":"<p>Arm Cylinder For Bobcat Small Excavator E50 Introduction The arm cylinder is a specialized hydraulic cylinder designed to provide linear motion and power to the arm of various machinery, such as excavators, cranes, and mechanical arms. It plays a crucial role in hydraulic systems, allowing for the efficient movement and control of additional tools or [&hellip;]<\/p>","protected":false},"featured_media":14783,"comment_status":"open","ping_status":"closed","template":"","meta":{"_et_pb_use_builder":"","_et_pb_old_content":"","_et_gb_content_width":""},"product_brand":[],"product_cat":[1497],"product_tag":[1498,1496],"class_list":{"0":"post-16617","1":"product","2":"type-product","3":"status-publish","4":"has-post-thumbnail","6":"product_cat-arm-cylinders","7":"product_tag-arm-cylinders","8":"product_tag-hydraulic-cylinders","10":"first","11":"instock","12":"shipping-taxable","13":"product-type-simple"},"amp_enabled":true,"_links":{"self":[{"href":"https:\/\/www.hydraulic-cylinders.net\/sl\/wp-json\/wp\/v2\/product\/16617","targetHints":{"allow":["GET"]}}],"collection":[{"href":"https:\/\/www.hydraulic-cylinders.net\/sl\/wp-json\/wp\/v2\/product"}],"about":[{"href":"https:\/\/www.hydraulic-cylinders.net\/sl\/wp-json\/wp\/v2\/types\/product"}],"replies":[{"embeddable":true,"href":"https:\/\/www.hydraulic-cylinders.net\/sl\/wp-json\/wp\/v2\/comments?post=16617"}],"wp:featuredmedia":[{"embeddable":true,"href":"https:\/\/www.hydraulic-cylinders.net\/sl\/wp-json\/wp\/v2\/media\/14783"}],"wp:attachment":[{"href":"https:\/\/www.hydraulic-cylinders.net\/sl\/wp-json\/wp\/v2\/media?parent=16617"}],"wp:term":[{"taxonomy":"product_brand","embeddable":true,"href":"https:\/\/www.hydraulic-cylinders.net\/sl\/wp-json\/wp\/v2\/product_brand?post=16617"},{"taxonomy":"product_cat","embeddable":true,"href":"https:\/\/www.hydraulic-cylinders.net\/sl\/wp-json\/wp\/v2\/product_cat?post=16617"},{"taxonomy":"product_tag","embeddable":true,"href":"https:\/\/www.hydraulic-cylinders.net\/sl\/wp-json\/wp\/v2\/product_tag?post=16617"}],"curies":[{"name":"delovni list","href":"https:\/\/api.w.org\/{rel}","templated":true}]}}