{"id":16619,"date":"2025-01-21T05:38:17","date_gmt":"2025-01-21T05:38:17","guid":{"rendered":"https:\/\/www.hydraulic-cylinders.net\/product\/arm-cylinder-for-bobcat-small-excavator-e324\/"},"modified":"2025-01-21T05:38:20","modified_gmt":"2025-01-21T05:38:20","slug":"arm-cylinder-for-bobcat-small-excavator-e324","status":"publish","type":"product","link":"https:\/\/www.hydraulic-cylinders.net\/sl\/izdelek\/arm-cylinder-for-bobcat-small-excavator-e324\/","title":{"rendered":"Ro\u010dica cilindra za Bobcat majhen bager E324"},"content":{"rendered":"<h2>Ro\u010dica cilindra za Bobcat majhen bager E324<\/h2>\n<h3>Uvod<\/h3>\n<p>Hidravli\u010dni valj roke je posebej zasnovan hidravli\u010dni valj, ki se uporablja predvsem za zagotavljanje linearnega gibanja in mo\u010di za razli\u010dne vrste opreme, kot so bagri, \u017eerjavi in \u200b\u200brobotske roke. Cilinder roke igra klju\u010dno vlogo v hidravli\u010dnih sistemih, saj omogo\u010da u\u010dinkovito premikanje in krmiljenje priklju\u010dkov ali dodatne opreme. Ti cilindri ne zagotavljajo le gladkega gibanja, temve\u010d lahko prenesejo tudi velike obremenitve, kar zagotavlja u\u010dinkovito delovanje in zanesljivost opreme v razli\u010dnih obratovalnih pogojih.<\/p>\n<p><img decoding=\"async\" src=\"https:\/\/www.hydraulic-cylinders.net\/wp-content\/uploads\/2025\/01\/songte-company-2.webp\" alt=\"Slika ro\u010dnega cilindra\"><\/p>\n<h3>Zna\u010dilnosti<\/h3>\n<ul>\n<li><strong>U\u010dinkovit prenos mo\u010di:<\/strong> Ro\u010dajni cilindri zagotavljajo mo\u010dno linearno gibanje in silo, kar zagotavlja visoko zmogljivost opreme pri razli\u010dnih operacijah.<\/li>\n<li><strong>Natan\u010den nadzor:<\/strong> S hidravli\u010dnim sistemom lahko cilindri roke dose\u017eejo natan\u010den nadzor gibanja, zaradi \u010desar so dodatne operacije bolj prilagodljive in natan\u010dne.<\/li>\n<li><strong>Mo\u010dna vzdr\u017eljivost:<\/strong> Ro\u010dajni cilindri so obi\u010dajno izdelani iz visoko trdnih materialov, ki imajo dobro odpornost proti obrabi in koroziji, primerni za dolgotrajno uporabo v te\u017ekih okoljih.<\/li>\n<li><strong>Ve\u010dnamenska prilagodljivost:<\/strong> Ti cilindri se lahko \u0161iroko uporabljajo v razli\u010dni mehanski opremi, kot so bagri, \u017eerjavi in \u200b\u200brobotske roke, za prilagoditev razli\u010dnim delovnim potrebam.<\/li>\n<li><strong>Enostavno vzdr\u017eevanje:<\/strong> Zasnova upo\u0161teva enostavno vzdr\u017eevanje in zamenjavo, zaradi \u010desar so redni pregledi in vzdr\u017eevanje bolj priro\u010dni ter skraj\u0161ajo \u010das izpada opreme.<\/li>\n<\/ul>\n<p>Na\u0161i izdelki lahko popolnoma nadomestijo te hidravli\u010dne cilindre.<\/p>\n<p><img decoding=\"async\" src=\"https:\/\/www.hydraulic-cylinders.net\/wp-content\/uploads\/2025\/01\/songte-oil-pipes-and-spare-parts.webp\" alt=\"Slika izdelka\"><\/p>\n<h3>Aplikacije<\/h3>\n<p>Ro\u010dne cilindre je mogo\u010de uporabljati v razli\u010dnih panogah in aplikacijah:<\/p>\n<ul>\n<li><strong>Gradbeni\u0161tvo:<\/strong> Uporablja se v bagrih in \u017eerjavih za nadzor gibanja \u017elic ali rok, izvajanje zemeljskih del, ravnanje z materiali in monta\u017eo konstrukcij.<\/li>\n<li><strong>Proizvodnja:<\/strong> Uporablja se v avtomatiziranih proizvodnih linijah za nadzor gibanja robotskih rok, izvajanje postopkov monta\u017ee, varjenja in rokovanja, izbolj\u0161anje u\u010dinkovitosti in natan\u010dnosti proizvodnje.<\/li>\n<li><strong>Kmetijska mehanizacija:<\/strong> Uporablja se v kmetijskih strojih, kot so \u017eetveni stroji in sejalnice, za nadzor gibanja delovnih rok, izvajanje setve, gnojenja in \u017eetve.<\/li>\n<li><strong>Rudarstvo:<\/strong> Uporablja se v rudarski opremi za nadzor gibanja rok rudarske opreme, izvajanje nalog pridobivanja in ravnanja z minerali.<\/li>\n<li><strong>Logistika in transport:<\/strong> Uporablja se v vili\u010darjih in robotih za upravljanje za nadzor dvigovanja in premikanja vilic, uresni\u010devanje ravnanja z materiali in zlaganja.<\/li>\n<\/ul>\n<h3>Oblikovalski vidiki in standardi izbire<\/h3>\n<p>Pri na\u010drtovanju cilindrov roke je treba upo\u0161tevati naslednje dejavnike:<\/p>\n<ul>\n<li><strong>Nosilnost:<\/strong> Ro\u010dni cilindri morajo imeti zadostno nosilnost, da zagotovijo stabilno in varno delovanje opreme v razli\u010dnih delovnih pogojih.<\/li>\n<li><strong>Tesnjenje:<\/strong> Za prepre\u010devanje pu\u0161\u010danja hidravli\u010dnega olja in zagotavljanje u\u010dinkovitega delovanja cilindra je treba uporabiti razli\u010dne tesnilne komponente, kot so tesnila bata in tesnila palice.<\/li>\n<li><strong>Vzdr\u017eljivost:<\/strong> Telo valja in navojna kon\u010dna povr\u0161ina morata biti natan\u010dno obdelana, da se izbolj\u0161a odpornost proti obrabi in koroziji, kar zagotavlja dolgotrajno uporabo v zahtevnih okoljih.<\/li>\n<li><strong>Varnost:<\/strong> Ro\u010dni cilindri morajo biti opremljeni z varnostnimi ventili in drugimi za\u0161\u010ditnimi napravami, da se prepre\u010di preobremenitev opreme in zagotovi varno delovanje.<\/li>\n<li><strong>Vzdr\u017eevanje:<\/strong> Ro\u010dajni cilindri morajo biti zasnovani za enostavno vzdr\u017eevanje in zamenjavo komponent, kar zmanj\u0161uje izpade opreme in stro\u0161ke vzdr\u017eevanja.<\/li>\n<\/ul>\n<p><img decoding=\"async\" src=\"https:\/\/www.hydraulic-cylinders.net\/wp-content\/uploads\/2025\/01\/songte-cylinder-head-with-all-kinds-excavator-models.webp\" alt=\"Slika oblikovalskih premislekov\"><\/p>\n<h3>Tesnjenje in mazanje<\/h3>\n<p>Za prepre\u010devanje pu\u0161\u010danja hidravli\u010dnega olja je treba uporabiti razli\u010dne tesnilne komponente, kot so tesnila bata, tesnila palic in tesnila brisalcev, tesnilne komponente pa morajo biti izdelane iz materialov, odpornih proti obrabi, kot sta poliuretan in nitrilna guma. Telo valja in navojna kon\u010dna povr\u0161ina morata biti natan\u010dno obdelana, da se izbolj\u0161a odpornost proti obrabi in koroziji. Za u\u010dinkovito delovanje je treba valj redno mazati s hidravli\u010dnim oljem.<\/p>\n<h3>Vzdr\u017eevanje in popravila<\/h3>\n<p>Redni pregledi in preventivno vzdr\u017eevanje lahko u\u010dinkovito zmanj\u0161ajo \u010das izpada opreme in stro\u0161ke vzdr\u017eevanja. Sprejeti je treba naslednje ukrepe:<\/p>\n<ul>\n<li>Redno preverjajte tesnila, palice in druge komponente valja ter jih po potrebi zamenjajte.<\/li>\n<li>Preverite, ali je hidravli\u010dnega olja dovolj, in ga redno menjajte.<\/li>\n<li>Preverite, ali jeklenka deluje normalno, in v primeru kakr\u0161nih koli nepravilnosti opravite popravila.<\/li>\n<\/ul>\n<p><img decoding=\"async\" src=\"https:\/\/www.hydraulic-cylinders.net\/wp-content\/uploads\/2025\/01\/songte-chushion-collar.webp\" alt=\"Vzdr\u017eevanje in popravilo slike\"><\/p>\n<h3>Navodila za namestitev<\/h3>\n<p>Za namestitev ro\u010dnega cilindra je treba izvesti naslednje korake:<\/p>\n<ol>\n<li>Preverite in o\u010distite dele namestitve ter se prepri\u010dajte, da so ravni in \u010disti.<\/li>\n<li>Namestite valj in privijte vijake z navedenim navorom.<\/li>\n<li>Priklju\u010dite cevi hidravli\u010dnega olja in se prepri\u010dajte, da so pravilno in varno priklju\u010dene.<\/li>\n<li>Preverite delovanje cilindra in se prepri\u010dajte, da deluje normalno.<\/li>\n<\/ol>\n<p><img decoding=\"async\" src=\"https:\/\/www.hydraulic-cylinders.net\/wp-content\/uploads\/2025\/01\/songte-bushings-with-all-kinds-of-excavator-models.webp\" alt=\"Slika namestitvenega vodnika\"><\/p>\n<h3>Varnostni vidiki in okoljski dejavniki<\/h3>\n<p>Pri uporabi ro\u010dnih cilindrov je treba upo\u0161tevati naslednje varnostne ukrepe:<\/p>\n<ul>\n<li>Uporabljajte valj znotraj dolo\u010denega obmo\u010dja nosilnosti, da se izognete preobremenitvi.<\/li>\n<li>Uporabljajte jeklenko z ustreznimi za\u0161\u010ditnimi napravami, da prepre\u010dite nesre\u010de zaradi okvare jeklenke.<\/li>\n<li>Upo\u0161tevajte navodila za uporabo in redno izvajajte vzdr\u017eevanje in popravila, da zagotovite varno delovanje.<\/li>\n<li>Rabljeno hidravli\u010dno olje in druge sorodne materiale pravilno zavrzite, da prepre\u010dite onesna\u017eevanje okolja.<\/li>\n<\/ul>\n<h3>Odpravljanje te\u017eav in pogoste te\u017eave<\/h3>\n<p>Pogoste te\u017eave in re\u0161itve za cilindre roke vklju\u010dujejo:<\/p>\n<ul>\n<li><strong>Pu\u0161\u010danje olja:<\/strong> To lahko povzro\u010dijo po\u0161kodovana tesnila ali praske na ohi\u0161ju valja ali povr\u0161ini batnice. Re\u0161itev je zamenjava tesnil ali popravilo po\u0161kodovane povr\u0161ine.<\/li>\n<li><strong>Nenavaden hrup:<\/strong> To je lahko posledica nepravilne monta\u017ee ali obrabe komponent, kot so batne palice in pu\u0161e. Re\u0161itev je ponovna monta\u017ea ali zamenjava obrabljenih komponent.<\/li>\n<li><strong>Po\u010dasno gibanje:<\/strong> To je lahko posledica nezadostne koli\u010dine hidravli\u010dnega olja ali po\u0161kodbe ohi\u0161ja valja ali povr\u0161ine batnice. Re\u0161itev je dolivanje hidravli\u010dnega olja ali popravilo po\u0161kodovane povr\u0161ine.<\/li>\n<\/ul>\n<p>Preventivni ukrepi vklju\u010dujejo redno vzdr\u017eevanje in preglede, zamenjavo po\u0161kodovanih komponent ter pravilno uporabo in delovanje za zmanj\u0161anje morebitnih te\u017eav.<\/p>\n<p><img decoding=\"async\" src=\"https:\/\/www.hydraulic-cylinders.net\/wp-content\/uploads\/2025\/01\/songte-company-4.webp\" alt=\"Slika predstavitve podjetja\"><br \/>\n<img decoding=\"async\" src=\"https:\/\/www.hydraulic-cylinders.net\/wp-content\/uploads\/2025\/01\/songte-company-3.webp\" alt=\"Slika predstavitve podjetja\"><\/p>\n<h3>O nas<\/h3>\n<p>Smo profesionalni proizvajalec nadomestnih hidravli\u010dnih cilindrov s \u0161iroko paleto izdelkov. Postali smo eden vodilnih proizvajalcev in veleprodajnih distributerjev hidravli\u010dnih cilindrov na doma\u010dem in mednarodnem trgu. Vedno se dr\u017eimo na\u010dela odli\u010dne kakovosti in se zana\u0161amo na industrializirane strategije upravljanja proizvodnje v sofisticiranih proizvodnih delavnicah, da bi nenehno izbolj\u0161evali na\u0161o tehni\u010dno raven in u\u010dinkovitost proizvodnje. Z uvajanjem vrhunske digitalne proizvodne opreme in profesionalnih sistemov testiranja nenehno optimiziramo proizvodno platformo, izbolj\u0161ujemo proces nadzora kakovosti izdelkov in imamo mo\u010dne inovacijske zmogljivosti. Na\u0161 cilj je zadovoljiti raznolike potrebe strank z na\u010deli u\u010dinkovitosti, natan\u010dnosti in visoke kakovosti.<\/p>\n<p>Na\u0161e podjetje ponuja prilagojene storitve, mednarodne certifikate, strokovno tehni\u010dno podporo, napredno proizvodno opremo in visokokakovostne poprodajne storitve, da strankam zagotovimo najbolj\u0161e izdelke in storitve.<\/p>\n<p>Avtor: lyl<\/p>","protected":false},"excerpt":{"rendered":"<p>Arm Cylinder For Bobcat Small Excavator E324 Introduction An arm cylinder is a specially designed hydraulic cylinder that is primarily used to provide linear motion and power for various types of equipment, such as excavators, cranes, and robotic arms. The arm cylinder plays a crucial role in hydraulic systems, allowing attachments or accessories to move [&hellip;]<\/p>","protected":false},"featured_media":14777,"comment_status":"open","ping_status":"closed","template":"","meta":{"_et_pb_use_builder":"","_et_pb_old_content":"","_et_gb_content_width":""},"product_brand":[],"product_cat":[1497],"product_tag":[1498,1496],"class_list":{"0":"post-16619","1":"product","2":"type-product","3":"status-publish","4":"has-post-thumbnail","6":"product_cat-arm-cylinders","7":"product_tag-arm-cylinders","8":"product_tag-hydraulic-cylinders","10":"first","11":"instock","12":"shipping-taxable","13":"product-type-simple"},"amp_enabled":true,"_links":{"self":[{"href":"https:\/\/www.hydraulic-cylinders.net\/sl\/wp-json\/wp\/v2\/product\/16619","targetHints":{"allow":["GET"]}}],"collection":[{"href":"https:\/\/www.hydraulic-cylinders.net\/sl\/wp-json\/wp\/v2\/product"}],"about":[{"href":"https:\/\/www.hydraulic-cylinders.net\/sl\/wp-json\/wp\/v2\/types\/product"}],"replies":[{"embeddable":true,"href":"https:\/\/www.hydraulic-cylinders.net\/sl\/wp-json\/wp\/v2\/comments?post=16619"}],"wp:featuredmedia":[{"embeddable":true,"href":"https:\/\/www.hydraulic-cylinders.net\/sl\/wp-json\/wp\/v2\/media\/14777"}],"wp:attachment":[{"href":"https:\/\/www.hydraulic-cylinders.net\/sl\/wp-json\/wp\/v2\/media?parent=16619"}],"wp:term":[{"taxonomy":"product_brand","embeddable":true,"href":"https:\/\/www.hydraulic-cylinders.net\/sl\/wp-json\/wp\/v2\/product_brand?post=16619"},{"taxonomy":"product_cat","embeddable":true,"href":"https:\/\/www.hydraulic-cylinders.net\/sl\/wp-json\/wp\/v2\/product_cat?post=16619"},{"taxonomy":"product_tag","embeddable":true,"href":"https:\/\/www.hydraulic-cylinders.net\/sl\/wp-json\/wp\/v2\/product_tag?post=16619"}],"curies":[{"name":"delovni list","href":"https:\/\/api.w.org\/{rel}","templated":true}]}}