{"id":16621,"date":"2025-01-21T05:38:26","date_gmt":"2025-01-21T05:38:26","guid":{"rendered":"https:\/\/www.hydraulic-cylinders.net\/product\/arm-cylinder-for-bobcat-small-excavator-e35i\/"},"modified":"2025-01-21T05:38:32","modified_gmt":"2025-01-21T05:38:32","slug":"arm-cylinder-for-bobcat-small-excavator-e35i","status":"publish","type":"product","link":"https:\/\/www.hydraulic-cylinders.net\/sl\/izdelek\/arm-cylinder-for-bobcat-small-excavator-e35i\/","title":{"rendered":"Ro\u010dica cilindra za Bobcat majhen bager E35i"},"content":{"rendered":"<h1>Ro\u010dica cilindra za Bobcat majhen bager E35i<\/h1>\n<h2>Uvod<\/h2>\n<h3>Dolo\u010danje ro\u010dnega cilindra<\/h3>\n<p>Hidravli\u010dni valj roke je specializiran hidravli\u010dni valj, ki se uporablja predvsem za zagotavljanje linearnega gibanja in mo\u010di rok razli\u010dnih vrst strojev, kot so bagri, \u017eerjavi in \u200b\u200brobotske roke. Cilinder roke igra klju\u010dno vlogo v hidravli\u010dnih sistemih, saj omogo\u010da u\u010dinkovito premikanje in krmiljenje dodatnih orodij ali priklju\u010dkov. Ti cilindri ne omogo\u010dajo le gladkih gibov, temve\u010d tudi prena\u0161ajo velike obremenitve, kar zagotavlja u\u010dinkovito delovanje in zanesljivost strojev v razli\u010dnih obratovalnih pogojih.<\/p>\n<p><img decoding=\"async\" src=\"https:\/\/www.hydraulic-cylinders.net\/wp-content\/uploads\/2025\/01\/songte-company-2.webp\" alt=\"Slika ro\u010dnega cilindra\"><\/p>\n<h3>Zna\u010dilnosti ro\u010dnega cilindra<\/h3>\n<ul>\n<li><strong>Visoko u\u010dinkovit pogon:<\/strong> Cilinder roke zagotavlja mo\u010dno linearno gibanje in silo, kar zagotavlja visoko u\u010dinkovitost delovanja robotske roke med razli\u010dnimi operacijami.<\/li>\n<li><strong>Natan\u010den nadzor:<\/strong> Hidravli\u010dni sistem omogo\u010da cilindru roke natan\u010den nadzor gibanja, zaradi \u010desar je delovanje dodatnih orodij bolj prilagodljivo in natan\u010dno.<\/li>\n<li><strong>Mo\u010dna vzdr\u017eljivost:<\/strong> Ro\u010dajni cilindri so obi\u010dajno izdelani iz visoko trdnih materialov, z dobro odpornostjo proti obrabi in koroziji, zaradi \u010desar so primerni za dolgotrajno uporabo v zahtevnih okoljih.<\/li>\n<li><strong>Ve\u010dnamenska prilagodljivost:<\/strong> Ti cilindri se lahko \u0161iroko uporabljajo v razli\u010dni mehanski opremi, kot so bagri, \u017eerjavi in \u200b\u200brobotske roke, ter se prilagajajo razli\u010dnim delovnim zahtevam.<\/li>\n<li><strong>Enostavno vzdr\u017eevanje:<\/strong> Zasnova cilindra roke upo\u0161teva enostavno vzdr\u017eevanje in zamenjavo, zaradi \u010desar so redni pregledi in vzdr\u017eevanje bolj priro\u010dni ter se skraj\u0161a \u010das izpada opreme.<\/li>\n<\/ul>\n<p>Na\u0161i izdelki lahko odli\u010dno nadomestijo te hidravli\u010dne cilindre. Oglejte si na\u0161o \u0161iroko ponudbo izdelkov in rezervnih delov na <a href=\"https:\/\/www.hydraulic-cylinders.net\/wp-content\/uploads\/2025\/01\/songte-oil-pipes-and-spare-parts.webp\">https:\/\/www.hydraulic-cylinders.net\/<\/a><\/p>\n<h3>Uporaba ro\u010dnega cilindra<\/h3>\n<p>Rokavni valj ima razli\u010dne uporabe v razli\u010dnih panogah:<\/p>\n<ul>\n<li><strong>Gradbeni\u0161tvo:<\/strong> Pri bagrih in \u017eerjavih se valj roke uporablja za nadzor gibanja \u017elic ali rok ter za izvajanje zemeljskih del, ravnanja z materiali in monta\u017ee konstrukcij.<\/li>\n<li><strong>Proizvodnja:<\/strong> V avtomatiziranih proizvodnih linijah se valj roke uporablja za premikanje robotskih rok in izvajanje postopkov monta\u017ee, varjenja in rokovanja, kar pove\u010duje u\u010dinkovitost in natan\u010dnost proizvodnje.<\/li>\n<li><strong>Kmetijska mehanizacija:<\/strong> V kmetijskih strojih, kot so kombajni in sejalnice, cilinder roke nadzoruje gibanje delovne roke in izvaja naloge, kot so sajenje, gnojenje in \u017eetev.<\/li>\n<li><strong>Rudarstvo:<\/strong> V rudarski opremi se valj roke uporablja za nadzor gibanja roke rudarske opreme, izkopavanje in ravnanje z rudo.<\/li>\n<li><strong>Logistika in transport:<\/strong> Pri vili\u010darjih in robotih za ravnanje se valj roke uporablja za nadzor dvigovanja in premikanja tovornih vilic, s \u010dimer se dose\u017ee ravnanje z materiali in zlaganje.<\/li>\n<\/ul>\n<h2>Oblikovalski vidiki in izbirna merila<\/h2>\n<h3>Nosilnost<\/h3>\n<p>Ro\u010dni valj mora biti sposoben u\u010dinkovito podpirati obremenitev dodatnih orodij ali priklju\u010dkov. Zato je nosilnost klju\u010dni dejavnik pri na\u010drtovanju za proizvajalce ro\u010dnih valjev.<\/p>\n<h3>Tesnjenje<\/h3>\n<p>Hidravli\u010dni sistem je odvisen od ustreznega tesnjenja cilindra roke, da se prepre\u010di pu\u0161\u010danje hidravli\u010dne teko\u010dine. Zato proizvajalci uporabljajo visokokakovostne tesnilne komponente, kot so tesnila bata in ojnice, izdelane iz materialov, odpornih proti obrabi, kot sta poliuretan in nitrilna guma, da zagotovijo u\u010dinkovito tesnjenje.<\/p>\n<h3>Vzdr\u017eljivost<\/h3>\n<p>Ro\u010dajni valj mora prenesti te\u017eke obratovalne pogoje, vklju\u010dno s korozijo in abrazijo, ne da bi pri tem zmanj\u0161al svojo zmogljivost. Zato proizvajalci uporabljajo visoko trdne materiale, kot sta legirano jeklo in kaljeno jeklo, da zagotovijo visoko vzdr\u017eljivost.<\/p>\n<h3>Varnost<\/h3>\n<p>Pri na\u010drtovanju cilindrov z roko je varnost najpomembnej\u0161a. Proizvajalci zagotavljajo, da cilindri z roko izpolnjujejo industrijske varnostne standarde in vklju\u010dujejo funkcije, kot so tla\u010dni varnostni ventili in senzorji polo\u017eaja, da se zagotovi varno delovanje.<\/p>\n<h3>Vzdr\u017eevanje<\/h3>\n<p>Proizvajalci oblikujejo cilindre roke za enostavno vzdr\u017eevanje in popravilo. Sestavni deli cilindra roke, kot so palica, bat in tesnila, morajo biti enostavno zamenljivi. Proizvajalci za svoje izdelke zagotavljajo tudi podrobna navodila za vzdr\u017eevanje in popravilo.<\/p>\n<p><img decoding=\"async\" src=\"https:\/\/www.hydraulic-cylinders.net\/wp-content\/uploads\/2025\/01\/songte-cylinder-head-with-all-kinds-excavator-models.webp\" alt=\"Slika zasnove ro\u010dnega cilindra\"><\/p>\n<h2>Tesnjenje in mazanje<\/h2>\n<p>Proizvajalci uporabljajo razli\u010dne tesnilne komponente za zagotovitev u\u010dinkovitega tesnjenja cilindrov roke. Te komponente vklju\u010dujejo tesnila bata, tesnila ojnic in brisalce. Povr\u0161ine glave cilindra, ojnice in tesnila so fino obdelane za izbolj\u0161anje odpornosti proti obrabi. Poleg tega je redno mazanje s hidravli\u010dnim oljem klju\u010dnega pomena za zagotovitev nemotenega delovanja cilindra roke.<\/p>\n<h2>Preventivno vzdr\u017eevanje in odpravljanje te\u017eav<\/h2>\n<p>Preventivno vzdr\u017eevanje in odpravljanje te\u017eav z valji roke sta bistvenega pomena za zagotovitev optimalnega delovanja. Redno vzdr\u017eevanje vklju\u010duje preverjanje pu\u0161\u010danja, obrabe in po\u0161kodb valja in njegovih sestavnih delov. Odpravljanje te\u017eav vklju\u010duje prepoznavanje in odpravljanje te\u017eav, kot so pu\u0161\u010danje, nezadostna mo\u010d in po\u0161kodbe valja. Proizvajalci ponujajo nasvete in re\u0161itve za odpravljanje te\u017eav, ki strankam pomagajo u\u010dinkovito diagnosticirati in re\u0161evati te\u017eave.<\/p>\n<p><img decoding=\"async\" src=\"https:\/\/www.hydraulic-cylinders.net\/wp-content\/uploads\/2025\/01\/songte-chushion-collar.webp\" alt=\"Slika vzdr\u017eevanja ro\u010dnega cilindra\"><\/p>\n<h2>Navodila za namestitev<\/h2>\n<p>Pravilna namestitev cilindrov roke je klju\u010dnega pomena za zagotovitev optimalnega delovanja. Namestitev vklju\u010duje odstranitev starega cilindra, namestitev novega cilindra, priklju\u010ditev hidravli\u010dnih cevi in \u200b\u200bpreizkus delovanja cilindra. Proizvajalci zagotavljajo podrobna navodila za namestitev, da se zagotovi pravilna namestitev.<\/p>\n<p><img decoding=\"async\" src=\"https:\/\/www.hydraulic-cylinders.net\/wp-content\/uploads\/2025\/01\/songte-bushings-with-all-kinds-of-excavator-models.webp\" alt=\"Slika namestitve ro\u010dice cilindra\"><\/p>\n<h2>Varnostni in okoljski vidiki<\/h2>\n<p>Varnost je pomemben dejavnik pri na\u010drtovanju in uporabi cilindri\u010dnih valjev. Uporabniki morajo zagotoviti, da se valj uporablja za predvideni namen in v varnem okolju. Okoljski dejavniki, kot sta temperatura in vla\u017enost, lahko vplivajo tudi na delovanje cilindri\u010dnih valjev. Proizvajalci svoje izdelke oblikujejo tako, da so odporni na razli\u010dne okoljske dejavnike, in zagotavljajo smernice za varno in u\u010dinkovito uporabo.<\/p>\n<h2>O na\u0161em podjetju<\/h2>\n<p>Smo profesionalni proizvajalec nadomestnih hidravli\u010dnih cilindrov in ponujamo \u0161iroko paleto izdelkov, zaradi katerih smo postali eden vodilnih proizvajalcev in veleprodajnih distributerjev hidravli\u010dnih cilindrov na doma\u010dem in mednarodnem trgu. Vedno se dr\u017eimo na\u010dela odli\u010dne kakovosti in se zana\u0161amo na strategijo upravljanja industrijske proizvodnje v fini proizvodni delavnici, da bi nenehno izbolj\u0161evali na\u0161o tehnologijo in u\u010dinkovitost proizvodnje. Imamo mo\u010dno inovacijsko zmogljivost in smo uvedli vrhunsko digitalno proizvodno opremo ter profesionalne testne sisteme za optimizacijo na\u0161e proizvodne platforme in izbolj\u0161anje procesov nadzora kakovosti izdelkov. Na\u0161 cilj je zadovoljiti raznolike potrebe na\u0161ih strank z visoko u\u010dinkovitostjo, natan\u010dnostjo in visokokakovostnimi na\u010deli.<\/p>\n<p>Ponujamo profesionalne storitve, mednarodne certifikate, storitve po meri, napredno proizvodno opremo in odli\u010dne poprodajne storitve. Obi\u0161\u010dite na\u0161o spletno stran na <a href=\"https:\/\/www.hydraulic-cylinders.net\/sl\/\">https:\/\/www.hydraulic-cylinders.net\/<\/a><\/p>\n<p><img decoding=\"async\" src=\"https:\/\/www.hydraulic-cylinders.net\/wp-content\/uploads\/2025\/01\/songte-company-4.webp\" alt=\"Slika podjetja 1\"><\/p>\n<p><img decoding=\"async\" src=\"https:\/\/www.hydraulic-cylinders.net\/wp-content\/uploads\/2025\/01\/songte-company-3.webp\" alt=\"Slika podjetja 2\"><\/p>\n<p>Avtor: lyl<\/p>","protected":false},"excerpt":{"rendered":"<p>Arm Cylinder For Bobcat Small Excavator E35i Introduction Defining Arm Cylinder The arm cylinder is a specialized hydraulic cylinder used primarily to provide linear motion and power to the arms of various types of machinery such as excavators, cranes, and robotic arms. The arm cylinder plays a crucial role in hydraulic systems, enabling additional tools [&hellip;]<\/p>","protected":false},"featured_media":14772,"comment_status":"open","ping_status":"closed","template":"","meta":{"_et_pb_use_builder":"","_et_pb_old_content":"","_et_gb_content_width":""},"product_brand":[],"product_cat":[1497],"product_tag":[1498,1496],"class_list":{"0":"post-16621","1":"product","2":"type-product","3":"status-publish","4":"has-post-thumbnail","6":"product_cat-arm-cylinders","7":"product_tag-arm-cylinders","8":"product_tag-hydraulic-cylinders","10":"first","11":"instock","12":"shipping-taxable","13":"product-type-simple"},"amp_enabled":true,"_links":{"self":[{"href":"https:\/\/www.hydraulic-cylinders.net\/sl\/wp-json\/wp\/v2\/product\/16621","targetHints":{"allow":["GET"]}}],"collection":[{"href":"https:\/\/www.hydraulic-cylinders.net\/sl\/wp-json\/wp\/v2\/product"}],"about":[{"href":"https:\/\/www.hydraulic-cylinders.net\/sl\/wp-json\/wp\/v2\/types\/product"}],"replies":[{"embeddable":true,"href":"https:\/\/www.hydraulic-cylinders.net\/sl\/wp-json\/wp\/v2\/comments?post=16621"}],"wp:featuredmedia":[{"embeddable":true,"href":"https:\/\/www.hydraulic-cylinders.net\/sl\/wp-json\/wp\/v2\/media\/14772"}],"wp:attachment":[{"href":"https:\/\/www.hydraulic-cylinders.net\/sl\/wp-json\/wp\/v2\/media?parent=16621"}],"wp:term":[{"taxonomy":"product_brand","embeddable":true,"href":"https:\/\/www.hydraulic-cylinders.net\/sl\/wp-json\/wp\/v2\/product_brand?post=16621"},{"taxonomy":"product_cat","embeddable":true,"href":"https:\/\/www.hydraulic-cylinders.net\/sl\/wp-json\/wp\/v2\/product_cat?post=16621"},{"taxonomy":"product_tag","embeddable":true,"href":"https:\/\/www.hydraulic-cylinders.net\/sl\/wp-json\/wp\/v2\/product_tag?post=16621"}],"curies":[{"name":"delovni list","href":"https:\/\/api.w.org\/{rel}","templated":true}]}}