{"id":16622,"date":"2025-01-21T05:38:33","date_gmt":"2025-01-21T05:38:33","guid":{"rendered":"https:\/\/www.hydraulic-cylinders.net\/product\/arm-cylinder-for-bobcat-small-excavator-e45\/"},"modified":"2025-01-21T05:38:35","modified_gmt":"2025-01-21T05:38:35","slug":"arm-cylinder-for-bobcat-small-excavator-e45","status":"publish","type":"product","link":"https:\/\/www.hydraulic-cylinders.net\/sl\/izdelek\/arm-cylinder-for-bobcat-small-excavator-e45\/","title":{"rendered":"Ro\u010dica cilindra za Bobcat majhen bager E45"},"content":{"rendered":"<h2>Ro\u010dica cilindra za Bobcat majhen bager E45<\/h2>\n<h3>Definicija in razlaga<\/h3>\n<p>Hidravli\u010dni valj roke je posebej zasnovan hidravli\u010dni valj, ki se uporablja predvsem za zagotavljanje linearnega gibanja in mo\u010di rok razli\u010dnih vrst strojev, kot so bagri, \u017eerjavi in \u200b\u200brobotske roke. Cilindri roke igrajo klju\u010dno vlogo v hidravli\u010dnih sistemih, saj omogo\u010dajo u\u010dinkovito gibanje in nadzor nad priklju\u010dnim orodjem ali dodatki. Ti cilindri ne zagotavljajo le gladkega gibanja, temve\u010d tudi prenesejo velike obremenitve, kar zagotavlja u\u010dinkovito delovanje in zanesljivost strojev v razli\u010dnih obratovalnih pogojih.<\/p>\n<p><img decoding=\"async\" src=\"https:\/\/www.hydraulic-cylinders.net\/wp-content\/uploads\/2025\/01\/songte-company-2.webp\"><\/p>\n<h3>Zna\u010dilnosti<\/h3>\n<ul>\n<li>Visoko u\u010dinkovita vo\u017enja<\/li>\n<li>Natan\u010den nadzor<\/li>\n<li>Trpe\u017eno<\/li>\n<li>Ve\u010dnamenska prilagodljivost<\/li>\n<li>Enostavno vzdr\u017eevanje<\/li>\n<\/ul>\n<p>Cilindri roke zagotavljajo mo\u010dno linearno gibanje in silo, kar zagotavlja visoko u\u010dinkovitost pri razli\u010dnih operacijah. Hidravli\u010dni sistemi omogo\u010dajo natan\u010den nadzor gibanja, zaradi \u010desar je delovanje priklju\u010dnih orodij bolj fleksibilno in natan\u010dno. Cilindri roke so obi\u010dajno izdelani iz visoko trdnih materialov, imajo dobro odpornost proti obrabi in koroziji ter so primerni za dolgotrajno uporabo v te\u017ekih okoljih. Ti cilindri imajo \u0161iroko paleto uporab, vklju\u010dno z bagri, \u017eerjavi in \u200b\u200brobotskimi rokami. Njihova zasnova omogo\u010da enostavno vzdr\u017eevanje in zamenjavo, kar zmanj\u0161uje \u010das izpada opreme.<\/p>\n<p><img decoding=\"async\" src=\"https:\/\/www.hydraulic-cylinders.net\/wp-content\/uploads\/2025\/01\/songte-oil-pipes-and-spare-parts.webp\"><\/p>\n<h3>Aplikacije<\/h3>\n<p>Ro\u010dni cilindri imajo \u0161iroko paleto uporabe v razli\u010dnih panogah, vklju\u010dno z:<\/p>\n<ul>\n<li>Gradbeni\u0161tvo<\/li>\n<li>Proizvodnja<\/li>\n<li>Kmetijska mehanizacija<\/li>\n<li>Rudarstvo<\/li>\n<li>Logistika in transport<\/li>\n<\/ul>\n<p>V gradbeni\u0161tvu se cilindri rok uporabljajo za krmiljenje gibanja \u017elic ali rok na bagrih in \u017eerjavih, pri izvajanju zemeljskih del, ravnanja z materiali in konstrukcijskih monta\u017enih del. V proizvodnji se cilindri rok uporabljajo za gibanje robotskih rok pri monta\u017ei, varjenju in ravnanju, da se izbolj\u0161a u\u010dinkovitost in natan\u010dnost proizvodnje. V kmetijski mehanizaciji cilindri rok nadzorujejo gibanje operativnih rok pri nalogah, kot so setev, gnojenje in \u017eetev. V rudarstvu se cilindri rok uporabljajo za krmiljenje gibanja rok rudarske opreme za pridobivanje in ravnanje z rudo. V logistiki in transportu se cilindri rok uporabljajo za krmiljenje dvigovanja in premikanja tovornih vilic v vili\u010darjih in robotih za ravnanje z materiali in zlaganje.<\/p>\n<h3>Oblikovalski vidiki in izbirna merila<\/h3>\n<p>Kar zadeva konstrukcijske vidike, morajo imeti cilindri roke naslednje zna\u010dilnosti:<\/p>\n<ul>\n<li>Nosilnost<\/li>\n<li>Tesnilna zmogljivost<\/li>\n<li>Vzdr\u017eljivost<\/li>\n<li>Varnost<\/li>\n<li>Vzdr\u017eevanje<\/li>\n<\/ul>\n<p>Valji roke morajo biti sposobni prenesti najve\u010djo obremenitev opreme in priklju\u010dkov. Tesnilna zmogljivost valja roke neposredno vpliva na zanesljivost in \u017eivljenjsko dobo hidravli\u010dnega sistema. Vzdr\u017eljivost valja je bistvenega pomena za zagotovitev \u017eivljenjske dobe valja in varnega delovanja opreme. Varna zasnova valja roke zagotavlja varno delovanje opreme in \u0161\u010diti upravljavca. Vzdr\u017eevanje valja roke omogo\u010da la\u017eje vzdr\u017eevanje in zamenjavo, kar zmanj\u0161uje \u010das izpada opreme.<\/p>\n<p><img decoding=\"async\" src=\"https:\/\/www.hydraulic-cylinders.net\/wp-content\/uploads\/2025\/01\/songte-cylinder-head-with-all-kinds-excavator-models.webp\"><\/p>\n<h3>Tesnjenje in mazanje<\/h3>\n<p>Valji rok uporabljajo razli\u010dne tesnilne elemente, kot so tesnila bata, tesnila palic in brisalci. Tesnila so izdelana iz materialov, odpornih proti obrabi, kot sta poliuretan in nitrilna guma. Telo valja in navojna kon\u010dna povr\u0161ina sta fino obdelana za izbolj\u0161anje odpornosti proti obrabi. Valji rok zahtevajo redno mazanje s hidravli\u010dnim oljem, da se zagotovi nemoteno delovanje in podalj\u0161a \u017eivljenjska doba.<\/p>\n<h3>Preventivno vzdr\u017eevanje<\/h3>\n<p>Redni pregledi in preventivno vzdr\u017eevanje so klju\u010dnega pomena za podalj\u0161anje \u017eivljenjske dobe cilindra roke ter zagotavljanje varnega in u\u010dinkovitega delovanja opreme. Redni pregledi morajo vklju\u010devati preverjanje morebitnih po\u0161kodb ohi\u0161ja cilindra, batnice in tesnil. Preveriti je treba pu\u0161\u010danje hidravli\u010dnega sistema ter nivo in kakovost olja. Redno je treba preverjati tudi obratovalne pogoje opreme, da se ugotovijo morebitne te\u017eave.<\/p>\n<h3>Navodila za namestitev<\/h3>\n<p>Pravilna namestitev cilindra roke je bistvenega pomena za zagotovitev varnega in u\u010dinkovitega delovanja. Postopek namestitve je treba izvesti v skladu z navodili proizvajalca opreme, vse povezave pa morajo biti tesno pritrjene. Hidravli\u010dne cevi in \u200b\u200bpriklju\u010dki morajo biti pravilno priklju\u010deni, hidravli\u010dni sistem pa je treba pred zagonom odzra\u010diti. Batnico cilindra roke je treba med prevozom in namestitvijo umakniti, da se prepre\u010di po\u0161kodba.<\/p>\n<p><img decoding=\"async\" src=\"https:\/\/www.hydraulic-cylinders.net\/wp-content\/uploads\/2025\/01\/songte-bushings-with-all-kinds-of-excavator-models.webp\"><\/p>\n<h3>Varnostni vidiki in okoljski dejavniki<\/h3>\n<p>Pri uporabi ro\u010dnega cilindra je treba opremo upravljati v skladu z navodili proizvajalca in varnostnimi smernicami. Upravljavec opreme mora biti ustrezno usposobljen in se zavedati morebitnih nevarnosti med delovanjem. Med delovanjem je treba nositi ustrezno za\u0161\u010ditno opremo, kot so za\u0161\u010ditna o\u010dala in rokavice. Med delovanjem je treba upo\u0161tevati tudi okoljske dejavnike, kot so temperatura, vla\u017enost in prah, saj lahko vplivajo na delovanje in \u017eivljenjsko dobo cilindra.<\/p>\n<h3>Odpravljanje te\u017eav in pogoste te\u017eave<\/h3>\n<p>Pogoste te\u017eave z cilindri roke vklju\u010dujejo pu\u0161\u010danje, nezadostno silo in nenavaden hrup. Vzrok te\u017eave je treba ugotoviti s skrbnim pregledom hidravli\u010dnega sistema ali opreme. Re\u0161itve lahko vklju\u010dujejo zamenjavo po\u0161kodovanih tesnil, \u010di\u0161\u010denje ali zamenjavo filtra ali prilagajanje tlaka hidravli\u010dnega sistema. Redno vzdr\u017eevanje in pregledi lahko pomagajo prepre\u010diti morebitne te\u017eave.<\/p>\n<p><img decoding=\"async\" src=\"https:\/\/www.hydraulic-cylinders.net\/wp-content\/uploads\/2025\/01\/songte-chushion-collar.webp\"><\/p>\n<h3>O nas<\/h3>\n<p>Smo profesionalni proizvajalec hidravli\u010dnih cilindrov s \u0161iroko paleto izdelkov, zaradi \u010desar smo eden vodilnih proizvajalcev in veleprodajnih distributerjev hidravli\u010dnih cilindrov na doma\u010dem in mednarodnem trgu. Vedno se dr\u017eimo na\u010dela odli\u010dne kakovosti in se zana\u0161amo na strategije industrijskega upravljanja proizvodnje v natan\u010dno izdelanih delavnicah, da bi nenehno izbolj\u0161evali na\u0161o tehnolo\u0161ko raven in u\u010dinkovitost proizvodnje. Z uvedbo napredne digitalne proizvodne opreme in profesionalnih sistemov testiranja optimiziramo proizvodno platformo, izbolj\u0161ujemo procese nadzora kakovosti izdelkov in imamo mo\u010dne inovacijske zmogljivosti. Na\u0161 cilj je zadovoljiti raznolike potrebe strank z visoko u\u010dinkovitostjo, natan\u010dnostjo in visokokakovostnimi na\u010deli.<\/p>\n<p>Na\u0161e podjetje ponuja prilagojene hidravli\u010dne cilindre, mednarodno certificiranje, proizvodno opremo in odli\u010dno poprodajno storitev.<\/p>\n<p><img decoding=\"async\" src=\"https:\/\/www.hydraulic-cylinders.net\/wp-content\/uploads\/2025\/01\/songte-company-4.webp\"><br \/>\n<img decoding=\"async\" src=\"https:\/\/www.hydraulic-cylinders.net\/wp-content\/uploads\/2025\/01\/songte-company-3.webp\"><\/p>\n<p>Avtor: lyl<\/p>","protected":false},"excerpt":{"rendered":"<p>Arm Cylinder for Bobcat Small Excavator E45 Definition and Explanation An arm cylinder is a specifically designed hydraulic cylinder that is primarily used to provide linear motion and power to the arms of various types of machinery such as excavators, cranes, and robotic arms. Arm cylinders play a key role in hydraulic systems, allowing for [&hellip;]<\/p>","protected":false},"featured_media":14770,"comment_status":"open","ping_status":"closed","template":"","meta":{"_et_pb_use_builder":"","_et_pb_old_content":"","_et_gb_content_width":""},"product_brand":[],"product_cat":[1497],"product_tag":[1498,1496],"class_list":{"0":"post-16622","1":"product","2":"type-product","3":"status-publish","4":"has-post-thumbnail","6":"product_cat-arm-cylinders","7":"product_tag-arm-cylinders","8":"product_tag-hydraulic-cylinders","10":"first","11":"instock","12":"shipping-taxable","13":"product-type-simple"},"amp_enabled":true,"_links":{"self":[{"href":"https:\/\/www.hydraulic-cylinders.net\/sl\/wp-json\/wp\/v2\/product\/16622","targetHints":{"allow":["GET"]}}],"collection":[{"href":"https:\/\/www.hydraulic-cylinders.net\/sl\/wp-json\/wp\/v2\/product"}],"about":[{"href":"https:\/\/www.hydraulic-cylinders.net\/sl\/wp-json\/wp\/v2\/types\/product"}],"replies":[{"embeddable":true,"href":"https:\/\/www.hydraulic-cylinders.net\/sl\/wp-json\/wp\/v2\/comments?post=16622"}],"wp:featuredmedia":[{"embeddable":true,"href":"https:\/\/www.hydraulic-cylinders.net\/sl\/wp-json\/wp\/v2\/media\/14770"}],"wp:attachment":[{"href":"https:\/\/www.hydraulic-cylinders.net\/sl\/wp-json\/wp\/v2\/media?parent=16622"}],"wp:term":[{"taxonomy":"product_brand","embeddable":true,"href":"https:\/\/www.hydraulic-cylinders.net\/sl\/wp-json\/wp\/v2\/product_brand?post=16622"},{"taxonomy":"product_cat","embeddable":true,"href":"https:\/\/www.hydraulic-cylinders.net\/sl\/wp-json\/wp\/v2\/product_cat?post=16622"},{"taxonomy":"product_tag","embeddable":true,"href":"https:\/\/www.hydraulic-cylinders.net\/sl\/wp-json\/wp\/v2\/product_tag?post=16622"}],"curies":[{"name":"delovni list","href":"https:\/\/api.w.org\/{rel}","templated":true}]}}