{"id":16637,"date":"2025-01-21T05:39:35","date_gmt":"2025-01-21T05:39:35","guid":{"rendered":"https:\/\/www.hydraulic-cylinders.net\/product\/arm-cylinder-for-takeuchi-small-excavator-tb20r\/"},"modified":"2025-01-21T05:39:37","modified_gmt":"2025-01-21T05:39:37","slug":"arm-cylinder-for-takeuchi-small-excavator-tb20r","status":"publish","type":"product","link":"https:\/\/www.hydraulic-cylinders.net\/sl\/izdelek\/arm-cylinder-for-takeuchi-small-excavator-tb20r\/","title":{"rendered":"Ro\u010dica cilindra za majhen bager Takeuchi TB20R"},"content":{"rendered":"<h2>Ro\u010dica cilindra za majhen bager Takeuchi TB20R<\/h2>\n<h3>Definicija in razlaga<\/h3>\n<p>Hidravli\u010dni valj roke je vrsta specializiranega hidravli\u010dnega cilindra, zasnovanega predvsem za zagotavljanje linearnega gibanja in mo\u010di rok razli\u010dnih vrst strojev, kot so bagri, \u017eerjavi in \u200b\u200brobotske roke. Hidravli\u010dni valj roke igra klju\u010dno vlogo v hidravli\u010dnih sistemih, saj omogo\u010da u\u010dinkovito premikanje in krmiljenje priklju\u010dkov ali dodatne opreme. Ti cilindri ne zagotavljajo le gladkega gibanja, temve\u010d tudi prenesejo velike obremenitve, kar zagotavlja u\u010dinkovito delovanje in zanesljivost strojev v razli\u010dnih obratovalnih pogojih.<\/p>\n<p><img decoding=\"async\" src=\"https:\/\/www.hydraulic-cylinders.net\/wp-content\/uploads\/2025\/01\/songte-company-2.webp\"><\/p>\n<h3>Zna\u010dilnosti izdelka<\/h3>\n<ul>\n<li>U\u010dinkovit prenos mo\u010di: Valj roke zagotavlja mo\u010dno linearno gibanje in silo, kar zagotavlja visoko u\u010dinkovitost delovanja roke stroja pri razli\u010dnih operacijah.<\/li>\n<li>Natan\u010den nadzor: S hidravli\u010dnimi sistemi lahko cilindri roke dose\u017eejo natan\u010den nadzor gibanja, zaradi \u010desar je delovanje priklju\u010dkov bolj prilagodljivo in natan\u010dno.<\/li>\n<li>Mo\u010dna vzdr\u017eljivost: Ro\u010dajni cilindri so obi\u010dajno izdelani iz visoko trdnih materialov z dobro odpornostjo proti obrabi in koroziji, primerni za dolgotrajno uporabo v te\u017ekih okoljih.<\/li>\n<li>Ve\u010dnamenska prilagodljivost: Ti cilindri se lahko \u0161iroko uporabljajo v razli\u010dnih vrstah strojev, kot so bagri, \u017eerjavi in \u200b\u200brobotske roke, ter se prilagajajo razli\u010dnim delovnim zahtevam.<\/li>\n<li>Enostavno vzdr\u017eevanje: Zasnova upo\u0161teva enostavno vzdr\u017eevanje in zamenjavo, zaradi \u010desar so redni pregledi in vzdr\u017eevanje bolj priro\u010dni ter skraj\u0161ajo \u010das izpada opreme.<\/li>\n<\/ul>\n<p>Ta izdelek lahko izdelamo in na\u0161 izdelek lahko popolnoma nadomesti te hidravli\u010dne cilindre.<\/p>\n<p><img decoding=\"async\" src=\"https:\/\/www.hydraulic-cylinders.net\/wp-content\/uploads\/2025\/01\/songte-oil-pipes-and-spare-parts.webp\"><\/p>\n<h3>Aplikacije<\/h3>\n<p>Ro\u010dni cilindri se pogosto uporabljajo v razli\u010dnih panogah in aplikacijah, kot so:<\/p>\n<ul>\n<li>Gradbeni\u0161tvo: Ro\u010dni cilindri se uporabljajo v bagrih in \u017eerjavih za nadzor gibanja \u017elic ali rok pri zemeljskih delih, ravnanju z materiali in konstrukcijski monta\u017ei.<\/li>\n<li>Proizvodna industrija: Ro\u010dni cilindri se uporabljajo v avtomatiziranih proizvodnih linijah za nadzor gibanja robotskih rok pri monta\u017ei, varjenju in ravnanju z materiali, kar izbolj\u0161uje u\u010dinkovitost in natan\u010dnost proizvodnje.<\/li>\n<li>Kmetijska mehanizacija: Valji rok se uporabljajo v kmetijski mehanizaciji, kot so \u017eetveni stroji in sejalniki, za nadzor gibanja delovnih rok za setev, gnojenje in \u017eetev.<\/li>\n<li>Rudarska industrija: Cilindri roke se uporabljajo v rudarski opremi za nadzor gibanja roke pri rudarskih opravilih in ravnanju z materiali.<\/li>\n<li>Logistika in transport: Ro\u010dni cilindri se uporabljajo v vili\u010darjih in robotih za upravljanje za nadzor gibanja vilic za ravnanje z materiali in zlaganje.<\/li>\n<\/ul>\n<h3>Merila za na\u010drtovanje in izbor<\/h3>\n<p>Pri na\u010drtovanju in izbiri cilindrov roke je treba upo\u0161tevati ve\u010d klju\u010dnih dejavnikov:<\/p>\n<ul>\n<li>Nosilnost: Valji roke morajo biti zasnovani tako, da podpirajo te\u017eo in silo roke stroja in vseh pritrjenih priklju\u010dkov ali dodatkov.<\/li>\n<li>Tesnjenje: Valji roke morajo biti opremljeni z razli\u010dnimi tesnilnimi komponentami, kot so tesnila bata in tesnila palic, da se prepre\u010di pu\u0161\u010danje teko\u010dine in ohrani tlak.<\/li>\n<li>Vzdr\u017eljivost: Valji rok morajo biti izdelani iz materialov z visoko odpornostjo proti obrabi in koroziji, da se zagotovi dolgotrajna uporaba v zahtevnih okoljih.<\/li>\n<li>Varnost: Ro\u010dni cilindri morajo biti zasnovani z varnostnimi elementi, kot so tla\u010dni varnostni ventili in razpo\u010dne membrane, da se prepre\u010dijo nesre\u010de.<\/li>\n<li>Vzdr\u017eevanje: Valji roke morajo biti zasnovani za enostavno vzdr\u017eevanje in popravilo, kot sta enostaven dostop do komponent in enostavna zamenjava tesnil.<\/li>\n<\/ul>\n<p><img decoding=\"async\" src=\"https:\/\/www.hydraulic-cylinders.net\/wp-content\/uploads\/2025\/01\/songte-cylinder-head-with-all-kinds-excavator-models.webp\"><\/p>\n<h3>Tesnjenje in mazanje<\/h3>\n<p>Ro\u010dajni cilindri uporabljajo razli\u010dne tesnilne komponente, kot so tesnila bata in tesnila palic, ki so izdelana iz materialov, odpornih proti obrabi, kot sta poliuretan in nitrilna guma. Telo cilindra in povr\u0161ina navojnega konca sta fino obdelana za izbolj\u0161anje odpornosti proti obrabi. Za nemoteno delovanje in prepre\u010devanje obrabe ter korozije je potrebno redno mazanje z ustrezno koli\u010dino hidravli\u010dnega olja.<\/p>\n<h3>Vzdr\u017eevanje in preventivni ukrepi<\/h3>\n<p>Za zagotovitev dolgoro\u010dnega in u\u010dinkovitega delovanja cilindrov roke so potrebni redni pregledi in vzdr\u017eevanje. Nekateri preventivni ukrepi vklju\u010dujejo:<\/p>\n<ul>\n<li>Redno pregledujte tesnila in komponente glede obrabe ali po\u0161kodb ter jih po potrebi zamenjajte.<\/li>\n<li>Redno mazanje cilindra za zagotovitev nemotenega delovanja in prepre\u010devanje obrabe ter korozije.<\/li>\n<li>Redni pregled varnostnih komponent, kot so tla\u010dni varnostni ventili in razpo\u010dne membrane, da se zagotovi pravilno delovanje.<\/li>\n<li>Pravilna uporaba in upravljanje strojev za prepre\u010devanje prekomerne sile ali po\u0161kodbe valja.<\/li>\n<\/ul>\n<p><img decoding=\"async\" src=\"https:\/\/www.hydraulic-cylinders.net\/wp-content\/uploads\/2025\/01\/songte-chushion-collar.webp\"><\/p>\n<h3>Vodnik za namestitev izdelka<\/h3>\n<p>Pravilna namestitev cilindrov roke je klju\u010dnega pomena za zagotovitev pravilnega delovanja in prepre\u010devanje nesre\u010d. Nekateri klju\u010dni koraki pri namestitvi vklju\u010dujejo:<\/p>\n<ul>\n<li>Prepri\u010dajte se, da je stroj izklopljen in v varnem stanju za namestitev.<\/li>\n<li>Cilinder namestite na pravilno mesto in orientacijo, pri \u010demer zagotovite pravilno poravnavo z roko in priklju\u010dki.<\/li>\n<li>Pravilno priklju\u010dite hidravli\u010dne cevi in \u200b\u200bpriklju\u010dke ter zagotovite ustrezen tlak in pretok.<\/li>\n<li>Pred uporabo stroja preverite njegovo pravilno delovanje in morebitne pu\u0161\u010danja.<\/li>\n<\/ul>\n<h3>Varnostni vidiki in okoljski dejavniki<\/h3>\n<p>Pri uporabi cilindrov z roko mora biti varnost na prvem mestu. Nekateri varnostni ukrepi vklju\u010dujejo:<\/p>\n<ul>\n<li>Zagotovite ustrezno usposabljanje in certificiranje upravljavcev in vzdr\u017eevalnega osebja.<\/li>\n<li>Zagotovite pravilno uporabo in delovanje strojev, vklju\u010dno s prepre\u010devanjem prekomerne sile ali preobremenitve.<\/li>\n<li>Redni pregled varnostnih komponent, kot so tla\u010dni varnostni ventili in razpo\u010dne membrane, da se zagotovi pravilno delovanje.<\/li>\n<li>Pravilno odstranjevanje rabljenih ali po\u0161kodovanih jeklenk in komponent v skladu z lokalnimi okoljskimi predpisi.<\/li>\n<\/ul>\n<h3>Odpravljanje te\u017eav in pogoste te\u017eave<\/h3>\n<p>Med pogoste te\u017eave z cilindri roke spadajo pu\u0161\u010danje, nenavaden hrup in po\u010dasno delovanje. Nekateri mo\u017eni vzroki in re\u0161itve vklju\u010dujejo:<\/p>\n<ul>\n<li>Pu\u0161\u010danje: Preverite, ali so tesnila po\u0161kodovana ali spoji zrahljani, in jih po potrebi zamenjajte ali privijte.<\/li>\n<li>Nenavaden hrup: Preverite, ali so komponente, kot so le\u017eaji ali tesnila, po\u0161kodovane ali obrabljene, in jih po potrebi zamenjajte.<\/li>\n<li>Po\u010dasno delovanje: Preverite, ali je nivo teko\u010dine nizek ali tlak neustrezen, in po potrebi dolijte ali prilagodite hidravli\u010dni sistem.<\/li>\n<\/ul>\n<p>Pomembno je redno izvajati preglede in vzdr\u017eevanje, da se prepre\u010di nastanek teh te\u017eav.<\/p>\n<p><img decoding=\"async\" src=\"https:\/\/www.hydraulic-cylinders.net\/wp-content\/uploads\/2025\/01\/songte-company-4.webp\"><br \/>\n<img decoding=\"async\" src=\"https:\/\/www.hydraulic-cylinders.net\/wp-content\/uploads\/2025\/01\/songte-company-3.webp\"><\/p>\n<h3>O nas<\/h3>\n<p>Smo profesionalni proizvajalec nadomestnih hidravli\u010dnih cilindrov s \u0161iroko paleto izdelkov in smo postali eden vodilnih proizvajalcev in veleprodajnih distributerjev hidravli\u010dnih cilindrov na doma\u010dem in mednarodnem trgu. Vedno se dr\u017eimo na\u010dela odli\u010dne kakovosti in se zana\u0161amo na industrializirano strategijo upravljanja proizvodnje v prefinjeni proizvodni delavnici, da bi nenehno izbolj\u0161evali na\u0161o tehni\u010dno raven in u\u010dinkovitost proizvodnje. Z uvajanjem vrhunske digitalne proizvodne opreme in profesionalnih sistemov testiranja nenehno optimiziramo na\u0161o proizvodno platformo, izbolj\u0161ujemo procese nadzora kakovosti izdelkov in imamo mo\u010dne inovacijske zmogljivosti. Na\u0161 cilj je zadovoljiti raznolike potrebe na\u0161ih strank z na\u010deli visoke u\u010dinkovitosti, natan\u010dnosti in visoke kakovosti.<\/p>\n<h3>Podatki o podjetju<\/h3>\n<ul>\n<li>Profesionalnost: Imamo ekipo izku\u0161enih in\u017eenirjev in tehnikov za na\u010drtovanje in izdelavo visokokakovostnih hidravli\u010dnih cilindrov.<\/li>\n<li>Mednarodni certifikat: Pridobili smo certifikat sistema vodenja kakovosti ISO9001: 2015 in certifikat CE, kar zagotavlja kakovost in varnost izdelkov.<\/li>\n<li>Prilagojena storitev: Nudimo lahko prilagojene hidravli\u010dne cilindre v skladu z zahtevami strank.<\/li>\n<li>Proizvodna oprema: Imamo napredno digitalno proizvodno opremo, kot so CNC obdelovalni centri in avtomatski varilni stroji, da zagotovimo kakovost izdelkov in u\u010dinkovitost proizvodnje.<\/li>\n<li>Poprodajne storitve: Nudimo celovite poprodajne storitve in podporo, vklju\u010dno s tehni\u010dnim svetovanjem, navodili za namestitev in vzdr\u017eevalno podporo.<\/li>\n<\/ul>\n<p>Avtor: lyl<\/p>","protected":false},"excerpt":{"rendered":"<p>Arm Cylinder For Takeuchi Small Excavator TB20R Definition and Explanation Arm cylinder is a type of specialized hydraulic cylinder designed primarily to provide linear motion and power to the arms of various types of machinery such as excavators, cranes, and robotic arms. The arm cylinder plays a critical role in hydraulic systems, enabling attachments or [&hellip;]<\/p>","protected":false},"featured_media":14783,"comment_status":"open","ping_status":"closed","template":"","meta":{"_et_pb_use_builder":"","_et_pb_old_content":"","_et_gb_content_width":""},"product_brand":[],"product_cat":[1497],"product_tag":[1498,1496],"class_list":{"0":"post-16637","1":"product","2":"type-product","3":"status-publish","4":"has-post-thumbnail","6":"product_cat-arm-cylinders","7":"product_tag-arm-cylinders","8":"product_tag-hydraulic-cylinders","10":"first","11":"instock","12":"shipping-taxable","13":"product-type-simple"},"amp_enabled":true,"_links":{"self":[{"href":"https:\/\/www.hydraulic-cylinders.net\/sl\/wp-json\/wp\/v2\/product\/16637","targetHints":{"allow":["GET"]}}],"collection":[{"href":"https:\/\/www.hydraulic-cylinders.net\/sl\/wp-json\/wp\/v2\/product"}],"about":[{"href":"https:\/\/www.hydraulic-cylinders.net\/sl\/wp-json\/wp\/v2\/types\/product"}],"replies":[{"embeddable":true,"href":"https:\/\/www.hydraulic-cylinders.net\/sl\/wp-json\/wp\/v2\/comments?post=16637"}],"wp:featuredmedia":[{"embeddable":true,"href":"https:\/\/www.hydraulic-cylinders.net\/sl\/wp-json\/wp\/v2\/media\/14783"}],"wp:attachment":[{"href":"https:\/\/www.hydraulic-cylinders.net\/sl\/wp-json\/wp\/v2\/media?parent=16637"}],"wp:term":[{"taxonomy":"product_brand","embeddable":true,"href":"https:\/\/www.hydraulic-cylinders.net\/sl\/wp-json\/wp\/v2\/product_brand?post=16637"},{"taxonomy":"product_cat","embeddable":true,"href":"https:\/\/www.hydraulic-cylinders.net\/sl\/wp-json\/wp\/v2\/product_cat?post=16637"},{"taxonomy":"product_tag","embeddable":true,"href":"https:\/\/www.hydraulic-cylinders.net\/sl\/wp-json\/wp\/v2\/product_tag?post=16637"}],"curies":[{"name":"delovni list","href":"https:\/\/api.w.org\/{rel}","templated":true}]}}