{"id":16661,"date":"2025-01-21T05:44:58","date_gmt":"2025-01-21T05:44:58","guid":{"rendered":"https:\/\/www.hydraulic-cylinders.net\/product\/arm-cylinder-for-case-wheel-excavator-wx168\/"},"modified":"2025-01-21T05:45:13","modified_gmt":"2025-01-21T05:45:13","slug":"arm-cylinder-for-case-wheel-excavator-wx168","status":"publish","type":"product","link":"https:\/\/www.hydraulic-cylinders.net\/sl\/izdelek\/arm-cylinder-for-case-wheel-excavator-wx168\/","title":{"rendered":"Ro\u010dica cilindra za bager Case Wheel Excavator WX168"},"content":{"rendered":"<h1>Ro\u010dica cilindra za bager Case Wheel Excavator WX168<\/h1>\n<h2>Uvod<\/h2>\n<p>Hidravli\u010dni valj roke je posebej zasnovan hidravli\u010dni valj, ki se uporablja predvsem za zagotavljanje linearnega gibanja in mo\u010di rok razli\u010dnih vrst strojev, kot so bagri, \u017eerjavi in \u200b\u200bmanipulatorji. Cilinder roke igra klju\u010dno vlogo v hidravli\u010dnem sistemu, saj omogo\u010da u\u010dinkovito premikanje in krmiljenje dodatnih orodij ali priklju\u010dkov. Ti cilindri ne zagotavljajo le gladkega gibanja, temve\u010d tudi prenesejo velike obremenitve, kar zagotavlja u\u010dinkovito delovanje in zanesljivost strojev v razli\u010dnih obratovalnih pogojih.<\/p>\n<p><img decoding=\"async\" src=\"https:\/\/www.hydraulic-cylinders.net\/wp-content\/uploads\/2025\/01\/songte-company-2.webp\" alt=\"Ro\u010dica cilindra za bager Case Wheel Excavator WX168\"><\/p>\n<h2>Zna\u010dilnosti<\/h2>\n<ul>\n<li>Visoko u\u010dinkovit prenos mo\u010di: Cilinder roke zagotavlja mo\u010dno linearno gibanje in silo, kar zagotavlja visoko zmogljivost roke stroja pri razli\u010dnih operacijah.<\/li>\n<li>Natan\u010den nadzor: S hidravli\u010dnim sistemom lahko cilinder roke dose\u017ee natan\u010den nadzor gibanja, zaradi \u010desar je delovanje dodatnih orodij bolj prilagodljivo in natan\u010dno.<\/li>\n<li>Visoka vzdr\u017eljivost: Valji rok so obi\u010dajno izdelani iz visoko trdnih materialov in imajo dobro odpornost proti obrabi in koroziji, zaradi \u010desar so primerni za dolgotrajno uporabo v zahtevnih okoljih.<\/li>\n<li>Ve\u010dnamenska prilagodljivost: Ti cilindri se lahko \u0161iroko uporabljajo v razli\u010dni mehanski opremi, kot so bagri, \u017eerjavi in \u200b\u200bmanipulatorji, ter se prilagajajo razli\u010dnim delovnim zahtevam.<\/li>\n<li>Enostavno vzdr\u017eevanje: Pozornost je bila namenjena enostavnemu vzdr\u017eevanju in zamenjavi, zaradi \u010desar so redni pregledi in vzdr\u017eevanje bolj priro\u010dni ter se skraj\u0161a \u010das izpada opreme.<\/li>\n<\/ul>\n<p>Ta izdelek lahko izdelamo in na\u0161 izdelek lahko popolnoma nadomesti te hidravli\u010dne cilindre.<\/p>\n<p><img decoding=\"async\" src=\"https:\/\/www.hydraulic-cylinders.net\/wp-content\/uploads\/2025\/01\/songte-oil-pipes-and-spare-parts.webp\" alt=\"Ro\u010dica cilindra za bager Case Wheel Excavator WX168\"><\/p>\n<h2>Aplikacije<\/h2>\n<p>Rokavni valj ima \u0161iroko paleto uporabe v razli\u010dnih panogah:<\/p>\n<ul>\n<li>Gradbeni\u0161tvo: Pri bagrih in \u017eerjavih se valj roke uporablja za nadzor gibanja bagrov ali rok za zemeljska dela, ravnanje z materiali in monta\u017eo konstrukcij.<\/li>\n<li>Proizvodnja: V avtomatiziranih proizvodnih linijah se valj roke uporablja za premikanje manipulatorjev, monta\u017eo, varjenje in rokovanje, da se izbolj\u0161a u\u010dinkovitost in natan\u010dnost proizvodnje.<\/li>\n<li>Kmetijska mehanizacija: Pri kmetijski mehanizaciji, kot so \u017eetveni stroji in sejalnice, cilinder roke nadzoruje gibanje delovnih rok za naloge, kot so setev, gnojenje in \u017eetev.<\/li>\n<li>Rudarstvo: V rudarski opremi se valj roke uporablja za nadzor gibanja roke rudarske opreme za rudarjenje in ravnanje z rudami.<\/li>\n<li>Logistika in transport: Pri vili\u010darjih in robotih za ravnanje se valj roke uporablja za nadzor dvigovanja in premikanja vilic, s \u010dimer se dose\u017ee ravnanje z materiali in zlaganje.<\/li>\n<\/ul>\n<h2>Oblikovalski vidiki in standardi izbire<\/h2>\n<ul>\n<li>Nosilnost: Nosilnost cilindra roke mora biti sposobna prenesti najve\u010djo obremenitev, ki jo lahko stroj do\u017eivi med delovanjem.<\/li>\n<li>Tesnjenje: Uporabljajo se razli\u010dne tesnilne komponente, kot so tesnilni obro\u010dki bata in tesnilni obro\u010dki palice, ki so izdelani iz materialov, odpornih proti obrabi, kot sta poliuretan in nitrilna guma. Telo valja in navojne kon\u010dne povr\u0161ine so fino obdelane za izbolj\u0161anje odpornosti proti obrabi. <\/li>\n<li>Vzdr\u017eljivost: Visoko trdnost materiala ro\u010dnega cilindra in dobra odpornost proti obrabi in koroziji zagotavljata njegovo vzdr\u017eljivost v te\u017ekih okoljskih pogojih.<\/li>\n<li>Varnost: V hidravli\u010dni sistem je treba namestiti varnostne naprave, kot so varnostni ventili, da se prepre\u010di preobremenitev in zagotovi varno delovanje.<\/li>\n<li>Vzdr\u017eevanje: Zasnova cilindra roke mora biti zasnovana tako, da omogo\u010da enostavno vzdr\u017eevanje in zamenjavo, kar zagotavlja priro\u010dnost rednih pregledov in vzdr\u017eevanja ter skraj\u0161a \u010das izpada opreme.<\/li>\n<\/ul>\n<p><img decoding=\"async\" src=\"https:\/\/www.hydraulic-cylinders.net\/wp-content\/uploads\/2025\/01\/songte-cylinder-head-with-all-kinds-excavator-models.webp\" alt=\"Ro\u010dica cilindra za bager Case Wheel Excavator WX168\"><\/p>\n<h2>Tesnjenje in mazanje<\/h2>\n<p>Ro\u010dajni valj uporablja razli\u010dne tesnilne komponente, kot so tesnilni obro\u010dki bata in tesnilni obro\u010dki palice, ki so izdelani iz materialov, odpornih proti obrabi, kot sta poliuretan in nitrilna guma. Telo valja in navojne kon\u010dne povr\u0161ine so fino obdelane za izbolj\u0161anje odpornosti proti obrabi. Valj je treba redno mazati tudi z ustrezno koli\u010dino hidravli\u010dnega olja, da se zagotovi nemoteno delovanje.<\/p>\n<p><img decoding=\"async\" src=\"https:\/\/www.hydraulic-cylinders.net\/wp-content\/uploads\/2025\/01\/songte-chushion-collar.webp\" alt=\"Ro\u010dica cilindra za bager Case Wheel Excavator WX168\"><\/p>\n<h2>Redni pregledi in preventivno vzdr\u017eevanje<\/h2>\n<ul>\n<li>Redni pregled cilindra roke za preverjanje pu\u0161\u010danja in po\u0161kodb tesnil ali ohi\u0161ja.<\/li>\n<li>Zamenjava obrabljenih ali po\u0161kodovanih komponent, kot so tesnilni obro\u010dki bata ali tesnilni obro\u010dki batnice.<\/li>\n<li>Preverjanje in menjava hidravli\u010dnega olja za vzdr\u017eevanje ustrezne ravni mazanja.<\/li>\n<li>Zagotavljanje, da so varnostni ventili hidravli\u010dnega sistema v dobrem stanju in delujejo po predvidenem namenu.<\/li>\n<\/ul>\n<h2>Navodila za namestitev<\/h2>\n<p>Za namestitev cilindra roke glejte navodila proizvajalca. Pred namestitvijo se prepri\u010dajte, da je hidravli\u010dni sistem izklopljen in da so vse komponente privite s priporo\u010denim navorom. Po namestitvi preizkusite delovanje cilindra, da zagotovite njegovo pravilno delovanje.<\/p>\n<p><img decoding=\"async\" src=\"https:\/\/www.hydraulic-cylinders.net\/wp-content\/uploads\/2025\/01\/songte-bushings-with-all-kinds-of-excavator-models.webp\" alt=\"Ro\u010dica cilindra za bager Case Wheel Excavator WX168\"><\/p>\n<h2>Varnostni vidiki in okoljski dejavniki<\/h2>\n<p>Varnostni ukrepi so klju\u010dnega pomena pri upravljanju strojev s hidravli\u010dnimi sistemi, vklju\u010dno z cilindrom roke. V hidravli\u010dni sistem je treba namestiti varnostne naprave, kot so varnostni ventili, da se prepre\u010di preobremenitev in zagotovi varno delovanje. Kar zadeva okoljske dejavnike, je treba cilindre roke pravilno zavre\u010di ali reciklirati, da se prepre\u010di okoljska \u0161koda.<\/p>\n<h2>Odpravljanje te\u017eav in pogoste te\u017eave<\/h2>\n<p>Pogoste te\u017eave z valjem roke vklju\u010dujejo pu\u0161\u010danje olja in zmanj\u0161anje zmogljivosti zaradi obrabljenih tesnil ali drugih po\u0161kodovanih komponent. \u010ce se pojavijo tak\u0161ne te\u017eave, glejte navodila proizvajalca za diagnosticiranje in odpravo te\u017eave.<\/p>\n<h2>Zaklju\u010dek<\/h2>\n<p>Smo profesionalni proizvajalec nadomestnih hidravli\u010dnih cilindrov, na\u0161i izdelki pa so nadomestili \u0161iroko paleto hidravli\u010dnih cilindrov. Na\u0161i izdelki so bogati z raznolikostjo in so postali eden vodilnih proizvajalcev in veleprodajnih distributerjev hidravli\u010dnih cilindrov na doma\u010dem in mednarodnem trgu. Dosledno se dr\u017eimo na\u010dela odli\u010dnosti v kakovosti in nenehno izbolj\u0161ujemo na\u0161o tehnologijo in u\u010dinkovitost proizvodnje. Z uvedbo vrhunske digitalne proizvodne opreme in profesionalnih sistemov testiranja optimiziramo na\u0161o proizvodno platformo in izbolj\u0161ujemo proces nadzora kakovosti izdelkov, zaradi \u010desar smo zelo inovativno podjetje. Na\u0161 cilj je zadovoljiti raznolike potrebe na\u0161ih strank z visoko u\u010dinkovitostjo, natan\u010dnostjo in visokokakovostnimi izdelki.<\/p>\n<p><img decoding=\"async\" src=\"https:\/\/www.hydraulic-cylinders.net\/wp-content\/uploads\/2025\/01\/songte-company-4.webp\" alt=\"Ro\u010dica cilindra za bager Case Wheel Excavator WX168\"><br \/>\n<img decoding=\"async\" src=\"https:\/\/www.hydraulic-cylinders.net\/wp-content\/uploads\/2025\/01\/songte-company-3.webp\" alt=\"Ro\u010dica cilindra za bager Case Wheel Excavator WX168\"><\/p>\n<p>Avtor: lyl.<\/p>","protected":false},"excerpt":{"rendered":"<p>Arm Cylinder For Case Wheel Excavator WX168 Introduction An arm cylinder is a specially designed hydraulic cylinder that is primarily used to provide linear motion and power to the arms of various types of machinery such as excavators, cranes, and manipulators. The arm cylinder plays a crucial role in the hydraulic system, enabling additional tools [&hellip;]<\/p>","protected":false},"featured_media":14774,"comment_status":"open","ping_status":"closed","template":"","meta":{"_et_pb_use_builder":"","_et_pb_old_content":"","_et_gb_content_width":""},"product_brand":[],"product_cat":[1497],"product_tag":[1498,1496],"class_list":{"0":"post-16661","1":"product","2":"type-product","3":"status-publish","4":"has-post-thumbnail","6":"product_cat-arm-cylinders","7":"product_tag-arm-cylinders","8":"product_tag-hydraulic-cylinders","10":"first","11":"instock","12":"shipping-taxable","13":"product-type-simple"},"amp_enabled":true,"_links":{"self":[{"href":"https:\/\/www.hydraulic-cylinders.net\/sl\/wp-json\/wp\/v2\/product\/16661","targetHints":{"allow":["GET"]}}],"collection":[{"href":"https:\/\/www.hydraulic-cylinders.net\/sl\/wp-json\/wp\/v2\/product"}],"about":[{"href":"https:\/\/www.hydraulic-cylinders.net\/sl\/wp-json\/wp\/v2\/types\/product"}],"replies":[{"embeddable":true,"href":"https:\/\/www.hydraulic-cylinders.net\/sl\/wp-json\/wp\/v2\/comments?post=16661"}],"wp:featuredmedia":[{"embeddable":true,"href":"https:\/\/www.hydraulic-cylinders.net\/sl\/wp-json\/wp\/v2\/media\/14774"}],"wp:attachment":[{"href":"https:\/\/www.hydraulic-cylinders.net\/sl\/wp-json\/wp\/v2\/media?parent=16661"}],"wp:term":[{"taxonomy":"product_brand","embeddable":true,"href":"https:\/\/www.hydraulic-cylinders.net\/sl\/wp-json\/wp\/v2\/product_brand?post=16661"},{"taxonomy":"product_cat","embeddable":true,"href":"https:\/\/www.hydraulic-cylinders.net\/sl\/wp-json\/wp\/v2\/product_cat?post=16661"},{"taxonomy":"product_tag","embeddable":true,"href":"https:\/\/www.hydraulic-cylinders.net\/sl\/wp-json\/wp\/v2\/product_tag?post=16661"}],"curies":[{"name":"delovni list","href":"https:\/\/api.w.org\/{rel}","templated":true}]}}