{"id":16663,"date":"2025-01-21T05:45:19","date_gmt":"2025-01-21T05:45:19","guid":{"rendered":"https:\/\/www.hydraulic-cylinders.net\/product\/arm-cylinder-for-case-wheel-excavator-wx218\/"},"modified":"2025-01-21T05:45:20","modified_gmt":"2025-01-21T05:45:20","slug":"arm-cylinder-for-case-wheel-excavator-wx218","status":"publish","type":"product","link":"https:\/\/www.hydraulic-cylinders.net\/sl\/izdelek\/arm-cylinder-for-case-wheel-excavator-wx218\/","title":{"rendered":"Ro\u010dica cilindra za bager Case WX218"},"content":{"rendered":"<h1>Ro\u010dica cilindra za bager Case WX218<\/h1>\n<h2>Uvod<\/h2>\n<p>Hidravli\u010dni cilinder za bager Case WX218 je specializiran hidravli\u010dni cilinder, zasnovan za zagotavljanje linearnega gibanja in mo\u010di roki razli\u010dnih vrst strojev, kot so bagri, \u017eerjavi in \u200b\u200bmehanske roke. Cilinder roke igra klju\u010dno vlogo v hidravli\u010dnih sistemih, saj omogo\u010da u\u010dinkovito gibanje in nadzor dodatnih orodij ali priklju\u010dkov. Ti cilindri ne zagotavljajo le gladkega gibanja, temve\u010d so tudi sposobni prenesti velike obremenitve, kar zagotavlja u\u010dinkovito delovanje in zanesljivost strojev v razli\u010dnih delovnih pogojih.<\/p>\n<p><img decoding=\"async\" src=\"https:\/\/www.hydraulic-cylinders.net\/wp-content\/uploads\/2025\/01\/songte-company-2.webp\" alt=\"Slika ro\u010dnega cilindra\"><\/p>\n<h2>Zna\u010dilnosti<\/h2>\n<ul>\n<li><strong>Visoko u\u010dinkovit prenos mo\u010di:<\/strong> Cilinder roke zagotavlja mo\u010dno linearno gibanje in silo, kar zagotavlja visoko zmogljivost mehanske roke pri razli\u010dnih operacijah.<\/li>\n<li><strong>Natan\u010den nadzor:<\/strong> S hidravli\u010dnim sistemom omogo\u010da cilinder roke natan\u010den nadzor gibanja, zaradi \u010desar je upravljanje dodatnih orodij bolj prilagodljivo in natan\u010dno.<\/li>\n<li><strong>Mo\u010dna vzdr\u017eljivost:<\/strong> Ro\u010dajni cilindri so obi\u010dajno izdelani iz visoko trdnih materialov, ki ponujajo odli\u010dno odpornost proti obrabi in koroziji, zaradi \u010desar so primerni za dolgotrajno uporabo v zahtevnih okoljih.<\/li>\n<li><strong>Ve\u010dnamenska prilagodljivost:<\/strong> Ti cilindri se lahko \u0161iroko uporabljajo v razli\u010dnih strojih, kot so bagri, \u017eerjavi in \u200b\u200bmehanske roke, ter zadovoljujejo razli\u010dne delovne zahteve.<\/li>\n<li><strong>Enostavno vzdr\u017eevanje:<\/strong> Zasnova upo\u0161teva enostavno vzdr\u017eevanje in zamenjavo, zaradi \u010desar so redni pregledi in vzdr\u017eevanje bolj priro\u010dni, s \u010dimer se zmanj\u0161a \u010das izpada opreme.<\/li>\n<\/ul>\n<p><img decoding=\"async\" src=\"https:\/\/www.hydraulic-cylinders.net\/wp-content\/uploads\/2025\/01\/songte-oil-pipes-and-spare-parts.webp\" alt=\"Slika rezervnih delov\"><\/p>\n<h2>Aplikacije<\/h2>\n<p>Ro\u010dni valj se uporablja v razli\u010dnih panogah:<\/p>\n<ul>\n<li><strong>Gradbeni\u0161tvo:<\/strong> Pri bagrih in \u017eerjavih cilinder roke nadzoruje gibanje \u017elice ali roke, kar omogo\u010da zemeljska dela, ravnanje z materiali in monta\u017eo konstrukcij.<\/li>\n<li><strong>Predelovalna industrija:<\/strong> V avtomatiziranih proizvodnih linijah valj roke olaj\u0161a gibanje mehanskih rok za procese, kot so monta\u017ea, varjenje in ravnanje z materiali, s \u010dimer se pove\u010da u\u010dinkovitost in natan\u010dnost proizvodnje.<\/li>\n<li><strong>Kmetijska mehanizacija:<\/strong> V kmetijskih strojih, kot so kombajni in sejalnice, cilinder roke nadzoruje gibanje delovnih rok, ki opravljajo naloge, kot so setev, gnojenje in \u017eetev.<\/li>\n<li><strong>Rudarstvo:<\/strong> V rudarski opremi se valj roke uporablja za nadzor gibanja roke rudarske opreme, kar omogo\u010da pridobivanje in transport rud.<\/li>\n<li><strong>Logistika in transport:<\/strong> Pri vili\u010darjih in robotih za manipulacijo se valj roke uporablja za nadzor dvigovanja in premikanja vilic, kar olaj\u0161a ravnanje z materiali in zlaganje.<\/li>\n<\/ul>\n<h2>Oblikovalski vidiki in izbirna merila<\/h2>\n<p>Pri na\u010drtovanju cilindri\u010dnih ro\u010dajev je treba upo\u0161tevati ve\u010d pomembnih dejavnikov:<\/p>\n<ul>\n<li><strong>Nosilnost:<\/strong> Ro\u010dajni valj mora biti zasnovan tako, da prenese pri\u010dakovane obremenitve in sile, da se zagotovi varno in u\u010dinkovito delovanje.<\/li>\n<li><strong>Tesnjenje:<\/strong> Uporabljajo se razli\u010dne tesnilne komponente, kot so tesnila bata in tesnila ojnic, pri \u010demer se za u\u010dinkovito tesnjenje uporabljajo materiali, odporni proti obrabi, kot sta poliuretan in nitrilna guma.<\/li>\n<li><strong>Vzdr\u017eljivost:<\/strong> Telo valja in navojne kon\u010dne povr\u0161ine so natan\u010dno obdelane za izbolj\u0161anje odpornosti proti obrabi in s tem podalj\u0161anje \u017eivljenjske dobe.<\/li>\n<li><strong>Varnost:<\/strong> V zasnovo je treba vklju\u010diti varnostne elemente, da se prepre\u010dijo nesre\u010de in zagotovi dobro po\u010dutje upravljavcev in okoli\u0161kega osebja.<\/li>\n<li><strong>Vzdr\u017eevanje:<\/strong> Upo\u0161tevati je treba enostaven dostop za redne preglede in vzdr\u017eevanje, kar bo skraj\u0161alo \u010das izpada in podalj\u0161alo \u017eivljenjsko dobo opreme.<\/li>\n<\/ul>\n<p><img decoding=\"async\" src=\"https:\/\/www.hydraulic-cylinders.net\/wp-content\/uploads\/2025\/01\/songte-cylinder-head-with-all-kinds-excavator-models.webp\" alt=\"Slika glave valja\"><\/p>\n<h2>Tesnjenje in mazanje<\/h2>\n<p>Ro\u010dajni valj uporablja razli\u010dne tesnilne komponente, kot so tesnila bata in tesnila palic, izdelana iz materialov, odpornih proti obrabi, kot sta poliuretan in nitrilna guma. Telo valja in navojne kon\u010dne povr\u0161ine so natan\u010dno obdelane za izbolj\u0161anje odpornosti proti obrabi. Za nemoteno delovanje je potrebno redno mazanje z ustreznim hidravli\u010dnim oljem.<\/p>\n<h2>Redni pregledi in preventivno vzdr\u017eevanje<\/h2>\n<p>Za ohranjanje optimalnega delovanja cilindra roke so priporo\u010dljivi redni pregledi in preventivno vzdr\u017eevanje. Sprejeti je treba naslednje ukrepe:<\/p>\n<ul>\n<li>Preverite valj glede znakov obrabe, pu\u0161\u010danja ali po\u0161kodb.<\/li>\n<li>Preverite in privijte vse ohlapne povezave ali spoje.<\/li>\n<li>Zamenjajte po\u0161kodovana ali obrabljena tesnila in komponente.<\/li>\n<li>Zagotovite ustrezno mazanje vseh gibljivih delov.<\/li>\n<li>Cilinder naj bo \u010dist in brez umazanije.<\/li>\n<\/ul>\n<h2>Vodnik za namestitev izdelka<\/h2>\n<p>Pravilna namestitev ro\u010dnega cilindra je klju\u010dnega pomena za njegovo u\u010dinkovito delovanje. Sledite tem korakom:<\/p>\n<ol>\n<li>Prepri\u010dajte se, da je oprema izklopljena in varno pritrjena.<\/li>\n<li>Odstranite staro jeklenko in previdno sprostite morebitni tlak.<\/li>\n<li>Preverite pritrdilne in spojne povr\u0161ine glede po\u0161kodb ali umazanije.<\/li>\n<li>Na priklju\u010dke valjev nanesite ustrezno tesnilno maso.<\/li>\n<li>Poravnajte valj z monta\u017enimi nosilci in se prepri\u010dajte, da se pravilno prilega.<\/li>\n<li>Vse povezave trdno privijte.<\/li>\n<li>Ponovno vzpostavite hidravli\u010dni tlak in preverite delovanje valja.<\/li>\n<\/ol>\n<p><img decoding=\"async\" src=\"https:\/\/www.hydraulic-cylinders.net\/wp-content\/uploads\/2025\/01\/songte-bushings-with-all-kinds-of-excavator-models.webp\" alt=\"Slika pu\u0161\"><\/p>\n<h2>Varnostni vidiki in okoljski dejavniki<\/h2>\n<p>Pri uporabi ro\u010dnega cilindra je bistveno dati prednost varnostnim ukrepom. Ustrezno usposabljanje, upo\u0161tevanje varnostnih smernic in uporaba osebne za\u0161\u010ditne opreme so klju\u010dnega pomena za prepre\u010devanje nesre\u010d in po\u0161kodb. Poleg tega je za trajnostne prakse pomembno upo\u0161tevati okoljske dejavnike, kot sta odlaganje odpadkov in zmanj\u0161evanje vpliva.<\/p>\n<h2>Odpravljanje te\u017eav in pogoste te\u017eave<\/h2>\n<p>Sledi nekaj pogostih te\u017eav, ki se lahko pojavijo z cilindri roke:<\/p>\n<ul>\n<li>Pu\u0161\u010danje hidravli\u010dne teko\u010dine<\/li>\n<li>Po\u010dasno ali neenakomerno gibanje roke<\/li>\n<li>Prekomerni hrup med delovanjem<\/li>\n<li>Nedosledno ali nepravilno gibanje<\/li>\n<\/ul>\n<p>Za odpravo teh te\u017eav upo\u0161tevajte naslednje korake za odpravljanje te\u017eav in re\u0161itev:<\/p>\n<ul>\n<li>Preverite morebitna po\u0161kodovana tesnila ali priklju\u010dke in jih po potrebi zamenjajte.<\/li>\n<li>Preverite nivo hidravli\u010dne teko\u010dine in jo dolijte, \u010de je nizka.<\/li>\n<li>Zagotovite ustrezno mazanje gibljivih delov.<\/li>\n<li>Preverite hidravli\u010dni sistem glede morebitnih drugih te\u017eav ali okvar.<\/li>\n<\/ul>\n<p>Izvajanje preventivnih ukrepov, kot sta redno vzdr\u017eevanje in upo\u0161tevanje pravilnih navodil za uporabo, lahko pomaga zmanj\u0161ati morebitne te\u017eave.<\/p>\n<p><img decoding=\"async\" src=\"https:\/\/www.hydraulic-cylinders.net\/wp-content\/uploads\/2025\/01\/songte-chushion-collar.webp\" alt=\"Slika ovratnice Chushion\"><\/p>\n<p>Ne pozabite logi\u010dno organizirati \u010dlanka s podnaslovi za la\u017ejo navigacijo. Za bolj\u0161e razumevanje vklju\u010dite ustrezne slike ali grafikone. Poskrbite, da bo vsebina jasna, jedrnata in primerna za bralce z razli\u010dnimi stopnjami tehni\u010dnega znanja.<\/p>\n<h2>O nas<\/h2>\n<p>Smo profesionalni proizvajalec nadomestnih hidravli\u010dnih cilindrov in ponujamo \u0161iroko paleto izdelkov. Postali smo eden vodilnih proizvajalcev in veletrgovcev hidravli\u010dnih cilindrov na doma\u010dem in mednarodnem trgu. V skladu z na\u010delom odli\u010dne kakovosti nenehno izbolj\u0161ujemo svoje tehni\u010dno znanje in u\u010dinkovitost proizvodnje z uvajanjem industrializiranih strategij upravljanja proizvodnje v na\u0161ih sofisticiranih proizvodnih delavnicah. Z uvedbo vrhunske digitalne proizvodne opreme in profesionalnih sistemov testiranja optimiziramo na\u0161o proizvodno platformo in izbolj\u0161ujemo proces nadzora kakovosti izdelkov, s \u010dimer dokazujemo mo\u010dne inovacijske zmogljivosti. Na\u0161 cilj je zadovoljiti raznolike zahteve strank z na\u010deli u\u010dinkovitosti, natan\u010dnosti in visoke kakovosti.<\/p>\n<p><img decoding=\"async\" src=\"https:\/\/www.hydraulic-cylinders.net\/wp-content\/uploads\/2025\/01\/songte-company-4.webp\" alt=\"Slika podjetja 1\"><br \/>\n<img","protected":false},"excerpt":{"rendered":"<p>Arm Cylinder For Case Wheel Excavator WX218 Introduction The Arm Cylinder for Case Wheel Excavator WX218 is a specialized hydraulic cylinder designed to provide linear motion and power to the arm of various types of machinery, such as excavators, cranes, and mechanical arms. The arm cylinder plays a crucial role in hydraulic systems, enabling the [&hellip;]<\/p>","protected":false},"featured_media":14770,"comment_status":"open","ping_status":"closed","template":"","meta":{"_et_pb_use_builder":"","_et_pb_old_content":"","_et_gb_content_width":""},"product_brand":[],"product_cat":[1497],"product_tag":[1498,1496],"class_list":{"0":"post-16663","1":"product","2":"type-product","3":"status-publish","4":"has-post-thumbnail","6":"product_cat-arm-cylinders","7":"product_tag-arm-cylinders","8":"product_tag-hydraulic-cylinders","10":"first","11":"instock","12":"shipping-taxable","13":"product-type-simple"},"amp_enabled":true,"_links":{"self":[{"href":"https:\/\/www.hydraulic-cylinders.net\/sl\/wp-json\/wp\/v2\/product\/16663","targetHints":{"allow":["GET"]}}],"collection":[{"href":"https:\/\/www.hydraulic-cylinders.net\/sl\/wp-json\/wp\/v2\/product"}],"about":[{"href":"https:\/\/www.hydraulic-cylinders.net\/sl\/wp-json\/wp\/v2\/types\/product"}],"replies":[{"embeddable":true,"href":"https:\/\/www.hydraulic-cylinders.net\/sl\/wp-json\/wp\/v2\/comments?post=16663"}],"wp:featuredmedia":[{"embeddable":true,"href":"https:\/\/www.hydraulic-cylinders.net\/sl\/wp-json\/wp\/v2\/media\/14770"}],"wp:attachment":[{"href":"https:\/\/www.hydraulic-cylinders.net\/sl\/wp-json\/wp\/v2\/media?parent=16663"}],"wp:term":[{"taxonomy":"product_brand","embeddable":true,"href":"https:\/\/www.hydraulic-cylinders.net\/sl\/wp-json\/wp\/v2\/product_brand?post=16663"},{"taxonomy":"product_cat","embeddable":true,"href":"https:\/\/www.hydraulic-cylinders.net\/sl\/wp-json\/wp\/v2\/product_cat?post=16663"},{"taxonomy":"product_tag","embeddable":true,"href":"https:\/\/www.hydraulic-cylinders.net\/sl\/wp-json\/wp\/v2\/product_tag?post=16663"}],"curies":[{"name":"delovni list","href":"https:\/\/api.w.org\/{rel}","templated":true}]}}