{"id":16684,"date":"2025-01-21T05:46:46","date_gmt":"2025-01-21T05:46:46","guid":{"rendered":"https:\/\/www.hydraulic-cylinders.net\/product\/arm-cylinder-for-jingong-crawler-excavator-jcm924\/"},"modified":"2025-01-21T05:46:48","modified_gmt":"2025-01-21T05:46:48","slug":"arm-cylinder-for-jingong-crawler-excavator-jcm924","status":"publish","type":"product","link":"https:\/\/www.hydraulic-cylinders.net\/sl\/izdelek\/arm-cylinder-for-jingong-crawler-excavator-jcm924\/","title":{"rendered":"Ro\u010dica cilindra za goseni\u010dni bager Jingong JCM924"},"content":{"rendered":"<h1>Ro\u010dica cilindra za goseni\u010dni bager Jingong JCM924<\/h1>\n<h2>Definicija in razlaga<\/h2>\n<p>Hidravli\u010dni valj roke je posebej zasnovan hidravli\u010dni valj, ki zagotavlja linearno gibanje in mo\u010d roki razli\u010dnih strojev, kot so bagri, \u017eerjavi in \u200b\u200brobotske roke. Cilinder roke igra klju\u010dno vlogo v hidravli\u010dnih sistemih, saj omogo\u010da u\u010dinkovito gibanje in nadzor priklju\u010dkov ali dodatne opreme. Ti cilindri ne omogo\u010dajo le gladkega gibanja, temve\u010d tudi prenesejo velike obremenitve, kar zagotavlja visoko u\u010dinkovitost in zanesljivost strojev v razli\u010dnih obratovalnih pogojih.<\/p>\n<p><img decoding=\"async\" src=\"https:\/\/www.hydraulic-cylinders.net\/wp-content\/uploads\/2025\/01\/songte-company-2.webp\" alt=\"Slika ro\u010dnega cilindra\"><\/p>\n<h2>Zna\u010dilnosti ro\u010dnega cilindra<\/h2>\n<ul>\n<li><strong>Visoko u\u010dinkovit menjalnik:<\/strong> Cilinder roke zagotavlja mo\u010dno linearno gibanje in silo, kar zagotavlja visoko zmogljivost mehanske roke pri razli\u010dnih operacijah.<\/li>\n<li><strong>Natan\u010den nadzor:<\/strong> S hidravli\u010dnim sistemom omogo\u010da cilinder roke natan\u010den nadzor gibanja, zaradi \u010desar je upravljanje priklju\u010denih orodij bolj prilagodljivo in natan\u010dno.<\/li>\n<li><strong>Vzdr\u017eljivost:<\/strong> Ro\u010dajni cilindri so obi\u010dajno izdelani iz visoko trdnih materialov, ki ponujajo odli\u010dno odpornost proti obrabi in koroziji, primerni za dolgotrajno uporabo v zahtevnih okoljih.<\/li>\n<li><strong>Ve\u010dnamenska prilagodljivost:<\/strong> Ti cilindri se lahko \u0161iroko uporabljajo v razli\u010dnih strojih, kot so bagri, \u017eerjavi in \u200b\u200brobotske roke, ter se prilagajajo razli\u010dnim delovnim zahtevam.<\/li>\n<li><strong>Enostavno vzdr\u017eevanje:<\/strong> Zasnovani so z mislijo na enostavno vzdr\u017eevanje in zamenjavo, zato so redni pregledi in servisiranje bolj priro\u010dni, kar zmanj\u0161uje \u010das izpada opreme.<\/li>\n<\/ul>\n<p><img decoding=\"async\" src=\"https:\/\/www.hydraulic-cylinders.net\/wp-content\/uploads\/2025\/01\/songte-oil-pipes-and-spare-parts.webp\" alt=\"Rezervni deli cilindra roke\"><\/p>\n<h2>Uporaba ro\u010dnega cilindra<\/h2>\n<p>Rokavni valj se uporablja v razli\u010dnih panogah in sektorjih:<\/p>\n<ul>\n<li><strong>Gradbeni\u0161tvo:<\/strong> Uporablja se v bagrih in \u017eerjavih, cilinder roke pa nadzoruje gibanje \u017elice ali roke za zemeljska dela, ravnanje z materiali in monta\u017eo konstrukcij.<\/li>\n<li><strong>Predelovalna industrija:<\/strong> V avtomatiziranih proizvodnih linijah valj roke olaj\u0161a gibanje robotskih rok in opravlja naloge, kot so monta\u017ea, varjenje in ravnanje z materiali, za izbolj\u0161anje u\u010dinkovitosti in natan\u010dnosti proizvodnje.<\/li>\n<li><strong>Kmetijska mehanizacija:<\/strong> V kmetijskih strojih, kot so kombajni in sejalnice, cilinder roke nadzoruje gibanje delovnih rok in izvaja naloge, kot so setev, gnojenje in \u017eetev.<\/li>\n<li><strong>Rudarstvo:<\/strong> V rudarski opremi cilinder roke nadzoruje gibanje roke rudarskih strojev, kar omogo\u010da pridobivanje in transport rude.<\/li>\n<li><strong>Logistika in transport:<\/strong> Pri vili\u010darjih in robotih za manipulacijo cilinder roke nadzoruje dvigovanje in premikanje vilic, kar olaj\u0161a ravnanje z materiali in zlaganje.<\/li>\n<\/ul>\n<h2>Oblikovalski vidiki in standardi izbire<\/h2>\n<p>Pri na\u010drtovanju ro\u010dnih cilindrov se upo\u0161teva ve\u010d dejavnikov in izbirnih standardov:<\/p>\n<ul>\n<li><strong>Nosilnost:<\/strong> Ro\u010dajni valj je zasnovan tako, da prenese specifi\u010dne obremenitve strojev, ki jih podpira.<\/li>\n<li><strong>Tesnjenje:<\/strong> Uporabljajo se razli\u010dne tesnilne komponente, kot so tesnila bata in tesnila ojnic. Ta tesnila so izdelana iz materialov, odpornih proti obrabi, kot sta poliuretan in nitrilna guma. Telo valja in navojni konci so natan\u010dno obdelani za pove\u010danje odpornosti proti obrabi.<\/li>\n<li><strong>Vzdr\u017eljivost:<\/strong> Ro\u010dni cilindri so izdelani iz visokokakovostnih materialov in so podvr\u017eeni strogim testiranjem, da se zagotovi vzdr\u017eljivost in dolga \u017eivljenjska doba.<\/li>\n<li><strong>Varnost:<\/strong> Varnostni vidiki so vklju\u010deni v zasnovo, kar zagotavlja varno delovanje strojev med uporabo cilindra roke.<\/li>\n<li><strong>Vzdr\u017eevanje:<\/strong> Enostavno vzdr\u017eevanje in popravljivost sta klju\u010dna dejavnika pri zasnovi, ki omogo\u010data u\u010dinkovit pregled in zmanj\u0161ujeta morebitne izpade.<\/li>\n<\/ul>\n<p><img decoding=\"async\" src=\"https:\/\/www.hydraulic-cylinders.net\/wp-content\/uploads\/2025\/01\/songte-cylinder-head-with-all-kinds-excavator-models.webp\" alt=\"Slika glave valja\"><\/p>\n<h2>Tesnjenje in mazanje<\/h2>\n<p>Ro\u010dajni valj uporablja razli\u010dne tesnilne komponente, kot so tesnila bata in tesnila palic, ki so izdelana iz materialov, odpornih proti obrabi, kot sta poliuretan in nitrilna guma. Telo valja in navojni konci so fino obdelani za izbolj\u0161anje odpornosti proti obrabi. Za zagotovitev nemotenega delovanja in dolge \u017eivljenjske dobe je potrebno redno mazanje z ustreznim hidravli\u010dnim oljem.<\/p>\n<h2>Redni pregledi in preventivni vzdr\u017eevalni ukrepi<\/h2>\n<p>Za ohranjanje optimalne u\u010dinkovitosti in prepre\u010devanje morebitnih te\u017eav je treba sprejeti naslednje ukrepe:<\/p>\n<ul>\n<li>Redno pregledujte valj roke glede morebitnih znakov obrabe, po\u0161kodb ali pu\u0161\u010danja.<\/li>\n<li>Preverite in po potrebi zamenjajte tesnila ali druge komponente.<\/li>\n<li>Zagotovite pravilno mazanje cilindra.<\/li>\n<li>Upo\u0161tevajte priporo\u010dene vzdr\u017eevalne na\u010drte, ki jih je dolo\u010dil proizvajalec.<\/li>\n<li>Izvedite preventivne vzdr\u017eevalne ukrepe, da zmanj\u0161ate morebitne te\u017eave.<\/li>\n<\/ul>\n<h2>Vodnik za namestitev izdelka<\/h2>\n<p>Pravilna namestitev ro\u010dnega cilindra je bistvenega pomena za njegovo optimalno delovanje. Za pravilno namestitev sledite tem korakom:<\/p>\n<ol>\n<li>Pripravite mesto za monta\u017eo in se prepri\u010dajte, da je \u010disto in brez kakr\u0161nih koli odpadkov.<\/li>\n<li>Namestite valj roke na predvideno mesto za monta\u017eo.<\/li>\n<li>Jeklenko varno pritrdite z ustreznimi monta\u017enimi nosilci ali pritrdilnimi elementi.<\/li>\n<li>Hidravli\u010dne cevi priklju\u010dite v skladu s specifikacijami proizvajalca.<\/li>\n<li>Pred uporabo opravite temeljit pregled, da zagotovite pravilno namestitev.<\/li>\n<\/ol>\n<p><img decoding=\"async\" src=\"https:\/\/www.hydraulic-cylinders.net\/wp-content\/uploads\/2025\/01\/songte-bushings-with-all-kinds-of-excavator-models.webp\" alt=\"Slika pu\u0161\"><\/p>\n<h2>Varnostni vidiki in okoljski dejavniki<\/h2>\n<p>Pri uporabi cilindri\u010dnih ro\u010dnih mehanizmov je klju\u010dnega pomena dati prednost varnostnim ukrepom za prepre\u010devanje nesre\u010d in zagotavljanje dobrega po\u010dutja upravljavcev in okolice. Varno delovanje vklju\u010duje upo\u0161tevanje ustreznih operativnih postopkov, uporabo osebne za\u0161\u010ditne opreme in ustrezno usposabljanje osebja.<\/p>\n<h2>Odpravljanje te\u017eav in pogoste te\u017eave<\/h2>\n<p>Razumevanje morebitnih napak in pogostih te\u017eav lahko pomaga pri diagnosticiranju in re\u0161evanju te\u017eav. Nekatere pogoste te\u017eave, povezane z cilindri rok, vklju\u010dujejo:<\/p>\n<ul>\n<li>Pu\u0161\u010danje hidravli\u010dne teko\u010dine<\/li>\n<li>Nepravilno ali sunkovito gibanje<\/li>\n<li>Prekomerni hrup med delovanjem<\/li>\n<li>Neuspeh pri iztegovanju ali spu\u0161\u010danju<\/li>\n<\/ul>\n<p>Za odpravljanje te\u017eav in njihovo re\u0161evanje upo\u0161tevajte naslednje nasvete:<\/p>\n<ul>\n<li>Preverite morebitna po\u0161kodovana ali obrabljena tesnila in jih po potrebi zamenjajte.<\/li>\n<li>Preverite hidravli\u010dne cevi glede pu\u0161\u010danja ali blokad.<\/li>\n<li>Preverite ustrezno raven in kakovost hidravli\u010dne teko\u010dine.<\/li>\n<li>Prepri\u010dajte se, da so vsi priklju\u010dki in spoji varni in nepo\u0161kodovani.<\/li>\n<li>Za specifi\u010dne te\u017eave glejte navodila za odpravljanje te\u017eav proizvajalca.<\/li>\n<\/ul>\n<p><img decoding=\"async\" src=\"https:\/\/www.hydraulic-cylinders.net\/wp-content\/uploads\/2025\/01\/songte-chushion-collar.webp\" alt=\"Slika ovratnice Chushion\"><\/p>\n<p>\u010clanek organizirajte logi\u010dno in uporabite podnaslove za la\u017ejo navigacijo. Za bolj\u0161e razumevanje vklju\u010dite ustrezne slike ali grafikone. Poskrbite, da bo vsebina jasna, jedrnata in primerna za bralce z razli\u010dnimi stopnjami tehni\u010dnega znanja.<\/p>\n<p>Naslov: lyl<\/p>\n<h2>O na\u0161em podjetju<\/h2>\n<p>Smo profesionalni proizvajalec nadomestnih hidravli\u010dnih cilindrov in ponujamo \u0161iroko paleto izdelkov. Postali smo eden vodilnih proizvajalcev in veleprodajnih distributerjev na doma\u010dem in mednarodnem trgu. Z zavezanostjo k odli\u010dnosti se v na\u0161ih prefinjenih proizvodnih delavnicah zana\u0161amo na industrializirane strategije upravljanja proizvodnje, da bi nenehno izbolj\u0161evali na\u0161e tehni\u010dno znanje in u\u010dinkovitost proizvodnje.<\/p>\n<p>Z uvedbo vrhunske digitalne proizvodne opreme in profesionalnih sistemov testiranja optimiziramo na\u0161o proizvodno platformo in izbolj\u0161ujemo procese nadzora kakovosti izdelkov, s \u010dimer dokazujemo mo\u010dne inovativne zmogljivosti. Na\u0161 cilj je zadovoljiti raznolike potrebe strank z na\u010deli u\u010dinkovitosti, natan\u010dnosti in visoke kakovosti.<\/p>\n<p><img decoding=\"async\" src=\"https:\/\/www.hydraulic-cylinders.net\/wp-content\/uploads\/2025\/01\/songte-company-4.webp\" alt=\"Slika podjetja\"><br \/>\n<img","protected":false},"excerpt":{"rendered":"<p>Arm Cylinder For Jingong Crawler Excavator JCM924 Definition and Explanation An arm cylinder is a specially designed hydraulic cylinder that provides linear motion and power to the arm of various machinery, such as excavators, cranes, and robotic arms. The arm cylinder plays a crucial role in hydraulic systems, allowing for the efficient movement and control [&hellip;]<\/p>","protected":false},"featured_media":14766,"comment_status":"open","ping_status":"closed","template":"","meta":{"_et_pb_use_builder":"","_et_pb_old_content":"","_et_gb_content_width":""},"product_brand":[],"product_cat":[1497],"product_tag":[1498,1496],"class_list":{"0":"post-16684","1":"product","2":"type-product","3":"status-publish","4":"has-post-thumbnail","6":"product_cat-arm-cylinders","7":"product_tag-arm-cylinders","8":"product_tag-hydraulic-cylinders","10":"first","11":"instock","12":"shipping-taxable","13":"product-type-simple"},"amp_enabled":true,"_links":{"self":[{"href":"https:\/\/www.hydraulic-cylinders.net\/sl\/wp-json\/wp\/v2\/product\/16684","targetHints":{"allow":["GET"]}}],"collection":[{"href":"https:\/\/www.hydraulic-cylinders.net\/sl\/wp-json\/wp\/v2\/product"}],"about":[{"href":"https:\/\/www.hydraulic-cylinders.net\/sl\/wp-json\/wp\/v2\/types\/product"}],"replies":[{"embeddable":true,"href":"https:\/\/www.hydraulic-cylinders.net\/sl\/wp-json\/wp\/v2\/comments?post=16684"}],"wp:featuredmedia":[{"embeddable":true,"href":"https:\/\/www.hydraulic-cylinders.net\/sl\/wp-json\/wp\/v2\/media\/14766"}],"wp:attachment":[{"href":"https:\/\/www.hydraulic-cylinders.net\/sl\/wp-json\/wp\/v2\/media?parent=16684"}],"wp:term":[{"taxonomy":"product_brand","embeddable":true,"href":"https:\/\/www.hydraulic-cylinders.net\/sl\/wp-json\/wp\/v2\/product_brand?post=16684"},{"taxonomy":"product_cat","embeddable":true,"href":"https:\/\/www.hydraulic-cylinders.net\/sl\/wp-json\/wp\/v2\/product_cat?post=16684"},{"taxonomy":"product_tag","embeddable":true,"href":"https:\/\/www.hydraulic-cylinders.net\/sl\/wp-json\/wp\/v2\/product_tag?post=16684"}],"curies":[{"name":"delovni list","href":"https:\/\/api.w.org\/{rel}","templated":true}]}}