{"id":16717,"date":"2025-01-21T05:49:13","date_gmt":"2025-01-21T05:49:13","guid":{"rendered":"https:\/\/www.hydraulic-cylinders.net\/product\/arm-cylinder-for-sgzg-sd25b\/"},"modified":"2025-01-21T05:49:16","modified_gmt":"2025-01-21T05:49:16","slug":"arm-cylinder-for-sgzg-sd25b","status":"publish","type":"product","link":"https:\/\/www.hydraulic-cylinders.net\/sl\/izdelek\/arm-cylinder-for-sgzg-sd25b\/","title":{"rendered":"Ro\u010daj cilindra za SGZG SD25B"},"content":{"rendered":"<h2>Ro\u010daj cilindra za SGZG SD25B<\/h2>\n<h3>Definicija in razlaga<\/h3>\n<p>Hidravli\u010dni valj roke je posebej zasnovan hidravli\u010dni valj, ki se uporablja predvsem za zagotavljanje linearnega gibanja in mo\u010di rok razli\u010dnih strojev, kot so bagri, \u017eerjavi in \u200b\u200brobotske roke. Cilindri roke igrajo klju\u010dno vlogo v hidravli\u010dnih sistemih, saj omogo\u010dajo u\u010dinkovito gibanje in nadzor priklju\u010denega orodja ali dodatkov. Ti cilindri ne le dosegajo gladko gibanje, ampak tudi prenesejo velike obremenitve, kar zagotavlja u\u010dinkovito delovanje in zanesljivost strojev v razli\u010dnih delovnih pogojih.<\/p>\n<p><img decoding=\"async\" src=\"https:\/\/www.hydraulic-cylinders.net\/wp-content\/uploads\/2025\/01\/songte-company-2.webp\"><\/p>\n<h3>Zna\u010dilnosti<\/h3>\n<ul>\n<li><strong>Visoko u\u010dinkovit menjalnik:<\/strong> Cilindri roke zagotavljajo mo\u010dno linearno gibanje in silo, kar zagotavlja visoko u\u010dinkovitost delovanja mehanskih rok pri razli\u010dnih operacijah.<\/li>\n<li><strong>Natan\u010den nadzor:<\/strong> S hidravli\u010dnimi sistemi lahko cilindri rok dose\u017eejo natan\u010den nadzor gibanja, zaradi \u010desar je delovanje priklju\u010denih orodij bolj prilagodljivo in natan\u010dno.<\/li>\n<li><strong>Vzdr\u017eljivost:<\/strong> Ro\u010dajni cilindri so obi\u010dajno izdelani iz visoko trdnih materialov z dobro odpornostjo proti obrabi in koroziji, primerni za dolgotrajno uporabo v te\u017ekih okoljih.<\/li>\n<li><strong>Ve\u010dnamenska prilagodljivost:<\/strong> Ti cilindri se lahko \u0161iroko uporabljajo v razli\u010dni mehanski opremi, kot so bagri, \u017eerjavi in \u200b\u200brobotske roke, ter se prilagajajo razli\u010dnim delovnim zahtevam.<\/li>\n<li><strong>Enostavno vzdr\u017eevanje:<\/strong> Pri zasnovi je upo\u0161tevano enostavno vzdr\u017eevanje in zamenjavo, zaradi \u010desar so redni pregledi in vzdr\u017eevanje bolj priro\u010dni ter se skraj\u0161a \u010das izpada opreme.<\/li>\n<\/ul>\n<p>Ta izdelek lahko izdelamo, na\u0161i izdelki pa lahko popolnoma nadomestijo te hidravli\u010dne cilindre.<\/p>\n<p><img decoding=\"async\" src=\"https:\/\/www.hydraulic-cylinders.net\/wp-content\/uploads\/2025\/01\/songte-oil-pipes-and-spare-parts.webp\"><\/p>\n<h3>Aplikacije<\/h3>\n<ul>\n<li><strong>Gradbeni\u0161tvo:<\/strong> V bagrih in \u017eerjavih se cilindri rok uporabljajo za krmiljenje gibanja \u017elic ali rok, izvajanje zemeljskih del, ravnanje z materiali in monta\u017eo konstrukcij.<\/li>\n<li><strong>Predelovalna industrija:<\/strong> V avtomatiziranih proizvodnih linijah se cilindri rok uporabljajo za gibanje robotskih rok, izvajanje postopkov monta\u017ee, varjenja in rokovanja, kar izbolj\u0161uje u\u010dinkovitost in natan\u010dnost proizvodnje.<\/li>\n<li><strong>Kmetijska mehanizacija:<\/strong> V kmetijskih strojih, kot so \u017eetveni stroji in sejalniki, cilindri rok nadzorujejo gibanje delovnih rok, ki opravljajo naloge, kot so setev, gnojenje in \u017eetev.<\/li>\n<li><strong>Rudarstvo:<\/strong> V rudarski opremi se cilindri rok uporabljajo za nadzor gibanja roke rudarske opreme, opravljanje rudarskih in ravnanje z materiali nalog.<\/li>\n<li><strong>Logistika in transport:<\/strong> V vili\u010darjih in robotih za manipulacijo se cilindri rok uporabljajo za nadzor dvigovanja in premikanja vilic, s \u010dimer se dose\u017ee ravnanje z materiali in zlaganje.<\/li>\n<\/ul>\n<h3>Oblikovalski vidiki in izbirna merila<\/h3>\n<ul>\n<li><strong>Nosilnost:<\/strong> Ro\u010dajni valj mora imeti zadostno nosilnost in stabilnost, da prenese razli\u010dne obremenitve in zagotovi varno delovanje strojev.<\/li>\n<li><strong>Tesnjenje:<\/strong> Uporaba razli\u010dnih tesnilnih komponent, kot so tesnila bata, tesnila palic itd., in izbira materialov, odpornih proti obrabi, kot sta poliuretan in nitrilna guma, lahko izbolj\u0161a tesnilno u\u010dinkovitost cilindrov roke.<\/li>\n<li><strong>Vzdr\u017eljivost:<\/strong> Uporaba visokotrdnostnih materialov, povr\u0161insko utrjevanje in drugi ukrepi pove\u010dajo vzdr\u017eljivost in odpornost proti obrabi cilindrov roke.<\/li>\n<li><strong>Varnost:<\/strong> Ro\u010dne cilindre je treba zasnovati z varnostnimi funkcijami, kot so za\u0161\u010dita pred preobremenitvijo, varnostni ventili in druge varnostne naprave, da se prepre\u010dijo nesre\u010de zaradi prekomernega tlaka ali obremenitve.<\/li>\n<li><strong>Vzdr\u017eevanje:<\/strong> Zasnova cilindrov roke mora upo\u0161tevati enostavno vzdr\u017eevanje in zamenjavo komponent, kar zmanj\u0161a stro\u0161ke in \u010das vzdr\u017eevanja.<\/li>\n<\/ul>\n<p><img decoding=\"async\" src=\"https:\/\/www.hydraulic-cylinders.net\/wp-content\/uploads\/2025\/01\/songte-cylinder-head-with-all-kinds-excavator-models.webp\"><\/p>\n<h3>Tesnjenje in mazanje<\/h3>\n<p>Ro\u010dajni cilindri uporabljajo razli\u010dne tesnilne komponente, kot so tesnila bata, tesnila palic itd., in izbrane materiale, odporne proti obrabi, kot sta poliuretan in nitrilna guma, za izbolj\u0161anje tesnilne u\u010dinkovitosti. Telo cilindra in navojna kon\u010dna povr\u0161ina sta fino obdelana za izbolj\u0161anje odpornosti proti obrabi. Za mazanje je potrebno redno dodajanje ustreznega hidravli\u010dnega olja.<\/p>\n<h3>Pregledi in preventivni vzdr\u017eevalni ukrepi<\/h3>\n<ul>\n<li>Redno je treba pregledovati valje roke, vklju\u010dno s preverjanjem pu\u0161\u010danja olja, po\u0161kodb tesnil in nenavadnega hrupa.<\/li>\n<li>Preventivni vzdr\u017eevalni ukrepi vklju\u010dujejo \u010di\u0161\u010denje, privijanje in zamenjavo po\u0161kodovanih delov.<\/li>\n<li>Strogo upo\u0161tevajte operativne postopke, izogibajte se preobremenitvi in \u200b\u200bprevisokemu tlaku ter vzdr\u017eujte \u010disto\u010do hidravli\u010dnega sistema, da prepre\u010dite onesna\u017eenje in po\u0161kodbe valjev roke.<\/li>\n<\/ul>\n<h3>Vodnik za namestitev izdelka<\/h3>\n<ul>\n<li>Pred namestitvijo preverite, ali je valj roke po\u0161kodovan ali deformiran med transportom ali skladi\u0161\u010denjem.<\/li>\n<li>O\u010distite namestitveno povr\u0161ino in navojni konec ro\u010dice cilindra, da zagotovite tesno in zanesljivo povezavo.<\/li>\n<li>Ro\u010di\u010dni valj namestite strogo v skladu s smerjo pu\u0161\u010dice in se izogibajte napa\u010dni poravnavi.<\/li>\n<li>Med namestitvijo ne prekora\u010dite predpisanega navora privijanja, da prepre\u010dite po\u0161kodbe navojnega konca valja.<\/li>\n<\/ul>\n<p><img decoding=\"async\" src=\"https:\/\/www.hydraulic-cylinders.net\/wp-content\/uploads\/2025\/01\/songte-bushings-with-all-kinds-of-excavator-models.webp\"><\/p>\n<h3>Varnostni vidiki in okoljski dejavniki<\/h3>\n<p>Pri uporabi cilindrov z roko mora biti varnost vedno na prvem mestu. Za prepre\u010devanje nesre\u010d zaradi prekomernega tlaka ali obremenitve je treba namestiti varnostne naprave, kot so za\u0161\u010dita pred preobremenitvijo in varnostni ventili. Poleg tega je treba upo\u0161tevati okoljske dejavnike, kot so temperatura, vla\u017enost in korozija, da se prepre\u010di po\u0161kodba cilindrov z roko.<\/p>\n<h3>Odpravljanje te\u017eav in pogoste te\u017eave<\/h3>\n<ul>\n<li>Pu\u0161\u010danje olja: Preverite tesnilne komponente, kot so tesnila bata in ojnice, in jih po potrebi zamenjajte.<\/li>\n<li>Nenavaden hrup: Preverite, ali je ohi\u0161je valja ali batnica po\u0161kodovana ali deformirana, in ustrezno izvedite korektivno vzdr\u017eevanje.<\/li>\n<li>Po\u010dasno ali nestabilno delovanje: Preverite hidravli\u010dni sistem glede onesna\u017eenosti ali nezadostnega mazanja ter po potrebi prilagodite ali zamenjajte oljni filter in hidravli\u010dno olje.<\/li>\n<\/ul>\n<p>Pomembno je pravo\u010dasno in u\u010dinkovito diagnosticirati in re\u0161evati te\u017eave, da se zagotovi varno in zanesljivo delovanje cilindrov roke.<\/p>\n<p><img decoding=\"async\" src=\"https:\/\/www.hydraulic-cylinders.net\/wp-content\/uploads\/2025\/01\/songte-chushion-collar.webp\"><\/p>\n<h3>O nas<\/h3>\n<p>Smo profesionalni proizvajalec nadomestnih hidravli\u010dnih cilindrov s \u0161iroko paleto izdelkov ter vodilni proizvajalec in veleprodajni distributer hidravli\u010dnih cilindrov na doma\u010dem in tujem trgu. Vedno se dr\u017eimo na\u010dela odli\u010dne kakovosti in se zana\u0161amo na industrializirano strategijo upravljanja proizvodnje v prefinjeni proizvodni delavnici, da bi nenehno izbolj\u0161evali na\u0161o tehnolo\u0161ko raven in u\u010dinkovitost proizvodnje. Z uvajanjem vrhunske digitalne proizvodne opreme in profesionalnih sistemov testiranja nenehno optimiziramo proizvodno platformo, izbolj\u0161ujemo proces nadzora kakovosti izdelkov in imamo mo\u010dne inovacijske zmogljivosti. Na\u0161 cilj je zadovoljiti raznolike potrebe strank z na\u010deli visoke u\u010dinkovitosti, natan\u010dnosti in visoke kakovosti.<\/p>\n<ul>\n<li><strong>Profesionalnost:<\/strong> Na\u0161o ekipo sestavljajo izku\u0161eni in\u017eenirji in tehniki, ki so predani zagotavljanju profesionalnih in u\u010dinkovitih storitev za stranke.<\/li>\n<li><strong>Mednarodno certificiranje:<\/strong> Na\u0161i izdelki so prestali certifikat sistema vodenja kakovosti ISO9001 in so jih stranke po vsem svetu \u0161iroko prepoznale.<\/li>\n<li><strong>Storitve prilagajanja:<\/strong> Nudimo prilagojene storitve glede na posebne potrebe strank, kot so velikost izdelka, tlak in polo\u017eaj namestitve.<\/li>\n<li><strong>Proizvodna oprema:<\/strong> Imamo napredno proizvodno opremo, kot so CNC obdelovalni centri, oprema za testiranje hidravli\u010dnih cilindrov in oprema za avtomatsko varjenje, da zagotovimo visoko kakovost na\u0161ih izdelkov.<\/li>\n<li><strong>Poprodajne storitve:<\/strong> Zagotavljamo celovito poprodajno storitev, vklju\u010dno z namestitvijo izdelkov, tehni\u010dno podporo in svetovanjem glede vzdr\u017eevanja, da zagotovimo zadovoljstvo strank.<\/li>\n<\/ul>\n<p><img decoding=\"async\" src=\"https:\/\/www.hydraulic-cylinders.net\/wp-content\/uploads\/2025\/01\/songte-company-4.webp\"><br \/>\n<img decoding=\"async\" src=\"https:\/\/www.hydraulic-cylinders.net\/wp-content\/uploads\/2025\/01\/songte-company-3.webp\"><\/p>\n<p>Avtor: lyl<\/p>","protected":false},"excerpt":{"rendered":"<p>Arm Cylinder For SGZG SD25B Definition and Explanation Arm cylinder is a specially designed hydraulic cylinder that is primarily used to provide linear motion and power to the arms of various machinery such as excavators, cranes, and robotic arms. Arm cylinders play a critical role in hydraulic systems, enabling the effective movement and control of [&hellip;]<\/p>","protected":false},"featured_media":14786,"comment_status":"open","ping_status":"closed","template":"","meta":{"_et_pb_use_builder":"","_et_pb_old_content":"","_et_gb_content_width":""},"product_brand":[],"product_cat":[1497],"product_tag":[1498,1496],"class_list":{"0":"post-16717","1":"product","2":"type-product","3":"status-publish","4":"has-post-thumbnail","6":"product_cat-arm-cylinders","7":"product_tag-arm-cylinders","8":"product_tag-hydraulic-cylinders","10":"first","11":"instock","12":"shipping-taxable","13":"product-type-simple"},"amp_enabled":true,"_links":{"self":[{"href":"https:\/\/www.hydraulic-cylinders.net\/sl\/wp-json\/wp\/v2\/product\/16717","targetHints":{"allow":["GET"]}}],"collection":[{"href":"https:\/\/www.hydraulic-cylinders.net\/sl\/wp-json\/wp\/v2\/product"}],"about":[{"href":"https:\/\/www.hydraulic-cylinders.net\/sl\/wp-json\/wp\/v2\/types\/product"}],"replies":[{"embeddable":true,"href":"https:\/\/www.hydraulic-cylinders.net\/sl\/wp-json\/wp\/v2\/comments?post=16717"}],"wp:featuredmedia":[{"embeddable":true,"href":"https:\/\/www.hydraulic-cylinders.net\/sl\/wp-json\/wp\/v2\/media\/14786"}],"wp:attachment":[{"href":"https:\/\/www.hydraulic-cylinders.net\/sl\/wp-json\/wp\/v2\/media?parent=16717"}],"wp:term":[{"taxonomy":"product_brand","embeddable":true,"href":"https:\/\/www.hydraulic-cylinders.net\/sl\/wp-json\/wp\/v2\/product_brand?post=16717"},{"taxonomy":"product_cat","embeddable":true,"href":"https:\/\/www.hydraulic-cylinders.net\/sl\/wp-json\/wp\/v2\/product_cat?post=16717"},{"taxonomy":"product_tag","embeddable":true,"href":"https:\/\/www.hydraulic-cylinders.net\/sl\/wp-json\/wp\/v2\/product_tag?post=16717"}],"curies":[{"name":"delovni list","href":"https:\/\/api.w.org\/{rel}","templated":true}]}}