{"id":16720,"date":"2025-01-21T05:49:26","date_gmt":"2025-01-21T05:49:26","guid":{"rendered":"https:\/\/www.hydraulic-cylinders.net\/product\/arm-cylinder-for-tyhi-wyd260\/"},"modified":"2025-01-21T05:49:28","modified_gmt":"2025-01-21T05:49:28","slug":"arm-cylinder-for-tyhi-wyd260","status":"publish","type":"product","link":"https:\/\/www.hydraulic-cylinders.net\/sl\/izdelek\/arm-cylinder-for-tyhi-wyd260\/","title":{"rendered":"Ro\u010dica cilindra za TYHI WYD260"},"content":{"rendered":"<h1>Ro\u010dica cilindra za TYHI WYD260<\/h1>\n<h2>Uvod<\/h2>\n<p>Hidravli\u010dni valj roke je posebej zasnovan hidravli\u010dni valj, ki se uporablja predvsem za zagotavljanje linearnega gibanja in mo\u010di za razli\u010dne mehanske roke, kot so bagri, \u017eerjavi in \u200b\u200brobotske roke. Cilinder roke igra klju\u010dno vlogo v hidravli\u010dnih sistemih, saj omogo\u010da u\u010dinkovito premikanje in krmiljenje priklju\u010dkov ali dodatne opreme. Ti cilindri ne zagotavljajo le gladkega gibanja, temve\u010d tudi prenesejo velike obremenitve, kar zagotavlja u\u010dinkovito delovanje in zanesljivost strojev v razli\u010dnih delovnih pogojih.<\/p>\n<p><img decoding=\"async\" src=\"https:\/\/www.hydraulic-cylinders.net\/wp-content\/uploads\/2025\/01\/songte-company-2.webp\" alt=\"Slika ro\u010dnega cilindra\"><\/p>\n<h2>Zna\u010dilnosti<\/h2>\n<ul>\n<li>\n<h3>U\u010dinkovit prenos mo\u010di<\/h3>\n<p>Cilinder roke zagotavlja mo\u010dno linearno gibanje in silo, kar zagotavlja visoko u\u010dinkovitost delovanja mehanske roke pri razli\u010dnih operacijah.<\/p>\n<\/li>\n<li>\n<h3>Natan\u010den nadzor<\/h3>\n<p>S hidravli\u010dnim sistemom lahko cilinder roke dose\u017ee natan\u010den nadzor gibanja, zaradi \u010desar je delovanje priklju\u010dkov bolj prilagodljivo in natan\u010dno.<\/p>\n<\/li>\n<li>\n<h3>Visoka vzdr\u017eljivost<\/h3>\n<p>Ro\u010dajni valj je obi\u010dajno izdelan iz visoko trdnih materialov, ki imajo dobro odpornost proti obrabi in koroziji, zaradi \u010desar je primeren za dolgotrajno uporabo v zahtevnih okoljih.<\/p>\n<\/li>\n<li>\n<h3>Ve\u010dnamenska prilagodljivost<\/h3>\n<p>Ti cilindri se lahko \u0161iroko uporabljajo v razli\u010dni mehanski opremi, kot so bagri, \u017eerjavi in \u200b\u200brobotske roke, za prilagoditev razli\u010dnim delovnim zahtevam.<\/p>\n<\/li>\n<li>\n<h3>Enostavno vzdr\u017eevanje<\/h3>\n<p>Zasnova upo\u0161teva enostavno vzdr\u017eevanje in zamenjavo, zaradi \u010desar so redni pregledi in vzdr\u017eevanje bolj priro\u010dni ter se skraj\u0161a \u010das izpada opreme.<\/p>\n<\/li>\n<\/ul>\n<p>Izdelujemo lahko ta izdelek, ki lahko popolnoma nadomesti te hidravli\u010dne cilindre.<\/p>\n<p><img decoding=\"async\" src=\"https:\/\/www.hydraulic-cylinders.net\/wp-content\/uploads\/2025\/01\/songte-oil-pipes-and-spare-parts.webp\" alt=\"Slika hidravli\u010dnih cevi\"><\/p>\n<h2>Aplikacije<\/h2>\n<p>Ro\u010dni valj se pogosto uporablja v razli\u010dnih panogah, vklju\u010dno z:<\/p>\n<ul>\n<li>\n<h3>Gradbeni\u0161tvo<\/h3>\n<p>Pri bagrih in \u017eerjavih se valj roke uporablja za nadzor gibanja \u017elice ali roke, za zemeljska dela, ravnanje z materiali in konstrukcijsko monta\u017eo.<\/p>\n<\/li>\n<li>\n<h3>Predelovalna industrija<\/h3>\n<p>V avtomatiziranih proizvodnih linijah se valj roke uporablja za gibanje robotskih rok, za postopke monta\u017ee, varjenja in rokovanja, kar izbolj\u0161uje u\u010dinkovitost in natan\u010dnost proizvodnje.<\/p>\n<\/li>\n<li>\n<h3>Kmetijska mehanizacija<\/h3>\n<p>V kmetijskih strojih, kot so \u017eetveni stroji in sejalniki, cilinder roke nadzoruje gibanje delovne roke, ki opravlja naloge, kot so setev, gnojenje in \u017eetev.<\/p>\n<\/li>\n<li>\n<h3>Rudarstvo<\/h3>\n<p>V rudarski opremi se valj roke uporablja za nadzor gibanja roke rudarske opreme, za rudarjenje in ravnanje z rudo.<\/p>\n<\/li>\n<li>\n<h3>Logistika in transport<\/h3>\n<p>Pri vili\u010darjih in robotih za ravnanje se valj roke uporablja za nadzor dvigovanja in premikanja tovornih vilic, s \u010dimer se dose\u017ee ravnanje z materialom in zlaganje.<\/p>\n<\/li>\n<\/ul>\n<h2>Oblikovalski vidiki in izbirna merila<\/h2>\n<p>Zasnova ro\u010dnega cilindra upo\u0161teva ve\u010d dejavnikov, vklju\u010dno z:<\/p>\n<ul>\n<li>\n<h3>Nosilnost<\/h3>\n<p>Za u\u010dinkovito delovanje mora biti valj roke sposoben prenesti obremenitev strojev in priklju\u010dkov.<\/p>\n<\/li>\n<li>\n<h3>Tesnilna zmogljivost<\/h3>\n<p>Ro\u010dajni valj zahteva u\u010dinkovito tesnjenje, da se prepre\u010di pu\u0161\u010danje in zagotovi u\u010dinkovito delovanje.<\/p>\n<\/li>\n<li>\n<h3>Vzdr\u017eljivost<\/h3>\n<p>Ro\u010daj valja mora biti izdelan iz visoko trdnih materialov, ki imajo dobro odpornost proti obrabi in koroziji, primernih za dolgotrajno uporabo v te\u017ekih okoljih.<\/p>\n<\/li>\n<li>\n<h3>Varnost<\/h3>\n<p>Ro\u010dajni valj mora biti zasnovan z varnostnimi funkcijami, da se prepre\u010dijo nesre\u010de med delovanjem.<\/p>\n<\/li>\n<li>\n<h3>Vzdr\u017eevanje<\/h3>\n<p>Ro\u010dajni valj mora biti zasnovan za enostavno vzdr\u017eevanje in zamenjavo, da se skraj\u0161a \u010das izpada opreme.<\/p>\n<\/li>\n<\/ul>\n<p><img decoding=\"async\" src=\"https:\/\/www.hydraulic-cylinders.net\/wp-content\/uploads\/2025\/01\/songte-cylinder-head-with-all-kinds-excavator-models.webp\" alt=\"Slika glave valja\"><\/p>\n<h2>Tesnjenje in mazanje<\/h2>\n<p>Ro\u010dajni valj uporablja razli\u010dne tesnilne komponente, kot so tesnila bata in tesnila palic, izdelana iz materialov, odpornih proti obrabi, kot sta poliuretan in nitrilni kav\u010duk, da se zagotovi tesnilna u\u010dinkovitost. Telo valja in povr\u0161ina navojnega konca sta fino obdelana za izbolj\u0161anje odpornosti proti obrabi. Za u\u010dinkovito delovanje je potrebno redno mazanje z ustreznim hidravli\u010dnim oljem.<\/p>\n<p><img decoding=\"async\" src=\"https:\/\/www.hydraulic-cylinders.net\/wp-content\/uploads\/2025\/01\/songte-chushion-collar.webp\" alt=\"Slika ovratnika z blazino\"><\/p>\n<h2>Vzdr\u017eevanje in odpravljanje te\u017eav<\/h2>\n<p>Redni pregledi in preventivno vzdr\u017eevanje so potrebni za zagotovitev u\u010dinkovitega in zanesljivega delovanja cilindra roke. Odpravljanje pogostih te\u017eav, kot so pu\u0161\u010danje, nepravilna poravnava in nenavaden hrup, zahteva skrbno diagnozo in ustrezne korektivne ukrepe. Preventivni ukrepi, kot sta redno mazanje in zamenjava tesnil, lahko zmanj\u0161ajo morebitne te\u017eave.<\/p>\n<h2>Navodila za namestitev<\/h2>\n<p>Namestitev ro\u010dnega cilindra zahteva pozornost na ve\u010d klju\u010dnih dejavnikov, vklju\u010dno s pravilno poravnavo, navorom privijanja navoja in zagotavljanjem ustreznega prostora za delovanje. Za podrobna navodila glejte priro\u010dnik za namestitev.<\/p>\n<p><img decoding=\"async\" src=\"https:\/\/www.hydraulic-cylinders.net\/wp-content\/uploads\/2025\/01\/songte-bushings-with-all-kinds-of-excavator-models.webp\" alt=\"Slika pu\u0161\"><\/p>\n<h2>Varnostni vidiki in okoljski dejavniki<\/h2>\n<p>Pri upravljanju strojev, ki uporabljajo ro\u010dni valj, so bistveni ustrezni varnostni ukrepi. Ti vklju\u010dujejo ustrezno usposabljanje, za\u0161\u010ditno opremo in upo\u0161tevanje varnostnih smernic. Okoljski dejavniki, kot sta temperatura in vla\u017enost, lahko vplivajo na delovanje ro\u010dnega valjev, zato je treba sprejeti ustrezne ukrepe za zagotovitev u\u010dinkovitega delovanja.<\/p>\n<h2>O nas<\/h2>\n<p>Smo profesionalni proizvajalec nadomestnih hidravli\u010dnih cilindrov s \u0161iroko paleto izdelkov in smo postali eden vodilnih proizvajalcev in veleprodajnih distributerjev hidravli\u010dnih cilindrov na doma\u010dem in mednarodnem trgu. Vedno se dr\u017eimo na\u010dela odli\u010dne kakovosti, se zana\u0161amo na strategije upravljanja proizvodnje v industriji, ki jih uporabljajo fine proizvodne delavnice, in nenehno izbolj\u0161ujemo na\u0161o tehni\u010dno raven in u\u010dinkovitost proizvodnje. Z uvedbo vrhunske digitalne proizvodne opreme in profesionalnih testnih sistemov optimiziramo proizvodno platformo, izbolj\u0161ujemo procese nadzora kakovosti izdelkov in imamo mo\u010dne inovacijske zmogljivosti. Na\u0161 cilj je zadovoljiti raznolike potrebe strank z na\u010deli u\u010dinkovitosti, natan\u010dnosti in visoke kakovosti.<\/p>\n<ul>\n<li>\n<h3>Profesionalnost<\/h3>\n<p>Imamo ekipo izku\u0161enih strokovnjakov, ki na\u0161im strankam zagotavljajo visokokakovostne storitve in re\u0161itve.<\/p>\n<\/li>\n<li>\n<h3>Mednarodno certificiranje<\/h3>\n<p>Na\u0161i izdelki so pridobili mednarodne certifikate, kot so ISO9001, CE in SGS, kar zagotavlja kakovost izdelkov in zanesljiva jamstva za na\u0161e stranke.<\/p>\n<\/li>\n<li>\n<h3>Storitev prilagajanja<\/h3>\n<p>Ponujamo storitve oblikovanja in izdelave po meri, da zadostimo edinstvenim zahtevam na\u0161ih strank.<\/p>\n<\/li>\n<li>\n<h3>Proizvodna oprema<\/h3>\n<p>Za zagotavljanje kakovosti izdelkov in u\u010dinkovitosti proizvodnje uporabljamo napredno proizvodno opremo, kot so CNC obdelovalni centri in avtomatski varilni stroji.<\/p>\n<\/li>\n<li>\n<h3>Poprodajne storitve<\/h3>\n<p>Nudimo celovite poprodajne storitve, vklju\u010dno s tehni\u010dno podporo, vzdr\u017eevanjem in popravili, s \u010dimer zagotavljamo zadovoljstvo strank.<\/p>\n<\/li>\n<\/ul>\n<p><img decoding=\"async\" src=\"https:\/\/www.hydraulic-cylinders.net\/wp-content\/uploads\/2025\/01\/songte-company-4.webp\" alt=\"Slika podjetja\"><\/p>\n<p><img decoding=\"async\" src=\"https:\/\/www.hydraulic-cylinders.net\/wp-content\/uploads\/2025\/01\/songte-company-3.webp\" alt=\"Slika podjetja\"><\/p>\n<p>lyl<\/p>","protected":false},"excerpt":{"rendered":"<p>Arm Cylinder For TYHI WYD260 Introduction The arm cylinder is a specially designed hydraulic cylinder that is primarily used to provide linear motion and power for various mechanical arms, such as excavators, cranes, and robotic arms. The arm cylinder plays a critical role in hydraulic systems, enabling attachments or accessories to be moved and controlled [&hellip;]<\/p>","protected":false},"featured_media":14777,"comment_status":"open","ping_status":"closed","template":"","meta":{"_et_pb_use_builder":"","_et_pb_old_content":"","_et_gb_content_width":""},"product_brand":[],"product_cat":[1497],"product_tag":[1498,1496],"class_list":{"0":"post-16720","1":"product","2":"type-product","3":"status-publish","4":"has-post-thumbnail","6":"product_cat-arm-cylinders","7":"product_tag-arm-cylinders","8":"product_tag-hydraulic-cylinders","10":"first","11":"instock","12":"shipping-taxable","13":"product-type-simple"},"amp_enabled":true,"_links":{"self":[{"href":"https:\/\/www.hydraulic-cylinders.net\/sl\/wp-json\/wp\/v2\/product\/16720","targetHints":{"allow":["GET"]}}],"collection":[{"href":"https:\/\/www.hydraulic-cylinders.net\/sl\/wp-json\/wp\/v2\/product"}],"about":[{"href":"https:\/\/www.hydraulic-cylinders.net\/sl\/wp-json\/wp\/v2\/types\/product"}],"replies":[{"embeddable":true,"href":"https:\/\/www.hydraulic-cylinders.net\/sl\/wp-json\/wp\/v2\/comments?post=16720"}],"wp:featuredmedia":[{"embeddable":true,"href":"https:\/\/www.hydraulic-cylinders.net\/sl\/wp-json\/wp\/v2\/media\/14777"}],"wp:attachment":[{"href":"https:\/\/www.hydraulic-cylinders.net\/sl\/wp-json\/wp\/v2\/media?parent=16720"}],"wp:term":[{"taxonomy":"product_brand","embeddable":true,"href":"https:\/\/www.hydraulic-cylinders.net\/sl\/wp-json\/wp\/v2\/product_brand?post=16720"},{"taxonomy":"product_cat","embeddable":true,"href":"https:\/\/www.hydraulic-cylinders.net\/sl\/wp-json\/wp\/v2\/product_cat?post=16720"},{"taxonomy":"product_tag","embeddable":true,"href":"https:\/\/www.hydraulic-cylinders.net\/sl\/wp-json\/wp\/v2\/product_tag?post=16720"}],"curies":[{"name":"delovni list","href":"https:\/\/api.w.org\/{rel}","templated":true}]}}