{"id":16721,"date":"2025-01-21T05:49:30","date_gmt":"2025-01-21T05:49:30","guid":{"rendered":"https:\/\/www.hydraulic-cylinders.net\/product\/arm-cylinder-for-tls-hde18\/"},"modified":"2025-01-21T05:49:32","modified_gmt":"2025-01-21T05:49:32","slug":"arm-cylinder-for-tls-hde18","status":"publish","type":"product","link":"https:\/\/www.hydraulic-cylinders.net\/sl\/izdelek\/arm-cylinder-for-tls-hde18\/","title":{"rendered":"Ro\u010dica cilindra za TLS HDE18"},"content":{"rendered":"<p>Ro\u010dica cilindra za TLS HDE18<\/p>\n<p>Uvod<\/p>\n<p>Hidravli\u010dni valj roke je posebej zasnovan hidravli\u010dni valj, ki zagotavlja linearno gibanje in mo\u010d za razli\u010dne vrste strojev, kot so bagri, \u017eerjavi in \u200b\u200bmehanske roke. Igra klju\u010dno vlogo v hidravli\u010dnem sistemu, saj omogo\u010da u\u010dinkovito premikanje in krmiljenje priklju\u010dkov ali dodatne opreme. Ti cilindri ne le dosegajo gladko gibanje, temve\u010d tudi prenesejo velike obremenitve, kar zagotavlja u\u010dinkovito delovanje in zanesljivost strojev v razli\u010dnih obratovalnih pogojih.<\/p>\n<p><img decoding=\"async\" src=\"https:\/\/www.hydraulic-cylinders.net\/wp-content\/uploads\/2025\/01\/songte-company-2.webp\" alt=\"Ro\u010daj cilindra\" \/><\/p>\n<p>Definicija in razlaga<\/p>\n<p>Hidravli\u010dni cilindri so vrsta hidravli\u010dnega cilindra, ki je zasnovan za zagotavljanje linearnega gibanja in mo\u010di za razli\u010dne vrste strojev, kot so bagri, \u017eerjavi in \u200b\u200bmehanske roke. Igrajo klju\u010dno vlogo v hidravli\u010dnem sistemu, saj omogo\u010dajo u\u010dinkovito premikanje in krmiljenje priklju\u010dkov ali dodatne opreme. Ti cilindri ne le dosegajo gladko gibanje, temve\u010d tudi prenesejo velike obremenitve, kar zagotavlja u\u010dinkovito delovanje in zanesljivost strojev v razli\u010dnih obratovalnih pogojih.<\/p>\n<p>Zna\u010dilnosti<\/p>\n<p>Ro\u010dajni valj ima ve\u010d klju\u010dnih lastnosti, zaradi katerih je bistvena komponenta razli\u010dnih vrst strojev. Nekatere od teh lastnosti vklju\u010dujejo:<\/p>\n<p>1. Visoko u\u010dinkovit prenos: Valj roke zagotavlja mo\u010dno linearno gibanje in silo, kar zagotavlja visoko u\u010dinkovito delovanje mehanske roke pri razli\u010dnih operacijah.<\/p>\n<p>2. Natan\u010den nadzor: S hidravli\u010dnim sistemom lahko cilinder roke dose\u017ee natan\u010den nadzor gibanja, zaradi \u010desar je delovanje priklju\u010dkov bolj prilagodljivo in natan\u010dno.<\/p>\n<p>3. Mo\u010dna vzdr\u017eljivost: Ro\u010daj cilindra je obi\u010dajno izdelan iz visoko trdnih materialov, ki imajo dobro odpornost proti obrabi in koroziji, primerni za dolgotrajno uporabo v te\u017ekih okoljih.<\/p>\n<p>4. Ve\u010dnamenska prilagodljivost: Te cilindre je mogo\u010de \u0161iroko uporabljati v razli\u010dnih vrstah strojev, kot so bagri, \u017eerjavi in \u200b\u200bmehanske roke, da bi izpolnili razli\u010dne zahteve delovnega mesta.<\/p>\n<p>5. Enostavno vzdr\u017eevanje: Zasnova upo\u0161teva enostavno vzdr\u017eevanje in zamenjavo, zaradi \u010desar so redni pregledi in vzdr\u017eevanje bolj priro\u010dni ter skraj\u0161ajo \u010das izpada opreme.<\/p>\n<p>Na\u0161i izdelki<\/p>\n<p>Na\u0161e podjetje je specializirano za proizvodnjo nadomestnih hidravli\u010dnih cilindrov. Na\u0161i izdelki lahko popolnoma nadomestijo te hidravli\u010dne cilindre.<\/p>\n<p><img decoding=\"async\" src=\"https:\/\/www.hydraulic-cylinders.net\/wp-content\/uploads\/2025\/01\/songte-oil-pipes-and-spare-parts.webp\" alt=\"Oljne cevi in \u200b\u200brezervni deli\" \/><\/p>\n<p>Aplikacije<\/p>\n<p>Ro\u010dajni valj se pogosto uporablja na razli\u010dnih podro\u010djih, kot so:<\/p>\n<p>1. Gradbeni\u0161tvo: Pri bagrih in \u017eerjavih se cilindri rok uporabljajo za krmiljenje gibanja \u017elic ali rok za izkopavanje, ravnanje z materiali in monta\u017eo konstrukcij.<\/p>\n<p>2. Proizvodna industrija: V avtomatiziranih proizvodnih linijah se cilindri rok uporabljajo za nadzor gibanja mehanskih rok, za monta\u017eo, varjenje in rokovanje, kar izbolj\u0161uje u\u010dinkovitost in natan\u010dnost proizvodnje.<\/p>\n<p>3. Kmetijska mehanizacija: Pri kmetijski mehanizaciji, kot so \u017eetveni stroji in sejalnice, se cilindri rok uporabljajo za nadzor gibanja delovne roke za setev, gnojenje in \u017eetev.<\/p>\n<p>4. Rudarstvo: V rudarski opremi se cilindri rok uporabljajo za nadzor gibanja roke rudarske opreme za rudarjenje in ravnanje z rudami.<\/p>\n<p>5. Logistika in transport: Pri vili\u010darjih in robotih za ravnanje se cilindri rok uporabljajo za nadzor dvigovanja in premikanja vilic, za ravnanje z materiali in zlaganje.<\/p>\n<p>Oblikovalski vidiki in izbirna merila<\/p>\n<p>Pri na\u010drtovanju in izbiri cilindrov roke je treba upo\u0161tevati ve\u010d dejavnikov, kot so:<\/p>\n<p>1. Nosilnost: Valji roke morajo imeti zadostno nosilnost, da prenesejo te\u017eo priklju\u010dkov in dodatne opreme.<\/p>\n<p>2. Tesnilna zmogljivost: Valji roke morajo imeti dobro tesnilno zmogljivost, da prepre\u010dijo pu\u0161\u010danje hidravli\u010dne teko\u010dine in zagotovijo u\u010dinkovito delovanje.<\/p>\n<p>3. Vzdr\u017eljivost: Valji rok morajo biti izdelani iz visoko trdnih materialov z dobro odpornostjo proti obrabi in koroziji, da prenesejo zahtevna okolja.<\/p>\n<p>4. Varnost: Ro\u010dne cilindre je treba zasnovati z varnostnimi elementi, kot so tla\u010dni varnostni ventili in stikala za izklop v sili, da se prepre\u010dijo nesre\u010de.<\/p>\n<p>5. Vzdr\u017eevanje: Ro\u010dice cilindrov morajo biti zasnovane za enostavno vzdr\u017eevanje in popravilo, kar zmanj\u0161uje \u010das izpada opreme in stro\u0161ke vzdr\u017eevanja.<\/p>\n<p><img decoding=\"async\" src=\"https:\/\/www.hydraulic-cylinders.net\/wp-content\/uploads\/2025\/01\/songte-cylinder-head-with-all-kinds-excavator-models.webp\" alt=\"Glava valja\" \/><\/p>\n<p>Tesnjenje in mazanje<\/p>\n<p>Za zagotovitev u\u010dinkovitega delovanja in dolge \u017eivljenjske dobe morajo imeti cilindri roke dobro tesnjenje in mazanje. To je mogo\u010de dose\u010di z uporabo razli\u010dnih tesnilnih komponent, kot so tesnila bata in ojnice, izdelana iz materialov, odpornih proti obrabi, kot sta poliuretan in nitrilna guma. Telo cilindra in povr\u0161ina navojnega konca morata biti fino obdelana, da se izbolj\u0161a odpornost proti obrabi. Potrebno je tudi redno dodajanje ustreznega hidravli\u010dnega olja za mazanje.<\/p>\n<p>Redni pregledi in preventivno vzdr\u017eevanje<\/p>\n<p>Redni pregledi in preventivno vzdr\u017eevanje lahko u\u010dinkovito diagnosticirajo in re\u0161ijo te\u017eave. Nekateri preventivni ukrepi vklju\u010dujejo:<\/p>\n<p>1. Redno preverjajte morebitno pu\u0161\u010danje hidravli\u010dne teko\u010dine in obrabo tesnilnih delov.<\/p>\n<p>2. Redno preverjajte povr\u0161ino in navoj ohi\u0161ja valja glede obrabe in korozije.<\/p>\n<p>3. Redno preverjajte pravilno delovanje tla\u010dnega varnostnega ventila in stikala za izklop v sili.<\/p>\n<p>4. Redno dodajajte ustrezno hidravli\u010dno olje za mazanje.<\/p>\n<p>5. Redno menjajte obrabljene ali po\u0161kodovane komponente, da zagotovite u\u010dinkovito delovanje.<\/p>\n<p>Navodila za namestitev<\/p>\n<p>Za pravilno namestitev cilindra roke sledite tem korakom:<\/p>\n<p>1. O\u010distite namestitveno povr\u0161ino ro\u010dice cilindra in monta\u017eno povr\u0161ino stroja.<\/p>\n<p>2. Namestite valj ro\u010dice na monta\u017eno povr\u0161ino in ga privijte z navedenim navorom.<\/p>\n<p>3. Hidravli\u010dne cevi priklju\u010dite na vhodne in izhodne odprtine cilindra roke.<\/p>\n<p>4. Hidravli\u010dni sistem napolnite s hidravli\u010dnim oljem.<\/p>\n<p>5. Preverite delovanje cilindra roke.<\/p>\n<p><img decoding=\"async\" src=\"https:\/\/www.hydraulic-cylinders.net\/wp-content\/uploads\/2025\/01\/songte-bushings-with-all-kinds-of-excavator-models.webp\" alt=\"Pu\u0161e\" \/><\/p>\n<p>Varnostni vidiki in okoljski dejavniki<\/p>\n<p>Pri uporabi ro\u010dnih valjev je treba sprejeti varnostne ukrepe za prepre\u010devanje nesre\u010d, kot so no\u0161enje za\u0161\u010ditne obleke in rokavic, izogibanje neposrednemu stiku s hidravli\u010dno teko\u010dino in upo\u0161tevanje pravilnih postopkov delovanja.<\/p>\n<p>Kar zadeva okoljske dejavnike, je treba cilindre z roko zasnovo in izdelavo upo\u0161tevati okoljske vidike, kot so zmanj\u0161anje porabe energije, zmanj\u0161anje odpadkov in onesna\u017eevanja ter recikliranje.<\/p>\n<p>Odpravljanje te\u017eav in pogoste te\u017eave<\/p>\n<p>Med pogoste te\u017eave z cilindri roke spadajo pu\u0161\u010danje hidravli\u010dne teko\u010dine, nezadostna nosilnost in okvara varnostnega ventila. Za diagnosticiranje in odpravljanje teh te\u017eav sledite tem nasvetom za odpravljanje te\u017eav:<\/p>\n<p>1. Preverite, ali pu\u0161\u010da hidravli\u010dna teko\u010dina, in zamenjajte obrabljene ali po\u0161kodovane tesnilne dele.<\/p>\n<p>2. Preverite nosilnost cilindra roke in ga po potrebi zamenjajte z cilindrom z ve\u010djo zmogljivostjo.<\/p>\n<p>3. Preverite pravilno delovanje varnostnega ventila in ga po potrebi zamenjajte.<\/p>\n<p>Preventivni ukrepi za zmanj\u0161anje morebitnih te\u017eav vklju\u010dujejo redne preglede in vzdr\u017eevanje ter uporabo ro\u010dnih valjev z zadostno nosilnostjo.<\/p>\n<p><img decoding=\"async\" src=\"https:\/\/www.hydraulic-cylinders.net\/wp-content\/uploads\/2025\/01\/songte-chushion-collar.webp\" alt=\"Ovratnik Chushion\" \/><\/p>\n<p>Predstavitev podjetja<\/p>\n<p>Na\u0161e podjetje je profesionalni proizvajalec nadomestnih hidravli\u010dnih cilindrov s \u0161iroko paleto izdelkov in je postalo eden vodilnih proizvajalcev in veleprodajnih distributerjev hidravli\u010dnih cilindrov na doma\u010dem in mednarodnem trgu. Vedno se dr\u017eimo na\u010dela odli\u010dne kakovosti in nenehno izbolj\u0161ujemo na\u0161o tehni\u010dno raven in u\u010dinkovitost proizvodnje z izpopolnjenimi proizvodnimi delavnicami in industrializiranimi strategijami upravljanja proizvodnje. Z uvedbo vrhunske digitalne proizvodne opreme in profesionalnih sistemov testiranja optimiziramo proizvodno platformo in izbolj\u0161ujemo proces nadzora kakovosti izdelkov z mo\u010dnimi inovacijskimi zmogljivostmi. Na\u0161 cilj je zadovoljiti raznolike potrebe na\u0161ih strank z na\u010deli visoke u\u010dinkovitosti, natan\u010dnosti in visoke kakovosti.<\/p>\n<p>Na\u0161e podjetje ponuja profesionalne, mednarodno certificirane, prilagojene storitve, napredno proizvodno opremo in odli\u010dno poprodajno storitev, da strankam zagotovimo brezhibno izku\u0161njo.<\/p>\n<p><img decoding=\"async\" src=\"https:\/\/www.hydraulic-cylinders.net\/wp-content\/uploads\/2025\/01\/songte-company-4.webp\" alt=\"Podjetje\" \/><\/p>\n<p><img decoding=\"async\" src=\"https:\/\/www.hydraulic-cylinders.net\/wp-content\/uploads\/2025\/01\/songte-company-3.webp\" alt=\"Podjetje\" \/><\/p>\n<p>Avtor: lyl<\/p>","protected":false},"excerpt":{"rendered":"<p>Arm Cylinder For TLS HDE18 Introduction Arm cylinder is a specially designed hydraulic cylinder that provides linear motion and power for various kinds of machinery, such as excavators, cranes, and mechanical arms. It plays a crucial role in the hydraulic system, enabling attachments or accessories to move and control effectively. These cylinders not only achieve [&hellip;]<\/p>","protected":false},"featured_media":14774,"comment_status":"open","ping_status":"closed","template":"","meta":{"_et_pb_use_builder":"","_et_pb_old_content":"","_et_gb_content_width":""},"product_brand":[],"product_cat":[1497],"product_tag":[1498,1496],"class_list":{"0":"post-16721","1":"product","2":"type-product","3":"status-publish","4":"has-post-thumbnail","6":"product_cat-arm-cylinders","7":"product_tag-arm-cylinders","8":"product_tag-hydraulic-cylinders","10":"first","11":"instock","12":"shipping-taxable","13":"product-type-simple"},"amp_enabled":true,"_links":{"self":[{"href":"https:\/\/www.hydraulic-cylinders.net\/sl\/wp-json\/wp\/v2\/product\/16721","targetHints":{"allow":["GET"]}}],"collection":[{"href":"https:\/\/www.hydraulic-cylinders.net\/sl\/wp-json\/wp\/v2\/product"}],"about":[{"href":"https:\/\/www.hydraulic-cylinders.net\/sl\/wp-json\/wp\/v2\/types\/product"}],"replies":[{"embeddable":true,"href":"https:\/\/www.hydraulic-cylinders.net\/sl\/wp-json\/wp\/v2\/comments?post=16721"}],"wp:featuredmedia":[{"embeddable":true,"href":"https:\/\/www.hydraulic-cylinders.net\/sl\/wp-json\/wp\/v2\/media\/14774"}],"wp:attachment":[{"href":"https:\/\/www.hydraulic-cylinders.net\/sl\/wp-json\/wp\/v2\/media?parent=16721"}],"wp:term":[{"taxonomy":"product_brand","embeddable":true,"href":"https:\/\/www.hydraulic-cylinders.net\/sl\/wp-json\/wp\/v2\/product_brand?post=16721"},{"taxonomy":"product_cat","embeddable":true,"href":"https:\/\/www.hydraulic-cylinders.net\/sl\/wp-json\/wp\/v2\/product_cat?post=16721"},{"taxonomy":"product_tag","embeddable":true,"href":"https:\/\/www.hydraulic-cylinders.net\/sl\/wp-json\/wp\/v2\/product_tag?post=16721"}],"curies":[{"name":"delovni list","href":"https:\/\/api.w.org\/{rel}","templated":true}]}}