{"id":16734,"date":"2025-01-21T05:50:31","date_gmt":"2025-01-21T05:50:31","guid":{"rendered":"https:\/\/www.hydraulic-cylinders.net\/product\/arm-cylinder-for-kym-ky60f\/"},"modified":"2025-01-21T05:50:32","modified_gmt":"2025-01-21T05:50:32","slug":"arm-cylinder-for-kym-ky60f","status":"publish","type":"product","link":"https:\/\/www.hydraulic-cylinders.net\/sl\/izdelek\/arm-cylinder-for-kym-ky60f\/","title":{"rendered":"Ro\u010dica cilindra za KYM KY60F"},"content":{"rendered":"<h1>Ro\u010dica cilindra za KYM KY60F<\/h1>\n<p><img decoding=\"async\" src=\"https:\/\/www.hydraulic-cylinders.net\/wp-content\/uploads\/2025\/01\/songte-company-2.webp\" alt=\"Ro\u010dica cilindra za KYM KY60F\" \/><\/p>\n<h2>Uvod<\/h2>\n<p>Hidravli\u010dni valj roke je posebej zasnovan hidravli\u010dni valj, ki zagotavlja linearno gibanje in mo\u010d roki razli\u010dnih vrst strojev, kot so bagri, \u017eerjavi in \u200b\u200brobotske roke. Cilinder roke igra klju\u010dno vlogo v hidravli\u010dnih sistemih, saj omogo\u010da u\u010dinkovito gibanje in nadzor dodatnih orodij ali priklju\u010dkov. Ti cilindri ne omogo\u010dajo le gladkega gibanja, temve\u010d tudi prenesejo velike obremenitve, kar zagotavlja visoko u\u010dinkovitost in zanesljivost strojev v razli\u010dnih obratovalnih pogojih.<\/p>\n<h2>Zna\u010dilnosti<\/h2>\n<ul>\n<li><strong>Visoko u\u010dinkovit prenos mo\u010di:<\/strong> Cilinder roke zagotavlja mo\u010dno linearno gibanje in silo, kar zagotavlja visoko zmogljivost mehanske roke pri razli\u010dnih operacijah.<\/li>\n<li><strong>Natan\u010den nadzor:<\/strong> S hidravli\u010dnimi sistemi dose\u017ee cilinder roke natan\u010den nadzor gibanja, zaradi \u010desar je delovanje priklju\u010denih orodij bolj prilagodljivo in natan\u010dno.<\/li>\n<li><strong>Vzdr\u017eljivost:<\/strong> Ro\u010dajni cilindri so obi\u010dajno izdelani iz visoko trdnih materialov, ki ponujajo odli\u010dno odpornost proti obrabi in koroziji, primerni za dolgotrajno uporabo v zahtevnih okoljih.<\/li>\n<li><strong>Ve\u010dnamenska prilagodljivost:<\/strong> Ti cilindri se lahko \u0161iroko uporabljajo v razli\u010dnih strojih, kot so bagri, \u017eerjavi in \u200b\u200brobotske roke, za prilagoditev razli\u010dnim delovnim zahtevam.<\/li>\n<li><strong>Enostavno vzdr\u017eevanje:<\/strong> Zasnovani so za enostavno vzdr\u017eevanje in zamenjavo, cilindri roke pa omogo\u010dajo redne preglede in vzdr\u017eevanje, kar zmanj\u0161uje \u010das izpada opreme.<\/li>\n<\/ul>\n<p><img decoding=\"async\" src=\"https:\/\/www.hydraulic-cylinders.net\/wp-content\/uploads\/2025\/01\/songte-oil-pipes-and-spare-parts.webp\" alt=\"Zna\u010dilnosti ro\u010dnega cilindra\" \/><\/p>\n<h2>Aplikacije<\/h2>\n<ul>\n<li><strong>Gradbeni\u0161tvo:<\/strong> V bagrih in \u017eerjavih se cilindri rok uporabljajo za krmiljenje gibanja \u017elic ali rok pri zemeljskih delih, ravnanju z materiali in monta\u017ei konstrukcij.<\/li>\n<li><strong>Predelovalna industrija:<\/strong> V avtomatiziranih proizvodnih linijah se cilindri rok uporabljajo za gibanje robotskih rok pri monta\u017ei, varjenju in rokovanju, kar izbolj\u0161uje u\u010dinkovitost in natan\u010dnost proizvodnje.<\/li>\n<li><strong>Kmetijska mehanizacija:<\/strong> V kmetijski opremi, kot so kombajni in sejalnice, cilindri rok nadzorujejo gibanje delovnih rok za naloge, kot so setev, gnojenje in \u017eetev.<\/li>\n<li><strong>Rudarstvo:<\/strong> V rudarski opremi se cilindri rok uporabljajo za krmiljenje gibanja roke rudarskih strojev za pridobivanje in transport rude.<\/li>\n<li><strong>Logistika in transport:<\/strong> V vili\u010darjih in robotih za manipulacijo se cilindri rok uporabljajo za nadzor dvigovanja in premikanja vilic, kar omogo\u010da ravnanje z materiali in zlaganje.<\/li>\n<\/ul>\n<h2>Oblikovalski vidiki in izbirna merila<\/h2>\n<p><img decoding=\"async\" src=\"https:\/\/www.hydraulic-cylinders.net\/wp-content\/uploads\/2025\/01\/songte-cylinder-head-with-all-kinds-excavator-models.webp\" alt=\"Zasnova ro\u010dnega cilindra\" \/><\/p>\n<p>Pri izbiri in na\u010drtovanju cilindrov je treba upo\u0161tevati ve\u010d klju\u010dnih dejavnikov:<\/p>\n<ul>\n<li><strong>Nosilnost:<\/strong> Jeklenka mora biti sposobna prenesti pri\u010dakovane obremenitve med delovanjem.<\/li>\n<li><strong>Tesnjenje:<\/strong> Za zagotovitev u\u010dinkovitega tesnjenja je treba uporabiti razli\u010dne tesnilne komponente, kot so tesnila bata in tesnila ojnic. Materiali, kot sta poliuretan in nitrilna guma, se obi\u010dajno izberejo zaradi svoje odpornosti proti obrabi.<\/li>\n<li><strong>Vzdr\u017eljivost:<\/strong> Telo valja in navojni konci morajo biti fino obdelani za izbolj\u0161anje odpornosti proti obrabi.<\/li>\n<li><strong>Varnost:<\/strong> V zasnovo je treba vklju\u010diti varnostne vidike, ki zagotavljajo varno delovanje ro\u010dnega cilindra v razli\u010dnih delovnih pogojih.<\/li>\n<li><strong>Vzdr\u017eevanje:<\/strong> Med na\u010drtovanjem je treba upo\u0161tevati enostavno vzdr\u017eevanje in popravila, kar bo zmanj\u0161alo \u010das izpada in olaj\u0161alo redne preglede.<\/li>\n<\/ul>\n<h2>Tesnjenje in mazanje<\/h2>\n<p>Ro\u010dajni valj uporablja razli\u010dne tesnilne komponente, kot so tesnila bata in ojnice, ki so izdelana iz trpe\u017enih materialov, kot sta poliuretan in nitrilna guma. Telo valja in navojni konci so fino obdelani za ve\u010djo odpornost proti obrabi. Redno mazanje z ustreznim hidravli\u010dnim oljem je potrebno za zagotovitev nemotenega delovanja in zmanj\u0161anje obrabe.<\/p>\n<h2>Redni pregledi in preventivno vzdr\u017eevanje<\/h2>\n<p>Za zagotovitev optimalne zmogljivosti in podalj\u0161anje \u017eivljenjske dobe cilindra roke so redni pregledi in preventivno vzdr\u017eevanje bistvenega pomena. Sprejeti je treba naslednje ukrepe:<\/p>\n<ul>\n<li>Preverite jeklenko glede morebitnih znakov pu\u0161\u010danja, obrabe ali po\u0161kodb.<\/li>\n<li>Preverite in vzdr\u017eujte ustrezno raven mazanja.<\/li>\n<li>Spremljajte delovanje cilindra in pravo\u010dasno odpravite morebitne nepravilnosti.<\/li>\n<li>Po potrebi zamenjajte obrabljena tesnila ali druge komponente.<\/li>\n<\/ul>\n<h2>Vodnik za namestitev izdelka<\/h2>\n<p><img decoding=\"async\" src=\"https:\/\/www.hydraulic-cylinders.net\/wp-content\/uploads\/2025\/01\/songte-bushings-with-all-kinds-of-excavator-models.webp\" alt=\"Namestitev ro\u010dice cilindra\" \/><\/p>\n<p>Pravilna namestitev ro\u010dnega cilindra je klju\u010dnega pomena za njegovo delovanje in dolgo \u017eivljenjsko dobo. Sledite tem korakom:<\/p>\n<ol>\n<li>Prepri\u010dajte se, da je povr\u0161ina za monta\u017eo \u010dista in brez umazanije.<\/li>\n<li>Poravnajte valj s pravilno orientacijo.<\/li>\n<li>Jeklenko varno pritrdite z ustreznimi vijaki ali nosilci.<\/li>\n<li>Naredite potrebne priklju\u010dke cevi ali cevi.<\/li>\n<li>Po namestitvi opravite temeljit pregled, da zagotovite pravilno delovanje.<\/li>\n<\/ol>\n<h2>Varnostni vidiki in okoljski dejavniki<\/h2>\n<p>Varnostni ukrepi so izjemnega pomena pri delu s hidravli\u010dnimi cilindri. Ustrezno usposabljanje, upo\u0161tevanje varnostnih smernic in uporaba za\u0161\u010ditne opreme lahko prepre\u010dijo nesre\u010de. Poleg tega je treba upo\u0161tevati okoljske dejavnike, kot je izbira materialov, ki so odporni proti koroziji in okoljskim pogojem.<\/p>\n<h2>Odpravljanje te\u017eav in pogoste te\u017eave<\/h2>\n<p><img decoding=\"async\" src=\"https:\/\/www.hydraulic-cylinders.net\/wp-content\/uploads\/2025\/01\/songte-chushion-collar.webp\" alt=\"Odpravljanje te\u017eav z ro\u010dnim cilindrom\" \/><\/p>\n<p>Razumevanje pogostih te\u017eav, ki se lahko pojavijo pri cilindrih rok, je bistvenega pomena za u\u010dinkovito odpravljanje te\u017eav in re\u0161evanje te\u017eav. Pogoste te\u017eave vklju\u010dujejo pu\u0161\u010danje, nezadostno mo\u010d in neenakomerno gibanje. Tukaj je nekaj nasvetov in re\u0161itev:<\/p>\n<ul>\n<li>\u010ce pride do pu\u0161\u010danja, preverite tesnila in jih po potrebi zamenjajte.<\/li>\n<li>\u010ce izhodna mo\u010d ni zadostna, preverite tlak in pretok hidravli\u010dnega sistema.<\/li>\n<li>\u010ce je gibanje neenakomerno, preverite regulacijske ventile in se prepri\u010dajte o njihovem pravilnem delovanju.<\/li>\n<\/ul>\n<p>Z upo\u0161tevanjem teh nasvetov za odpravljanje te\u017eav in izvajanjem preventivnih ukrepov je mogo\u010de zmanj\u0161ati morebitne te\u017eave in zagotoviti zanesljivo delovanje cilindra roke.<\/p>\n<p><img decoding=\"async\" src=\"https:\/\/www.hydraulic-cylinders.net\/wp-content\/uploads\/2025\/01\/songte-company-4.webp\" alt=\"Predstavitev podjetja\" \/><\/p>\n<h2>O nas<\/h2>\n<p>Smo profesionalni proizvajalec nadomestnih hidravli\u010dnih cilindrov in ponujamo \u0161iroko paleto izdelkov. Kot eden vodilnih proizvajalcev in veleprodajnih distributerjev hidravli\u010dnih cilindrov na doma\u010dem in mednarodnem trgu se dr\u017eimo na\u010dela odli\u010dnosti v kakovosti. Z na\u0161o dovr\u0161eno proizvodno delavnico in strategijo upravljanja industrijske proizvodnje nenehno izbolj\u0161ujemo na\u0161e tehni\u010dne zmogljivosti in u\u010dinkovitost proizvodnje. Z uvedbo napredne digitalne proizvodne opreme in profesionalnih sistemov testiranja optimiziramo na\u0161o proizvodno platformo in izbolj\u0161ujemo proces nadzora kakovosti izdelkov, s \u010dimer dokazujemo mo\u010dne inovacijske sposobnosti. Na\u0161 cilj je zadovoljiti raznolike potrebe strank z u\u010dinkovitostjo, natan\u010dnostjo in visokokakovostnimi izdelki.<\/p>\n<p><img decoding=\"async\" src=\"https:\/\/www.hydraulic-cylinders.net\/wp-content\/uploads\/2025\/01\/songte-company-3.webp\" alt=\"Prostori podjetja\" \/><\/p>\n<p>Na\u0161e podjetje izstopa po profesionalnosti, mednarodnih certifikatih, prilagojenih storitvah, proizvodni opremi in poprodajnih storitvah. Prizadevamo si za izjemno zadovoljstvo strank in smo zavezani k dobavi zanesljivih hidravli\u010dnih cilindrov za razli\u010dne aplikacije.<\/p>\n<p><em>Avtor: lyl<\/em><\/p>","protected":false},"excerpt":{"rendered":"<p>Arm Cylinder For KYM KY60F Introduction An arm cylinder is a specially designed hydraulic cylinder that provides linear motion and power to the arm of various types of machinery, such as excavators, cranes, and robotic arms. The arm cylinder plays a crucial role in hydraulic systems, allowing for efficient movement and control of additional tools [&hellip;]<\/p>","protected":false},"featured_media":14766,"comment_status":"open","ping_status":"closed","template":"","meta":{"_et_pb_use_builder":"","_et_pb_old_content":"","_et_gb_content_width":""},"product_brand":[],"product_cat":[1497],"product_tag":[1498,1496],"class_list":{"0":"post-16734","1":"product","2":"type-product","3":"status-publish","4":"has-post-thumbnail","6":"product_cat-arm-cylinders","7":"product_tag-arm-cylinders","8":"product_tag-hydraulic-cylinders","10":"first","11":"instock","12":"shipping-taxable","13":"product-type-simple"},"amp_enabled":true,"_links":{"self":[{"href":"https:\/\/www.hydraulic-cylinders.net\/sl\/wp-json\/wp\/v2\/product\/16734","targetHints":{"allow":["GET"]}}],"collection":[{"href":"https:\/\/www.hydraulic-cylinders.net\/sl\/wp-json\/wp\/v2\/product"}],"about":[{"href":"https:\/\/www.hydraulic-cylinders.net\/sl\/wp-json\/wp\/v2\/types\/product"}],"replies":[{"embeddable":true,"href":"https:\/\/www.hydraulic-cylinders.net\/sl\/wp-json\/wp\/v2\/comments?post=16734"}],"wp:featuredmedia":[{"embeddable":true,"href":"https:\/\/www.hydraulic-cylinders.net\/sl\/wp-json\/wp\/v2\/media\/14766"}],"wp:attachment":[{"href":"https:\/\/www.hydraulic-cylinders.net\/sl\/wp-json\/wp\/v2\/media?parent=16734"}],"wp:term":[{"taxonomy":"product_brand","embeddable":true,"href":"https:\/\/www.hydraulic-cylinders.net\/sl\/wp-json\/wp\/v2\/product_brand?post=16734"},{"taxonomy":"product_cat","embeddable":true,"href":"https:\/\/www.hydraulic-cylinders.net\/sl\/wp-json\/wp\/v2\/product_cat?post=16734"},{"taxonomy":"product_tag","embeddable":true,"href":"https:\/\/www.hydraulic-cylinders.net\/sl\/wp-json\/wp\/v2\/product_tag?post=16734"}],"curies":[{"name":"delovni list","href":"https:\/\/api.w.org\/{rel}","templated":true}]}}