{"id":1674,"date":"2023-10-11T02:36:33","date_gmt":"2023-10-11T02:36:33","guid":{"rendered":"https:\/\/hydraulic-cylinders.net\/?post_type=product&#038;p=1674"},"modified":"2025-04-11T03:46:16","modified_gmt":"2025-04-11T03:46:16","slug":"press-centering-cylinder","status":"publish","type":"product","link":"https:\/\/www.hydraulic-cylinders.net\/sl\/izdelek\/press-centering-cylinder\/","title":{"rendered":"Centrirni valj za stiskanje"},"content":{"rendered":"<h1 style=\"text-align: center;\"><strong>Centrirni valj za stiskanje<\/strong><\/h1>\n<p><img loading=\"lazy\" decoding=\"async\" class=\"alignnone size-medium wp-image-1675 aligncenter\" src=\"https:\/\/hydraulic-cylinders.net\/wp-content\/uploads\/2023\/10\/centering-cylinder-1-300x300.webp\" alt=\"\" width=\"300\" height=\"300\" \/><\/p>\n<p>Centrirni valj za stiskanje je vrhunsko orodje, zasnovano za pove\u010danje natan\u010dnosti in u\u010dinkovitosti pri \u0161irokem naboru aplikacij stiskanja. Ta inovativni valj je skrbno zasnovan za natan\u010dno centriranje obdelovancev, kar zagotavlja optimalno poravnavo in skraj\u0161a \u010das priprave.<\/p>\n<p>Centrirni valj za stiskanje je nepogre\u0161ljiv za doseganje natan\u010dnih in u\u010dinkovitih operacij stiskanja. Z natan\u010dnim centriranjem, nastavljivo zmogljivostjo, hitrim odzivnim \u010dasom in robustno konstrukcijo ta valj omogo\u010da operaterjem, da obdelovance poravnajo z najve\u010djo natan\u010dnostjo, s \u010dimer skraj\u0161ajo \u010das nastavitve in pove\u010dajo splo\u0161no produktivnost. Z upo\u0161tevanjem priporo\u010denih metod uporabe in vzdr\u017eevalnih praks lahko pove\u010date zmogljivost, dolgo \u017eivljenjsko dobo in varnost centrirnega valj\u010dka za stiskanje pri va\u0161ih operacijah stiskanja. Izberite ta valj, da izbolj\u0161ate svoje zmogljivosti stiskanja in izkusite vrhunsko poravnavo in u\u010dinkovitost.<\/p>\n<p>Klju\u010dne zna\u010dilnosti cilindra za centriranje stiskanja:<\/p>\n<ul>\n<li>Natan\u010dno centriranje:\n<ul>\n<li>Centrirni valj za stiskanje je posebej zasnovan za natan\u010dno centriranje obdelovancev med stiskanjem.<\/li>\n<li>Njegov napredni mehanizem zagotavlja natan\u010dno poravnavo obdelovanca, s \u010dimer se zmanj\u0161a tveganje za napa\u010dno poravnavo ali napake.<\/li>\n<\/ul>\n<\/li>\n<li>Nastavljiva zmogljivost:\n<ul>\n<li>Ta valj ponuja nastavljive mo\u017enosti centriranja, kar operaterjem omogo\u010da natan\u010dno nastavitev poravnave glede na specifi\u010dne zahteve posamezne aplikacije.<\/li>\n<li>S prilagajanjem nastavitev centriranja lahko dose\u017eete optimalne rezultate za razli\u010dne velikosti, oblike in materiale obdelovancev.<\/li>\n<\/ul>\n<\/li>\n<li>Hiter odzivni \u010das:\n<ul>\n<li>Centrirni valj stiskalnice se pona\u0161a s hitrim odzivnim \u010dasom, kar omogo\u010da hitro in u\u010dinkovito centriranje obdelovancev.<\/li>\n<li>Hitro delovanje skraj\u0161a skupni \u010das cikla, kar pove\u010da produktivnost in prepustnost pri stiskanju.<\/li>\n<\/ul>\n<\/li>\n<li>Robustna konstrukcija:\n<ul>\n<li>Ta valj je izdelan z mislijo na vzdr\u017eljivost, saj je izdelan iz visokokakovostnih materialov in natan\u010dne in\u017eeniringa.<\/li>\n<li>Njegova robustna konstrukcija zagotavlja dolgotrajno delovanje, tudi v zahtevnih industrijskih okoljih.<\/li>\n<\/ul>\n<\/li>\n<\/ul>\n<h2><strong>Parameter cilindra za centriranje stiskalnice:<\/strong><\/h2>\n<table border=\"1\" cellspacing=\"0\" cellpadding=\"0\">\n<tbody>\n<tr>\n<td>Ime izdelka<\/td>\n<td>Hidravli\u010dni centrirni valj za stiskanje<\/td>\n<\/tr>\n<tr>\n<td>Zna\u010dilnosti:<\/td>\n<td>Zagotovite srednji polo\u017eaj glave objemke<\/td>\n<\/tr>\n<tr>\n<td>Premer izvrtine:<\/td>\n<td>50 mm\uff5e190 mm<\/td>\n<\/tr>\n<tr>\n<td>Premer palice:<\/td>\n<td>35 mm\uff5e150 mm<br \/>\nHod \u22641200 mm<\/td>\n<\/tr>\n<tr>\n<td>Potisna sila:<\/td>\n<td>Najve\u010d 441 kN<br \/>\n(Premer valja 190 mm\/tlak 25 MPa)<\/td>\n<\/tr>\n<tr>\n<td>Uporaba centrirnega cilindra:<\/td>\n<td>Hidravli\u010dna stiskalnica<\/td>\n<\/tr>\n<\/tbody>\n<\/table>\n<div><\/div>\n<div>\n<div class=\"txtboxL\">Zna\u010dilnosti:<\/div>\n<div class=\"txtboxR\">Zagotovite srednji polo\u017eaj glave objemke<\/div>\n<div class=\"txtboxL\">Specifikacija:<\/div>\n<div class=\"txtboxR\">Premer izvrtine: 50 mm\uff5e190 mm<br \/>\nPremer palice: 35 mm\uff5e150 mm<br \/>\nHod \u22641200 mm<\/div>\n<div class=\"txtboxL\">Potisna sila:<\/div>\n<div class=\"txtboxR\">Najve\u010d 441 kN<br \/>\n(Premer valja 190 mm\/tlak 25 MPa)<\/div>\n<\/div>\n<h2><strong>Tovarna stiskalnih valjev:<\/strong><\/h2>\n<p><img loading=\"lazy\" decoding=\"async\" class=\"alignnone wp-image-1619 size-full\" src=\"https:\/\/hydraulic-cylinders.net\/wp-content\/uploads\/2023\/10\/press-cylinder.webp\" alt=\"\" width=\"1418\" height=\"946\" srcset=\"https:\/\/hydraulic-cylinders.net\/wp-content\/uploads\/2023\/10\/press-cylinder.webp 1418w, https:\/\/hydraulic-cylinders.net\/wp-content\/uploads\/2023\/10\/press-cylinder-1280x854.webp 1280w, https:\/\/hydraulic-cylinders.net\/wp-content\/uploads\/2023\/10\/press-cylinder-980x654.webp 980w, https:\/\/hydraulic-cylinders.net\/wp-content\/uploads\/2023\/10\/press-cylinder-480x320.webp 480w\" sizes=\"(min-width: 0px) and (max-width: 480px) 480px, (min-width: 481px) and (max-width: 980px) 980px, (min-width: 981px) and (max-width: 1280px) 1280px, (min-width: 1281px) 1418px, 100vw\" \/><\/p>\n<h2><strong>Metoda uporabe cilindra za centriranje stiskalnice<\/strong><strong>:<\/strong><\/h2>\n<ul>\n<li><strong>Namestitev:<\/strong>\n<ul>\n<li>Centrirni valj stiskalnice varno namestite na \u017eeleno mesto in pri tem zagotovite pravilno poravnavo s stiskalno opremo.<\/li>\n<li>Hidravli\u010dne cevi priklju\u010dite v skladu z navodili proizvajalca, pri \u010demer zagotovite pravilen pretok teko\u010dine in se izognite pu\u0161\u010danju.<\/li>\n<\/ul>\n<\/li>\n<li><strong>Nastavitev centriranja:<\/strong>\n<ul>\n<li>Seznanite se z mehanizmom za nastavitev centriranja, ki ga zagotavlja valj.<\/li>\n<li>Obi\u010dajno se nastavitve lahko izvedejo z uporabo krmilnih gumbov, ro\u010dnih kolesc ali digitalnih krmilnikov.<\/li>\n<li>Za natan\u010dno centriranje glede na dimenzije obdelovanca in zahteve glede poravnave upo\u0161tevajte navodila proizvajalca.<\/li>\n<\/ul>\n<\/li>\n<li><strong>Poravnava obdelovanca:<\/strong>\n<ul>\n<li>Obdelovanec namestite na stiskalnico in se prepri\u010dajte, da je poravnan s centrirnim valjem.<\/li>\n<li>Aktivirajte valj, da vklopite mehanizem za centriranje in pritrdite obdelovanec v \u017eelenem polo\u017eaju.<\/li>\n<li>Poravnavo preverite vizualno ali z merilnimi orodji, da zagotovite natan\u010dno centriranje.<\/li>\n<\/ul>\n<\/li>\n<li><strong>Postopek stiskanja:<\/strong>\n<ul>\n<li>Ko je obdelovanec pravilno poravnan, nadaljujte s stiskanjem po standardnih postopkih.<\/li>\n<li>Centrirni valj stiskalnice bo vzdr\u017eeval poravnavo in stabilnost obdelovanca skozi celoten postopek stiskanja, s \u010dimer se bo zmanj\u0161alo tveganje za napa\u010dno poravnavo ali po\u0161kodbe.<\/li>\n<\/ul>\n<\/li>\n<\/ul>\n<h2><strong>Kako odzra\u010diti hidravli\u010dni valj?<\/strong><\/h2>\n<p>Odzra\u010devanje hidravli\u010dnega cilindra je bistveno vzdr\u017eevalno opravilo, ki pomaga odstraniti zrak ali ujete pline iz sistema. Tukaj je navodilo po korakih za odzra\u010devanje hidravli\u010dnega cilindra:<\/p>\n<p>Opomba: Preden nadaljujete s postopkom odzra\u010devanja, se prepri\u010dajte, da imate potrebno orodje, varnostno opremo in upo\u0161tevajte vsa posebna navodila proizvajalca hidravli\u010dnega sistema.<\/p>\n<ol>\n<li><strong>Varnostni ukrepi:<\/strong>\n<ul>\n<li>Nosite ustrezno varnostno opremo, kot so rokavice in za\u0161\u010ditna o\u010dala, da se za\u0161\u010ditite pred morebitnim pu\u0161\u010danjem ali brizganjem hidravli\u010dne teko\u010dine.<\/li>\n<li>Prepri\u010dajte se, da je hidravli\u010dni sistem brez tlaka, tako da izklopite vir napajanja in sprostite morebitni shranjeni tlak.<\/li>\n<\/ul>\n<\/li>\n<li><strong>Poi\u0161\u010dite odzra\u010devalni ventil:<\/strong>\n<ul>\n<li>Poi\u0161\u010dite odzra\u010devalni ventil na hidravli\u010dnem cilindru. Odzra\u010devalni ventil je obi\u010dajno majhen, vija\u010dni ventil, ki se nahaja na ohi\u0161ju cilindra ali v bli\u017eini hidravli\u010dnih cevi, priklju\u010denih na valj.<\/li>\n<li>\u010ce niste prepri\u010dani o lokaciji odzra\u010devalnega ventila, si oglejte dokumentacijo proizvajalca ali poi\u0161\u010dite strokovno pomo\u010d.<\/li>\n<\/ul>\n<\/li>\n<li><strong>Priprava na odvzem teko\u010dine:<\/strong>\n<ul>\n<li>Pod odzra\u010devalni ventil postavite primerno posodo ali vpojni material, da zberete morebitno teko\u010dino, ki se lahko sprosti med odzra\u010devanjem. To prepre\u010di razlitje in onesna\u017eenje okolja.<\/li>\n<\/ul>\n<\/li>\n<li><strong>Odprite odzra\u010devalni ventil:<\/strong>\n<ul>\n<li>Z ustreznim klju\u010dem ali orodjem previdno odvijte odzra\u010devalni ventil v nasprotni smeri urinega kazalca. Pazite, da ventila na tej stopnji ne odstranite v celoti.<\/li>\n<li>Odpiranje odzra\u010devalnega ventila ustvari izhod za uhajanje ujetega zraka ali plinov v jeklenki.<\/li>\n<\/ul>\n<\/li>\n<li><strong>Aktivirajte hidravli\u010dni sistem:<\/strong>\n<ul>\n<li>Vklopite ali aktivirajte hidravli\u010dni sistem z uporabo metode, ki jo priporo\u010da proizvajalec. To lahko vklju\u010duje zagon pogonske enote ali upravljanje hidravli\u010dne opreme, ki uporablja valj.<\/li>\n<\/ul>\n<\/li>\n<li><strong>Opazujte pretok teko\u010dine:<\/strong>\n<ul>\n<li>Med delovanjem hidravli\u010dnega sistema boste opazili, da teko\u010dina te\u010de skozi odzra\u010devalni ventil.<\/li>\n<li>Pustite, da teko\u010dina prosto te\u010de dovolj \u010dasa, da se iz jeklenke odstrani ves zrak ali ujeti plini.<\/li>\n<li>Pazljivo spremljajte nivo teko\u010dine v posodi in bodite pripravljeni zapreti odzra\u010devalni ventil, ko se pretok teko\u010dine ustali in ne bo ve\u010d zra\u010dnih mehur\u010dkov.<\/li>\n<\/ul>\n<\/li>\n<li><strong>Zaprite odzra\u010devalni ventil:<\/strong>\n<ul>\n<li>Ko se pretok teko\u010dine stabilizira in ni ve\u010d zra\u010dnih mehur\u010dkov, previdno privijte odzra\u010devalni ventil v smeri urinega kazalca. Prepri\u010dajte se, da je tesno privit, vendar ga ne zategnite preve\u010d, da prepre\u010dite po\u0161kodbe ventila ali valja.<\/li>\n<\/ul>\n<\/li>\n<li><strong>Preverite delovanje sistema:<\/strong>\n<ul>\n<li>Po zaprtju odzra\u010devalnega ventila s pomo\u010djo hidravli\u010dnega sistema preverite, ali valj deluje pravilno.<\/li>\n<li>Spremljajte gibanje, odzivnost in splo\u0161no delovanje valja, da zagotovite, da je bil postopek odzra\u010devanja uspe\u0161en.<\/li>\n<\/ul>\n<\/li>\n<li><strong>\u010ci\u0161\u010denje in varnost:<\/strong>\n<ul>\n<li>O\u010distite morebitno razlito hidravli\u010dno teko\u010dino in se prepri\u010dajte, da je delovno obmo\u010dje \u010disto in brez morebitnih nevarnosti.<\/li>\n<li>Zbrano teko\u010dino zavrzite v skladu z lokalnimi predpisi in okoljskimi smernicami.<\/li>\n<\/ul>\n<\/li>\n<\/ol>\n<h2><strong>Zmogljivost in zmogljivost tovarne:<\/strong><\/h2>\n<h3>(1) Sestavljanje<\/h3>\n<p>Imamo prvovrstno neodvisno platformo za raziskave in razvoj. Delavnica za proizvodnjo hidravli\u010dnih cilindrov ima \u0161tiri polavtomatske monta\u017ene linije za dvi\u017ene cilindre in eno avtomatsko monta\u017eno linijo za nagibne cilindre z letno proizvodno zmogljivostjo 1 milijona kosov. Delavnica za posebne cilindre je opremljena z razli\u010dnimi specifikacijami polavtomatskega sistema za \u010di\u0161\u010denje in monta\u017eo z letno proizvodno zmogljivostjo 200.000 kosov ter znano CNC obdelovalno opremo, obdelovalnim centrom, visoko precizno posebno opremo za obdelavo cilindrov, robotskim varilnim strojem, avtomatskim \u010distilnim strojem, avtomatskim strojem za monta\u017eo cilindrov in avtomatsko proizvodno linijo za barvanje. Obstoje\u010da kriti\u010dna oprema obsega ve\u010d kot 300 kompletov (kompletov). Optimalna razporeditev in u\u010dinkovita uporaba opremnih virov zagotavljata zahteve glede natan\u010dnosti izdelkov in izpolnjujeta visoke zahteve glede kakovosti izdelkov.<\/p>\n<p><img loading=\"lazy\" decoding=\"async\" class=\"alignnone wp-image-626\" src=\"https:\/\/hydraulic-cylinders.net\/wp-content\/uploads\/2023\/08\/hydraulic-cylinder-product-1-300x158.webp\" alt=\"\" width=\"495\" height=\"260\" srcset=\"https:\/\/hydraulic-cylinders.net\/wp-content\/uploads\/2023\/08\/hydraulic-cylinder-product-1-300x158.webp 495w, https:\/\/hydraulic-cylinders.net\/wp-content\/uploads\/2023\/08\/hydraulic-cylinder-product-1-480x252.webp 480w\" sizes=\"(min-width: 0px) and (max-width: 480px) 480px, (min-width: 481px) 495px, 100vw\" \/> <img loading=\"lazy\" decoding=\"async\" class=\"alignnone wp-image-627\" src=\"https:\/\/hydraulic-cylinders.net\/wp-content\/uploads\/2023\/08\/hydraulic-cylinder-product-2-300x189.webp\" alt=\"\" width=\"413\" height=\"260\" \/><\/p>\n<h3>(2) Strojna obdelava<\/h3>\n<p>Strojna delavnica je opremljena s prilagojenim centrom za stru\u017eenje nagnjenih tirnic, obdelovalnim centrom, visokohitrostnim strojem za honanje, varilnim robotom in drugo sorodno opremo, ki lahko obdeluje cilindri\u010dne cevi z najve\u010djim notranjim premerom 400 mm in najve\u010djo dol\u017eino 6 metrov.<\/p>\n<p><img loading=\"lazy\" decoding=\"async\" class=\"alignnone wp-image-628 size-large\" src=\"https:\/\/hydraulic-cylinders.net\/wp-content\/uploads\/2023\/08\/hydraulic-cylinder-product-3-1024x391.webp\" alt=\"\" width=\"1024\" height=\"391\" srcset=\"https:\/\/hydraulic-cylinders.net\/wp-content\/uploads\/2023\/08\/hydraulic-cylinder-product-3-980x374.webp 980w, https:\/\/hydraulic-cylinders.net\/wp-content\/uploads\/2023\/08\/hydraulic-cylinder-product-3-480x183.webp 480w\" sizes=\"(min-width: 0px) and (max-width: 480px) 480px, (min-width: 481px) and (max-width: 980px) 980px, (min-width: 981px) 1024px, 100vw\" \/><\/p>\n<h3>(3) Varjenje<\/h3>\n<p><img loading=\"lazy\" decoding=\"async\" class=\"alignnone wp-image-629 size-large\" src=\"https:\/\/hydraulic-cylinders.net\/wp-content\/uploads\/2023\/08\/hydraulic-cylinder-product-4-1024x510.webp\" alt=\"\" width=\"1024\" height=\"510\" srcset=\"https:\/\/hydraulic-cylinders.net\/wp-content\/uploads\/2023\/08\/hydraulic-cylinder-product-4-980x488.webp 980w, https:\/\/hydraulic-cylinders.net\/wp-content\/uploads\/2023\/08\/hydraulic-cylinder-product-4-480x239.webp 480w\" sizes=\"(min-width: 0px) and (max-width: 480px) 480px, (min-width: 481px) and (max-width: 980px) 980px, (min-width: 981px) 1024px, 100vw\" \/><\/p>\n<h3>(4) Barvanje in premazovanje<\/h3>\n<p>Z majhnimi in srednje velikimi cilindri\u010dnimi avtomatskimi linijami za barvanje na vodni osnovi, za doseganje avtomatskega nakladanja in razkladanja robotov ter avtomatskega brizganja, je projektna zmogljivost 4000 kosov na izmeno;<br \/>\nImamo tudi polavtomatsko linijo za proizvodnjo barv za velike jeklenke, ki jo poganja veriga, s projektno zmogljivostjo 60 zabojev na izmeno.<\/p>\n<p><img loading=\"lazy\" decoding=\"async\" class=\"alignnone wp-image-630\" src=\"https:\/\/hydraulic-cylinders.net\/wp-content\/uploads\/2023\/08\/hydraulic-cylinder-product-5-300x213.webp\" alt=\"\" width=\"366\" height=\"260\" \/> <img loading=\"lazy\" decoding=\"async\" class=\"alignnone wp-image-631\" src=\"https:\/\/hydraulic-cylinders.net\/wp-content\/uploads\/2023\/08\/hydraulic-cylinder-product-6-300x225.webp\" alt=\"\" width=\"347\" height=\"260\" \/><\/p>\n<h3>(5) Testiranje<\/h3>\n<p>Imamo prvovrstne in\u0161pekcijske prostore in testne postaje, s katerimi zagotavljamo, da delovanje jeklenke izpolnjuje zahteve.<\/p>\n<p><img loading=\"lazy\" decoding=\"async\" class=\"alignnone wp-image-632\" src=\"https:\/\/hydraulic-cylinders.net\/wp-content\/uploads\/2023\/08\/hydraulic-cylinder-product-8-300x200.webp\" alt=\"\" width=\"389\" height=\"260\" \/><\/p>\n<p>&nbsp;<\/p>\n<p>&nbsp;<\/p>\n<p>Smo eden najbolj\u0161ih proizvajalcev hidravli\u010dnih cilindrov. Ponujamo vam celovite hidravli\u010dne cilindre. Zagotavljamo tudi ustrezne <a href=\"https:\/\/hzpt.com\/agricultural-pto-gearbox\/\" target=\"_blank\" rel=\"noopener\">kmetijski menjalniki<\/a>Na\u0161e izdelke smo izvozili strankam po vsem svetu in si prislu\u017eili dober ugled zaradi vrhunske kakovosti izdelkov in poprodajnih storitev. Z veseljem vas vabimo, da nas kontaktirate za poslovne dogovore, izmenjavo informacij in ... <a href=\"https:\/\/www.hydraulic-cylinders.net\/sl\/contact-us\/\">sodelujte z nami<\/a>!<\/p>","protected":false},"excerpt":{"rendered":"<p>Press Centering Cylinder The press centering cylinder is a cutting-edge tool designed to enhance precision and efficiency in a wide range of pressing applications. This innovative cylinder is meticulously engineered to provide accurate centering of workpieces, ensuring optimal alignment and reducing setup time. The press centering cylinder is indispensable for achieving precise and efficient pressing [&hellip;]<\/p>","protected":false},"featured_media":1676,"comment_status":"open","ping_status":"closed","template":"","meta":{"_et_pb_use_builder":"","_et_pb_old_content":"","_et_gb_content_width":""},"product_brand":[],"product_cat":[1550,1522,1376],"product_tag":[1380],"class_list":{"0":"post-1674","1":"product","2":"type-product","3":"status-publish","4":"has-post-thumbnail","6":"product_cat-double-acting-hydraulic-cylinder","7":"product_cat-press-hydraulic-cylinders","8":"product_cat-hydraulic-cylinder","9":"product_tag-hydraulic-cylinder","11":"first","12":"instock","13":"shipping-taxable","14":"product-type-simple"},"amp_enabled":true,"_links":{"self":[{"href":"https:\/\/www.hydraulic-cylinders.net\/sl\/wp-json\/wp\/v2\/product\/1674","targetHints":{"allow":["GET"]}}],"collection":[{"href":"https:\/\/www.hydraulic-cylinders.net\/sl\/wp-json\/wp\/v2\/product"}],"about":[{"href":"https:\/\/www.hydraulic-cylinders.net\/sl\/wp-json\/wp\/v2\/types\/product"}],"replies":[{"embeddable":true,"href":"https:\/\/www.hydraulic-cylinders.net\/sl\/wp-json\/wp\/v2\/comments?post=1674"}],"wp:featuredmedia":[{"embeddable":true,"href":"https:\/\/www.hydraulic-cylinders.net\/sl\/wp-json\/wp\/v2\/media\/1676"}],"wp:attachment":[{"href":"https:\/\/www.hydraulic-cylinders.net\/sl\/wp-json\/wp\/v2\/media?parent=1674"}],"wp:term":[{"taxonomy":"product_brand","embeddable":true,"href":"https:\/\/www.hydraulic-cylinders.net\/sl\/wp-json\/wp\/v2\/product_brand?post=1674"},{"taxonomy":"product_cat","embeddable":true,"href":"https:\/\/www.hydraulic-cylinders.net\/sl\/wp-json\/wp\/v2\/product_cat?post=1674"},{"taxonomy":"product_tag","embeddable":true,"href":"https:\/\/www.hydraulic-cylinders.net\/sl\/wp-json\/wp\/v2\/product_tag?post=1674"}],"curies":[{"name":"delovni list","href":"https:\/\/api.w.org\/{rel}","templated":true}]}}