{"id":16751,"date":"2025-01-21T05:51:44","date_gmt":"2025-01-21T05:51:44","guid":{"rendered":"https:\/\/www.hydraulic-cylinders.net\/product\/arm-cylinder-for-pushhm-pz220-8\/"},"modified":"2025-01-21T05:51:46","modified_gmt":"2025-01-21T05:51:46","slug":"arm-cylinder-for-pushhm-pz220-8","status":"publish","type":"product","link":"https:\/\/www.hydraulic-cylinders.net\/sl\/izdelek\/arm-cylinder-for-pushhm-pz220-8\/","title":{"rendered":"Ro\u010daj cilindra za Pushhm PZ220-8"},"content":{"rendered":"<h1>Ro\u010daj cilindra za Pushhm PZ220-8<\/h1>\n<h2>Uvod<\/h2>\n<p>Hidravli\u010dni valj roke je specializiran hidravli\u010dni valj, ki se uporablja za zagotavljanje linearnega gibanja in mo\u010di razli\u010dnim vrstam rok strojev, kot so bagri, \u017eerjavi in \u200b\u200brobotske roke. Cilinder roke igra klju\u010dno vlogo v hidravli\u010dnem sistemu, saj omogo\u010da u\u010dinkovito premikanje in krmiljenje priklju\u010dkov ali dodatne opreme. Ti cilindri ne zagotavljajo le gladkega gibanja, temve\u010d tudi prenesejo velike obremenitve, kar zagotavlja u\u010dinkovito delovanje in zanesljivost strojev v razli\u010dnih delovnih pogojih.<\/p>\n<p><img decoding=\"async\" src=\"https:\/\/www.hydraulic-cylinders.net\/wp-content\/uploads\/2025\/01\/songte-company-2.webp\" \/><\/p>\n<h2>Zna\u010dilnosti<\/h2>\n<ul>\n<li>U\u010dinkovit prenos mo\u010di: Cilinder roke lahko zagotavlja mo\u010dno linearno gibanje in silo, kar zagotavlja visoko u\u010dinkovitost roke stroja pri razli\u010dnih operacijah.<\/li>\n<li>Natan\u010den nadzor: S hidravli\u010dnim sistemom lahko cilinder roke dose\u017ee natan\u010den nadzor gibanja, zaradi \u010desar je delovanje priklju\u010dkov bolj prilagodljivo in natan\u010dno.<\/li>\n<li>Visoka vzdr\u017eljivost: Valji rok so obi\u010dajno izdelani iz visoko trdnih materialov, z dobro odpornostjo proti obrabi in koroziji, primerni za dolgotrajno uporabo v zahtevnih okoljih.<\/li>\n<li>Ve\u010dnamenska prilagodljivost: Ti cilindri se lahko \u0161iroko uporabljajo v razli\u010dnih vrstah strojev, kot so bagri, \u017eerjavi in \u200b\u200brobotske roke, za izpolnjevanje razli\u010dnih delovnih zahtev.<\/li>\n<li>Enostavno vzdr\u017eevanje: Zasnova upo\u0161teva enostavno vzdr\u017eevanje in zamenjavo, zaradi \u010desar so redni pregledi in vzdr\u017eevanje bolj priro\u010dni ter skraj\u0161ajo \u010das izpada opreme.<\/li>\n<\/ul>\n<p>Ta izdelek lahko izdelamo in na\u0161 izdelek lahko popolnoma nadomesti te hidravli\u010dne cilindre.<\/p>\n<p><img decoding=\"async\" src=\"https:\/\/www.hydraulic-cylinders.net\/wp-content\/uploads\/2025\/01\/songte-oil-pipes-and-spare-parts.webp\" \/><\/p>\n<h2>Aplikacije<\/h2>\n<p>Ro\u010dni cilindri se pogosto uporabljajo v razli\u010dnih panogah:<\/p>\n<ul>\n<li>Gradbeni\u0161tvo: Pri bagrih in \u017eerjavih se cilindri rok uporabljajo za krmiljenje gibanja \u017elice ali roke za zemeljska dela, ravnanje z materiali in konstrukcijsko monta\u017eo.<\/li>\n<li>Proizvodnja: V avtomatiziranih proizvodnih linijah se cilindri rok uporabljajo za premikanje robotskih rok za procese monta\u017ee, varjenja in rokovanja, kar izbolj\u0161uje u\u010dinkovitost in natan\u010dnost proizvodnje.<\/li>\n<li>Kmetijska mehanizacija: Pri kmetijski mehanizaciji, kot so \u017eetveni stroji in sejalniki, cilindri roke nadzorujejo gibanje delovne roke, ki opravlja naloge, kot so sajenje, gnojenje in \u017eetev.<\/li>\n<li>Rudarstvo: V rudarski opremi se cilindri rok uporabljajo za nadzor gibanja roke rudarske opreme za rudarstvo in ravnanje z materiali.<\/li>\n<li>Logistika in transport: Pri vili\u010darjih in transportnih robotih se cilindri rok uporabljajo za nadzor dvigovanja in premikanja vilic, s \u010dimer se dose\u017ee ravnanje in zlaganje materialov.<\/li>\n<\/ul>\n<h2>Oblikovalski vidiki in izbirna merila<\/h2>\n<p>Pri izbiri in izbiri cilindrov roke je treba upo\u0161tevati naslednje vidike:<\/p>\n<ul>\n<li>Bearing capacity: The arm cylinder&#8217;s ability to bear loads is critical to ensure safe operation.<\/li>\n<li>Sealing: Various seals, such as piston seals and rod seals, should be carefully selected to ensure the arm cylinder&#8217;s proper functioning.<\/li>\n<li>Vzdr\u017eljivost: Ro\u010daj valja mora biti izdelan iz visoko trdnih materialov z dobro odpornostjo proti obrabi in koroziji, primeren za dolgotrajno uporabo v te\u017ekih okoljih.<\/li>\n<li>Varnost: Ro\u010dajni valj mora biti zasnovan z varnostnimi funkcijami, kot sta za\u0161\u010dita pred preobremenitvijo in zasilna zaustavitev, da se prepre\u010dijo nesre\u010de.<\/li>\n<li>Vzdr\u017eevanje: Zasnova mora upo\u0161tevati enostavnost vzdr\u017eevanja in zamenjave, da bodo redni pregledi in vzdr\u017eevanje bolj priro\u010dni ter da se bo zmanj\u0161al \u010das izpada opreme.<\/li>\n<\/ul>\n<p><img decoding=\"async\" src=\"https:\/\/www.hydraulic-cylinders.net\/wp-content\/uploads\/2025\/01\/songte-cylinder-head-with-all-kinds-excavator-models.webp\" \/><\/p>\n<h2>Tesnjenje in mazanje<\/h2>\n<p>Various seals, such as piston seals and rod seals, should be carefully selected to ensure the arm cylinder&#8217;s proper functioning. The seals should be made of wear-resistant materials such as polyurethane and nitrile rubber. The cylinder body and thread end surface should be finely processed to improve wear resistance.<\/p>\n<p>Za zagotovitev nemotenega gibanja je treba cilinder roke redno mazavati z ustreznim hidravli\u010dnim oljem. Hidravli\u010dno olje je treba redno dodajati v ustreznih koli\u010dinah.<\/p>\n<p><img decoding=\"async\" src=\"https:\/\/www.hydraulic-cylinders.net\/wp-content\/uploads\/2025\/01\/songte-chushion-collar.webp\" \/><\/p>\n<h2>Vzdr\u017eevanje in previdnostni ukrepi<\/h2>\n<p>Redni pregledi in preventivno vzdr\u017eevanje lahko pomagajo prepoznati in odpraviti morebitne te\u017eave, preden postanejo resne. Sprejeti je treba naslednje ukrepe:<\/p>\n<ul>\n<li>Redno preverjajte pu\u0161\u010danje olja in obrabo tesnil, batov in ojnic<\/li>\n<li>Pravo\u010dasno zamenjajte obrabljena tesnila, bate in ojnice<\/li>\n<li>Redno \u010distite in vzdr\u017eujte hidravli\u010dni sistem<\/li>\n<\/ul>\n<h2>Navodila za namestitev<\/h2>\n<p>Pri namestitvi ro\u010dnega cilindra je treba izvesti naslednje korake:<\/p>\n<ol>\n<li>O\u010distite mesto namestitve in se prepri\u010dajte, da je povr\u0161ina za monta\u017eo gladka in brez robov ali drugih napak.<\/li>\n<li>Pred namestitvijo nanesite ustrezno mazivo na batnico valja in tesnilo.<\/li>\n<li>Prepri\u010dajte se, da je valj name\u0161\u010den v pravilni smeri in polo\u017eaju ter varno pritrjen, da prepre\u010dite premikanje ali vibracije.<\/li>\n<li>Pravilno priklju\u010dite hidravli\u010dne cevi in \u200b\u200b\u200b\u200bpazite, da je hidravli\u010dno olje dodano v ustreznih koli\u010dinah.<\/li>\n<li>Test the arm cylinder&#8217;s operation to ensure that it functions correctly.<\/li>\n<\/ol>\n<p><img decoding=\"async\" src=\"https:\/\/www.hydraulic-cylinders.net\/wp-content\/uploads\/2025\/01\/songte-bushings-with-all-kinds-of-excavator-models.webp\" \/><\/p>\n<h2>Varnostni vidiki in okoljski dejavniki<\/h2>\n<p>Pri uporabi ro\u010dnih cilindrov je treba upo\u0161tevati naslednje varnostne ukrepe:<\/p>\n<ul>\n<li>Zagotovite, da stroje upravlja samo usposobljeno osebje<\/li>\n<li>Redno pregledujte in vzdr\u017eujte stroje in valj roke, da prepoznate in odpravite morebitne varnostne nevarnosti.<\/li>\n<li>Pri upravljanju strojev upo\u0161tevajte ustrezne varnostne postopke, kot sta no\u0161enje ustrezne za\u0161\u010ditne obleke in upo\u0161tevanje varnostnih smernic<\/li>\n<\/ul>\n<h2>Odpravljanje te\u017eav in pogoste te\u017eave<\/h2>\n<p>Pogoste te\u017eave, ki se lahko pojavijo pri cilindrih roke, vklju\u010dujejo pu\u0161\u010danje olja, obrabo tesnil, batov in palic ter nepravilno delovanje hidravli\u010dnega sistema. Za diagnosticiranje in odpravo teh te\u017eav je mogo\u010de sprejeti naslednje ukrepe:<\/p>\n<ul>\n<li>Preverite morebitno pu\u0161\u010danje olja in obrabljena tesnila, bate in ojnice ter jih po potrebi zamenjajte.<\/li>\n<li>Redno \u010distite in vzdr\u017eujte hidravli\u010dni sistem, da zagotovite pravilno delovanje<\/li>\n<\/ul>\n<p>Za zmanj\u0161anje morebitnih te\u017eav se lahko sprejmejo tudi preventivni ukrepi, kot so redni pregledi in vzdr\u017eevanje ter prepre\u010devanje preobremenitve ali napa\u010dne uporabe strojev.<\/p>\n<h2>O nas<\/h2>\n<p>Smo profesionalni proizvajalec nadomestnih hidravli\u010dnih cilindrov s \u0161iroko paleto izdelkov. Postali smo eden vodilnih proizvajalcev in veleprodajnih distributerjev hidravli\u010dnih cilindrov na doma\u010dem in mednarodnem trgu. Vedno se dr\u017eimo na\u010dela odli\u010dne kakovosti, pri \u010demer se zana\u0161amo na industrializirane proizvodne in upravljavske strategije sofisticirane proizvodne delavnice, da bi nenehno izbolj\u0161evali na\u0161o tehnolo\u0161ko raven in u\u010dinkovitost proizvodnje. Z uvajanjem vrhunske digitalne proizvodne opreme in profesionalnih sistemov testiranja nenehno optimiziramo na\u0161o proizvodno platformo, izbolj\u0161ujemo proces nadzora kakovosti izdelkov in imamo mo\u010dne inovacijske zmogljivosti. Na\u0161 cilj je zadovoljiti raznolike potrebe na\u0161ih strank z visoko u\u010dinkovitostjo, natan\u010dnostjo in visokokakovostnimi na\u010deli.<\/p>\n<p><img decoding=\"async\" src=\"https:\/\/www.hydraulic-cylinders.net\/wp-content\/uploads\/2025\/01\/songte-company-4.webp\" \/><br \/>\n<img decoding=\"async\" src=\"https:\/\/www.hydraulic-cylinders.net\/wp-content\/uploads\/2025\/01\/songte-company-3.webp\" \/><\/p>\n<p>We provide professional services, international certifications, customized services, production equipment, and after-sales services to ensure our customers&#8217; satisfaction.<\/p>\n<footer>Avtor: lyl.<\/footer>","protected":false},"excerpt":{"rendered":"<p>Arm Cylinder For Pushhm PZ220-8 Introduction An arm cylinder is a specialized hydraulic cylinder used to provide linear motion and power to various types of machinery arms, such as excavators, cranes, and robotic arms. The arm cylinder plays a critical role in the hydraulic system, enabling attachments or accessories to move and be controlled effectively. [&hellip;]<\/p>","protected":false},"featured_media":14774,"comment_status":"open","ping_status":"closed","template":"","meta":{"_et_pb_use_builder":"","_et_pb_old_content":"","_et_gb_content_width":""},"product_brand":[],"product_cat":[1497],"product_tag":[1498,1496],"class_list":{"0":"post-16751","1":"product","2":"type-product","3":"status-publish","4":"has-post-thumbnail","6":"product_cat-arm-cylinders","7":"product_tag-arm-cylinders","8":"product_tag-hydraulic-cylinders","10":"first","11":"instock","12":"shipping-taxable","13":"product-type-simple"},"amp_enabled":true,"_links":{"self":[{"href":"https:\/\/www.hydraulic-cylinders.net\/sl\/wp-json\/wp\/v2\/product\/16751","targetHints":{"allow":["GET"]}}],"collection":[{"href":"https:\/\/www.hydraulic-cylinders.net\/sl\/wp-json\/wp\/v2\/product"}],"about":[{"href":"https:\/\/www.hydraulic-cylinders.net\/sl\/wp-json\/wp\/v2\/types\/product"}],"replies":[{"embeddable":true,"href":"https:\/\/www.hydraulic-cylinders.net\/sl\/wp-json\/wp\/v2\/comments?post=16751"}],"wp:featuredmedia":[{"embeddable":true,"href":"https:\/\/www.hydraulic-cylinders.net\/sl\/wp-json\/wp\/v2\/media\/14774"}],"wp:attachment":[{"href":"https:\/\/www.hydraulic-cylinders.net\/sl\/wp-json\/wp\/v2\/media?parent=16751"}],"wp:term":[{"taxonomy":"product_brand","embeddable":true,"href":"https:\/\/www.hydraulic-cylinders.net\/sl\/wp-json\/wp\/v2\/product_brand?post=16751"},{"taxonomy":"product_cat","embeddable":true,"href":"https:\/\/www.hydraulic-cylinders.net\/sl\/wp-json\/wp\/v2\/product_cat?post=16751"},{"taxonomy":"product_tag","embeddable":true,"href":"https:\/\/www.hydraulic-cylinders.net\/sl\/wp-json\/wp\/v2\/product_tag?post=16751"}],"curies":[{"name":"delovni list","href":"https:\/\/api.w.org\/{rel}","templated":true}]}}