{"id":16752,"date":"2025-01-21T05:51:49","date_gmt":"2025-01-21T05:51:49","guid":{"rendered":"https:\/\/www.hydraulic-cylinders.net\/product\/arm-cylinder-for-pushhm-pz250lc-8\/"},"modified":"2025-01-21T05:51:51","modified_gmt":"2025-01-21T05:51:51","slug":"arm-cylinder-for-pushhm-pz250lc-8","status":"publish","type":"product","link":"https:\/\/www.hydraulic-cylinders.net\/sl\/izdelek\/arm-cylinder-for-pushhm-pz250lc-8\/","title":{"rendered":"Ro\u010daj cilindra za Pushhm PZ250LC-8"},"content":{"rendered":"<h2>Ro\u010daj cilindra za Pushhm PZ250LC-8<\/h2>\n<h3>Uvod<\/h3>\n<p>Hidravli\u010dni valj roke je posebej zasnovan hidravli\u010dni valj, ki se uporablja predvsem za zagotavljanje linearnega gibanja in mo\u010di rok razli\u010dnih strojev, kot so bagri, \u017eerjavi in \u200b\u200brobotske roke. Cilinder roke igra klju\u010dno vlogo v hidravli\u010dnih sistemih, ki omogo\u010dajo u\u010dinkovito premikanje in krmiljenje priklju\u010dkov ali dodatne opreme. Ti cilindri ne zagotavljajo le gladkega gibanja, temve\u010d tudi prenesejo velike obremenitve, kar zagotavlja u\u010dinkovito delovanje in zanesljivost strojev v razli\u010dnih obratovalnih pogojih.<\/p>\n<p><img decoding=\"async\" src=\"https:\/\/www.hydraulic-cylinders.net\/wp-content\/uploads\/2025\/01\/songte-company-2.webp\" alt=\"Slika ro\u010dnega cilindra\"><\/p>\n<h3>Zna\u010dilnosti<\/h3>\n<ul>\n<li><strong>Visoko u\u010dinkovit menjalnik:<\/strong> Cilinder roke zagotavlja mo\u010dno linearno gibanje in silo, kar zagotavlja visoko u\u010dinkovitost delovanja robotske roke pri razli\u010dnih operacijah.<\/li>\n<li><strong>Natan\u010den nadzor:<\/strong> S hidravli\u010dnim sistemom lahko cilinder roke dose\u017ee natan\u010den nadzor gibanja, zaradi \u010desar je delovanje dodatne opreme bolj prilagodljivo in natan\u010dno.<\/li>\n<li><strong>Trpe\u017eno:<\/strong> Ro\u010dajni cilindri so obi\u010dajno izdelani iz visoko trdnih materialov, imajo dobro odpornost proti obrabi in koroziji ter so primerni za dolgotrajno uporabo v te\u017ekih okoljih.<\/li>\n<li><strong>Ve\u010dnamenska prilagodljivost:<\/strong> Ti cilindri se lahko \u0161iroko uporabljajo v razli\u010dni mehanski opremi, kot so bagri, \u017eerjavi in \u200b\u200brobotske roke, za izpolnjevanje razli\u010dnih delovnih zahtev.<\/li>\n<li><strong>Enostavno vzdr\u017eevanje:<\/strong> Zasnova upo\u0161teva enostavno vzdr\u017eevanje in zamenjavo, zaradi \u010desar so redni pregledi in vzdr\u017eevanje bolj priro\u010dni ter skraj\u0161ajo \u010das izpada opreme.<\/li>\n<\/ul>\n<p>Ta izdelek lahko izdelamo in lahko popolnoma nadomesti te hidravli\u010dne cilindre.<\/p>\n<p><img decoding=\"async\" src=\"https:\/\/www.hydraulic-cylinders.net\/wp-content\/uploads\/2025\/01\/songte-oil-pipes-and-spare-parts.webp\" alt=\"Slika rezervnih delov hidravli\u010dnega cilindra\"><\/p>\n<h3>Aplikacije<\/h3>\n<p>Ro\u010dni valj se uporablja v razli\u010dnih panogah, vklju\u010dno z:<\/p>\n<ul>\n<li><strong>Gradnja:<\/strong> Pri bagrih in \u017eerjavih se valj roke uporablja za nadzor gibanja \u017elice ali roke pri zemeljskih delih, ravnanju z materiali in monta\u017ei konstrukcij.<\/li>\n<li><strong>Proizvodnja:<\/strong> V avtomatiziranih proizvodnih linijah se valj roke uporablja za premikanje robotskih rok med procesi monta\u017ee, varjenja in rokovanja, kar izbolj\u0161uje u\u010dinkovitost in natan\u010dnost proizvodnje.<\/li>\n<li><strong>Kmetijska mehanizacija:<\/strong> V kmetijskih strojih, kot so kombajni in sejalnice, cilinder roke nadzoruje gibanje delovne roke, ki opravlja naloge, kot so setev, gnojenje in \u017eetev.<\/li>\n<li><strong>Rudarstvo:<\/strong> V rudarski opremi se valj roke uporablja za nadzor gibanja roke rudarske opreme za rudarjenje in ravnanje z rudo.<\/li>\n<li><strong>Logistika in transport:<\/strong> Pri vili\u010darjih in robotih za ravnanje se valj roke uporablja za nadzor dvigovanja in premikanja vilic, s \u010dimer se dose\u017ee ravnanje z materialom in zlaganje.<\/li>\n<\/ul>\n<h3>Oblikovalski vidiki in izbirna merila<\/h3>\n<p>Z vidika zasnove bi morali imeti cilindri roke naslednje zna\u010dilnosti:<\/p>\n<ul>\n<li><strong>Nosilnost:<\/strong> Cilinder roke mora biti sposoben prenesti obremenitev in stres delovanja robotske roke.<\/li>\n<li><strong>Tesnjenje:<\/strong> Za prepre\u010devanje pu\u0161\u010danja hidravli\u010dnega olja je treba uporabiti razli\u010dne tesnilne komponente, kot so tesnila bata in tesnila ojnic.<\/li>\n<li><strong>Vzdr\u017eljivost:<\/strong> Ro\u010dajni valj mora biti izdelan iz visoko trdnih materialov in imeti dobro odpornost proti obrabi in koroziji, da prenese zahtevna okolja.<\/li>\n<li><strong>Varnost:<\/strong> Ro\u010dajni valj mora imeti varnostne funkcije, kot so tla\u010dni varnostni ventili, da se prepre\u010dijo nesre\u010de zaradi previsokega tlaka.<\/li>\n<li><strong>Vzdr\u017eevanje:<\/strong> Ro\u010dajni valj mora biti zasnovan za enostavno vzdr\u017eevanje in zamenjavo delov, da se \u010dim bolj zmanj\u0161a \u010das izpada.<\/li>\n<\/ul>\n<p><img decoding=\"async\" src=\"https:\/\/www.hydraulic-cylinders.net\/wp-content\/uploads\/2025\/01\/songte-cylinder-head-with-all-kinds-excavator-models.webp\" alt=\"Slika glave hidravli\u010dnega valja\"><\/p>\n<h3>Tesnjenje in mazanje<\/h3>\n<p>Za prepre\u010devanje pu\u0161\u010danja hidravli\u010dnega olja je treba uporabiti razli\u010dne tesnilne komponente, kot so tesnila bata in tesnila palice. Tesnilne komponente morajo biti izdelane iz materialov, odpornih proti obrabi, kot sta poliuretan in nitrilna guma. Ohi\u0161je valja in navojna kon\u010dna povr\u0161ina morata biti fino obdelana za izbolj\u0161anje odpornosti proti obrabi. Za nemoteno delovanje valja roke je potrebno redno mazanje s hidravli\u010dnim oljem.<\/p>\n<h3>Preventivno vzdr\u017eevanje in odpravljanje te\u017eav<\/h3>\n<p>Redni pregledi in preventivno vzdr\u017eevanje so bistveni za zagotovitev optimalnega delovanja cilindra roke. Nekatere pogoste te\u017eave pri odpravljanju te\u017eav vklju\u010dujejo pu\u0161\u010danje olja, nenavaden hrup in po\u010dasno delovanje. Da bi prepre\u010dili te te\u017eave, je bistveno upo\u0161tevati smernice in priporo\u010dila proizvajalca za vzdr\u017eevanje in zamenjavo delov. <\/p>\n<p><img decoding=\"async\" src=\"https:\/\/www.hydraulic-cylinders.net\/wp-content\/uploads\/2025\/01\/songte-chushion-collar.webp\" alt=\"Slika ovratnika hidravli\u010dnega cilindra\"><\/p>\n<h3>Navodila za namestitev<\/h3>\n<p>Namestitev ro\u010dnega cilindra zahteva skrbno upo\u0161tevanje navodil in smernic proizvajalca. Tukaj je nekaj splo\u0161nih korakov, ki jih je treba upo\u0161tevati:<\/p>\n<ol>\n<li>Pred namestitvijo preverite, ali je valj roke po\u0161kodovan ali ima kakr\u0161ne koli napake.<\/li>\n<li>Prepri\u010dajte se, da so vsi priklju\u010dni deli \u010disti in brez umazanije.<\/li>\n<li>Poravnajte valj roke z monta\u017enim nosilcem in ga pritrdite z ustreznimi vijaki.<\/li>\n<li>Hidravli\u010dne cevi priklju\u010dite na odprtine cilindra in privijte spojke.<\/li>\n<li>Napolnite hidravli\u010dni sistem s priporo\u010denim oljem in preverite pravilno delovanje cilindra.<\/li>\n<\/ol>\n<p><img decoding=\"async\" src=\"https:\/\/www.hydraulic-cylinders.net\/wp-content\/uploads\/2025\/01\/songte-bushings-with-all-kinds-of-excavator-models.webp\" alt=\"Slika pu\u0161 hidravli\u010dnih cilindrov\"><\/p>\n<h3>Varnostni vidiki in okoljski dejavniki<\/h3>\n<p>Pri upravljanju ro\u010dnega cilindra je nujno upo\u0161tevati vse varnostne smernice in postopke za prepre\u010devanje nesre\u010d. Vedno nosite ustrezno za\u0161\u010ditno opremo, ne prekora\u010dite nosilnosti cilindra in po potrebi uporabite varnostne ventile. Okoljski dejavniki, kot sta temperatura in vla\u017enost, lahko vplivajo na delovanje ro\u010dnega cilindra, zato je treba te dejavnike upo\u0161tevati med namestitvijo in delovanjem.<\/p>\n<h3>Predstavitev podjetja<\/h3>\n<p>Smo profesionalni proizvajalec nadomestnih hidravli\u010dnih cilindrov s \u0161iroko paleto izdelkov in smo postali eden vodilnih proizvajalcev in veleprodajnih distributerjev hidravli\u010dnih cilindrov na doma\u010dem in mednarodnem trgu. Vedno se dr\u017eimo na\u010dela odli\u010dne kakovosti, se zana\u0161amo na industrializirano strategijo upravljanja proizvodnje s prefinjeno proizvodno delavnico ter nenehno izbolj\u0161ujemo tehni\u010dno raven in u\u010dinkovitost proizvodnje. Z uvajanjem napredne digitalne proizvodne opreme in profesionalnih sistemov testiranja nenehno optimiziramo proizvodno platformo, izbolj\u0161ujemo proces nadzora kakovosti izdelkov in imamo mo\u010dne inovacijske zmogljivosti. Na\u0161 cilj je zadovoljiti raznolike potrebe strank z visoko u\u010dinkovitostjo, natan\u010dnostjo in visokokakovostnimi na\u010deli.<\/p>\n<p><img decoding=\"async\" src=\"https:\/\/www.hydraulic-cylinders.net\/wp-content\/uploads\/2025\/01\/songte-company-4.webp\" alt=\"Slika podjetja 1\"><br \/>\n<img decoding=\"async\" src=\"https:\/\/www.hydraulic-cylinders.net\/wp-content\/uploads\/2025\/01\/songte-company-3.webp\" alt=\"Slika podjetja 2\"><\/p>\n<h3>Na\u0161e prednosti<\/h3>\n<ul>\n<li><strong>Profesionalnost:<\/strong> Imamo ekipo izku\u0161enih tehnikov in in\u017eenirjev, ki so zavezani k izdelavi visokokakovostnih hidravli\u010dnih cilindrov.<\/li>\n<li><strong>Mednarodno certificiranje:<\/strong> Na\u0161i izdelki so certificirani po ISO9001, SGS in CE, kar zagotavlja njihovo kakovost in zanesljivost.<\/li>\n<li><strong>Prilagoditev:<\/strong> Ponujamo lahko prilagojene hidravli\u010dne cilindre glede na posebne zahteve strank.<\/li>\n<li><strong>Proizvodna oprema:<\/strong> Imamo napredno digitalno proizvodno opremo, kot so CNC stru\u017enice in rezkalni stroji.<\/li>\n<li><strong>Poprodajne storitve:<\/strong> Nudimo odli\u010dno poprodajno storitev, vklju\u010dno s tehni\u010dno podporo in hitrim odzivanjem na povpra\u0161evanja strank.<\/li>\n<\/ul>\n<p>Avtor: lyl<\/p>","protected":false},"excerpt":{"rendered":"<p>Arm Cylinder For Pushhm PZ250LC-8 Introduction The arm cylinder is a specially designed hydraulic cylinder that is mainly used to provide linear motion and power to arms of various machinery such as excavators, cranes, and robotic arms. The arm cylinder plays a crucial role in hydraulic systems that enable attachments or accessories to move and [&hellip;]<\/p>","protected":false},"featured_media":14772,"comment_status":"open","ping_status":"closed","template":"","meta":{"_et_pb_use_builder":"","_et_pb_old_content":"","_et_gb_content_width":""},"product_brand":[],"product_cat":[1497],"product_tag":[1498,1496],"class_list":{"0":"post-16752","1":"product","2":"type-product","3":"status-publish","4":"has-post-thumbnail","6":"product_cat-arm-cylinders","7":"product_tag-arm-cylinders","8":"product_tag-hydraulic-cylinders","10":"first","11":"instock","12":"shipping-taxable","13":"product-type-simple"},"amp_enabled":true,"_links":{"self":[{"href":"https:\/\/www.hydraulic-cylinders.net\/sl\/wp-json\/wp\/v2\/product\/16752","targetHints":{"allow":["GET"]}}],"collection":[{"href":"https:\/\/www.hydraulic-cylinders.net\/sl\/wp-json\/wp\/v2\/product"}],"about":[{"href":"https:\/\/www.hydraulic-cylinders.net\/sl\/wp-json\/wp\/v2\/types\/product"}],"replies":[{"embeddable":true,"href":"https:\/\/www.hydraulic-cylinders.net\/sl\/wp-json\/wp\/v2\/comments?post=16752"}],"wp:featuredmedia":[{"embeddable":true,"href":"https:\/\/www.hydraulic-cylinders.net\/sl\/wp-json\/wp\/v2\/media\/14772"}],"wp:attachment":[{"href":"https:\/\/www.hydraulic-cylinders.net\/sl\/wp-json\/wp\/v2\/media?parent=16752"}],"wp:term":[{"taxonomy":"product_brand","embeddable":true,"href":"https:\/\/www.hydraulic-cylinders.net\/sl\/wp-json\/wp\/v2\/product_brand?post=16752"},{"taxonomy":"product_cat","embeddable":true,"href":"https:\/\/www.hydraulic-cylinders.net\/sl\/wp-json\/wp\/v2\/product_cat?post=16752"},{"taxonomy":"product_tag","embeddable":true,"href":"https:\/\/www.hydraulic-cylinders.net\/sl\/wp-json\/wp\/v2\/product_tag?post=16752"}],"curies":[{"name":"delovni list","href":"https:\/\/api.w.org\/{rel}","templated":true}]}}