{"id":16772,"date":"2025-01-21T05:53:12","date_gmt":"2025-01-21T05:53:12","guid":{"rendered":"https:\/\/www.hydraulic-cylinders.net\/product\/arm-cylinder-for-yishan-ys70\/"},"modified":"2025-01-21T05:53:17","modified_gmt":"2025-01-21T05:53:17","slug":"arm-cylinder-for-yishan-ys70","status":"publish","type":"product","link":"https:\/\/www.hydraulic-cylinders.net\/sl\/izdelek\/arm-cylinder-for-yishan-ys70\/","title":{"rendered":"Ro\u010daj cilindra za Yishan YS70"},"content":{"rendered":"<h2>Ro\u010daj cilindra za Yishan YS70<\/h2>\n<h3>Definicija izdelka<\/h3>\n<p>Hidravli\u010dni valj roke je hidravli\u010dni valj, zasnovan posebej za zagotavljanje linearnega gibanja in mo\u010di rok razli\u010dnih strojev, kot so bagri, \u017eerjavi in \u200b\u200bmehanske roke. Cilinder roke igra klju\u010dno vlogo v hidravli\u010dnem sistemu, saj omogo\u010da u\u010dinkovito gibanje in nadzor priklju\u010dkov ali dodatne opreme. Ti cilindri ne zagotavljajo le gladkega gibanja, temve\u010d tudi prenesejo velike obremenitve, kar zagotavlja u\u010dinkovito delovanje in zanesljivost strojev v razli\u010dnih obratovalnih pogojih.<\/p>\n<p><img decoding=\"async\" src=\"https:\/\/www.hydraulic-cylinders.net\/wp-content\/uploads\/2025\/01\/songte-company-2.webp\" alt=\"Slika ro\u010dnega cilindra\"><\/p>\n<h3>Zna\u010dilnosti izdelka<\/h3>\n<ul>\n<li><strong>Visoko u\u010dinkovit menjalnik:<\/strong> Cilinder roke zagotavlja mo\u010dno linearno gibanje in silo, kar zagotavlja visoko u\u010dinkovitost delovanja mehanskih rok pri razli\u010dnih operacijah.<\/li>\n<li><strong>Natan\u010den nadzor:<\/strong> S hidravli\u010dnim sistemom omogo\u010da cilinder roke natan\u010den nadzor gibanja, zaradi \u010desar je upravljanje priklju\u010dkov bolj prilagodljivo in natan\u010dno.<\/li>\n<li><strong>Mo\u010dna vzdr\u017eljivost:<\/strong> Ro\u010dajni cilindri so obi\u010dajno izdelani iz visoko trdnih materialov, z dobro odpornostjo proti obrabi in koroziji, primerni za dolgotrajno uporabo v te\u017ekih okoljih.<\/li>\n<li><strong>Ve\u010dnamenska prilagodljivost:<\/strong> Ti cilindri se lahko \u0161iroko uporabljajo v razli\u010dni mehanski opremi, kot so bagri, \u017eerjavi in \u200b\u200bmehanske roke, da zadostijo razli\u010dnim delovnim potrebam.<\/li>\n<li><strong>Enostavno vzdr\u017eevanje:<\/strong> Zasnova upo\u0161teva enostavno vzdr\u017eevanje in zamenjavo, zaradi \u010desar so redni pregledi in vzdr\u017eevanje bolj priro\u010dni ter se skraj\u0161a \u010das izpada opreme.<\/li>\n<\/ul>\n<p>Izdelujemo lahko ta izdelek, ki lahko popolnoma nadomesti te hidravli\u010dne cilindre.<\/p>\n<p><img decoding=\"async\" src=\"https:\/\/www.hydraulic-cylinders.net\/wp-content\/uploads\/2025\/01\/songte-oil-pipes-and-spare-parts.webp\" alt=\"Slika zamenjave ro\u010dice cilindra\"><\/p>\n<h3>Uporaba izdelkov<\/h3>\n<p>Rokavni valj se uporablja v razli\u010dnih panogah in aplikacijah:<\/p>\n<ul>\n<li><strong>Gradbeni\u0161tvo:<\/strong> Pri bagrih in \u017eerjavih se valj roke uporablja za nadzor gibanja \u017elice ali roke pri zemeljskih delih, ravnanju z materiali in monta\u017ei konstrukcij.<\/li>\n<li><strong>Proizvodnja:<\/strong> V avtomatiziranih proizvodnih linijah se valj roke uporablja za premikanje mehanskih rok za izvajanje postopkov monta\u017ee, varjenja in rokovanja, kar izbolj\u0161uje u\u010dinkovitost in natan\u010dnost proizvodnje.<\/li>\n<li><strong>Kmetijska mehanizacija:<\/strong> V kmetijskih strojih, kot so \u017eetveni stroji in sejalniki, cilinder roke nadzoruje gibanje delovnih rok za opravljanje nalog, kot so setev, gnojenje in \u017eetev.<\/li>\n<li><strong>Rudarstvo:<\/strong> V rudarski opremi se valj roke uporablja za nadzor gibanja roke rudarske opreme za rudarjenje in transport rude.<\/li>\n<li><strong>Logistika in transport:<\/strong> Pri vili\u010darjih in robotih za ravnanje se valj roke uporablja za nadzor dvigovanja in premikanja vilic, s \u010dimer se dose\u017ee ravnanje z materiali in zlaganje.<\/li>\n<\/ul>\n<h3>Premisleki glede oblikovanja izdelkov in standardi izbire<\/h3>\n<p>Pri zasnovi ro\u010dnega cilindra je treba upo\u0161tevati naslednje:<\/p>\n<ul>\n<li><strong>Nosilnost:<\/strong> Ro\u010dni valj mora biti sposoben prenesti najve\u010djo obremenitev stroja med delovanjem.<\/li>\n<li><strong>Tesnjenje:<\/strong> Ro\u010dajni valj mora imeti dobro tesnilno sposobnost, da prepre\u010di pu\u0161\u010danje olja in zagotovi u\u010dinkovito delovanje.<\/li>\n<li><strong>Vzdr\u017eljivost:<\/strong> Ro\u010daj valja mora biti izdelan iz visoko trdnih in obrabno odpornih materialov, da se zagotovi dolgotrajna uporaba v te\u017ekih okoljih.<\/li>\n<li><strong>Varnost:<\/strong> Ro\u010dajni valj mora imeti varnostne ukrepe za prepre\u010devanje nesre\u010d med delovanjem.<\/li>\n<li><strong>Vzdr\u017eevanje:<\/strong> Ro\u010dajni valj mora biti zasnovan za enostavno vzdr\u017eevanje in zamenjavo, da se \u010dim bolj zmanj\u0161a \u010das izpada opreme.<\/li>\n<\/ul>\n<p><img decoding=\"async\" src=\"https:\/\/www.hydraulic-cylinders.net\/wp-content\/uploads\/2025\/01\/songte-cylinder-head-with-all-kinds-excavator-models.webp\" alt=\"Slika zasnove ro\u010dnega cilindra\"><\/p>\n<p>Tesnjenje in mazanje cilindra roke vklju\u010duje naslednje dejavnike:<\/p>\n<ul>\n<li>Uporabiti je treba razli\u010dne tesnilne komponente, kot so tesnila bata in tesnila palic, za tesnila pa je treba izbrati materiale, odporne proti obrabi, kot sta poliuretan in nitrilna guma.<\/li>\n<li>Povr\u0161ina ohi\u0161ja valja in navojnega konca morata biti fino obdelana, da se izbolj\u0161a odpornost proti obrabi.<\/li>\n<li>Za mazanje je treba redno dodajati ustrezno hidravli\u010dno olje.<\/li>\n<\/ul>\n<h3>Preventivni vzdr\u017eevalni ukrepi<\/h3>\n<p>Preventivni vzdr\u017eevalni ukrepi za ro\u010dni valj vklju\u010dujejo:<\/p>\n<ul>\n<li>Redno pregledujte ohi\u0161je valja in tesnila glede obrabe in po\u0161kodb.<\/li>\n<li>Redno preverjajte nivo in kakovost hidravli\u010dnega olja.<\/li>\n<li>Po potrebi zamenjajte tesnilne komponente in hidravli\u010dno olje.<\/li>\n<li>Redno \u010di\u0161\u010denje in vzdr\u017eevanje hidravli\u010dnega sistema.<\/li>\n<\/ul>\n<p><img decoding=\"async\" src=\"https:\/\/www.hydraulic-cylinders.net\/wp-content\/uploads\/2025\/01\/songte-chushion-collar.webp\" alt=\"Slika vzdr\u017eevanja ro\u010dnega cilindra\"><\/p>\n<h3>Vodnik za namestitev izdelka<\/h3>\n<p>Namestitev ro\u010dnega cilindra je treba izvesti v skladu z naslednjimi koraki:<\/p>\n<ul>\n<li>Odstranite stari valj.<\/li>\n<li>O\u010distite povr\u0161ino za monta\u017eo in se prepri\u010dajte, da je ravna in brez umazanije.<\/li>\n<li>Novi valj pritrdite na monta\u017eno povr\u0161ino z ustrezno strojno opremo.<\/li>\n<li>Hidravli\u010dne cevi priklju\u010dite v skladu z navodili proizvajalca.<\/li>\n<li>Preverite pravilno delovanje cilindra.<\/li>\n<\/ul>\n<p><img decoding=\"async\" src=\"https:\/\/www.hydraulic-cylinders.net\/wp-content\/uploads\/2025\/01\/songte-bushings-with-all-kinds-of-excavator-models.webp\" alt=\"Slika namestitve ro\u010dice cilindra\"><\/p>\n<h3>Varnost izdelkov in okoljski vidiki<\/h3>\n<p>Pri uporabi cilindra roke so pomembni varnostni ukrepi za prepre\u010devanje nesre\u010d in zagotavljanje varnega delovanja. Upo\u0161tevati je treba tudi okoljske dejavnike, kot je pravilno odstranjevanje rabljenega hidravli\u010dnega olja.<\/p>\n<h3>Odpravljanje te\u017eav in pogoste te\u017eave<\/h3>\n<p>Pogoste te\u017eave z valjem roke vklju\u010dujejo pu\u0161\u010danje olja, nezadostno silo in nenavadne zvoke med delovanjem. Te te\u017eave je mogo\u010de diagnosticirati s pregledom tesnil in komponent hidravli\u010dnega sistema. Pravilno vzdr\u017eevanje in zamenjava obrabljenih komponent lahko odpravita te te\u017eave.<\/p>\n<h3>Zaklju\u010dek<\/h3>\n<p>Smo profesionalni proizvajalec nadomestnih hidravli\u010dnih cilindrov. Na\u0161i izdelki so raznoliki in smo postali eden vodilnih proizvajalcev in veleprodajnih distributerjev hidravli\u010dnih cilindrov na doma\u010dem in mednarodnem trgu. Vedno se dr\u017eimo na\u010dela odli\u010dne kakovosti in nenehno izbolj\u0161ujemo na\u0161o tehnologijo in u\u010dinkovitost proizvodnje. Na\u0161 cilj je zadovoljiti potrebe strank z u\u010dinkovitostjo, natan\u010dnostjo in visoko kakovostjo.<\/p>\n<p><img decoding=\"async\" src=\"https:\/\/www.hydraulic-cylinders.net\/wp-content\/uploads\/2025\/01\/songte-company-4.webp\" alt=\"Slika pregleda podjetja\"><br \/>\n<img decoding=\"async\" src=\"https:\/\/www.hydraulic-cylinders.net\/wp-content\/uploads\/2025\/01\/songte-company-3.webp\" alt=\"Slika pregleda podjetja\"><\/p>\n<p><em>Avtor: lyl<\/em><\/p>","protected":false},"excerpt":{"rendered":"<p>Arm Cylinder For Yishan YS70 Product Definition An arm cylinder is a hydraulic cylinder designed specifically to provide linear motion and power to the arms of various machines, such as excavators, cranes, and mechanical arms. The arm cylinder plays a crucial role in the hydraulic system, allowing for effective movement and control of attachments or [&hellip;]<\/p>","protected":false},"featured_media":14772,"comment_status":"open","ping_status":"closed","template":"","meta":{"_et_pb_use_builder":"","_et_pb_old_content":"","_et_gb_content_width":""},"product_brand":[],"product_cat":[1497],"product_tag":[1498,1496],"class_list":{"0":"post-16772","1":"product","2":"type-product","3":"status-publish","4":"has-post-thumbnail","6":"product_cat-arm-cylinders","7":"product_tag-arm-cylinders","8":"product_tag-hydraulic-cylinders","10":"first","11":"instock","12":"shipping-taxable","13":"product-type-simple"},"amp_enabled":true,"_links":{"self":[{"href":"https:\/\/www.hydraulic-cylinders.net\/sl\/wp-json\/wp\/v2\/product\/16772","targetHints":{"allow":["GET"]}}],"collection":[{"href":"https:\/\/www.hydraulic-cylinders.net\/sl\/wp-json\/wp\/v2\/product"}],"about":[{"href":"https:\/\/www.hydraulic-cylinders.net\/sl\/wp-json\/wp\/v2\/types\/product"}],"replies":[{"embeddable":true,"href":"https:\/\/www.hydraulic-cylinders.net\/sl\/wp-json\/wp\/v2\/comments?post=16772"}],"wp:featuredmedia":[{"embeddable":true,"href":"https:\/\/www.hydraulic-cylinders.net\/sl\/wp-json\/wp\/v2\/media\/14772"}],"wp:attachment":[{"href":"https:\/\/www.hydraulic-cylinders.net\/sl\/wp-json\/wp\/v2\/media?parent=16772"}],"wp:term":[{"taxonomy":"product_brand","embeddable":true,"href":"https:\/\/www.hydraulic-cylinders.net\/sl\/wp-json\/wp\/v2\/product_brand?post=16772"},{"taxonomy":"product_cat","embeddable":true,"href":"https:\/\/www.hydraulic-cylinders.net\/sl\/wp-json\/wp\/v2\/product_cat?post=16772"},{"taxonomy":"product_tag","embeddable":true,"href":"https:\/\/www.hydraulic-cylinders.net\/sl\/wp-json\/wp\/v2\/product_tag?post=16772"}],"curies":[{"name":"delovni list","href":"https:\/\/api.w.org\/{rel}","templated":true}]}}