{"id":16778,"date":"2025-01-21T05:53:42","date_gmt":"2025-01-21T05:53:42","guid":{"rendered":"https:\/\/www.hydraulic-cylinders.net\/product\/arm-cylinder-for-john-deere-e210lc\/"},"modified":"2025-01-21T05:53:44","modified_gmt":"2025-01-21T05:53:44","slug":"arm-cylinder-for-john-deere-e210lc","status":"publish","type":"product","link":"https:\/\/www.hydraulic-cylinders.net\/sl\/izdelek\/arm-cylinder-for-john-deere-e210lc\/","title":{"rendered":"Ro\u010dica cilindra za John Deere E210LC"},"content":{"rendered":"<div>\n<h1>Ro\u010dica cilindra za John Deere E210LC<\/h1>\n<h2>Uvod<\/h2>\n<p>Hidravli\u010dni valj roke je posebej zasnovan hidravli\u010dni valj, ki se uporablja predvsem za zagotavljanje linearnega gibanja in mo\u010di rok razli\u010dnih vrst strojev, kot so bagri, \u017eerjavi in \u200b\u200brobotske roke. Cilinder roke igra klju\u010dno vlogo v hidravli\u010dnih sistemih, saj omogo\u010da u\u010dinkovito gibanje in nadzor dodatnih orodij ali priklju\u010dkov. Ti cilindri ne zagotavljajo le gladkega gibanja, temve\u010d lahko prenesejo tudi velike obremenitve, kar zagotavlja u\u010dinkovito delovanje in zanesljivost strojev v razli\u010dnih obratovalnih pogojih.<\/p>\n<p>    <img decoding=\"async\" src=\"https:\/\/www.hydraulic-cylinders.net\/wp-content\/uploads\/2025\/01\/songte-company-2.webp\" alt=\"Slika ro\u010dnega cilindra\"><\/p>\n<h2>Zna\u010dilnosti<\/h2>\n<ul>\n<li>\n<h3>Visoko u\u010dinkovit menjalnik<\/h3>\n<p>Cilindri roke zagotavljajo mo\u010dno linearno gibanje in silo, kar zagotavlja visoko u\u010dinkovitost delovanja strojnih rok pri razli\u010dnih operacijah.<\/li>\n<li>\n<h3>Natan\u010den nadzor<\/h3>\n<p>S hidravli\u010dnim sistemom lahko cilindri roke dose\u017eejo natan\u010den nadzor gibanja, zaradi \u010desar je delovanje dodatnih orodij bolj prilagodljivo in natan\u010dno.<\/li>\n<li>\n<h3>Vzdr\u017eljivost<\/h3>\n<p>Ro\u010dajni cilindri so obi\u010dajno izdelani iz visoko trdnih materialov, z dobro odpornostjo proti obrabi in koroziji, primerni za dolgotrajno uporabo v te\u017ekih okoljih.<\/li>\n<li>\n<h3>Ve\u010dnamenska prilagodljivost<\/h3>\n<p>Ti cilindri se lahko \u0161iroko uporabljajo v razli\u010dni mehanski opremi, kot so bagri, \u017eerjavi in \u200b\u200brobotske roke, ter se prilagajajo razli\u010dnim delovnim zahtevam.<\/li>\n<li>\n<h3>Enostavno vzdr\u017eevanje<\/h3>\n<p>Zasnova z upo\u0161tevanjem enostavnega vzdr\u017eevanja in zamenjave omogo\u010da priro\u010dne redne preglede in vzdr\u017eevanje, kar zmanj\u0161uje \u010das izpada opreme.<\/li>\n<\/ul>\n<p>Ta izdelek lahko izdelamo in na\u0161 izdelek lahko popolnoma nadomesti te hidravli\u010dne cilindre.<\/p>\n<p>    <img decoding=\"async\" src=\"https:\/\/www.hydraulic-cylinders.net\/wp-content\/uploads\/2025\/01\/songte-oil-pipes-and-spare-parts.webp\" alt=\"Slika oljnih cevi in \u200b\u200brezervnih delov\"><\/p>\n<h2>Aplikacije<\/h2>\n<ul>\n<li>\n<h3>Gradbeni\u0161tvo<\/h3>\n<p>V bagrih in \u017eerjavih se cilindri rok uporabljajo za krmiljenje gibanja \u017elic ali rok za zemeljska dela, ravnanje z materiali in monta\u017eo konstrukcij.<\/li>\n<li>\n<h3>Proizvodnja<\/h3>\n<p>V avtomatiziranih proizvodnih linijah se cilindri rok uporabljajo za premikanje robotskih rok, monta\u017eo, varjenje in rokovanje, da se izbolj\u0161a u\u010dinkovitost in natan\u010dnost proizvodnje.<\/li>\n<li>\n<h3>Kmetijska mehanizacija<\/h3>\n<p>V kmetijskih strojih, kot so \u017eetveni stroji in sejalniki, cilindri rok nadzorujejo gibanje operativnih rok, ki opravljajo naloge, kot so setev, gnojenje in \u017eetev.<\/li>\n<li>\n<h3>Rudarstvo<\/h3>\n<p>V rudarski opremi se cilindri rok uporabljajo za nadzor gibanja rok rudarske opreme za rudarstvo in ravnanje z materiali.<\/li>\n<li>\n<h3>Logistika in transport<\/h3>\n<p>V vili\u010darjih in robotih za manipulacijo se cilindri rok uporabljajo za nadzor dvigovanja in premikanja vilic, s \u010dimer se dose\u017ee ravnanje z materiali in zlaganje.<\/li>\n<\/ul>\n<h2>Oblikovalski vidiki in izbirna merila<\/h2>\n<ul>\n<li>\n<h3>Nosilnost<\/h3>\n<p>Ro\u010dni cilindri morajo imeti zadostno nosilnost, da prenesejo najve\u010djo obremenitev, s katero se lahko stroj soo\u010di med delovanjem.<\/li>\n<li>\n<h3>Tesnjenje<\/h3>\n<p>Za prepre\u010devanje pu\u0161\u010danja hidravli\u010dnega olja je treba uporabiti razli\u010dne tesnilne komponente, kot so tesnila bata in tesnila ojnic.<\/li>\n<li>\n<h3>Vzdr\u017eljivost<\/h3>\n<p>Ro\u010dajni valj mora biti izdelan iz visoko trdnih materialov z dobro odpornostjo proti obrabi in koroziji, da se zagotovi vzdr\u017eljivost v zahtevnih delovnih okoljih.<\/li>\n<li>\n<h3>Varnost<\/h3>\n<p>Ro\u010dni cilindri morajo biti zasnovani in izdelani z mislijo na varnost, vklju\u010dno z varnostnimi napravami, kot je za\u0161\u010dita pred preobremenitvijo.<\/li>\n<li>\n<h3>Vzdr\u017eevanje<\/h3>\n<p>Komponente ro\u010dnega cilindra morajo biti zasnovane za enostavno vzdr\u017eevanje in zamenjavo.<\/li>\n<\/ul>\n<p>    <img decoding=\"async\" src=\"https:\/\/www.hydraulic-cylinders.net\/wp-content\/uploads\/2025\/01\/songte-cylinder-head-with-all-kinds-excavator-models.webp\" alt=\"Slika glave valja\"><\/p>\n<h2>Tesnjenje in mazanje<\/h2>\n<p>Za prepre\u010devanje pu\u0161\u010danja hidravli\u010dnega olja se uporabljajo razli\u010dni tesnilni elementi, kot so tesnila bata in tesnila palic. Ti tesnilni elementi so izdelani iz materialov, odpornih proti obrabi, kot sta poliuretan in nitrilna guma. Povr\u0161ine ohi\u0161ja valja in navojnih kon\u010dnih delov so fino obdelane za izbolj\u0161anje odpornosti proti obrabi in zahtevajo redno dodajanje ustreznega hidravli\u010dnega olja za mazanje.<\/p>\n<h2>Redni pregledi in preventivno vzdr\u017eevanje<\/h2>\n<ul>\n<li>\n<h3>Pregled komponent<\/h3>\n<p>Redno pregledujte batnico, bat in ohi\u0161je valja glede prask, korozije in po\u0161kodb ter jih po potrebi zamenjajte.<\/li>\n<li>\n<h3>Pregled pe\u010datov<\/h3>\n<p>Preverite stanje tesnila in ga po potrebi zamenjajte, da prepre\u010dite pu\u0161\u010danje hidravli\u010dnega olja.<\/li>\n<li>\n<h3>Preventivno vzdr\u017eevanje<\/h3>\n<p>Redno vzdr\u017eujte hidravli\u010dni sistem, vklju\u010dno z menjavo hidravli\u010dnega olja, \u010di\u0161\u010denjem oljnega filtra in preverjanjem nivoja olja.<\/li>\n<\/ul>\n<p>    <img decoding=\"async\" src=\"https:\/\/www.hydraulic-cylinders.net\/wp-content\/uploads\/2025\/01\/songte-chushion-collar.webp\" alt=\"Slika ovratnika z blazino\"><\/p>\n<h2>Vodnik za namestitev izdelka<\/h2>\n<p>Med namestitvijo se prepri\u010dajte, da je valj varno pritrjen in da je batnica v pravilnem polo\u017eaju. Pri priklju\u010devanju hidravli\u010dne oljne cevi bodite pozorni na smer in se izogibajte obratni priklju\u010ditvi ali zra\u010dnim blokadam. Pri polnjenju hidravli\u010dnega olja se prepri\u010dajte, da je nivo olja pravilen ter da je hidravli\u010dno olje \u010disto in brez ne\u010disto\u010d. Po namestitvi izvedite poskusni zagon, da potrdite normalno delovanje.<\/p>\n<p>    <img decoding=\"async\" src=\"https:\/\/www.hydraulic-cylinders.net\/wp-content\/uploads\/2025\/01\/songte-bushings-with-all-kinds-of-excavator-models.webp\" alt=\"Slika pu\u0161\"><\/p>\n<h2>Varnostni in okoljski vidiki<\/h2>\n<p>Med uporabo zagotovite, da stroj deluje znotraj nazivnega obmo\u010dja obremenitve in upo\u0161tevajte varnostne smernice za stroj. Za prepre\u010devanje onesna\u017eevanja okolja je treba pravilno ravnati s hidravli\u010dnim oljem in izvajati ukrepe za varstvo okolja.<\/p>\n<h2>Odpravljanje te\u017eav in pogoste te\u017eave<\/h2>\n<ul>\n<li>\n<h3>Pu\u0161\u010danje hidravli\u010dnega olja<\/h3>\n<p>Vzrok je lahko obraba ali po\u0161kodba tesnilnih komponent ali po\u0161kodba ohi\u0161ja valja. Po\u0161kodovane dele pravo\u010dasno zamenjajte.<\/li>\n<li>\n<h3>Nenavaden hrup<\/h3>\n<p>Vzrok je lahko vdor zraka v hidravli\u010dni sistem ali po\u0161kodba bata ali ohi\u0161ja valja. Pravo\u010dasno preverite in popravite prizadete dele.<\/li>\n<li>\n<h3>Nizek tlak<\/h3>\n<p>Vzrok je lahko blokada v hidravli\u010dni cevi ali te\u017eava s hidravli\u010dno \u010drpalko. Pravo\u010dasno preverite in popravite prizadete dele.<\/li>\n<\/ul>\n<h2>Nasveti in re\u0161itve za odpravljanje te\u017eav<\/h2>\n<ul>\n<li>\n<h3>Pu\u0161\u010danje hidravli\u010dnega olja<\/h3>\n<p>Zamenjajte po\u0161kodovane tesnilne komponente ali ohi\u0161je valja in zagotovite pravilno namestitev.<\/li>\n<li>\n<h3>Nenavaden hrup<\/h3>\n<p>Preverite in popravite prizadete dele, na primer z odstranitvijo zraka iz hidravli\u010dnega sistema ali zamenjavo po\u0161kodovanih delov.<\/li>\n<li>\n<h3>Nizek tlak<\/h3>\n<p>Preverite in odstranite blokado hidravli\u010dne cevi ali popravite hidravli\u010dno \u010drpalko.<\/li>\n<\/ul>\n<p>    <img decoding=\"async\" src=\"https:\/\/www.hydraulic-cylinders.net\/wp-content\/uploads\/2025\/01\/songte-company-4.webp\" alt=\"Slika podjetja\"><br \/>\n    <img decoding=\"async\" src=\"https:\/\/www.hydraulic-cylinders.net\/wp-content\/uploads\/2025\/01\/songte-company-3.webp\" alt=\"Slika podjetja\"><\/p>\n<h2>O nas<\/h2>\n<p>Smo profesionalni proizvajalec nadomestnih hidravli\u010dnih cilindrov s \u0161iroko paleto izdelkov in smo postali eden vodilnih proizvajalcev in veleprodajnih distributerjev hidravli\u010dnih cilindrov na doma\u010dem in mednarodnem trgu. Vedno se dr\u017eimo na\u010dela odli\u010dne kakovosti in se zana\u0161amo na industrializirane strategije upravljanja proizvodnje v natan\u010dno izdelanih proizvodnih delavnicah, da bi nenehno izbolj\u0161evali na\u0161o tehnologijo in u\u010dinkovitost proizvodnje. Z uvajanjem vrhunske digitalne proizvodne opreme in profesionalnih sistemov testiranja nenehno optimiziramo na\u0161o proizvodno platformo in izbolj\u0161ujemo proces nadzora kakovosti izdelkov z mo\u010dnimi inovacijskimi zmogljivostmi. Na\u0161 cilj je zadovoljiti raznolike potrebe na\u0161ih strank z visoko u\u010dinkovitostjo, natan\u010dnostjo in visokokakovostnimi na\u010deli.<\/p>\n<ul>\n<li>\n<h3>Profesionalnost<\/h3>\n<p>Imamo strokovno ekipo z bogatimi izku\u0161njami na podro\u010dju na\u010drtovanja in izdelave hidravli\u010dnih cilindrov, kar zagotavlja, da na\u0161i izdelki ustrezajo potrebam strank.<\/li>\n<li>\n<h3>Mednarodno certificiranje<\/h3>\n<p>Vsi na\u0161i izdelki so prestali certifikat sistema vodenja kakovosti ISO9001 in se izva\u017eajo v ve\u010d kot 50 dr\u017eav in regij po vsem svetu.<\/li>\n<li>\n<h3>Storitev prilagajanja<\/h3>\n<p>Ponujamo hidravli\u010dne cilindre po meri, ki ustrezajo razli\u010dnim potrebam strank, in zagotavljamo celovito storitev od zasnove do proizvodnje.<\/li>\n<li>\n<h3>Proizvodna oprema<\/h3>\n<p>Imamo napredno proizvodno opremo, vklju\u010dno s CNC obdelovalnimi centri, avtomatskimi varilnimi stroji in avtomatskimi linijami za barvanje.<\/li>\n<li>\n<h3>Poprodajne storitve<\/h3>\n<p>Nudimo 24\/7 poprodajne storitve, vklju\u010dno s tehni\u010dno podporo, vzdr\u017eevanjem in popravili.<\/li>\n<\/ul>\n<p>Avtor: lyl.<\/p>\n<\/div>","protected":false},"excerpt":{"rendered":"<p>Arm Cylinder For John Deere E210LC Introduction An arm cylinder is a specially designed hydraulic cylinder that is primarily used to provide linear motion and power to the arms of various types of machinery such as excavators, cranes, and robotic arms. The arm cylinder plays a crucial role in hydraulic systems, allowing for the effective [&hellip;]<\/p>","protected":false},"featured_media":14783,"comment_status":"open","ping_status":"closed","template":"","meta":{"_et_pb_use_builder":"","_et_pb_old_content":"","_et_gb_content_width":""},"product_brand":[],"product_cat":[1497],"product_tag":[1498,1496],"class_list":{"0":"post-16778","1":"product","2":"type-product","3":"status-publish","4":"has-post-thumbnail","6":"product_cat-arm-cylinders","7":"product_tag-arm-cylinders","8":"product_tag-hydraulic-cylinders","10":"first","11":"instock","12":"shipping-taxable","13":"product-type-simple"},"amp_enabled":true,"_links":{"self":[{"href":"https:\/\/www.hydraulic-cylinders.net\/sl\/wp-json\/wp\/v2\/product\/16778","targetHints":{"allow":["GET"]}}],"collection":[{"href":"https:\/\/www.hydraulic-cylinders.net\/sl\/wp-json\/wp\/v2\/product"}],"about":[{"href":"https:\/\/www.hydraulic-cylinders.net\/sl\/wp-json\/wp\/v2\/types\/product"}],"replies":[{"embeddable":true,"href":"https:\/\/www.hydraulic-cylinders.net\/sl\/wp-json\/wp\/v2\/comments?post=16778"}],"wp:featuredmedia":[{"embeddable":true,"href":"https:\/\/www.hydraulic-cylinders.net\/sl\/wp-json\/wp\/v2\/media\/14783"}],"wp:attachment":[{"href":"https:\/\/www.hydraulic-cylinders.net\/sl\/wp-json\/wp\/v2\/media?parent=16778"}],"wp:term":[{"taxonomy":"product_brand","embeddable":true,"href":"https:\/\/www.hydraulic-cylinders.net\/sl\/wp-json\/wp\/v2\/product_brand?post=16778"},{"taxonomy":"product_cat","embeddable":true,"href":"https:\/\/www.hydraulic-cylinders.net\/sl\/wp-json\/wp\/v2\/product_cat?post=16778"},{"taxonomy":"product_tag","embeddable":true,"href":"https:\/\/www.hydraulic-cylinders.net\/sl\/wp-json\/wp\/v2\/product_tag?post=16778"}],"curies":[{"name":"delovni list","href":"https:\/\/api.w.org\/{rel}","templated":true}]}}