{"id":16784,"date":"2025-01-21T05:54:06","date_gmt":"2025-01-21T05:54:06","guid":{"rendered":"https:\/\/www.hydraulic-cylinders.net\/product\/arm-cylinder-for-yuchai-yc35-8\/"},"modified":"2025-01-21T05:54:08","modified_gmt":"2025-01-21T05:54:08","slug":"arm-cylinder-for-yuchai-yc35-8","status":"publish","type":"product","link":"https:\/\/www.hydraulic-cylinders.net\/sl\/izdelek\/arm-cylinder-for-yuchai-yc35-8\/","title":{"rendered":"Ro\u010dica cilindra za Yuchai YC35-8"},"content":{"rendered":"<h2>Ro\u010dica cilindra za Yuchai YC35-8<\/h2>\n<p><img decoding=\"async\" src=\"https:\/\/www.hydraulic-cylinders.net\/wp-content\/uploads\/2025\/01\/songte-company-2.webp\"><\/p>\n<h3>Definicija in razlaga<\/h3>\n<p>Hidravli\u010dni valj roke je posebej zasnovan za zagotavljanje linearnega gibanja in mo\u010di roki razli\u010dnih vrst strojev, kot so bagri, \u017eerjavi in \u200b\u200brobotske roke. Cilinder roke igra klju\u010dno vlogo v hidravli\u010dnih sistemih, saj omogo\u010da u\u010dinkovito gibanje in nadzor priklju\u010dkov in dodatne opreme. Ti cilindri ne zagotavljajo le gladkega gibanja, temve\u010d tudi prenesejo velike obremenitve, kar zagotavlja u\u010dinkovito delovanje in zanesljivost strojev v razli\u010dnih delovnih pogojih.<\/p>\n<h3>Zna\u010dilnosti<\/h3>\n<ul>\n<li><strong>Visoko u\u010dinkovit menjalnik:<\/strong> Cilinder roke zagotavlja mo\u010dno linearno gibanje in silo, kar zagotavlja visoko zmogljivost robotske roke pri razli\u010dnih operacijah.<\/li>\n<li><strong>Natan\u010den nadzor:<\/strong> S hidravli\u010dnim sistemom omogo\u010da cilinder roke natan\u010den nadzor gibanja, zaradi \u010desar je upravljanje priklju\u010dkov bolj prilagodljivo in natan\u010dno.<\/li>\n<li><strong>Mo\u010dna vzdr\u017eljivost:<\/strong> Ro\u010dajni cilindri so obi\u010dajno izdelani iz visoko trdnih materialov, ki ponujajo odli\u010dno odpornost proti obrabi in koroziji, zaradi \u010desar so primerni za dolgotrajno uporabo v zahtevnih okoljih.<\/li>\n<li><strong>Ve\u010dnamenska prilagodljivost:<\/strong> Ti cilindri se lahko \u0161iroko uporabljajo v razli\u010dnih strojih, kot so bagri, \u017eerjavi in \u200b\u200brobotske roke, ter se prilagajajo razli\u010dnim zahtevam dela.<\/li>\n<li><strong>Enostavno vzdr\u017eevanje:<\/strong> Zasnovani so za enostavno vzdr\u017eevanje in zamenjavo, cilindri roke pa omogo\u010dajo redne preglede in vzdr\u017eevanje, kar zmanj\u0161uje \u010das izpada opreme.<\/li>\n<\/ul>\n<p><img decoding=\"async\" src=\"https:\/\/www.hydraulic-cylinders.net\/wp-content\/uploads\/2025\/01\/songte-oil-pipes-and-spare-parts.webp\"><\/p>\n<h3>Aplikacije<\/h3>\n<p>Ro\u010dni cilindri se uporabljajo v razli\u010dnih panogah:<\/p>\n<ul>\n<li><strong>Gradbeni\u0161tvo:<\/strong> Pri bagrih in \u017eerjavih cilindri roke nadzorujejo gibanje \u017elic ali rok, kar omogo\u010da zemeljska dela, ravnanje z materiali in monta\u017eo konstrukcij.<\/li>\n<li><strong>Proizvodnja:<\/strong> V avtomatiziranih proizvodnih linijah cilindri rok olaj\u0161ajo gibanje robotskih rok, izvajajo postopke monta\u017ee, varjenja in rokovanja, kar izbolj\u0161uje u\u010dinkovitost in natan\u010dnost proizvodnje.<\/li>\n<li><strong>Kmetijska mehanizacija:<\/strong> V kmetijskih strojih, kot so \u017eetveni stroji in sejalnice, cilindri roke nadzorujejo gibanje delovnih rok, ki izvajajo naloge, kot so sajenje, gnojenje in \u017eetev.<\/li>\n<li><strong>Rudarstvo:<\/strong> V rudarski opremi cilindri roke nadzorujejo gibanje rok rudarske opreme, kar omogo\u010da pridobivanje in transport rud.<\/li>\n<li><strong>Logistika in transport:<\/strong> Pri vili\u010darjih in robotih za manipulacijo cilindri roke nadzorujejo dvigovanje in premikanje vilic, kar olaj\u0161a ravnanje z materiali in zlaganje.<\/li>\n<\/ul>\n<h3>Oblikovalski vidiki in izbirna merila<\/h3>\n<p><img decoding=\"async\" src=\"https:\/\/www.hydraulic-cylinders.net\/wp-content\/uploads\/2025\/01\/songte-cylinder-head-with-all-kinds-excavator-models.webp\"><\/p>\n<p>Pri na\u010drtovanju cilindrov roke je bistvenih ve\u010d klju\u010dnih dejavnikov in izbirnih meril:<\/p>\n<ul>\n<li><strong>Nosilnost:<\/strong> Ro\u010dajni cilindri morajo biti zasnovani tako, da prenesejo zahtevano nosilnost, kar zagotavlja varno in u\u010dinkovito delovanje.<\/li>\n<li><strong>Zmogljivost tesnjenja:<\/strong> Uporabiti je treba razli\u010dne tesnilne komponente, kot so tesnila bata in batnice, iz materialov, odpornih proti obrabi, kot sta poliuretan in nitrilna guma. Telo valja in navojne kon\u010dne povr\u0161ine je treba natan\u010dno obdelati za pove\u010danje odpornosti proti obrabi.<\/li>\n<li><strong>Vzdr\u017eljivost:<\/strong> Ro\u010dajni cilindri morajo biti izdelani iz visokokakovostnih materialov, da se zagotovi vzdr\u017eljivost in odpornost proti obrabi, koroziji in drugim ostrim okoljskim dejavnikom.<\/li>\n<li><strong>Varnost:<\/strong> V zasnovo je treba vklju\u010diti varnostne elemente, kot so tla\u010dni varnostni ventili in mehanizmi za zaustavitev v sili, da se prepre\u010dijo nesre\u010de in zagotovi varnost upravljavca.<\/li>\n<li><strong>Vzdr\u017eevanje:<\/strong> Upo\u0161tevati je treba enostavno vzdr\u017eevanje in zamenjavo komponent, kar omogo\u010da priro\u010dne redne preglede, vzdr\u017eevanje in skraj\u0161anje \u010dasa izpada.<\/li>\n<\/ul>\n<h3>Tesnjenje in mazanje<\/h3>\n<p>Ro\u010dajni cilindri uporabljajo razli\u010dne tesnilne komponente, kot so tesnila bata in tesnila palic, izdelana iz materialov, odpornih proti obrabi, kot sta poliuretan in nitrilna guma. Telo cilindra in navojne kon\u010dne povr\u0161ine so natan\u010dno obdelane za izbolj\u0161anje odpornosti proti obrabi. Potrebno je redno mazanje z ustrezno koli\u010dino hidravli\u010dnega olja.<\/p>\n<h3>Redni pregledi in preventivno vzdr\u017eevanje<\/h3>\n<p><img decoding=\"async\" src=\"https:\/\/www.hydraulic-cylinders.net\/wp-content\/uploads\/2025\/01\/songte-chushion-collar.webp\"><\/p>\n<p>Za zagotovitev optimalne zmogljivosti in dolge \u017eivljenjske dobe so priporo\u010dljivi redni pregledi in preventivni vzdr\u017eevalni ukrepi:<\/p>\n<ul>\n<li>Preverite valj in pripadajo\u010de komponente glede znakov obrabe, pu\u0161\u010danja ali po\u0161kodb.<\/li>\n<li>O\u010distite valj in odstranite morebitne ne\u010disto\u010de.<\/li>\n<li>Po potrebi preverite in dolijte nivo hidravli\u010dnega olja.<\/li>\n<li>Zategnite vse ohlapne spoje ali povezave.<\/li>\n<li>Zamenjajte obrabljena ali po\u0161kodovana tesnila in druge komponente.<\/li>\n<\/ul>\n<h3>Vodnik za namestitev izdelka<\/h3>\n<p><img decoding=\"async\" src=\"https:\/\/www.hydraulic-cylinders.net\/wp-content\/uploads\/2025\/01\/songte-bushings-with-all-kinds-of-excavator-models.webp\"><\/p>\n<p>Pravilna namestitev ro\u010dnega cilindra je klju\u010dnega pomena za optimalno delovanje. Sledite tem korakom:<\/p>\n<ol>\n<li>Pripravite mesto za monta\u017eo in se prepri\u010dajte, da je \u010disto in brez umazanije.<\/li>\n<li>Poravnajte valj s pritrdilnimi to\u010dkami in ga pritrdite z ustreznimi vijaki ali pritrdilnimi elementi.<\/li>\n<li>Hidravli\u010dne cevi ali cevi priklju\u010dite na vstopne in izstopne odprtine valja.<\/li>\n<li>Preverite morebitna pu\u0161\u010danja in se prepri\u010dajte, da so vse povezave tesne in varne.<\/li>\n<li>Preizkusite delovanje cilindra z upravljanjem krmilnih elementov stroja.<\/li>\n<\/ol>\n<h3>Varnostni vidiki in okoljski dejavniki<\/h3>\n<p>Pri delu z ro\u010dnimi cilindri je klju\u010dnega pomena uporaba ustreznih varnostnih ukrepov za prepre\u010devanje nesre\u010d in zagotavljanje varnosti upravljavca. Upo\u0161tevajte naslednje:<\/p>\n<ul>\n<li>Zagotovite ustrezno usposabljanje in navodila za upravljavce o varni uporabi strojev, opremljenih z ro\u010dnimi cilindri.<\/li>\n<li>Za za\u0161\u010dito upravljavcev pred morebitnimi nevarnostmi uporabite varnostne za\u0161\u010dite ali \u0161\u010dite.<\/li>\n<li>Redno izvajajte preglede, da pravo\u010dasno odkrijete in odpravite varnostne te\u017eave.<\/li>\n<li>Upo\u0161tevajte veljavne varnostne predpise in smernice.<\/li>\n<\/ul>\n<h3>Odpravljanje te\u017eav in pogoste te\u017eave<\/h3>\n<p><img decoding=\"async\" src=\"https:\/\/www.hydraulic-cylinders.net\/wp-content\/uploads\/2025\/01\/songte-chushion-collar.webp\"><\/p>\n<p>Pri odpravljanju te\u017eav z cilindri roke upo\u0161tevajte naslednje pogoste te\u017eave:<\/p>\n<ul>\n<li>Pu\u0161\u010danje tesnil ali priklju\u010dkov<\/li>\n<li>Nezadostno ali neenakomerno gibanje<\/li>\n<li>Prekomerni hrup ali vibracije<\/li>\n<li>Izguba mo\u010di ali sile<\/li>\n<\/ul>\n<p>Za re\u0161evanje teh te\u017eav:<\/p>\n<ul>\n<li>Preverite in zamenjajte morebitna po\u0161kodovana ali obrabljena tesnila ali povezave.<\/li>\n<li>Preverite morebitne ovire ali nepravilnosti, ki bi lahko ovirale nemoteno gibanje.<\/li>\n<li>Zagotovite ustrezno raven in pretok hidravli\u010dne teko\u010dine.<\/li>\n<li>Po potrebi se posvetujte z navodili proizvajalca ali poi\u0161\u010dite strokovno pomo\u010d.<\/li>\n<\/ul>\n<p><img decoding=\"async\" src=\"https:\/\/www.hydraulic-cylinders.net\/wp-content\/uploads\/2025\/01\/songte-chushion-collar.webp\"><\/p>\n<p><strong>Avtor: lyl<\/strong><\/p>\n<p>Na\u0161e podjetje je vodilni proizvajalec in veletrgovec hidravli\u010dnih cilindrov, specializiran za dobavo visokokakovostnih nadomestnih cilindrov. Ponujamo \u0161iroko paleto izdelkov in smo postali zaupanja vreden dobavitelj tako na doma\u010dem kot mednarodnem trgu. S poudarkom na odli\u010dnosti nenehno izbolj\u0161ujemo na\u0161e tehni\u010dne zmogljivosti in u\u010dinkovitost proizvodnje z naprednimi proizvodnimi obrati in profesionalnimi sistemi testiranja. Na\u0161 cilj je zadovoljiti raznolike potrebe strank z na\u010deli u\u010dinkovitosti, natan\u010dnosti in visoke kakovosti.<\/p>\n<p><img decoding=\"async\" src=\"https:\/\/www.hydraulic-cylinders.net\/wp-content\/uploads\/2025\/01\/songte-company-4.webp\"><img decoding=\"async\" src=\"https:\/\/www.hydraulic-cylinders.net\/wp-content\/uploads\/2025\/01\/songte-company-3.webp\"><\/p>\n<p>Ponosni smo na svojo profesionalnost, mednarodno<\/p>","protected":false},"excerpt":{"rendered":"<p>Arm Cylinder For Yuchai YC35-8 Definition and Explanation The arm cylinder is a hydraulic cylinder specially designed to provide linear motion and power to the arm of various types of machinery, such as excavators, cranes, and robotic arms. The arm cylinder plays a crucial role in hydraulic systems, enabling the efficient movement and control of [&hellip;]<\/p>","protected":false},"featured_media":14766,"comment_status":"open","ping_status":"closed","template":"","meta":{"_et_pb_use_builder":"","_et_pb_old_content":"","_et_gb_content_width":""},"product_brand":[],"product_cat":[1497],"product_tag":[1498,1496],"class_list":{"0":"post-16784","1":"product","2":"type-product","3":"status-publish","4":"has-post-thumbnail","6":"product_cat-arm-cylinders","7":"product_tag-arm-cylinders","8":"product_tag-hydraulic-cylinders","10":"first","11":"instock","12":"shipping-taxable","13":"product-type-simple"},"amp_enabled":true,"_links":{"self":[{"href":"https:\/\/www.hydraulic-cylinders.net\/sl\/wp-json\/wp\/v2\/product\/16784","targetHints":{"allow":["GET"]}}],"collection":[{"href":"https:\/\/www.hydraulic-cylinders.net\/sl\/wp-json\/wp\/v2\/product"}],"about":[{"href":"https:\/\/www.hydraulic-cylinders.net\/sl\/wp-json\/wp\/v2\/types\/product"}],"replies":[{"embeddable":true,"href":"https:\/\/www.hydraulic-cylinders.net\/sl\/wp-json\/wp\/v2\/comments?post=16784"}],"wp:featuredmedia":[{"embeddable":true,"href":"https:\/\/www.hydraulic-cylinders.net\/sl\/wp-json\/wp\/v2\/media\/14766"}],"wp:attachment":[{"href":"https:\/\/www.hydraulic-cylinders.net\/sl\/wp-json\/wp\/v2\/media?parent=16784"}],"wp:term":[{"taxonomy":"product_brand","embeddable":true,"href":"https:\/\/www.hydraulic-cylinders.net\/sl\/wp-json\/wp\/v2\/product_brand?post=16784"},{"taxonomy":"product_cat","embeddable":true,"href":"https:\/\/www.hydraulic-cylinders.net\/sl\/wp-json\/wp\/v2\/product_cat?post=16784"},{"taxonomy":"product_tag","embeddable":true,"href":"https:\/\/www.hydraulic-cylinders.net\/sl\/wp-json\/wp\/v2\/product_tag?post=16784"}],"curies":[{"name":"delovni list","href":"https:\/\/api.w.org\/{rel}","templated":true}]}}