{"id":16789,"date":"2025-01-21T05:54:30","date_gmt":"2025-01-21T05:54:30","guid":{"rendered":"https:\/\/www.hydraulic-cylinders.net\/product\/arm-cylinder-for-yuchai-yc13-8\/"},"modified":"2025-01-21T05:54:32","modified_gmt":"2025-01-21T05:54:32","slug":"arm-cylinder-for-yuchai-yc13-8","status":"publish","type":"product","link":"https:\/\/www.hydraulic-cylinders.net\/sl\/izdelek\/arm-cylinder-for-yuchai-yc13-8\/","title":{"rendered":"Ro\u010dica cilindra za Yuchai YC13-8"},"content":{"rendered":"<h2>Ro\u010dica cilindra za Yuchai YC13-8<\/h2>\n<h3>Uvod<\/h3>\n<p>Hidravli\u010dni valj roke je specializiran hidravli\u010dni valj, ki se uporablja predvsem za zagotavljanje linearnega gibanja in mo\u010di rok razli\u010dnih vrst strojev, kot so bagri, \u017eerjavi in \u200b\u200bmehanske roke. Cilinder roke igra klju\u010dno vlogo v hidravli\u010dnem sistemu, saj omogo\u010da u\u010dinkovito premikanje in krmiljenje priklju\u010dkov ali dodatne opreme. Ti cilindri ne zagotavljajo le gladkega gibanja, temve\u010d tudi prenesejo velike obremenitve, kar zagotavlja u\u010dinkovito delovanje in zanesljivost strojev v razli\u010dnih obratovalnih pogojih.<\/p>\n<p><img decoding=\"async\" src=\"https:\/\/www.hydraulic-cylinders.net\/wp-content\/uploads\/2025\/01\/songte-company-2.webp\" \/><\/p>\n<h3>Zna\u010dilnosti<\/h3>\n<p>Ro\u010dajni valj za Yuchai YC13-8 ponuja naslednje lastnosti:<\/p>\n<ul>\n<li><strong>Visoko u\u010dinkovit pogon:<\/strong> Cilinder roke zagotavlja mo\u010dno linearno gibanje in silo, kar zagotavlja visoko u\u010dinkovitost delovanja mehanske roke med razli\u010dnimi operacijami.<\/li>\n<li><strong>Natan\u010den nadzor:<\/strong> S hidravli\u010dnim sistemom lahko cilinder roke dose\u017ee natan\u010den nadzor gibanja, zaradi \u010desar je delovanje priklju\u010dkov bolj prilagodljivo in natan\u010dno.<\/li>\n<li><strong>Trpe\u017eno:<\/strong> Ro\u010dajni cilindri so obi\u010dajno izdelani iz visoko trdnih materialov z dobro odpornostjo proti obrabi in koroziji, zaradi \u010desar so primerni za dolgotrajno uporabo v te\u017ekih okoljih.<\/li>\n<li><strong>Ve\u010dnamenska prilagodljivost:<\/strong> Ti cilindri se lahko \u0161iroko uporabljajo v razli\u010dnih vrstah strojev, kot so bagri, \u017eerjavi in \u200b\u200bmehanske roke, da se prilagodijo razli\u010dnim delovnim zahtevam.<\/li>\n<li><strong>Enostavno vzdr\u017eevanje:<\/strong> Zasnovan za enostavno vzdr\u017eevanje in zamenjavo, redni pregledi in vzdr\u017eevanje postanejo bolj priro\u010dni, kar zmanj\u0161a \u010das izpada opreme.<\/li>\n<\/ul>\n<p>Ta izdelek lahko izdelamo in na\u0161i izdelki lahko popolnoma nadomestijo te hidravli\u010dne cilindre.<\/p>\n<p><img decoding=\"async\" src=\"https:\/\/www.hydraulic-cylinders.net\/wp-content\/uploads\/2025\/01\/songte-oil-pipes-and-spare-parts.webp\" \/><\/p>\n<h3>Aplikacije<\/h3>\n<p>Ro\u010dajni valj za Yuchai YC13-8 se lahko uporablja v razli\u010dnih panogah:<\/p>\n<ul>\n<li><strong>Gradnja:<\/strong> Pri bagrih in \u017eerjavih cilinder roke nadzoruje gibanje \u017elice ali roke, izvaja zemeljska dela, ravnanje z materialom in monta\u017eo konstrukcij.<\/li>\n<li><strong>Proizvodnja:<\/strong> V avtomatiziranih proizvodnih linijah valj roke nadzoruje gibanje mehanske roke, izvaja postopke monta\u017ee, varjenja in rokovanja, s \u010dimer izbolj\u0161uje u\u010dinkovitost in natan\u010dnost proizvodnje.<\/li>\n<li><strong>Kmetijska mehanizacija:<\/strong> V kmetijskih strojih, kot so kombajni in sejalnice, cilinder roke nadzoruje gibanje delovne roke in izvaja naloge, kot so sajenje, gnojenje in \u017eetev.<\/li>\n<li><strong>Rudarstvo:<\/strong> V rudarski opremi cilinder roke nadzoruje gibanje roke rudarske opreme, kar omogo\u010da rudarjenje in ravnanje z rudo.<\/li>\n<li><strong>Logistika in transport:<\/strong> Pri vili\u010darjih in robotih za ravnanje z materiali cilinder roke nadzoruje dvigovanje in premikanje vilic, s \u010dimer se dose\u017ee ravnanje in zlaganje materialov.<\/li>\n<\/ul>\n<h3>Oblikovalski vidiki in izbirna merila<\/h3>\n<p>Glede na zasnovo morajo imeti cilindri roke naslednje lastnosti:<\/p>\n<ul>\n<li><strong>Nosilnost:<\/strong> Mora biti sposoben prenesti obremenitev pritrjene dodatne opreme in delovati nemoteno.<\/li>\n<li><strong>Tesnjenje:<\/strong> Uporabljajo se razli\u010dna tesnila, kot so tesnila bata in tesnila palic, materiali, kot sta poliuretan in nitrilna guma, pa so izbrani zaradi njihove odpornosti proti obrabi.<\/li>\n<li><strong>Vzdr\u017eljivost:<\/strong> Ohi\u0161je valja je izdelano iz visoko trdnih materialov s fino obdelano povr\u0161ino za izbolj\u0161anje odpornosti proti obrabi in koroziji.<\/li>\n<li><strong>Varnost:<\/strong> Izpolnjevati mora ustrezne varnostne standarde, da se zagotovi varno delovanje strojev.<\/li>\n<li><strong>Vzdr\u017eevanje:<\/strong> Zasnovan za enostavno vzdr\u017eevanje in zamenjavo, kar zmanj\u0161uje izpade opreme in stro\u0161ke vzdr\u017eevanja.<\/li>\n<\/ul>\n<p><img decoding=\"async\" src=\"https:\/\/www.hydraulic-cylinders.net\/wp-content\/uploads\/2025\/01\/songte-cylinder-head-with-all-kinds-excavator-models.webp\" \/><\/p>\n<h3>Tesnjenje in mazanje<\/h3>\n<p>Uporabljajo se razli\u010dna tesnila, kot so tesnila bata in tesnila palic, materiali, kot sta poliuretan in nitrilna guma, pa so izbrani zaradi svoje odpornosti proti obrabi. Telo valja in navojna kon\u010dna povr\u0161ina sta fino obdelana za izbolj\u0161anje odpornosti proti obrabi. Za mazanje je potrebno redno dolivanje hidravli\u010dnega olja.<\/p>\n<h3>Vzdr\u017eevanje in popravila<\/h3>\n<p>Redni pregledi in preventivno vzdr\u017eevanje so bistveni za u\u010dinkovito delovanje in dolgo \u017eivljenjsko dobo cilindrov roke. Sprejeti je mogo\u010de naslednje ukrepe:<\/p>\n<ul>\n<li>Redno preverjajte in menjajte tesnila, da prepre\u010dite pu\u0161\u010danje.<\/li>\n<li>Redno preverjajte povr\u0161ino ohi\u0161ja valja in navojnih koncev, da prepre\u010dite obrabo in po\u0161kodbe.<\/li>\n<li>Redno menjajte hidravli\u010dno olje, da zagotovite pravilno mazanje in prepre\u010dite korozijo ali onesna\u017eenje.<\/li>\n<\/ul>\n<p>\u010ce pride do okvare, lahko sprejmete naslednje ukrepe:<\/p>\n<ul>\n<li>Preverite morebitna pu\u0161\u010danja v hidravli\u010dnem sistemu.<\/li>\n<li>Preverite ohi\u0161je valja in navojne konce glede obrabe in po\u0161kodb.<\/li>\n<li>Preverite tesnila glede obrabe in po\u0161kodb.<\/li>\n<\/ul>\n<p>Da bi prepre\u010dili morebitne te\u017eave, se lahko sprejmejo naslednji ukrepi:<\/p>\n<ul>\n<li>Redno vzdr\u017eujte in pregledujte, da odkrijete in prepre\u010dite te\u017eave, preden postanejo resne.<\/li>\n<li>Upo\u0161tevajte navodila proizvajalca za namestitev, vzdr\u017eevanje in popravilo.<\/li>\n<li>Zagotovite, da vzdr\u017eevalna in popravila strojev izvaja le usposobljeno in poobla\u0161\u010deno osebje.<\/li>\n<\/ul>\n<p><img decoding=\"async\" src=\"https:\/\/www.hydraulic-cylinders.net\/wp-content\/uploads\/2025\/01\/songte-chushion-collar.webp\" \/><\/p>\n<h3>Vodnik za namestitev izdelka<\/h3>\n<p>Za pravilno namestitev ro\u010dnega cilindra lahko sledite naslednjim korakom:<\/p>\n<ol>\n<li>Prepri\u010dajte se, da je valj \u010dist in brez umazanije.<\/li>\n<li>Prepri\u010dajte se, da je valj pravilno poravnan s priklju\u010dkom ali dodatno opremo, ki jo \u017eelite namestiti.<\/li>\n<li>Previdno privijte navojne konce z navedenim navorom.<\/li>\n<li>Pred uporabo stroja se prepri\u010dajte, da je hidravli\u010dni sistem napolnjen z ustreznim oljem in odzra\u010den.<\/li>\n<\/ol>\n<p><img decoding=\"async\" src=\"https:\/\/www.hydraulic-cylinders.net\/wp-content\/uploads\/2025\/01\/songte-bushings-with-all-kinds-of-excavator-models.webp\" \/><\/p>\n<h3>Varnostni vidiki in okoljski dejavniki<\/h3>\n<p>Ro\u010dni cilindri igrajo klju\u010dno vlogo pri varnem in u\u010dinkovitem delovanju strojev. Pomembno je upo\u0161tevati ustrezne varnostne smernice in predpise, da prepre\u010dite nesre\u010de in zagotovite varno delovanje opreme. Pri izbiri in uporabi ro\u010dnih cilindrov je treba upo\u0161tevati tudi okoljske dejavnike, kot so temperatura, vla\u017enost in izpostavljenost kemikalijam.<\/p>\n<h3>Diagnoza napak in pogoste te\u017eave<\/h3>\n<p>Pogoste te\u017eave, ki se lahko pojavijo pri cilindrih roke, vklju\u010dujejo pu\u0161\u010danje, obrabo in po\u0161kodbe ohi\u0161ja cilindra in navojnih koncev ter obrabljena ali po\u0161kodovana tesnila. Redno vzdr\u017eevanje in pregledi lahko prepre\u010dijo nastanek teh te\u017eav.<\/p>\n<h3>Odpravljanje te\u017eav in re\u0161itve<\/h3>\n<p>\u010ce se pojavi te\u017eava, lahko storite naslednje:<\/p>\n<ul>\n<li>Preverite morebitna pu\u0161\u010danja in privijte morebitne ohlapne povezave.<\/li>\n<li>Preverite ohi\u0161je valja in navojne konce glede obrabe in po\u0161kodb ter jih po potrebi zamenjajte.<\/li>\n<li>Zamenjajte vsa obrabljena ali po\u0161kodovana tesnila.<\/li>\n<\/ul>\n<p>Da bi prepre\u010dili morebitne te\u017eave, se lahko sprejmejo naslednji ukrepi:<\/p>\n<ul>\n<li>Redno vzdr\u017eujte in pregledujte, da odkrijete in prepre\u010dite te\u017eave, preden postanejo resne.<\/li>\n<li>Upo\u0161tevajte navodila proizvajalca za namestitev, vzdr\u017eevanje in popravilo.<\/li>\n<li>Zagotovite, da vzdr\u017eevalna in popravila strojev izvaja le usposobljeno in poobla\u0161\u010deno osebje.<\/li>\n<\/ul>\n<p><img decoding=\"async\" src=\"https:\/\/www.hydraulic-cylinders.net\/wp-content\/uploads\/2025\/01\/songte-company-4.webp\" \/><br \/>\n<img decoding=\"async\" src=\"https:\/\/www.hydraulic-cylinders.net\/wp-content\/uploads\/2025\/01\/songte-company-3.webp\" \/><\/p>\n<h3>O nas<\/h3>\n<p>Smo profesionalni proizvajalec nadomestnih hidravli\u010dnih cilindrov s \u0161iroko paleto izdelkov. Na\u0161e podjetje je postalo eden vodilnih proizvajalcev in veleprodajnih distributerjev hidravli\u010dnih cilindrov na doma\u010dem in mednarodnem trgu. Vedno se dr\u017eimo na\u010dela odli\u010dne kakovosti in se zana\u0161amo na industrializirane strategije upravljanja proizvodnje v natan\u010dno izdelanih delavnicah, da bi nenehno izbolj\u0161evali na\u0161o tehnologijo in u\u010dinkovitost proizvodnje. Z uvedbo vrhunske digitalne proizvodne opreme in profesionalnih sistemov testiranja optimiziramo na\u0161o proizvodno platformo in izbolj\u0161ujemo proces nadzora kakovosti izdelkov, hkrati pa imamo mo\u010dne inovacijske zmogljivosti. Na\u0161 cilj je zadovoljiti raznolike potrebe strank z na\u010deli visoke u\u010dinkovitosti, natan\u010dnosti in visoke kakovosti.<\/p>\n<p>Ponujamo profesionalne storitve, mednarodne certifikate, prilagojene storitve, napredno proizvodno opremo in celovito poprodajno storitev, zaradi \u010desar smo zanesljiv partner za va\u0161e podjetje.<\/p>\n<p>Avtor: lyl.<\/p>","protected":false},"excerpt":{"rendered":"<p>Arm Cylinder For Yuchai YC13-8 Introduction An arm cylinder is a specialized hydraulic cylinder primarily used to provide linear motion and power to the arms of various types of machinery such as excavators, cranes, and mechanical arms. The arm cylinder plays a key role in the hydraulic system, allowing attachments or accessories to move and [&hellip;]<\/p>","protected":false},"featured_media":14779,"comment_status":"open","ping_status":"closed","template":"","meta":{"_et_pb_use_builder":"","_et_pb_old_content":"","_et_gb_content_width":""},"product_brand":[],"product_cat":[1497],"product_tag":[1498,1496],"class_list":{"0":"post-16789","1":"product","2":"type-product","3":"status-publish","4":"has-post-thumbnail","6":"product_cat-arm-cylinders","7":"product_tag-arm-cylinders","8":"product_tag-hydraulic-cylinders","10":"first","11":"instock","12":"shipping-taxable","13":"product-type-simple"},"amp_enabled":true,"_links":{"self":[{"href":"https:\/\/www.hydraulic-cylinders.net\/sl\/wp-json\/wp\/v2\/product\/16789","targetHints":{"allow":["GET"]}}],"collection":[{"href":"https:\/\/www.hydraulic-cylinders.net\/sl\/wp-json\/wp\/v2\/product"}],"about":[{"href":"https:\/\/www.hydraulic-cylinders.net\/sl\/wp-json\/wp\/v2\/types\/product"}],"replies":[{"embeddable":true,"href":"https:\/\/www.hydraulic-cylinders.net\/sl\/wp-json\/wp\/v2\/comments?post=16789"}],"wp:featuredmedia":[{"embeddable":true,"href":"https:\/\/www.hydraulic-cylinders.net\/sl\/wp-json\/wp\/v2\/media\/14779"}],"wp:attachment":[{"href":"https:\/\/www.hydraulic-cylinders.net\/sl\/wp-json\/wp\/v2\/media?parent=16789"}],"wp:term":[{"taxonomy":"product_brand","embeddable":true,"href":"https:\/\/www.hydraulic-cylinders.net\/sl\/wp-json\/wp\/v2\/product_brand?post=16789"},{"taxonomy":"product_cat","embeddable":true,"href":"https:\/\/www.hydraulic-cylinders.net\/sl\/wp-json\/wp\/v2\/product_cat?post=16789"},{"taxonomy":"product_tag","embeddable":true,"href":"https:\/\/www.hydraulic-cylinders.net\/sl\/wp-json\/wp\/v2\/product_tag?post=16789"}],"curies":[{"name":"delovni list","href":"https:\/\/api.w.org\/{rel}","templated":true}]}}