{"id":16791,"date":"2025-01-21T05:54:38","date_gmt":"2025-01-21T05:54:38","guid":{"rendered":"https:\/\/www.hydraulic-cylinders.net\/product\/arm-cylinder-for-yuchai-yc35sr\/"},"modified":"2025-01-21T05:54:40","modified_gmt":"2025-01-21T05:54:40","slug":"arm-cylinder-for-yuchai-yc35sr","status":"publish","type":"product","link":"https:\/\/www.hydraulic-cylinders.net\/sl\/izdelek\/arm-cylinder-for-yuchai-yc35sr\/","title":{"rendered":"Ro\u010dica cilindra za Yuchai YC35SR"},"content":{"rendered":"<h2>Ro\u010dica cilindra za Yuchai YC35SR<\/h2>\n<p><img decoding=\"async\" src=\"https:\/\/www.hydraulic-cylinders.net\/wp-content\/uploads\/2025\/01\/songte-company-2.webp\" alt=\"Ro\u010dica cilindra za Yuchai YC35SR\" \/>Hidravli\u010dni valj roke je posebej zasnovan hidravli\u010dni valj, ki se uporablja predvsem za zagotavljanje linearnega gibanja in mo\u010di za razli\u010dne vrste strojnih rok, kot so bagri, \u017eerjavi in \u200b\u200bmehanske roke. Cilindri roke igrajo klju\u010dno vlogo v hidravli\u010dnih sistemih, saj omogo\u010dajo u\u010dinkovito mobilnost in nadzor dodatnih orodij ali priklju\u010dkov. Ti cilindri ne zagotavljajo le gladkega gibanja, temve\u010d so tudi sposobni prenesti velike obremenitve, kar zagotavlja u\u010dinkovito delovanje in zanesljivost strojev v razli\u010dnih obratovalnih pogojih.<\/p>\n<h3>Zna\u010dilnosti ro\u010dnega cilindra<\/h3>\n<ul>\n<li>Visoko u\u010dinkovit prenos: Cilinder roke zagotavlja mo\u010dno linearno gibanje in silo, kar zagotavlja visoko zmogljivost mehanske roke pri razli\u010dnih operacijah.<\/li>\n<li>Natan\u010den nadzor: Valj roke lahko dose\u017ee natan\u010den nadzor gibanja prek hidravli\u010dnega sistema, zaradi \u010desar je delovanje dodatnih orodij bolj prilagodljivo in natan\u010dno.<\/li>\n<li>Visoka vzdr\u017eljivost: Ro\u010dajni cilindri so obi\u010dajno izdelani iz visoko trdnih materialov z dobro odpornostjo proti obrabi in koroziji, primerni za dolgotrajno uporabo v te\u017ekih okoljih.<\/li>\n<li>Ve\u010dnamenska prilagodljivost: Te cilindre je mogo\u010de \u0161iroko uporabljati v razli\u010dni mehanski opremi, kot so bagri, \u017eerjavi in \u200b\u200bmehanske roke, ter se prilagajati razli\u010dnim delovnim potrebam.<\/li>\n<li>Enostavno vzdr\u017eevanje: Zasnova upo\u0161teva enostavno vzdr\u017eevanje in zamenjavo, zaradi \u010desar so redni pregledi in vzdr\u017eevanje bolj priro\u010dni ter skraj\u0161ajo \u010das izpada opreme.<\/li>\n<\/ul>\n<p><img decoding=\"async\" src=\"https:\/\/www.hydraulic-cylinders.net\/wp-content\/uploads\/2025\/01\/songte-oil-pipes-and-spare-parts.webp\" alt=\"Ro\u010dica cilindra za Yuchai YC35SR\" \/>Na\u0161 izdelek lahko popolnoma nadomesti te hidravli\u010dne cilindre.<\/p>\n<h3>Uporaba ro\u010dnega cilindra<\/h3>\n<p>Ro\u010dni cilindri se uporabljajo v razli\u010dnih panogah:<\/p>\n<ul>\n<li>Gradbeni\u0161tvo: Valji rok se uporabljajo za krmiljenje gibanja bagrskih \u017elic ali \u017eerjavov, izvajanje zemeljskih del, ravnanje z materiali in monta\u017eo konstrukcij.<\/li>\n<li>Proizvodnja: Valji rok se uporabljajo v avtomatiziranih proizvodnih linijah za premikanje mehanskih rok med procesi monta\u017ee, varjenja in rokovanja, kar izbolj\u0161uje u\u010dinkovitost in natan\u010dnost proizvodnje.<\/li>\n<li>Kmetijska mehanizacija: Pri kmetijski mehanizaciji, kot so \u017eetveni stroji in sejalnice, cilindri roke nadzorujejo gibanje delovnih rok za opravljanje nalog, kot so setev, gnojenje in \u017eetev.<\/li>\n<li>Rudarstvo: V rudarski opremi cilindri roke nadzorujejo gibanje roke rudarske opreme za rudarjenje in transport rud.<\/li>\n<li>Logistika in transport: Pri vili\u010darjih in robotih za manipulacijo cilindri roke nadzorujejo dvigovanje in premikanje vilic za premikanje in zlaganje materialov.<\/li>\n<\/ul>\n<h3>Oblikovalski vidiki in izbirna merila<\/h3>\n<p>Pri zasnovi cilindrov roke so upo\u0161tevani naslednji dejavniki:<\/p>\n<ul>\n<li>Nosilnost: Valji roke morajo biti sposobni prenesti potrebne obremenitve in sile, da se zagotovi visoka u\u010dinkovitost in varnost pri delovanju.<\/li>\n<li>Tesnjenje: Valji rok uporabljajo razli\u010dne tesnilne komponente, kot so tesnila bata in tesnila palic, izdelana iz materialov, odpornih proti obrabi, kot sta poliuretan in nitrilna guma, da se zagotovi u\u010dinkovitost hidravli\u010dnega sistema in prepre\u010di pu\u0161\u010danje teko\u010dine.<\/li>\n<li>Vzdr\u017eljivost: Valji rok so obi\u010dajno izdelani iz visoko trdnih materialov z dobro odpornostjo proti obrabi in koroziji, da prenesejo te\u017eke okoljske razmere in zagotavljajo dolgoro\u010dno delovanje.<\/li>\n<li>Varnost: Ro\u010dni cilindri so zasnovani z varnostnimi funkcijami, kot so varnostni ventili in zaporni ventili, da prepre\u010dijo nesre\u010de, kot so poke cilindrov, in tako zagotovijo varnost delovanja.<\/li>\n<li>Vzdr\u017eevanje: Ro\u010dni cilindri morajo biti zasnovani tako, da omogo\u010dajo enostavno redno vzdr\u017eevanje in zamenjavo, s \u010dimer se zmanj\u0161ajo izpadi in stro\u0161ki vzdr\u017eevanja.<\/li>\n<\/ul>\n<p><img decoding=\"async\" src=\"https:\/\/www.hydraulic-cylinders.net\/wp-content\/uploads\/2025\/01\/songte-cylinder-head-with-all-kinds-excavator-models.webp\" alt=\"Ro\u010dica cilindra za Yuchai YC35SR\" \/><\/p>\n<h3>Tesnjenje in mazanje ro\u010dice cilindra<\/h3>\n<p>Ro\u010dajni valj uporablja razli\u010dne tesnilne komponente, kot so tesnila bata in palice, izdelane iz materialov, odpornih proti obrabi, kot sta poliuretan in nitrilni kav\u010duk, da se zagotovi u\u010dinkovitost hidravli\u010dnega sistema in prepre\u010di pu\u0161\u010danje teko\u010dine. Telo valja in povr\u0161ina navojnega konca sta skrbno obdelana za izbolj\u0161anje odpornosti proti obrabi. Za zagotovitev mazanja je potrebno redno dodajanje ustreznega hidravli\u010dnega olja.<\/p>\n<h3>Redni pregledi in preventivni vzdr\u017eevalni ukrepi<\/h3>\n<p>Redni pregledi in preventivni vzdr\u017eevalni ukrepi so klju\u010dnega pomena za zagotovitev dolgoro\u010dnega delovanja in varnosti delovanja cilindrov roke. Sprejeti je mogo\u010de naslednje ukrepe:<\/p>\n<ul>\n<li>Redni pregledi cilindrov roke in hidravli\u010dnih sistemov za pravo\u010dasno odkrivanje in diagnosticiranje te\u017eav.<\/li>\n<li>Za zagotovitev u\u010dinkovitega in varnega delovanja zamenjajte obrabljene ali po\u0161kodovane dele.<\/li>\n<li>Redno \u010distite valj roke in hidravli\u010dni sistem, da prepre\u010dite onesna\u017eenje.<\/li>\n<li>Redno ma\u017eite valj roke z ustreznim hidravli\u010dnim oljem, da zagotovite mazanje.<\/li>\n<li>Usposobite osebje za pravilne postopke delovanja in vzdr\u017eevanja, da zmanj\u0161ate morebitne te\u017eave.<\/li>\n<\/ul>\n<h3>Navodila za namestitev ro\u010dnega cilindra<\/h3>\n<p><img decoding=\"async\" src=\"https:\/\/www.hydraulic-cylinders.net\/wp-content\/uploads\/2025\/01\/songte-bushings-with-all-kinds-of-excavator-models.webp\" alt=\"Ro\u010dica cilindra za Yuchai YC35SR\" \/><\/p>\n<p>Navodila za namestitev ro\u010dnega cilindra so naslednja:<\/p>\n<ul>\n<li>Pripravite orodja in materiale za monta\u017eo.<\/li>\n<li>O\u010distite mesto namestitve in preverite zdru\u017eljivost valja in hidravli\u010dnega sistema.<\/li>\n<li>Namestite valj roke v skladu z navodili proizvajalca in pri tem pazite na pravilno poravnavo in navor vijakov.<\/li>\n<li>Priklju\u010dite hidravli\u010dne cevi in \u200b\u200bcevovode.<\/li>\n<li>Hidravli\u010dni sistem napolnite z ustreznim hidravli\u010dnim oljem in iz njega izpustite zrak.<\/li>\n<li>Preverite sistem glede tesnjenja in preizkusite delovanje cilindra roke.<\/li>\n<\/ul>\n<h3>Varnostni vidiki in okoljski dejavniki<\/h3>\n<p>Pri uporabi ro\u010dnih valjev je treba vedno upo\u0161tevati varnostne ukrepe, kot so varnostni ventili in zaporni ventili, da prepre\u010dite nesre\u010de, kot so poke valjev. Za zagotovitev pravilnega delovanja hidravli\u010dnega sistema je treba upo\u0161tevati okoljske dejavnike, kot sta temperatura in vla\u017enost.<\/p>\n<h3>Diagnoza in odpravljanje pogostih napak<\/h3>\n<p>Sledijo pogoste te\u017eave, ki se lahko pojavijo z cilindri roke:<\/p>\n<ul>\n<li>Pu\u0161\u010danje teko\u010dine iz valja<\/li>\n<li>Nenavaden hrup med delovanjem<\/li>\n<li>Nezadostna sila med delovanjem<\/li>\n<\/ul>\n<p>Nekaj \u200b\u200bnasvetov za odpravljanje teh te\u017eav je:<\/p>\n<ul>\n<li>Preverite morebitna po\u0161kodovana tesnila in jih po potrebi zamenjajte.<\/li>\n<li>Preverite morebitne po\u0161kodovane dele in jih po potrebi zamenjajte.<\/li>\n<li>Preverite, ali je hidravli\u010dnega olja premalo ali je onesna\u017eeno, in ga zamenjajte ali dolijte.<\/li>\n<\/ul>\n<p><img decoding=\"async\" src=\"https:\/\/www.hydraulic-cylinders.net\/wp-content\/uploads\/2025\/01\/songte-chushion-collar.webp\" alt=\"Ro\u010dica cilindra za Yuchai YC35SR\" \/><\/p>\n<h3>O nas<\/h3>\n<p>Smo profesionalni proizvajalec nadomestnih hidravli\u010dnih cilindrov s \u0161iroko paleto izdelkov in smo postali eden vodilnih proizvajalcev in veleprodajnih distributerjev hidravli\u010dnih cilindrov na doma\u010dem in mednarodnem trgu. Vedno se dr\u017eimo na\u010dela odli\u010dne kakovosti, se zana\u0161amo na industrializirano strategijo upravljanja proizvodnje s prefinjeno proizvodno delavnico ter nenehno izbolj\u0161ujemo na\u0161o tehnolo\u0161ko raven in u\u010dinkovitost proizvodnje. Z uvedbo vrhunske digitalne proizvodne opreme in profesionalnih sistemov testiranja optimiziramo proizvodno platformo, izpopolnjujemo proces nadzora kakovosti izdelkov in imamo mo\u010dne inovacijske zmogljivosti. Na\u0161 cilj je zadovoljiti raznolike potrebe strank z na\u010deli visoke u\u010dinkovitosti, natan\u010dnosti in visoke kakovosti.<\/p>\n<h3>Na\u0161e specialitete<\/h3>\n<ul>\n<li>Profesionalnost: Imamo ekipo strokovnjakov z bogatimi izku\u0161njami na podro\u010dju izdelave in na\u010drtovanja hidravli\u010dnih cilindrov, ki strankam zagotavljajo profesionalne in zanesljive re\u0161itve.<\/li>\n<li>Mednarodni certifikat: Pridobili smo razli\u010dne mednarodne certifikate, kot so ISO9001, CE in UL, kar zagotavlja visokokakovostne izdelke in storitve.<\/li>\n<li>Prilagoditev: Ponujamo re\u0161itve hidravli\u010dnih cilindrov po meri, ki ustrezajo razli\u010dnim potrebam strank.<\/li>\n<li>Proizvodna oprema: Imamo celoten komplet opreme za proizvodnjo in testiranje hidravli\u010dnih cilindrov, kar zagotavlja u\u010dinkovite in visokokakovostne proizvodne procese.<\/li>\n<li>Poprodajne storitve: Strankam nudimo celovite poprodajne storitve, kot sta tehni\u010dna podpora in vzdr\u017eevanje, da zagotovimo zadovoljstvo strank.<\/li>\n<\/ul>\n<p><img decoding=\"async\" src=\"https:\/\/www.hydraulic-cylinders.net\/wp-content\/uploads\/2025\/01\/songte-company-4.webp\" alt=\"Ro\u010dica cilindra za Yuchai YC35SR\" \/><\/p>\n<p><img decoding=\"async\" src=\"https:\/\/www.hydraulic-cylinders.net\/wp-content\/uploads\/2025\/01\/songte-company-3.webp\" alt=\"Ro\u010dica cilindra za Yuchai YC35SR\" \/><\/p>\n<p>Avtor: lyl<\/p>","protected":false},"excerpt":{"rendered":"<p>Arm Cylinder For Yuchai YC35SR Arm cylinder is a specially designed hydraulic cylinder that is mainly used to provide linear motion and power for various types of machinery arms like excavators, cranes and mechanical arms. Arm cylinders play a crucial role in hydraulic systems to enable effective mobility and control of additional tools or attachments. [&hellip;]<\/p>","protected":false},"featured_media":14774,"comment_status":"open","ping_status":"closed","template":"","meta":{"_et_pb_use_builder":"","_et_pb_old_content":"","_et_gb_content_width":""},"product_brand":[],"product_cat":[1497],"product_tag":[1498,1496],"class_list":{"0":"post-16791","1":"product","2":"type-product","3":"status-publish","4":"has-post-thumbnail","6":"product_cat-arm-cylinders","7":"product_tag-arm-cylinders","8":"product_tag-hydraulic-cylinders","10":"first","11":"instock","12":"shipping-taxable","13":"product-type-simple"},"amp_enabled":true,"_links":{"self":[{"href":"https:\/\/www.hydraulic-cylinders.net\/sl\/wp-json\/wp\/v2\/product\/16791","targetHints":{"allow":["GET"]}}],"collection":[{"href":"https:\/\/www.hydraulic-cylinders.net\/sl\/wp-json\/wp\/v2\/product"}],"about":[{"href":"https:\/\/www.hydraulic-cylinders.net\/sl\/wp-json\/wp\/v2\/types\/product"}],"replies":[{"embeddable":true,"href":"https:\/\/www.hydraulic-cylinders.net\/sl\/wp-json\/wp\/v2\/comments?post=16791"}],"wp:featuredmedia":[{"embeddable":true,"href":"https:\/\/www.hydraulic-cylinders.net\/sl\/wp-json\/wp\/v2\/media\/14774"}],"wp:attachment":[{"href":"https:\/\/www.hydraulic-cylinders.net\/sl\/wp-json\/wp\/v2\/media?parent=16791"}],"wp:term":[{"taxonomy":"product_brand","embeddable":true,"href":"https:\/\/www.hydraulic-cylinders.net\/sl\/wp-json\/wp\/v2\/product_brand?post=16791"},{"taxonomy":"product_cat","embeddable":true,"href":"https:\/\/www.hydraulic-cylinders.net\/sl\/wp-json\/wp\/v2\/product_cat?post=16791"},{"taxonomy":"product_tag","embeddable":true,"href":"https:\/\/www.hydraulic-cylinders.net\/sl\/wp-json\/wp\/v2\/product_tag?post=16791"}],"curies":[{"name":"delovni list","href":"https:\/\/api.w.org\/{rel}","templated":true}]}}