{"id":16800,"date":"2025-01-21T05:55:16","date_gmt":"2025-01-21T05:55:16","guid":{"rendered":"https:\/\/www.hydraulic-cylinders.net\/product\/arm-cylinder-for-tota-tx210c\/"},"modified":"2025-01-21T05:55:21","modified_gmt":"2025-01-21T05:55:21","slug":"arm-cylinder-for-tota-tx210c","status":"publish","type":"product","link":"https:\/\/www.hydraulic-cylinders.net\/sl\/izdelek\/arm-cylinder-for-tota-tx210c\/","title":{"rendered":"Ro\u010dica cilindra za Tota TX210C"},"content":{"rendered":"<h1>Ro\u010dica cilindra za Tota TX210C<\/h1>\n<h2>Uvod<\/h2>\n<p>Hidravli\u010dni valj roke je specializiran hidravli\u010dni valj, ki se uporablja predvsem za zagotavljanje linearnega gibanja in mo\u010di rok razli\u010dnih vrst strojev, kot so bagri, \u017eerjavi in \u200b\u200brobotske roke. Cilinder roke igra klju\u010dno vlogo v hidravli\u010dnih sistemih, saj omogo\u010da u\u010dinkovito premikanje in krmiljenje priklju\u010dkov ali dodatne opreme. Ti cilindri ne zagotavljajo le gladkega gibanja, temve\u010d tudi prenesejo velike obremenitve, kar zagotavlja u\u010dinkovito delovanje in zanesljivost strojev v razli\u010dnih obratovalnih pogojih.<\/p>\n<p><img decoding=\"async\" src=\"https:\/\/www.hydraulic-cylinders.net\/wp-content\/uploads\/2025\/01\/songte-company-2.webp\" alt=\"Slika ro\u010dnega cilindra\"><\/p>\n<h2>Zna\u010dilnosti<\/h2>\n<ul>\n<li>\n<h3>Visoko u\u010dinkovit menjalnik<\/h3>\n<p>Cilinder roke lahko zagotavlja mo\u010dno linearno gibanje in silo, kar zagotavlja visoko u\u010dinkovitost delovanja pri razli\u010dnih operacijah mehanske roke.<\/p>\n<\/li>\n<li>\n<h3>Natan\u010den nadzor<\/h3>\n<p>S hidravli\u010dnim sistemom lahko cilinder roke dose\u017ee natan\u010den nadzor gibanja, zaradi \u010desar je delovanje priklju\u010dkov bolj prilagodljivo in natan\u010dno.<\/p>\n<\/li>\n<li>\n<h3>Mo\u010dna vzdr\u017eljivost<\/h3>\n<p>Ro\u010dajni cilindri so obi\u010dajno izdelani iz visoko trdnih materialov, ki imajo dobro odpornost proti obrabi in koroziji, zaradi \u010desar so primerni za dolgotrajno uporabo v te\u017ekih okoljih.<\/p>\n<\/li>\n<li>\n<h3>Ve\u010dnamenska prilagodljivost<\/h3>\n<p>Ti cilindri se lahko \u0161iroko uporabljajo v razli\u010dnih strojih, kot so bagri, \u017eerjavi in \u200b\u200brobotske roke, ter se prilagajajo razli\u010dnim delovnim zahtevam.<\/p>\n<\/li>\n<li>\n<h3>Enostavno vzdr\u017eevanje<\/h3>\n<p>Zasnova cilindrov roke upo\u0161teva enostavno vzdr\u017eevanje in zamenjavo, zaradi \u010desar so redni pregledi in vzdr\u017eevanje bolj priro\u010dni ter skraj\u0161ajo \u010das izpada opreme.<\/p>\n<\/li>\n<\/ul>\n<p>Na\u0161e podjetje lahko proizvede ta izdelek in zagotovi popolno zamenjavo za te hidravli\u010dne cilindre.<\/p>\n<p><img decoding=\"async\" src=\"https:\/\/www.hydraulic-cylinders.net\/wp-content\/uploads\/2025\/01\/songte-oil-pipes-and-spare-parts.webp\" alt=\"Slika zamenjave hidravli\u010dnega cilindra\"><\/p>\n<h2>Aplikacije<\/h2>\n<p>Rokavni valj ima \u0161iroko paleto uporabe v razli\u010dnih panogah in opremi:<\/p>\n<ul>\n<li>\n<h3>Gradbeni\u0161tvo<\/h3>\n<p>V bagrih in \u017eerjavih se cilindri rok uporabljajo za krmiljenje gibanja \u017elic ali rok za zemeljska dela, ravnanje z materiali in monta\u017eo konstrukcij.<\/p>\n<\/li>\n<li>\n<h3>Predelovalna industrija<\/h3>\n<p>V avtomatiziranih proizvodnih linijah se cilindri rok uporabljajo za gibanje robotskih rok pri monta\u017ei, varjenju in rokovanju, kar izbolj\u0161uje u\u010dinkovitost in natan\u010dnost proizvodnje.<\/p>\n<\/li>\n<li>\n<h3>Kmetijska mehanizacija<\/h3>\n<p>V kmetijskih strojih, kot so kombajni in sejalnice, cilindri rok nadzorujejo gibanje delovnih rok, ki opravljajo naloge, kot so setev, gnojenje in \u017eetev.<\/p>\n<\/li>\n<li>\n<h3>Rudarska industrija<\/h3>\n<p>V rudarski opremi se cilindri rok uporabljajo za nadzor gibanja rok rudarske opreme za rudarjenje in transport rud.<\/p>\n<\/li>\n<li>\n<h3>Logistika in transport<\/h3>\n<p>V vili\u010darjih in robotih za manipulacijo se cilindri rok uporabljajo za nadzor dvigovanja in premikanja vilic, s \u010dimer se dose\u017ee ravnanje z materiali in zlaganje.<\/p>\n<\/li>\n<\/ul>\n<h2>Oblikovalski vidiki in standardi izbire<\/h2>\n<p>Ro\u010dajni cilindri imajo razli\u010dne konstrukcijske vidike in izbirne standarde:<\/p>\n<ul>\n<li>\n<h3>Nosilnost<\/h3>\n<p>Cilinder roke mora imeti zadostno nosilnost, da lahko prenese najve\u010djo obremenitev, ki jo roka lahko do\u017eivi med delovanjem.<\/p>\n<\/li>\n<li>\n<h3>Tesnjenje<\/h3>\n<p>Valj roke je treba zatesniti, da se prepre\u010di pu\u0161\u010danje teko\u010dine, kar lahko vpliva na delovanje hidravli\u010dnega sistema. Uporabljajo se razli\u010dni tesnilni elementi, kot so tesnila bata in palice, za tesnilne elemente pa so izbrani materiali, odporni proti obrabi, kot sta poliuretan in nitrilna guma.<\/p>\n<\/li>\n<li>\n<h3>Vzdr\u017eljivost<\/h3>\n<p>Ro\u010dica valja mora biti dovolj trpe\u017ena, da prenese obrabo, ki jo povzro\u010data ve\u010dkratna uporaba in zahtevno delovno okolje. Za izbolj\u0161anje vzdr\u017eljivosti se uporabljajo visokotrdni materiali in povr\u0161inske obdelave, kot je trdo kromiranje.<\/p>\n<\/li>\n<li>\n<h3>Varnost<\/h3>\n<p>Rokavni valj mora biti zasnovan in name\u0161\u010den z varnostnimi funkcijami, da se prepre\u010dijo nesre\u010de zaradi okvare opreme. Varnostne naprave, kot so varnostni ventili, se uporabljajo za prepre\u010devanje preobremenitve ali previsokega tlaka.<\/p>\n<\/li>\n<li>\n<h3>Vzdr\u017eevanje<\/h3>\n<p>Ro\u010di\u010dni cilinder mora biti zasnovan z mislijo na enostavno vzdr\u017eevanje, kar omogo\u010da hitro in enostavno zamenjavo obrabljenih ali okvarjenih komponent. Redni pregledi in vzdr\u017eevanje so potrebni za zagotovitev u\u010dinkovitega in varnega delovanja hidravli\u010dnega sistema.<\/p>\n<\/li>\n<\/ul>\n<p><img decoding=\"async\" src=\"https:\/\/www.hydraulic-cylinders.net\/wp-content\/uploads\/2025\/01\/songte-cylinder-head-with-all-kinds-excavator-models.webp\" alt=\"Slika zasnove hidravli\u010dnega cilindra\"><\/p>\n<h2>Tesnjenje in mazanje<\/h2>\n<p>Za prepre\u010devanje pu\u0161\u010danja teko\u010dine se uporabljajo razli\u010dni tesnilni elementi, kot so tesnila bata in tesnila palic, za tesnilne elemente pa so izbrani materiali, odporni proti obrabi, kot sta poliuretan in nitrilna guma. Telo valja in navojna kon\u010dna povr\u0161ina sta fino obdelana za izbolj\u0161anje odpornosti proti obrabi. Za mazanje je potrebno redno dodajanje hidravli\u010dnega olja.<\/p>\n<h2>Redni pregledi in preventivni vzdr\u017eevalni ukrepi<\/h2>\n<p>Za zagotovitev u\u010dinkovitega in varnega delovanja hidravli\u010dnega sistema so potrebni redni pregledi in preventivni vzdr\u017eevalni ukrepi:<\/p>\n<ul>\n<li>\n<h3>Preverite tesnila in spoje<\/h3>\n<p>Preverite tesnilne elemente glede obrabe ali po\u0161kodb in jih po potrebi zamenjajte. Preverite spoje glede zrahljanosti ali po\u0161kodb in jih privijte ali popravite.<\/p>\n<\/li>\n<li>\n<h3>Preverite nivo in kakovost olja<\/h3>\n<p>Redno preverjajte nivo in kakovost olja ter po potrebi dolijte ali zamenjajte hidravli\u010dno olje.<\/p>\n<\/li>\n<li>\n<h3>Preverite ohi\u0161je valja in batnico<\/h3>\n<p>Preverite ohi\u0161je valja in batnico glede obrabe ali po\u0161kodb ter ju po potrebi zamenjajte.<\/p>\n<\/li>\n<li>\n<h3>Preverite delovni tlak<\/h3>\n<p>Preverite delovni tlak hidravli\u010dnega sistema in ga po potrebi prilagodite na ustrezno raven.<\/p>\n<\/li>\n<li>\n<h3>Preverite varnostne naprave<\/h3>\n<p>Redno preverjajte varnostne naprave, kot so varnostni ventili, manometri in temperaturni senzorji, ter jih po potrebi popravite ali zamenjajte.<\/p>\n<\/li>\n<\/ul>\n<p><img decoding=\"async\" src=\"https:\/\/www.hydraulic-cylinders.net\/wp-content\/uploads\/2025\/01\/songte-chushion-collar.webp\" alt=\"Slika vzdr\u017eevanja hidravli\u010dnega cilindra\"><\/p>\n<h2>Navodila za namestitev<\/h2>\n<p>Za namestitev ro\u010dnega cilindra so priporo\u010deni naslednji koraki:<\/p>\n<ol>\n<li>Pripravite mesto namestitve in se prepri\u010dajte, da je \u010disto in ravno.<\/li>\n<li>Pripravite potrebno orodje in opremo, kot so dvi\u017ene naprave, klju\u010di in cevi.<\/li>\n<li>Pritrdite valj roke na roko stroja z vijaki ali drugimi pritrdilnimi elementi.<\/li>\n<li>Hidravli\u010dne cevi in \u200b\u200bpriklju\u010dke priklju\u010dite na valj roke.<\/li>\n<li>Nekajkrat popolnoma iztegnite in povlecite valj roke, da preverite pravilno delovanje in pu\u0161\u010danje.<\/li>\n<li>Po potrebi prilagodite delovni tlak in druge nastavitve.<\/li>\n<\/ol>\n<p><img decoding=\"async\" src=\"https:\/\/www.hydraulic-cylinders.net\/wp-content\/uploads\/2025\/01\/songte-bushings-with-all-kinds-of-excavator-models.webp\" alt=\"Slika navodil za namestitev hidravli\u010dnega cilindra\"><\/p>\n<h2>Varnostni vidiki in okoljski dejavniki<\/h2>\n<p>Pri uporabi cilindri\u010dnih ro\u010dajev je treba upo\u0161tevati naslednje varnostne vidike in okoljske dejavnike:<\/p>\n<ul>\n<li>\n<h3>Varnost<\/h3>\n<p>Ro\u010dne cilindre je treba upravljati in vzdr\u017eevati v skladu z navodili proizvajalca in varnostnimi smernicami. Varnostne funkcije, kot so varnostni ventili, je treba namestiti in redno preverjati, da se prepre\u010dijo nesre\u010de zaradi preobremenitve ali nadtlaka.<\/p>\n<\/li>\n<li>\n<h3>Okoljski dejavniki<\/h3>\n<p>Valje roke je treba uporabljati in odstranjevati v skladu z lokalnimi okoljskimi predpisi. Hidravli\u010dno olje, uporabljeno v sistemu, je treba pravilno shraniti in odstraniti, da se prepre\u010di onesna\u017eenje okolja.<\/p>\n<\/li>\n<\/ul>\n<h2>Odpravljanje te\u017eav in pogoste te\u017eave<\/h2>\n<p>Sledi nekaj pogostih te\u017eav, ki se lahko pojavijo pri uporabi cilindrov roke:<\/p>\n<ul>\n<li>\n<h3>Pu\u0161\u010danje teko\u010dine<\/h3>\n<p>Do pu\u0161\u010danja teko\u010dine lahko pride zaradi obrabljenih ali po\u0161kodovanih tesnilnih elementov, ohlapnih spojev ali drugih dejavnikov. Preverite tesnila in spoje ter jih po potrebi popravite ali zamenjajte.<\/p>\n<\/li>\n<li>\n<h3>Po\u010dasno ali neenakomerno gibanje<\/h3>\n<p>Zaradi nizkega hidravli\u010dnega tlaka, obrabljenih ali po\u0161kodovanih komponent ali drugih dejavnikov se lahko cilinder roke premika po\u010dasi ali neenakomerno. Preverite hidravli\u010dni sistem in po potrebi popravite ali zamenjajte komponente.<\/p>\n<\/li>\n<li>\n<h3>Hrup<\/h3>\n<p>Nenavaden hrup se lahko pojavi zaradi ohlapnih ali po\u0161kodovanih komponent, nezadostnega mazanja ali drugih dejavnikov. Preverite komponente in sistem mazanja ter jih po potrebi popravite ali zamenjajte.<\/p>\n<\/li>\n<\/ul>\n<p>Za dodatno pomo\u010d je priporo\u010dljivo, da se posvetujete s strokovnim tehnikom ali s slu\u017ebo za stranke proizvajalca.<\/p>\n<p><img decoding=\"async\" src=\"https:\/\/www.hydraulic-cylinders.net\/wp-content\/uploads\/2025\/01\/songte-company-4.webp\" alt=\"Slika podjetja za hidravli\u010dne cilindre\"><\/p>\n<h2>O nas<\/h2>\n<p>Smo profesionalni proizvajalec hidravli\u010dnih cilindrov, ki ponuja \u0161iroko paleto izdelkov in je postal eden vodilnih proizvajalcev in veleprodajnih distributerjev hidravli\u010dnih cilindrov na doma\u010dem in mednarodnem trgu. Vedno se dr\u017eimo na\u010dela odli\u010dne kakovosti in se zana\u0161amo na industrializirano strategijo upravljanja proizvodnje na\u0161e fine proizvodne delavnice, da bi nenehno izbolj\u0161evali na\u0161o tehni\u010dno raven in u\u010dinkovitost proizvodnje.<\/p>\n<p>Z uvajanjem vrhunske digitalne proizvodne opreme in profesionalnih sistemov za testiranje nenehno optimiziramo na\u0161o proizvodno platformo, izbolj\u0161ujemo proces nadzora kakovosti izdelkov in imamo mo\u010dne inovacijske zmogljivosti. Na\u0161 cilj je zadovoljiti raznolike potrebe na\u0161ih strank z visoko u\u010dinkovitostjo, natan\u010dnostjo in visokokakovostnimi na\u010deli.<\/p>\n<ul>\n<li>\n<h3>Profesionalnost<\/h3>\n<p>Imamo profesionalno ekipo in\u017eenirjev in tehnikov, ki nenehno izbolj\u0161ujejo na\u0161 proizvodni proces in kakovost izdelkov ter nudijo tehni\u010dno podporo in poprodajne storitve na\u0161im strankam.<\/p>\n<\/li>\n<li>\n<h3>Mednarodno certificiranje<\/h3>\n<p>Pridobili smo razli\u010dne mednarodne certifikate, kot sta ISO 9001 in CE, kar dokazuje, da na\u0161i izdelki izpolnjujejo mednarodne standarde in predpise.<\/p>\n<\/li>\n<li>\n<h3>Prilagojene storitve<\/h3>\n<p>Nudimo prilagojene storitve glede na posebne zahteve na\u0161ih strank, kot so velikost, tlak in materiali.<\/p>\n<\/li>\n<li>\n<h3>Proizvodna oprema<\/h3>\n<p>Imamo napredno proizvodno opremo, kot so CNC stroji, stroji za honanje in varilni stroji, kar nam omogo\u010da izdelavo visokokakovostnih hidravli\u010dnih cilindrov.<\/p>\n<\/li>\n<li>\n<h3>Poprodajne storitve<\/h3>\n<p>Na\u0161im strankam nudimo celovito poprodajno storitev, vklju\u010dno s tehni\u010dno podporo, vzdr\u017eevanjem in popravili.<\/p>\n<\/li>\n<\/ul>\n<p><img decoding=\"async\" src=\"https:\/\/www.hydraulic-cylinders.net\/wp-content\/uploads\/2025\/01\/songte-company-3.webp\" alt=\"Slika podjetja za hidravli\u010dne cilindre\"><\/p>\n<p>Avtor: lyl.<\/p>","protected":false},"excerpt":{"rendered":"<p>Arm Cylinder for Tota TX210C Introduction An arm cylinder is a specialized hydraulic cylinder that is mainly used to provide linear motion and power to the arms of various types of machinery such as excavators, cranes, and robotic arms. The arm cylinder plays a critical role in hydraulic systems, enabling attachments or accessories to move [&hellip;]<\/p>","protected":false},"featured_media":14777,"comment_status":"open","ping_status":"closed","template":"","meta":{"_et_pb_use_builder":"","_et_pb_old_content":"","_et_gb_content_width":""},"product_brand":[],"product_cat":[1497],"product_tag":[1498,1496],"class_list":{"0":"post-16800","1":"product","2":"type-product","3":"status-publish","4":"has-post-thumbnail","6":"product_cat-arm-cylinders","7":"product_tag-arm-cylinders","8":"product_tag-hydraulic-cylinders","10":"first","11":"instock","12":"shipping-taxable","13":"product-type-simple"},"amp_enabled":true,"_links":{"self":[{"href":"https:\/\/www.hydraulic-cylinders.net\/sl\/wp-json\/wp\/v2\/product\/16800","targetHints":{"allow":["GET"]}}],"collection":[{"href":"https:\/\/www.hydraulic-cylinders.net\/sl\/wp-json\/wp\/v2\/product"}],"about":[{"href":"https:\/\/www.hydraulic-cylinders.net\/sl\/wp-json\/wp\/v2\/types\/product"}],"replies":[{"embeddable":true,"href":"https:\/\/www.hydraulic-cylinders.net\/sl\/wp-json\/wp\/v2\/comments?post=16800"}],"wp:featuredmedia":[{"embeddable":true,"href":"https:\/\/www.hydraulic-cylinders.net\/sl\/wp-json\/wp\/v2\/media\/14777"}],"wp:attachment":[{"href":"https:\/\/www.hydraulic-cylinders.net\/sl\/wp-json\/wp\/v2\/media?parent=16800"}],"wp:term":[{"taxonomy":"product_brand","embeddable":true,"href":"https:\/\/www.hydraulic-cylinders.net\/sl\/wp-json\/wp\/v2\/product_brand?post=16800"},{"taxonomy":"product_cat","embeddable":true,"href":"https:\/\/www.hydraulic-cylinders.net\/sl\/wp-json\/wp\/v2\/product_cat?post=16800"},{"taxonomy":"product_tag","embeddable":true,"href":"https:\/\/www.hydraulic-cylinders.net\/sl\/wp-json\/wp\/v2\/product_tag?post=16800"}],"curies":[{"name":"delovni list","href":"https:\/\/api.w.org\/{rel}","templated":true}]}}