{"id":1682,"date":"2023-10-11T06:14:39","date_gmt":"2023-10-11T06:14:39","guid":{"rendered":"https:\/\/hydraulic-cylinders.net\/?post_type=product&#038;p=1682"},"modified":"2025-04-11T03:46:09","modified_gmt":"2025-04-11T03:46:09","slug":"press-rear-side-shift-cylinder","status":"publish","type":"product","link":"https:\/\/www.hydraulic-cylinders.net\/sl\/izdelek\/press-rear-side-shift-cylinder\/","title":{"rendered":"Pritisnite zadnji bo\u010dni premi\u010dni valj"},"content":{"rendered":"<h1 style=\"text-align: center;\"><strong>Pritisnite zadnji bo\u010dni premi\u010dni valj<\/strong><\/h1>\n<p><img loading=\"lazy\" decoding=\"async\" class=\"aligncenter wp-image-1684\" src=\"https:\/\/hydraulic-cylinders.net\/wp-content\/uploads\/2023\/10\/rear-side-shift-cylinder-1-300x300.webp\" alt=\"\" width=\"400\" height=\"400\" \/><\/p>\n<p>Zadnji stranski pomik stiskalnice je vrhunsko orodje, zasnovano za pove\u010danje u\u010dinkovitosti in natan\u010dnosti pri stiskanju. Z inovativno zmogljivostjo zadnjega stranskega pomika ta valj omogo\u010da brezhibno prilagajanje obdelovancev med stiskanjem, kar zagotavlja natan\u010dno poravnavo in skraj\u0161a \u010das nastavitve.<\/p>\n<p>Zadnji stranski pomi\u010dni valj stiskalnice je revolucionaren pri stiskanju. Z mo\u017enostjo zadnjega stranskega pomika, natan\u010dno poravnavo, nastavljivim obmo\u010djem prestavljanja in hitro odzivnostjo ta valj omogo\u010da operaterjem, da dose\u017eejo natan\u010dne in u\u010dinkovite rezultate stiskanja. Z upo\u0161tevanjem priporo\u010denih metod uporabe in vzdr\u017eevalnih praks lahko pove\u010date zmogljivost, dolgo \u017eivljenjsko dobo in varnost zadnjega stranskega pomi\u010dnega valj\u010dka stiskalnice pri va\u0161ih stiskalnih aplikacijah. Izbolj\u0161ajte svoje zmogljivosti stiskanja in izkusite vrhunsko poravnavo in u\u010dinkovitost s tem najsodobnej\u0161im valj\u010dkom.<\/p>\n<p>Zna\u010dilnosti klju\u010da cilindra zadnjega bo\u010dnega pomika:<\/p>\n<ol>\n<li>Zmogljivost bo\u010dnega premikanja nazaj:\n<ul>\n<li>Zadnji stranski pomi\u010dni valj stiskalnice je posebej zasnovan za omogo\u010danje natan\u010dnega premikanja obdelovancev na zadnji strani med stiskanjem.<\/li>\n<li>Omogo\u010da operaterjem, da brez napora prilagodijo polo\u017eaj obdelovanca, kar zagotavlja optimalno poravnavo in zmanj\u0161uje potrebo po ro\u010dnih nastavitvah.<\/li>\n<\/ul>\n<\/li>\n<li>Natan\u010dna poravnava:\n<ul>\n<li>Ta valj zagotavlja natan\u010dno poravnavo obdelovanca, kar zmanj\u0161uje tveganje za napa\u010dno poravnavo in pove\u010duje splo\u0161no natan\u010dnost.<\/li>\n<li>Natan\u010dna poravnava, ki jo dose\u017ee zadnji bo\u010dni pomi\u010dni valj stiskalnice, izbolj\u0161a kakovost izdelkov in zmanj\u0161a stopnjo izmeta.<\/li>\n<\/ul>\n<\/li>\n<li>Nastavljivo obmo\u010dje prestavljanja:\n<ul>\n<li>Cilinder ponuja nastavljiv razpon prestavljanja, kar upravljavcem omogo\u010da, da prilagodijo obseg prestavljanja zadnje strani glede na specifi\u010dne zahteve uporabe.<\/li>\n<li>Prilagodljivost prilagajanja obmo\u010dja premika zagotavlja zdru\u017eljivost z razli\u010dnimi velikostmi, oblikami in potrebami stiskanja obdelovancev.<\/li>\n<\/ul>\n<\/li>\n<li>Hitro in odzivno:\n<ul>\n<li>Zadnji stranski premi\u010dni valj stiskalnice ima hiter in odziven mehanizem prestavljanja, ki omogo\u010da hitro prilagajanje med stiskanjem.<\/li>\n<li>Hitro prestavljanje skraj\u0161a celoten \u010das cikla, kar pove\u010da produktivnost in prepustnost pri stiskanju.<\/li>\n<\/ul>\n<\/li>\n<\/ol>\n<h2><strong>Pritisnite parameter zadnjega bo\u010dnega pomikalnega cilindra:<\/strong><\/h2>\n<table border=\"1\" cellspacing=\"0\" cellpadding=\"0\">\n<tbody>\n<tr>\n<td>Ime izdelka<\/td>\n<td>Sprednji stranski premi\u010dni valj hidravli\u010dne stiskalnice<\/td>\n<\/tr>\n<tr>\n<td>Zna\u010dilnosti:<\/td>\n<td>Premaknite surovec ali obdelovanec vodoravno<\/td>\n<\/tr>\n<tr>\n<td>Bat:<\/td>\n<td>80 mm\uff5e240 mm<br \/>\nHod \u2264 300 mm<\/td>\n<\/tr>\n<tr>\n<td>Potisna sila:<\/td>\n<td>Najve\u010d 1130 kN<br \/>\n(Bat 240 mm\/tlak 25 MPa)<\/td>\n<\/tr>\n<tr>\n<td>Uporaba sprednjega bo\u010dnega pomi\u010dnega cilindra:<\/td>\n<td>Hidravli\u010dna stiskalnica<\/td>\n<\/tr>\n<\/tbody>\n<\/table>\n<div><\/div>\n<div>\n<div class=\"txtboxL\">\n<div class=\"txtboxL\">\n<div class=\"txtboxL\">Zna\u010dilnosti:<\/div>\n<div class=\"txtboxR\">Sodelujte pri dvigovanju vpenjalne glave manipulatorja<\/div>\n<div class=\"txtboxL\">Specifikacija:<\/div>\n<div class=\"txtboxR\">Bat: 70 mm\uff5e180 mm<br \/>\nHod \u2264 300 mm<\/div>\n<div class=\"txtboxL\">Potisna sila:<\/div>\n<div class=\"txtboxR\">Najve\u010d 636 kN<br \/>\n(Bat 180 mm\/tlak 25 MPa)<\/div>\n<\/div>\n<\/div>\n<\/div>\n<h2><strong>Tovarna stiskalnih valjev:<\/strong><\/h2>\n<p><img loading=\"lazy\" decoding=\"async\" class=\"alignnone wp-image-1619 size-full\" src=\"https:\/\/hydraulic-cylinders.net\/wp-content\/uploads\/2023\/10\/press-cylinder.webp\" alt=\"\" width=\"1418\" height=\"946\" srcset=\"https:\/\/hydraulic-cylinders.net\/wp-content\/uploads\/2023\/10\/press-cylinder.webp 1418w, https:\/\/hydraulic-cylinders.net\/wp-content\/uploads\/2023\/10\/press-cylinder-1280x854.webp 1280w, https:\/\/hydraulic-cylinders.net\/wp-content\/uploads\/2023\/10\/press-cylinder-980x654.webp 980w, https:\/\/hydraulic-cylinders.net\/wp-content\/uploads\/2023\/10\/press-cylinder-480x320.webp 480w\" sizes=\"(min-width: 0px) and (max-width: 480px) 480px, (min-width: 481px) and (max-width: 980px) 980px, (min-width: 981px) and (max-width: 1280px) 1280px, (min-width: 1281px) 1418px, 100vw\" \/><\/p>\n<h2><strong>Na\u010din uporabe stiskalnice zadnjega bo\u010dnega pomi\u010dnega cilindra<\/strong><strong>:<\/strong><\/h2>\n<ul>\n<li><strong>Namestitev:<\/strong>\n<ul>\n<li>Zadnji stranski pomi\u010dni valj stiskalnice varno namestite na \u017eeleno mesto in pri tem zagotovite pravilno poravnavo s stiskalno opremo.<\/li>\n<li>Connect the hydraulic lines according to the manufacturer&#8217;s instructions, ensuring correct fluid flow and preventing any leaks.<\/li>\n<\/ul>\n<\/li>\n<li><strong>Nastavitev prestavljanja:<\/strong>\n<ul>\n<li>Seznanite se z mehanizmom za nastavitev prestav, ki ga zagotavlja valj.<\/li>\n<li>Obi\u010dajno se nastavitve lahko izvedejo z uporabo krmilnih gumbov, ro\u010dnih kolesc ali digitalnih krmilnikov.<\/li>\n<li>Follow the manufacturer&#8217;s guidelines to make precise rear-side shifting adjustments based on the workpiece dimensions and alignment requirements.<\/li>\n<\/ul>\n<\/li>\n<li><strong>Poravnava in premikanje obdelovanca:<\/strong>\n<ul>\n<li>Obdelovanec namestite na posteljo stiskalnice in pri tem zagotovite za\u010detno poravnavo z valjem.<\/li>\n<li>Aktivirajte valj, da vklopite mehanizem za premikanje in gladko nastavite obdelovanec v \u017eeleni polo\u017eaj na zadnji strani.<\/li>\n<li>Vizualno ali z merilnimi orodji preverite poravnavo, da zagotovite natan\u010dno premikanje na zadnji strani.<\/li>\n<\/ul>\n<\/li>\n<li><strong>Postopek stiskanja:<\/strong>\n<ul>\n<li>Ko je obdelovanec pravilno poravnan in premaknjen, nadaljujte s stiskanjem po standardnih postopkih.<\/li>\n<li>Zadnji stranski pomi\u010dni valj stiskalnice bo vzdr\u017eeval poravnavo in stabilnost obdelovanca skozi celoten postopek stiskanja, kar zagotavlja dosledne rezultate.<\/li>\n<\/ul>\n<\/li>\n<\/ul>\n<h2><strong>Kako najti komplet tesnil za hidravli\u010dni cilinder?<\/strong><\/h2>\n<p>Finding a seal kit for a hydraulic cylinder involves identifying the make and model of the cylinder, researching reputable suppliers or manufacturers, and obtaining the correct seal kit based on the cylinder&#8217;s specifications. Here&#8217;s a step-by-step guide on how to find a seal kit for a hydraulic cylinder:<\/p>\n<ol>\n<li><strong>Dolo\u010dite podatke o cilindru:<\/strong>\n<ul>\n<li>Dolo\u010dite znamko in model hidravli\u010dnega cilindra, za katerega potrebujete komplet tesnil.<\/li>\n<li>Poi\u0161\u010dite morebitne identifikacijske oznake, nalepke ali gravirane podatke na sami valju.<\/li>\n<li>\u010ce imate dokumentacijo proizvajalca originalne opreme (OEM) ali \u0161tevilko dela, vam lahko to pomaga pri iskanju.<\/li>\n<\/ul>\n<\/li>\n<li><strong>Razi\u0161\u010dite ugledne dobavitelje:<\/strong>\n<ul>\n<li>Za\u010dnite z raziskovanjem uglednih dobaviteljev ali proizvajalcev hidravli\u010dnih tesnil.<\/li>\n<li>Poi\u0161\u010dite dobavitelje, ki so specializirani za hidravli\u010dna tesnila in imajo na voljo \u0161iroko paleto izdelkov.<\/li>\n<li>Spletni iskalniki, industrijski imeniki in forumi o hidravli\u010dni opremi so lahko dragoceni viri za iskanje uglednih dobaviteljev.<\/li>\n<\/ul>\n<\/li>\n<li><strong>Obrnite se na proizvajalca cilindra ali proizvajalca originalne opreme:<\/strong>\n<ul>\n<li>\u010ce je mogo\u010de, se za nasvet obrnite na proizvajalca hidravli\u010dnega cilindra ali proizvajalca originalne opreme (OEM).<\/li>\n<li>Za povpra\u0161evanje o razpolo\u017eljivosti kompletov tesnil za va\u0161 specifi\u010dni model cilindra se obrnite na njihov oddelek za pomo\u010d strankam ali tehni\u010dno podporo.<\/li>\n<li>Navedite znamko, model in vse druge pomembne informacije o va\u0161i jeklenki, da jim pomagate pri izbiri pravilnega kompleta tesnil.<\/li>\n<\/ul>\n<\/li>\n<li><strong>Specifikacije cilindra:<\/strong>\n<ul>\n<li>Dolo\u010dite specifi\u010dne specifikacije hidravli\u010dnega cilindra, za katerega potrebujete komplet tesnil.<\/li>\n<li>Zapi\u0161ite si podrobnosti, kot so premer izvrtine valja, premer palice ter \u0161tevilo in vrste potrebnih tesnil.<\/li>\n<li>\u010ce je mogo\u010de, izmerite dimenzije obstoje\u010dih tesnil, da zagotovite natan\u010dno identifikacijo in izbiro kompleta tesnil.<\/li>\n<\/ul>\n<\/li>\n<li><strong>Iskanje dobaviteljev tesnil na spletu:<\/strong>\n<ul>\n<li>Uporabite spletna mesta dobaviteljev tesnil in poi\u0161\u010dite komplete tesnil glede na specifikacije va\u0161ega hidravli\u010dnega cilindra.<\/li>\n<li>V iskalne filtre vnesite znamko, model ali dimenzije cilindra, da zo\u017eite razpolo\u017eljive mo\u017enosti.<\/li>\n<li>Za zagotovitev ustreznega ujemanja preu\u010dite opise izdelkov, specifikacije in informacije o zdru\u017eljivosti, ki jih zagotavljajo dobavitelji.<\/li>\n<\/ul>\n<\/li>\n<li><strong>Preveri zdru\u017eljivost:<\/strong>\n<ul>\n<li>Ko najdete morebitni komplet tesnil, preverite njegovo zdru\u017eljivost z va\u0161im hidravli\u010dnim cilindrom.<\/li>\n<li>Specifikacije in dimenzije kompleta tesnil primerjajte s podatki, zbranimi iz va\u0161e jeklenke.<\/li>\n<li>Ensure that the seal kit includes all the necessary seals required for your cylinder&#8217;s specific configuration.<\/li>\n<\/ul>\n<\/li>\n<li><strong>Naro\u010dilo in namestitev kompleta tesnil:<\/strong>\n<ul>\n<li>Naro\u010dite komplet tesnil pri izbranem dobavitelju ali proizvajalcu.<\/li>\n<li>Navedite natan\u010dne informacije, vklju\u010dno s specifikacijami jeklenke in vsemi drugimi potrebnimi podrobnostmi, da zagotovite pravilen komplet tesnil.<\/li>\n<li>Follow the supplier&#8217;s instructions for payment, shipping, and delivery.<\/li>\n<li>Ko prispe komplet tesnil, natan\u010dno upo\u0161tevajte navodila za namestitev, ki jih je zagotovil dobavitelj ali proizvajalec, da zamenjate tesnila v hidravli\u010dnem cilindru.<\/li>\n<\/ul>\n<\/li>\n<\/ol>\n<h2><strong>Zmogljivost in zmogljivost tovarne:<\/strong><\/h2>\n<h3>(1) Sestavljanje<\/h3>\n<p>Imamo prvovrstno neodvisno platformo za raziskave in razvoj. Delavnica za proizvodnjo hidravli\u010dnih cilindrov ima \u0161tiri polavtomatske monta\u017ene linije za dvi\u017ene cilindre in eno avtomatsko monta\u017eno linijo za nagibne cilindre z letno proizvodno zmogljivostjo 1 milijona kosov. Delavnica za posebne cilindre je opremljena z razli\u010dnimi specifikacijami polavtomatskega sistema za \u010di\u0161\u010denje in monta\u017eo z letno proizvodno zmogljivostjo 200.000 kosov ter znano CNC obdelovalno opremo, obdelovalnim centrom, visoko precizno posebno opremo za obdelavo cilindrov, robotskim varilnim strojem, avtomatskim \u010distilnim strojem, avtomatskim strojem za monta\u017eo cilindrov in avtomatsko proizvodno linijo za barvanje. Obstoje\u010da kriti\u010dna oprema obsega ve\u010d kot 300 kompletov (kompletov). Optimalna razporeditev in u\u010dinkovita uporaba opremnih virov zagotavljata zahteve glede natan\u010dnosti izdelkov in izpolnjujeta visoke zahteve glede kakovosti izdelkov.<\/p>\n<p><img loading=\"lazy\" decoding=\"async\" class=\"alignnone wp-image-626\" src=\"https:\/\/hydraulic-cylinders.net\/wp-content\/uploads\/2023\/08\/hydraulic-cylinder-product-1-300x158.webp\" alt=\"\" width=\"495\" height=\"260\" srcset=\"https:\/\/hydraulic-cylinders.net\/wp-content\/uploads\/2023\/08\/hydraulic-cylinder-product-1-300x158.webp 495w, https:\/\/hydraulic-cylinders.net\/wp-content\/uploads\/2023\/08\/hydraulic-cylinder-product-1-480x252.webp 480w\" sizes=\"(min-width: 0px) and (max-width: 480px) 480px, (min-width: 481px) 495px, 100vw\" \/> <img loading=\"lazy\" decoding=\"async\" class=\"alignnone wp-image-627\" src=\"https:\/\/hydraulic-cylinders.net\/wp-content\/uploads\/2023\/08\/hydraulic-cylinder-product-2-300x189.webp\" alt=\"\" width=\"413\" height=\"260\" \/><\/p>\n<h3>(2) Strojna obdelava<\/h3>\n<p>Strojna delavnica je opremljena s prilagojenim centrom za stru\u017eenje nagnjenih tirnic, obdelovalnim centrom, visokohitrostnim strojem za honanje, varilnim robotom in drugo sorodno opremo, ki lahko obdeluje cilindri\u010dne cevi z najve\u010djim notranjim premerom 400 mm in najve\u010djo dol\u017eino 6 metrov.<\/p>\n<p><img loading=\"lazy\" decoding=\"async\" class=\"alignnone wp-image-628 size-large\" src=\"https:\/\/hydraulic-cylinders.net\/wp-content\/uploads\/2023\/08\/hydraulic-cylinder-product-3-1024x391.webp\" alt=\"\" width=\"1024\" height=\"391\" srcset=\"https:\/\/hydraulic-cylinders.net\/wp-content\/uploads\/2023\/08\/hydraulic-cylinder-product-3-980x374.webp 980w, https:\/\/hydraulic-cylinders.net\/wp-content\/uploads\/2023\/08\/hydraulic-cylinder-product-3-480x183.webp 480w\" sizes=\"(min-width: 0px) and (max-width: 480px) 480px, (min-width: 481px) and (max-width: 980px) 980px, (min-width: 981px) 1024px, 100vw\" \/><\/p>\n<h3>(3) Varjenje<\/h3>\n<p><img loading=\"lazy\" decoding=\"async\" class=\"alignnone wp-image-629 size-large\" src=\"https:\/\/hydraulic-cylinders.net\/wp-content\/uploads\/2023\/08\/hydraulic-cylinder-product-4-1024x510.webp\" alt=\"\" width=\"1024\" height=\"510\" srcset=\"https:\/\/hydraulic-cylinders.net\/wp-content\/uploads\/2023\/08\/hydraulic-cylinder-product-4-980x488.webp 980w, https:\/\/hydraulic-cylinders.net\/wp-content\/uploads\/2023\/08\/hydraulic-cylinder-product-4-480x239.webp 480w\" sizes=\"(min-width: 0px) and (max-width: 480px) 480px, (min-width: 481px) and (max-width: 980px) 980px, (min-width: 981px) 1024px, 100vw\" \/><\/p>\n<h3>(4) Barvanje in premazovanje<\/h3>\n<p>Z majhnimi in srednje velikimi cilindri\u010dnimi avtomatskimi linijami za barvanje na vodni osnovi, za doseganje avtomatskega nakladanja in razkladanja robotov ter avtomatskega brizganja, je projektna zmogljivost 4000 kosov na izmeno;<br \/>\nImamo tudi polavtomatsko linijo za proizvodnjo barv za velike jeklenke, ki jo poganja veriga, s projektno zmogljivostjo 60 zabojev na izmeno.<\/p>\n<p><img loading=\"lazy\" decoding=\"async\" class=\"alignnone wp-image-630\" src=\"https:\/\/hydraulic-cylinders.net\/wp-content\/uploads\/2023\/08\/hydraulic-cylinder-product-5-300x213.webp\" alt=\"\" width=\"366\" height=\"260\" \/> <img loading=\"lazy\" decoding=\"async\" class=\"alignnone wp-image-631\" src=\"https:\/\/hydraulic-cylinders.net\/wp-content\/uploads\/2023\/08\/hydraulic-cylinder-product-6-300x225.webp\" alt=\"\" width=\"347\" height=\"260\" \/><\/p>\n<h3>(5) Testiranje<\/h3>\n<p>Imamo prvovrstne in\u0161pekcijske prostore in testne postaje, s katerimi zagotavljamo, da delovanje jeklenke izpolnjuje zahteve.<\/p>\n<p><img loading=\"lazy\" decoding=\"async\" class=\"alignnone wp-image-632\" src=\"https:\/\/hydraulic-cylinders.net\/wp-content\/uploads\/2023\/08\/hydraulic-cylinder-product-8-300x200.webp\" alt=\"\" width=\"389\" height=\"260\" \/><\/p>\n<p>&nbsp;<\/p>\n<p>&nbsp;<\/p>\n<p>Smo eden najbolj\u0161ih proizvajalcev hidravli\u010dnih cilindrov. Ponujamo vam celovite hidravli\u010dne cilindre. Zagotavljamo tudi ustrezne <a href=\"https:\/\/hzpt.com\/agricultural-pto-gearbox\/\" target=\"_blank\" rel=\"noopener\">kmetijski menjalniki<\/a>Na\u0161e izdelke smo izvozili strankam po vsem svetu in si prislu\u017eili dober ugled zaradi vrhunske kakovosti izdelkov in poprodajnih storitev. Z veseljem vas vabimo, da nas kontaktirate za poslovne dogovore, izmenjavo informacij in ... <a href=\"https:\/\/www.hydraulic-cylinders.net\/sl\/contact-us\/\">sodelujte z nami<\/a>!<\/p>","protected":false},"excerpt":{"rendered":"<p>Press Rear Side Shift Cylinder The press rear side shift cylinder is a cutting-edge tool designed to enhance efficiency and precision in pressing operations. With its innovative rear side shifting capability, this cylinder allows for seamless adjustment of workpieces during pressing, ensuring accurate alignment and reducing setup time. The press rear side shift cylinder is [&hellip;]<\/p>","protected":false},"featured_media":1685,"comment_status":"open","ping_status":"closed","template":"","meta":{"_et_pb_use_builder":"","_et_pb_old_content":"","_et_gb_content_width":""},"product_brand":[],"product_cat":[1550,1522,1376],"product_tag":[1380],"class_list":{"0":"post-1682","1":"product","2":"type-product","3":"status-publish","4":"has-post-thumbnail","6":"product_cat-double-acting-hydraulic-cylinder","7":"product_cat-press-hydraulic-cylinders","8":"product_cat-hydraulic-cylinder","9":"product_tag-hydraulic-cylinder","11":"first","12":"instock","13":"shipping-taxable","14":"product-type-simple"},"amp_enabled":true,"_links":{"self":[{"href":"https:\/\/www.hydraulic-cylinders.net\/sl\/wp-json\/wp\/v2\/product\/1682","targetHints":{"allow":["GET"]}}],"collection":[{"href":"https:\/\/www.hydraulic-cylinders.net\/sl\/wp-json\/wp\/v2\/product"}],"about":[{"href":"https:\/\/www.hydraulic-cylinders.net\/sl\/wp-json\/wp\/v2\/types\/product"}],"replies":[{"embeddable":true,"href":"https:\/\/www.hydraulic-cylinders.net\/sl\/wp-json\/wp\/v2\/comments?post=1682"}],"wp:featuredmedia":[{"embeddable":true,"href":"https:\/\/www.hydraulic-cylinders.net\/sl\/wp-json\/wp\/v2\/media\/1685"}],"wp:attachment":[{"href":"https:\/\/www.hydraulic-cylinders.net\/sl\/wp-json\/wp\/v2\/media?parent=1682"}],"wp:term":[{"taxonomy":"product_brand","embeddable":true,"href":"https:\/\/www.hydraulic-cylinders.net\/sl\/wp-json\/wp\/v2\/product_brand?post=1682"},{"taxonomy":"product_cat","embeddable":true,"href":"https:\/\/www.hydraulic-cylinders.net\/sl\/wp-json\/wp\/v2\/product_cat?post=1682"},{"taxonomy":"product_tag","embeddable":true,"href":"https:\/\/www.hydraulic-cylinders.net\/sl\/wp-json\/wp\/v2\/product_tag?post=1682"}],"curies":[{"name":"delovni list","href":"https:\/\/api.w.org\/{rel}","templated":true}]}}