{"id":16849,"date":"2025-01-21T06:07:55","date_gmt":"2025-01-21T06:07:55","guid":{"rendered":"https:\/\/www.hydraulic-cylinders.net\/product\/arm-cylinder-for-atlas-2306lc\/"},"modified":"2025-01-21T06:07:57","modified_gmt":"2025-01-21T06:07:57","slug":"arm-cylinder-for-atlas-2306lc","status":"publish","type":"product","link":"https:\/\/www.hydraulic-cylinders.net\/sl\/izdelek\/arm-cylinder-for-atlas-2306lc\/","title":{"rendered":"Ro\u010daj cilindra za Atlas 2306LC"},"content":{"rendered":"<h2>Ro\u010daj cilindra za Atlas 2306LC<\/h2>\n<h3>Uvod<\/h3>\n<p>Hidravli\u010dni valj roke je posebej zasnovan hidravli\u010dni valj, ki se uporablja predvsem za zagotavljanje linearnega gibanja in mo\u010di za razli\u010dne mehanske roke, kot so bagri, \u017eerjavi in \u200b\u200brobotske roke. Cilinder roke igra klju\u010dno vlogo v hidravli\u010dnem sistemu, saj omogo\u010da u\u010dinkovito premikanje in krmiljenje dodatnih orodij ali priklju\u010dkov. Ti cilindri ne zagotavljajo le gladkega gibanja, temve\u010d tudi prenesejo velike obremenitve, kar zagotavlja u\u010dinkovito delovanje in zanesljivost strojev v razli\u010dnih obratovalnih pogojih.<\/p>\n<p><img decoding=\"async\" src=\"https:\/\/www.hydraulic-cylinders.net\/wp-content\/uploads\/2025\/01\/songte-company-2.webp\" \/><\/p>\n<h3>Zna\u010dilnosti<\/h3>\n<ul>\n<li><b>U\u010dinkovit prenos mo\u010di:<\/b> Cilinder roke zagotavlja mo\u010dno linearno gibanje in silo, kar zagotavlja visoko u\u010dinkovitost mehanske roke pri razli\u010dnih operacijah.<\/li>\n<li><b>Natan\u010den nadzor:<\/b> S hidravli\u010dnim sistemom lahko cilinder roke dose\u017ee natan\u010den nadzor gibanja, zaradi \u010desar je delovanje dodatnih orodij bolj prilagodljivo in natan\u010dno.<\/li>\n<li><b>Mo\u010dna vzdr\u017eljivost:<\/b> Ro\u010dajni valj je obi\u010dajno izdelan iz visoko trdnih materialov in ima dobro odpornost proti obrabi in koroziji, zaradi \u010desar je primeren za dolgotrajno uporabo v te\u017ekih okoljih.<\/li>\n<li><b>Ve\u010dnamenska prilagodljivost:<\/b> Ti cilindri se lahko \u0161iroko uporabljajo v razli\u010dni mehanski opremi, kot so bagri, \u017eerjavi in \u200b\u200brobotske roke, za prilagoditev razli\u010dnim zahtevam dela.<\/li>\n<li><b>Enostavno vzdr\u017eevanje:<\/b> Zasnova velja za enostavno za vzdr\u017eevanje in zamenjavo, zaradi \u010desar so redni pregledi in vzdr\u017eevanje bolj priro\u010dni ter se skraj\u0161a \u010das izpada opreme.<\/li>\n<\/ul>\n<p><img decoding=\"async\" src=\"https:\/\/www.hydraulic-cylinders.net\/wp-content\/uploads\/2025\/01\/songte-oil-pipes-and-spare-parts.webp\" \/><\/p>\n<h3>Aplikacije<\/h3>\n<p>Ro\u010dni valj se pogosto uporablja v razli\u010dnih panogah, vklju\u010dno z:<\/p>\n<ul>\n<li><b>Gradnja:<\/b> Pri bagrih in \u017eerjavih se valj roke uporablja za nadzor gibanja \u017elice ali roke pri zemeljskih delih, ravnanju z materiali in monta\u017ei konstrukcij.<\/li>\n<li><b>Proizvodnja:<\/b> V avtomatiziranih proizvodnih linijah se valj roke uporablja za premikanje robotskih rok med procesi monta\u017ee, varjenja in rokovanja, kar izbolj\u0161uje u\u010dinkovitost in natan\u010dnost proizvodnje.<\/li>\n<li><b>Kmetijska mehanizacija:<\/b> V kmetijskih strojih, kot so \u017eetveni stroji in sejalniki, cilinder roke nadzoruje gibanje delovne roke za izvajanje nalog, kot so setev, gnojenje in \u017eetev.<\/li>\n<li><b>Rudarstvo:<\/b> V rudarski opremi se valj roke uporablja za nadzor gibanja roke rudarske opreme za rudarjenje in transport rude.<\/li>\n<li><b>Logistika in transport:<\/b> Pri vili\u010darjih in robotih za ravnanje se valj roke uporablja za nadzor dvigovanja in premikanja tovornih vilic, s \u010dimer se dose\u017ee ravnanje in zlaganje materialov.<\/li>\n<\/ul>\n<h3>Oblikovalski vidiki in izbirna merila<\/h3>\n<p>Glede na zasnovo so nekateri klju\u010dni dejavniki za valj roke naslednji:<\/p>\n<ul>\n<li><b>Nosilnost:<\/b> Cilinder roke mora biti sposoben prenesti najve\u010djo nosilnost stroja.<\/li>\n<li><b>Tesnjenje:<\/b> Cilinder mora biti zasnovan z ustreznim tesnjenjem, da se prepre\u010di pu\u0161\u010danje hidravli\u010dne teko\u010dine.<\/li>\n<li><b>Vzdr\u017eljivost:<\/b> Jeklenka mora biti izdelana iz materialov, ki so odporni proti obrabi in koroziji, da se zagotovi dolgotrajna uporaba.<\/li>\n<li><b>Varnost:<\/b> V zasnovo je treba vklju\u010diti ustrezne varnostne funkcije, da se zagotovi varno delovanje jeklenke.<\/li>\n<li><b>Vzdr\u017eevanje:<\/b> Jeklenka mora biti zasnovana za enostavno vzdr\u017eevanje in zamenjavo delov, da se \u010dim bolj zmanj\u0161a \u010das izpada.<\/li>\n<\/ul>\n<p><img decoding=\"async\" src=\"https:\/\/www.hydraulic-cylinders.net\/wp-content\/uploads\/2025\/01\/songte-cylinder-head-with-all-kinds-excavator-models.webp\" \/><\/p>\n<h3>Tesnjenje in mazanje<\/h3>\n<p>Ro\u010daj cilindra mora uporabljati razli\u010dne tesnilne komponente, kot so tesnila bata in tesnila palic, izdelane iz materialov, odpornih proti obrabi, kot sta poliuretan in nitrilna guma. Telo cilindra in povr\u0161ine navojnih kon\u010dnic morajo biti fino obdelane za izbolj\u0161anje odpornosti proti obrabi. Za mazanje cilindra je treba redno dodajati ustrezno hidravli\u010dno olje.<\/p>\n<h3>Vzdr\u017eevanje in preventivni ukrepi<\/h3>\n<ul>\n<li><b>Redni pregledi:<\/b> Redno je treba pregledovati jeklenko, da se ugotovi morebitna po\u0161kodba, korozija ali pu\u0161\u010danje.<\/li>\n<li><b>Preventivno vzdr\u017eevanje:<\/b> Redno je treba izvajati vzdr\u017eevanje, da se zamenjajo obrabljeni deli in prepre\u010dijo morebitne te\u017eave.<\/li>\n<li><b>Pravilno shranjevanje:<\/b> Jeklenko je treba shranjevati v ustreznih pogojih, na primer v suhem in \u010distem okolju, da prepre\u010dite po\u0161kodbe ali korozijo.<\/li>\n<\/ul>\n<h3>Navodila za namestitev<\/h3>\n<p>Naslednji koraki so za namestitev ro\u010dnega cilindra:<\/p>\n<ol>\n<li>Prepri\u010dajte se, da je povr\u0161ina za monta\u017eo \u010dista in brez umazanije.<\/li>\n<li>Poravnajte valj z monta\u017eno povr\u0161ino in ga pritrdite.<\/li>\n<li>Hidravli\u010dne cevi priklju\u010dite na valj.<\/li>\n<li>V sistem dodajte hidravli\u010dno teko\u010dino.<\/li>\n<li>Pred delovanjem izvedite tla\u010dni preizkus sistema.<\/li>\n<\/ol>\n<p><img decoding=\"async\" src=\"https:\/\/www.hydraulic-cylinders.net\/wp-content\/uploads\/2025\/01\/songte-bushings-with-all-kinds-of-excavator-models.webp\" \/><\/p>\n<h3>Varnostni vidiki in okoljski dejavniki<\/h3>\n<p>Pri uporabi ro\u010dnega cilindra je treba upo\u0161tevati ustrezne varnostne ukrepe za prepre\u010devanje nesre\u010d, kot sta no\u0161enje za\u0161\u010ditne opreme in upo\u0161tevanje ustreznih postopkov uporabe. Za zagotovitev u\u010dinkovitega in varnega delovanja cilindra je treba upo\u0161tevati tudi okoljske dejavnike, kot sta temperatura in vla\u017enost.<\/p>\n<h3>Odpravljanje te\u017eav in pogoste te\u017eave<\/h3>\n<p>Med pogoste te\u017eave z cilindrom roke spadajo pu\u0161\u010danje, nezadostna mo\u010d in po\u010dasno gibanje. Za odpravljanje teh te\u017eav je treba opraviti ustrezen pregled in testiranje, da se ugotovi vzrok. Nekateri preventivni ukrepi vklju\u010dujejo redno vzdr\u017eevanje, uporabo ustrezne hidravli\u010dne teko\u010dine in pravilno shranjevanje.<\/p>\n<p><img decoding=\"async\" src=\"https:\/\/www.hydraulic-cylinders.net\/wp-content\/uploads\/2025\/01\/songte-chushion-collar.webp\" \/><\/p>\n<h3>O nas<\/h3>\n<p>We are a professional manufacturer of replacement hydraulic cylinders, offering a wide range of products and becoming one of the leading hydraulic cylinder manufacturers and wholesale distributors in the domestic and international markets. We always adhere to the principle of excellent quality, relying on the industrialized production management strategy of precision manufacturing workshops, constantly improve our technical level and production efficiency. By introducing advanced digital manufacturing equipment and professional testing systems, we continuously optimize our manufacturing platform, improve our product quality control process, and have strong innovation capabilities. Our goal is to meet customers&#8217; diversified needs with high efficiency, accuracy, and high quality.<\/p>\n<p><img decoding=\"async\" src=\"https:\/\/www.hydraulic-cylinders.net\/wp-content\/uploads\/2025\/01\/songte-company-4.webp\" \/><\/p>\n<h3>Na\u0161e specialitete<\/h3>\n<ul>\n<li><b>Profesionalnost:<\/b> Imamo ekipo strokovnjakov z bogatimi izku\u0161njami na podro\u010dju izdelave in na\u010drtovanja hidravli\u010dnih cilindrov.<\/li>\n<li><b>Mednarodno certificiranje:<\/b> Pridobili smo razli\u010dne mednarodne certifikate, kot so ISO9001, CE in SGS.<\/li>\n<li><b>Prilagoditev:<\/b> We provide customized hydraulic cylinder solutions to meet customers&#8217; specific requirements.<\/li>\n<li><b>Proizvodna oprema:<\/b> Imamo napredno digitalno proizvodno opremo in profesionalne sisteme za testiranje.<\/li>\n<li><b>Poprodajne storitve:<\/b> Zagotavljamo pravo\u010dasno in u\u010dinkovito poprodajno storitev, da zagotovimo zadovoljstvo strank.<\/li>\n<\/ul>\n<p><img decoding=\"async\" src=\"https:\/\/www.hydraulic-cylinders.net\/wp-content\/uploads\/2025\/01\/songte-company-3.webp\" \/><\/p>\n<p>Avtor: lyl.<\/p>","protected":false},"excerpt":{"rendered":"<p>Arm Cylinder For Atlas 2306LC Introduction The arm cylinder is a specially designed hydraulic cylinder that is mainly used to provide linear motion and power for various mechanical arms, such as excavators, cranes and robotic arms. The arm cylinder plays a key role in the hydraulic system, allowing additional tools or attachments to move and [&hellip;]<\/p>","protected":false},"featured_media":14783,"comment_status":"open","ping_status":"closed","template":"","meta":{"_et_pb_use_builder":"","_et_pb_old_content":"","_et_gb_content_width":""},"product_brand":[],"product_cat":[1497],"product_tag":[1498,1496],"class_list":{"0":"post-16849","1":"product","2":"type-product","3":"status-publish","4":"has-post-thumbnail","6":"product_cat-arm-cylinders","7":"product_tag-arm-cylinders","8":"product_tag-hydraulic-cylinders","10":"first","11":"instock","12":"shipping-taxable","13":"product-type-simple"},"amp_enabled":true,"_links":{"self":[{"href":"https:\/\/www.hydraulic-cylinders.net\/sl\/wp-json\/wp\/v2\/product\/16849","targetHints":{"allow":["GET"]}}],"collection":[{"href":"https:\/\/www.hydraulic-cylinders.net\/sl\/wp-json\/wp\/v2\/product"}],"about":[{"href":"https:\/\/www.hydraulic-cylinders.net\/sl\/wp-json\/wp\/v2\/types\/product"}],"replies":[{"embeddable":true,"href":"https:\/\/www.hydraulic-cylinders.net\/sl\/wp-json\/wp\/v2\/comments?post=16849"}],"wp:featuredmedia":[{"embeddable":true,"href":"https:\/\/www.hydraulic-cylinders.net\/sl\/wp-json\/wp\/v2\/media\/14783"}],"wp:attachment":[{"href":"https:\/\/www.hydraulic-cylinders.net\/sl\/wp-json\/wp\/v2\/media?parent=16849"}],"wp:term":[{"taxonomy":"product_brand","embeddable":true,"href":"https:\/\/www.hydraulic-cylinders.net\/sl\/wp-json\/wp\/v2\/product_brand?post=16849"},{"taxonomy":"product_cat","embeddable":true,"href":"https:\/\/www.hydraulic-cylinders.net\/sl\/wp-json\/wp\/v2\/product_cat?post=16849"},{"taxonomy":"product_tag","embeddable":true,"href":"https:\/\/www.hydraulic-cylinders.net\/sl\/wp-json\/wp\/v2\/product_tag?post=16849"}],"curies":[{"name":"delovni list","href":"https:\/\/api.w.org\/{rel}","templated":true}]}}