{"id":16855,"date":"2025-01-21T06:08:18","date_gmt":"2025-01-21T06:08:18","guid":{"rendered":"https:\/\/www.hydraulic-cylinders.net\/product\/arm-cylinder-for-bonny-ce750-8\/"},"modified":"2025-01-21T06:08:20","modified_gmt":"2025-01-21T06:08:20","slug":"arm-cylinder-for-bonny-ce750-8","status":"publish","type":"product","link":"https:\/\/www.hydraulic-cylinders.net\/sl\/izdelek\/arm-cylinder-for-bonny-ce750-8\/","title":{"rendered":"Ro\u010daj cilindra za Bonny CE750-8"},"content":{"rendered":"<h1>Ro\u010daj cilindra za Bonny CE750-8<\/h1>\n<h2>Uvod<\/h2>\n<p>Hidravli\u010dni valj roke je posebej zasnovan hidravli\u010dni valj, ki se uporablja predvsem za zagotavljanje linearnega gibanja in mo\u010di razli\u010dnim strojem, kot so bagri, \u017eerjavi in \u200b\u200brobotske roke. Valj roke igra klju\u010dno vlogo v hidravli\u010dnih sistemih, saj omogo\u010da u\u010dinkovito gibanje in nadzor dodatnih orodij ali priklju\u010dkov. Ti cilindri ne zagotavljajo le gladkega gibanja, temve\u010d tudi prenesejo velike obremenitve, kar zagotavlja u\u010dinkovito delovanje in zanesljivost strojev v razli\u010dnih delovnih pogojih.<\/p>\n<p><img decoding=\"async\" src=\"https:\/\/www.hydraulic-cylinders.net\/wp-content\/uploads\/2025\/01\/songte-company-2.webp\" alt=\"Slika ro\u010dnega cilindra\"><\/p>\n<h2>Zna\u010dilnosti izdelka<\/h2>\n<h3>1. Visoko u\u010dinkovit prenos<\/h3>\n<p>Cilinder roke lahko zagotavlja mo\u010dno linearno gibanje in silo, kar zagotavlja visoko u\u010dinkovitost delovanja robotske roke pri razli\u010dnih operacijah.<\/p>\n<h3>2. Natan\u010den nadzor<\/h3>\n<p>S hidravli\u010dnimi sistemi lahko cilinder roke dose\u017ee natan\u010den nadzor gibanja, zaradi \u010desar je delovanje dodatnih orodij bolj prilagodljivo in natan\u010dno.<\/p>\n<h3>3. Mo\u010dna vzdr\u017eljivost<\/h3>\n<p>Ro\u010daj cilindra je obi\u010dajno izdelan iz visoko trdnih materialov, ki imajo dobro odpornost proti obrabi in koroziji, zaradi \u010desar je primeren za dolgotrajno uporabo v te\u017ekih okoljih.<\/p>\n<h3>4. Vsestranska prilagodljivost<\/h3>\n<p>Ti cilindri se lahko \u0161iroko uporabljajo v razli\u010dni mehanski opremi, kot so bagri, \u017eerjavi in \u200b\u200brobotske roke, za izpolnjevanje razli\u010dnih delovnih zahtev.<\/p>\n<h3>5. Enostavno vzdr\u017eevanje<\/h3>\n<p>Zasnova upo\u0161teva enostavno vzdr\u017eevanje in zamenjavo, zaradi \u010desar so redni pregledi in vzdr\u017eevanje bolj priro\u010dni ter se skraj\u0161a \u010das izpada opreme.<\/p>\n<p>Ta izdelek lahko izdelamo in lahko popolnoma nadomesti te hidravli\u010dne cilindre.<\/p>\n<p><img decoding=\"async\" src=\"https:\/\/www.hydraulic-cylinders.net\/wp-content\/uploads\/2025\/01\/songte-oil-pipes-and-spare-parts.webp\" alt=\"Slika izdelka\"><\/p>\n<h2>Uporaba izdelka<\/h2>\n<h3>1. Gradbeni\u0161tvo<\/h3>\n<p>Pri bagrih in \u017eerjavih se valj roke uporablja za nadzor gibanja \u017elice ali roke pri zemeljskih delih, ravnanju z materiali in monta\u017ei konstrukcij.<\/p>\n<h3>2. Predelovalna industrija<\/h3>\n<p>V avtomatiziranih proizvodnih linijah se valj roke uporablja za premikanje robotskih rok med procesi monta\u017ee, varjenja in rokovanja, kar izbolj\u0161uje u\u010dinkovitost in natan\u010dnost proizvodnje.<\/p>\n<h3>3. Kmetijska mehanizacija<\/h3>\n<p>V kmetijskih strojih, kot so \u017eetveni stroji in sejalniki, cilinder roke nadzoruje gibanje delovne roke za opravljanje nalog, kot so setev, gnojenje in \u017eetev.<\/p>\n<h3>4. Rudarstvo<\/h3>\n<p>V rudarski opremi se valj roke uporablja za nadzor gibanja rok rudarske opreme za rudarjenje in ravnanje z rudo.<\/p>\n<h3>5. Logistika in transport<\/h3>\n<p>Pri vili\u010darjih in robotih za manipulacijo se valj roke uporablja za nadzor dvigovanja in premikanja vilic, s \u010dimer se dose\u017ee ravnanje z materialom in zlaganje.<\/p>\n<h2>Oblikovalski vidiki in izbirna merila<\/h2>\n<h3>1. Nosilnost<\/h3>\n<p>Nosilnost cilindra roke je pomemben dejavnik pri izbiri ustreznega cilindra za stroj. Cilinder mora biti sposoben prenesti najve\u010djo pri\u010dakovano obremenitev brez okvare.<\/p>\n<h3>2. Tesnilna zmogljivost<\/h3>\n<p>Tesnilna zmogljivost je klju\u010dnega pomena za prepre\u010devanje pu\u0161\u010danja in zagotavljanje zanesljivosti hidravli\u010dnega sistema.<\/p>\n<h3>3. Vzdr\u017eljivost<\/h3>\n<p>Izbira materialov in proizvodni postopek morata zagotoviti, da ima ro\u010dajni valj dobro odpornost proti obrabi, koroziji in dolgo \u017eivljenjsko dobo.<\/p>\n<h3>4. Varnost<\/h3>\n<p>Pri zasnovi ro\u010dnega cilindra je treba upo\u0161tevati varnostne dejavnike, kot je prepre\u010devanje okvare ali eksplozije cilindra med delovanjem, da se zagotovi varnost osebja in opreme.<\/p>\n<h3>5. Vzdr\u017eevanje<\/h3>\n<p>Zasnova mora upo\u0161tevati enostavno vzdr\u017eevanje in zamenjavo, da se skraj\u0161a \u010das popravil in izpadov opreme.<\/p>\n<p><img decoding=\"async\" src=\"https:\/\/www.hydraulic-cylinders.net\/wp-content\/uploads\/2025\/01\/songte-cylinder-head-with-all-kinds-excavator-models.webp\" alt=\"Oblikovalska slika\"><\/p>\n<h2>Tesnjenje in mazanje<\/h2>\n<p>Ro\u010daj cilindra uporablja razli\u010dna tesnila, kot so tesnila bata in tesnila palic, izdelana iz materialov, odpornih proti obrabi, kot sta poliuretan in nitrilna guma. Telo cilindra in povr\u0161ina navojnega konca sta fino obdelana za izbolj\u0161anje odpornosti proti obrabi. Za mazanje in ohranjanje delovanja cilindra je potrebno redno dodajanje ustreznega hidravli\u010dnega olja.<\/p>\n<h2>Preventivno vzdr\u017eevanje<\/h2>\n<h3>1. Redno pregledujte valj glede obrabe ali po\u0161kodb.<\/h3>\n<h3>2. Zamenjajte tesnila, \u010de so kakr\u0161ni koli znaki po\u0161kodb ali obrabe.<\/h3>\n<h3>3. Redno \u010distite in menjajte hidravli\u010dno olje, da ohranite delovanje.<\/h3>\n<h3>4. Zagotovite pravilno namestitev in poravnavo cilindra.<\/h3>\n<h3>5. Redno privijte vse pritrdilne vijake in preverite, ali so zrahljani.<\/h3>\n<p><img decoding=\"async\" src=\"https:\/\/www.hydraulic-cylinders.net\/wp-content\/uploads\/2025\/01\/songte-chushion-collar.webp\" alt=\"Slika vzdr\u017eevanja\"><\/p>\n<h2>Navodila za namestitev<\/h2>\n<p>1. Prepri\u010dajte se, da je povr\u0161ina za monta\u017eo \u010dista in brez umazanije.<\/p>\n<p>2. Poravnajte pritrdilne luknje valja in roke stroja.<\/p>\n<p>3. Namestite valj z ustreznimi vijaki in maticami.<\/p>\n<p>4. Vijake privijte z navedenim navorom.<\/p>\n<p>5. Pred uporabo preizkusite delovanje cilindra.<\/p>\n<p><img decoding=\"async\" src=\"https:\/\/www.hydraulic-cylinders.net\/wp-content\/uploads\/2025\/01\/songte-bushings-with-all-kinds-of-excavator-models.webp\" alt=\"Slika namestitve\"><\/p>\n<h2>Varnostni vidiki in okoljski dejavniki<\/h2>\n<p>Pri upravljanju strojev z ro\u010dnimi cilindri je treba upo\u0161tevati varnostne ukrepe. Za prepre\u010devanje nesre\u010d je treba strogo upo\u0161tevati tlak in nosilnost. Za zagotovitev pravilnega delovanja cilindra je treba upo\u0161tevati tudi okoljske dejavnike, kot sta temperatura in vla\u017enost.<\/p>\n<h2>Odpravljanje te\u017eav in pogoste te\u017eave<\/h2>\n<h3>1. Pu\u0161\u010danje cilindra<\/h3>\n<p>Mo\u017eni vzroki vklju\u010dujejo po\u0161kodovana tesnila ali nepravilno name\u0161\u010den valj. Zamenjajte tesnila in zagotovite pravilno namestitev.<\/p>\n<h3>2. Cilinder ne izvaja linearnega gibanja<\/h3>\n<p>Mo\u017eni vzroki vklju\u010dujejo po\u0161kodovan bat ali palico ali nezadostno mazanje. Preverite in zamenjajte po\u0161kodovane dele ter zagotovite pravilno mazanje.<\/p>\n<h3>3. Valj se ne iztegne ali umakne v celoti<\/h3>\n<p>Mo\u017eni vzroki vklju\u010dujejo nizek hidravli\u010dni tlak, po\u0161kodovana tesnila ali nepravilno namestitev. Preverite in zamenjajte po\u0161kodovane dele ter zagotovite pravilen hidravli\u010dni tlak in namestitev.<\/p>\n<p><img decoding=\"async\" src=\"https:\/\/www.hydraulic-cylinders.net\/wp-content\/uploads\/2025\/01\/songte-company-4.webp\" alt=\"Slika podjetja\"><br \/>\n<img decoding=\"async\" src=\"https:\/\/www.hydraulic-cylinders.net\/wp-content\/uploads\/2025\/01\/songte-company-3.webp\" alt=\"Slika podjetja\"><\/p>\n<p>Kot profesionalni proizvajalec nadomestnih hidravli\u010dnih cilindrov ponujamo \u0161iroko paleto izdelkov in smo postali eden vodilnih proizvajalcev in veletrgovcev s hidravli\u010dnimi cilindri na doma\u010dem in mednarodnem trgu. Vedno se dr\u017eimo na\u010dela odli\u010dne kakovosti in se v na\u0161i sofisticirani proizvodni delavnici zana\u0161amo na industrializirane strategije upravljanja proizvodnje, da bi nenehno izbolj\u0161evali na\u0161e tehni\u010dne zmogljivosti in u\u010dinkovitost proizvodnje. Z uvedbo vrhunske digitalne proizvodne opreme in profesionalnih sistemov testiranja optimiziramo na\u0161o proizvodno platformo, izbolj\u0161ujemo proces nadzora kakovosti izdelkov in imamo mo\u010dne inovacijske zmogljivosti. Na\u0161 cilj je zadovoljiti raznolike potrebe strank z visoko u\u010dinkovitostjo, natan\u010dnostjo in visokokakovostnimi na\u010deli.<\/p>\n<p>Ponujamo tudi prilagojene storitve, imamo mednarodno priznane certifikate ter zagotavljamo napredno proizvodno opremo in odli\u010dno poprodajno storitev.<\/p>\n<p>Avtor: lyl.<\/p>","protected":false},"excerpt":{"rendered":"<p>Arm Cylinder For Bonny CE750-8 Introduction An arm cylinder is a specially designed hydraulic cylinder that is primarily used to provide linear motion and power to various machinery arms, such as excavators, cranes, and robotic arms. The arm cylinder plays a crucial role in hydraulic systems, enabling the effective movement and control of additional tools [&hellip;]<\/p>","protected":false},"featured_media":14766,"comment_status":"open","ping_status":"closed","template":"","meta":{"_et_pb_use_builder":"","_et_pb_old_content":"","_et_gb_content_width":""},"product_brand":[],"product_cat":[1497],"product_tag":[1498,1496],"class_list":{"0":"post-16855","1":"product","2":"type-product","3":"status-publish","4":"has-post-thumbnail","6":"product_cat-arm-cylinders","7":"product_tag-arm-cylinders","8":"product_tag-hydraulic-cylinders","10":"first","11":"instock","12":"shipping-taxable","13":"product-type-simple"},"amp_enabled":true,"_links":{"self":[{"href":"https:\/\/www.hydraulic-cylinders.net\/sl\/wp-json\/wp\/v2\/product\/16855","targetHints":{"allow":["GET"]}}],"collection":[{"href":"https:\/\/www.hydraulic-cylinders.net\/sl\/wp-json\/wp\/v2\/product"}],"about":[{"href":"https:\/\/www.hydraulic-cylinders.net\/sl\/wp-json\/wp\/v2\/types\/product"}],"replies":[{"embeddable":true,"href":"https:\/\/www.hydraulic-cylinders.net\/sl\/wp-json\/wp\/v2\/comments?post=16855"}],"wp:featuredmedia":[{"embeddable":true,"href":"https:\/\/www.hydraulic-cylinders.net\/sl\/wp-json\/wp\/v2\/media\/14766"}],"wp:attachment":[{"href":"https:\/\/www.hydraulic-cylinders.net\/sl\/wp-json\/wp\/v2\/media?parent=16855"}],"wp:term":[{"taxonomy":"product_brand","embeddable":true,"href":"https:\/\/www.hydraulic-cylinders.net\/sl\/wp-json\/wp\/v2\/product_brand?post=16855"},{"taxonomy":"product_cat","embeddable":true,"href":"https:\/\/www.hydraulic-cylinders.net\/sl\/wp-json\/wp\/v2\/product_cat?post=16855"},{"taxonomy":"product_tag","embeddable":true,"href":"https:\/\/www.hydraulic-cylinders.net\/sl\/wp-json\/wp\/v2\/product_tag?post=16855"}],"curies":[{"name":"delovni list","href":"https:\/\/api.w.org\/{rel}","templated":true}]}}