{"id":16858,"date":"2025-01-21T06:08:30","date_gmt":"2025-01-21T06:08:30","guid":{"rendered":"https:\/\/www.hydraulic-cylinders.net\/product\/arm-cylinder-for-bonny-ce1000-7\/"},"modified":"2025-01-21T06:08:32","modified_gmt":"2025-01-21T06:08:32","slug":"arm-cylinder-for-bonny-ce1000-7","status":"publish","type":"product","link":"https:\/\/www.hydraulic-cylinders.net\/sl\/izdelek\/arm-cylinder-for-bonny-ce1000-7\/","title":{"rendered":"Ro\u010daj cilindra za Bonny CE1000-7"},"content":{"rendered":"<h1>Ro\u010daj cilindra za Bonny CE1000-7<\/h1>\n<h2>Pregled izdelka<\/h2>\n<p>Hidravli\u010dni valj roke je specializiran hidravli\u010dni valj, zasnovan za zagotavljanje linearnega gibanja in mo\u010di rok razli\u010dnih strojev, kot so bagri, \u017eerjavi in \u200b\u200bmehanske roke. Igra klju\u010dno vlogo v hidravli\u010dnih sistemih, saj omogo\u010da u\u010dinkovito gibanje in nadzor priklju\u010dkov in dodatne opreme. Ti cilindri ne zagotavljajo le gladkega gibanja, temve\u010d tudi prenesejo velike obremenitve, kar zagotavlja u\u010dinkovito delovanje in zanesljivost strojev v razli\u010dnih obratovalnih pogojih.<\/p>\n<p><img decoding=\"async\" src=\"https:\/\/www.hydraulic-cylinders.net\/wp-content\/uploads\/2025\/01\/songte-company-2.webp\" alt=\"Slika ro\u010dnega cilindra\" \/><\/p>\n<h2>Zna\u010dilnosti izdelka<\/h2>\n<ul>\n<li>\n<h3>Visoko u\u010dinkovit menjalnik<\/h3>\n<p>Cilinder roke zagotavlja mo\u010dno linearno gibanje in silo, kar zagotavlja visoko u\u010dinkovitost delovanja pri razli\u010dnih operacijah mehanske roke.<\/p>\n<\/li>\n<li>\n<h3>Natan\u010den nadzor<\/h3>\n<p>S hidravli\u010dnim sistemom lahko cilinder roke dose\u017ee natan\u010den nadzor gibanja, zaradi \u010desar je delovanje priklju\u010dka bolj prilagodljivo in natan\u010dno.<\/p>\n<\/li>\n<li>\n<h3>Mo\u010dna vzdr\u017eljivost<\/h3>\n<p>Ro\u010daj cilindra je obi\u010dajno izdelan iz visoko trdnih materialov, ki imajo dobro odpornost proti obrabi in koroziji, primerni za dolgotrajno uporabo v te\u017ekih okoljih.<\/p>\n<\/li>\n<li>\n<h3>Ve\u010dnamenska prilagodljivost<\/h3>\n<p>Ti cilindri se lahko \u0161iroko uporabljajo v razli\u010dni mehanski opremi, kot so bagri, \u017eerjavi in \u200b\u200bmehanske roke, ter se prilagajajo razli\u010dnim potrebam dela.<\/p>\n<\/li>\n<li>\n<h3>Enostavno vzdr\u017eevanje<\/h3>\n<p>Pri zasnovi so upo\u0161tevani preprosti postopki vzdr\u017eevanja in zamenjave, zaradi \u010desar so redni pregledi in vzdr\u017eevanje bolj priro\u010dni ter se skraj\u0161a \u010das izpada opreme.<\/p>\n<\/li>\n<\/ul>\n<p>Ta izdelek lahko izdelamo in lahko popolnoma nadomesti te hidravli\u010dne cilindre.<\/p>\n<p><img decoding=\"async\" src=\"https:\/\/www.hydraulic-cylinders.net\/wp-content\/uploads\/2025\/01\/songte-oil-pipes-and-spare-parts.webp\" alt=\"Slika delov hidravli\u010dnega cilindra\" \/><\/p>\n<h2>Aplikacije<\/h2>\n<p>Ro\u010dni valj se pogosto uporablja v razli\u010dnih panogah, kot so:<\/p>\n<ul>\n<li>\n<h3>Gradbeni\u0161tvo<\/h3>\n<p>Uporablja se v bagrih in \u017eerjavih za nadzor gibanja bagra ali roke, izvajanje zemeljskih del, ravnanje z materiali in monta\u017eo konstrukcij.<\/p>\n<\/li>\n<li>\n<h3>Predelovalna industrija<\/h3>\n<p>Uporablja se v avtomatiziranih proizvodnih linijah za nadzor gibanja mehanskih rok, izvajanje postopkov monta\u017ee, varjenja in rokovanja, kar izbolj\u0161uje u\u010dinkovitost in natan\u010dnost proizvodnje.<\/p>\n<\/li>\n<li>\n<h3>Kmetijska mehanizacija<\/h3>\n<p>Uporablja se v kmetijskih strojih, kot so \u017eetveni stroji in sejalniki, za nadzor gibanja delovne roke, ki opravlja naloge, kot so sajenje, gnojenje in \u017eetev.<\/p>\n<\/li>\n<li>\n<h3>Rudarstvo<\/h3>\n<p>Uporablja se v rudarski opremi za nadzor gibanja roke rudarske opreme, pri \u010demer se izvaja rudarjenje in transport rude.<\/p>\n<\/li>\n<li>\n<h3>Logistika in transport<\/h3>\n<p>Uporablja se v vili\u010darjih in robotih za upravljanje za nadzor dvigovanja in premikanja vilic, kar omogo\u010da ravnanje z materiali in zlaganje.<\/p>\n<\/li>\n<\/ul>\n<h2>Oblikovalski vidiki in izbirna merila<\/h2>\n<p>Pri na\u010drtovanju cilindrov roke so pomembni nosilnost, tesnjenje, vzdr\u017eljivost, varnost in vzdr\u017eevanje.<\/p>\n<ul>\n<li>\n<h3>Nosilnost<\/h3>\n<p>Nosilnost cilindra roke mora biti sposobna prenesti najve\u010djo obremenitev mehanske roke med delovanjem.<\/p>\n<\/li>\n<li>\n<h3>Tesnjenje<\/h3>\n<p>Ro\u010daj cilindra uporablja razli\u010dne tesnilne elemente, kot so tesnila bata, tesnila palice itd., ki so izdelani iz materialov, odpornih proti obrabi, kot sta poliuretan in nitrilna guma, telo cilindra in navojne kon\u010dne povr\u0161ine pa so fino obdelane za izbolj\u0161anje odpornosti proti obrabi.<\/p>\n<\/li>\n<li>\n<h3>Vzdr\u017eljivost<\/h3>\n<p>Ro\u010daj cilindra mora biti izdelan iz visoko trdnih materialov, da se izbolj\u0161a odpornost proti obrabi, odpornost proti koroziji in zagotovi dolgotrajna uporaba v zahtevnih okoljih.<\/p>\n<\/li>\n<li>\n<h3>Varnost<\/h3>\n<p>Ro\u010dni valj mora biti opremljen z varnostnimi ventili in drugimi za\u0161\u010ditnimi napravami, da se prepre\u010di preobremenitev in zagotovi varno delovanje.<\/p>\n<\/li>\n<li>\n<h3>Vzdr\u017eevanje<\/h3>\n<p>Zasnova cilindra roke mora biti enostavna za vzdr\u017eevanje in zamenjavo, kar omogo\u010da bolj priro\u010dne redne preglede in vzdr\u017eevanje ter skraj\u0161a \u010das izpada opreme.<\/p>\n<\/li>\n<\/ul>\n<p><img decoding=\"async\" src=\"https:\/\/www.hydraulic-cylinders.net\/wp-content\/uploads\/2025\/01\/songte-cylinder-head-with-all-kinds-excavator-models.webp\" alt=\"Slika glave valja\" \/><\/p>\n<h2>Tesnjenje in mazanje<\/h2>\n<p>Ro\u010daj cilindra uporablja razli\u010dne tesnilne elemente, kot so tesnila bata, tesnila palice itd., ki so izdelani iz materialov, odpornih proti obrabi, kot sta poliuretan in nitrilna guma. Telo cilindra in navojne kon\u010dne povr\u0161ine so fino obdelane za izbolj\u0161anje odpornosti proti obrabi. Za mazanje je potrebno redno dodajati ustrezno hidravli\u010dno olje.<\/p>\n<h2>Redni pregledi in preventivni vzdr\u017eevalni ukrepi<\/h2>\n<ul>\n<li>\n<p>Redno preverjajte tesnjenje ro\u010dice cilindra in stanje obrabe batnice ter pu\u0161e cilindra.<\/p>\n<\/li>\n<li>\n<p>Redno \u010distite valj roke in odstranjujte ne\u010disto\u010de ter usedline, kot so prah in oljni made\u017ei.<\/p>\n<\/li>\n<li>\n<p>Preverite delovni tlak hidravli\u010dnega sistema in ga prilagodite na ustrezno obmo\u010dje.<\/p>\n<\/li>\n<li>\n<p>Pravo\u010dasno zamenjajte vse obrabljene ali po\u0161kodovane dele.<\/p>\n<\/li>\n<\/ul>\n<h2>Navodila za namestitev<\/h2>\n<p>Pred namestitvijo je potrebno o\u010distiti hidravli\u010dni sistem in preveriti natan\u010dnost ujemanja valja, tesnila in batnice. Pri namestitvi bodite pozorni na smer in polo\u017eaj valja. Za\u017eenite hidravli\u010dni sistem in preverite delovanje in pu\u0161\u010danje valja.<\/p>\n<p><img decoding=\"async\" src=\"https:\/\/www.hydraulic-cylinders.net\/wp-content\/uploads\/2025\/01\/songte-bushings-with-all-kinds-of-excavator-models.webp\" alt=\"Slika pu\u0161\" \/><\/p>\n<h2>Varnostni vidiki in okoljski dejavniki<\/h2>\n<p>Pri uporabi cilindra roke je treba dosledno upo\u0161tevati postopke delovanja in varnostna navodila, da prepre\u010dite nesre\u010de. Zagotovite, da ima hidravli\u010dni sistem zadosten tlak in pretok ter da je hidravli\u010dno olje \u010disto in brez ne\u010disto\u010d. Bodite pozorni na okoljske dejavnike, kot sta temperatura in vla\u017enost, in se izogibajte uporabi v ekstremnih okoljih.<\/p>\n<h2>Odpravljanje te\u017eav in pogoste te\u017eave<\/h2>\n<ul>\n<li>\n<p>Nenavaden hrup: preverite, ali je valj po\u0161kodovan, ali je hidravli\u010dno olje \u010disto in ali je tlak normalen.<\/p>\n<\/li>\n<li>\n<p>Po\u010dasno gibanje: preverite, ali je hidravli\u010dno olje previskozno ali umazano in ali je tlak normalen.<\/p>\n<\/li>\n<li>\n<p>Pu\u0161\u010danje: preverite tesnjenje valja in ali je hidravli\u010dno olje \u010disto.<\/p>\n<\/li>\n<li>\n<p>Nezadostna izhodna sila: preverite, ali ima hidravli\u010dni sistem zadosten tlak in pretok.<\/p>\n<\/li>\n<\/ul>\n<p>Za odpravljanje te\u017eav je potrebno upo\u0161tevati navodila proizvajalca in uporabljati ustrezna orodja in metode. Za preventivne ukrepe je treba redno preverjati in vzdr\u017eevati valj roke in hidravli\u010dni sistem ter pravo\u010dasno zamenjati vse obrabljene ali po\u0161kodovane dele.<\/p>\n<p><img decoding=\"async\" src=\"https:\/\/www.hydraulic-cylinders.net\/wp-content\/uploads\/2025\/01\/songte-chushion-collar.webp\" alt=\"Slika ovratnika z blazino\" \/><\/p>\n<h2>O nas<\/h2>\n<p>Smo profesionalni proizvajalec nadomestnih hidravli\u010dnih cilindrov s \u0161iroko paleto izdelkov. Postali smo eden vodilnih proizvajalcev in veleprodajnih distributerjev hidravli\u010dnih cilindrov na doma\u010dem in mednarodnem trgu. Vedno se dr\u017eimo na\u010dela odli\u010dne kakovosti, pri \u010demer se zana\u0161amo na industrializirano strategijo upravljanja proizvodnje v prefinjeni proizvodni delavnici in nenehno izbolj\u0161ujemo na\u0161o tehnolo\u0161ko raven in u\u010dinkovitost proizvodnje. Z uvedbo vrhunske digitalne proizvodne opreme in profesionalnih testnih sistemov optimiziramo proizvodno platformo, izbolj\u0161ujemo proces nadzora kakovosti izdelkov in imamo mo\u010dne inovativne zmogljivosti. Na\u0161 cilj je zadovoljiti raznolike potrebe strank z visoko u\u010dinkovitostjo, natan\u010dnostjo in visokokakovostnimi na\u010deli.<\/p>\n<p><img decoding=\"async\" src=\"https:\/\/www.hydraulic-cylinders.net\/wp-content\/uploads\/2025\/01\/songte-company-4.webp\" alt=\"Slika podjetja\" \/><\/p>\n<h2>Na\u0161e specialitete<\/h2>\n<ul>\n<li>\n<p>Profesionalnost: Imamo ekipo strokovnjakov z bogatimi izku\u0161njami na podro\u010dju proizvodnje in vzdr\u017eevanja hidravli\u010dnih cilindrov, ki strankam zagotavljajo profesionalne in u\u010dinkovite storitve.<\/p>\n<\/li>\n<li>\n<p>Mednarodno certificiranje: Na\u0161i izdelki so opravili mednarodni certifikat sistema vodenja kakovosti ISO9001 in certifikat CE, kar zagotavlja kakovost in varnost izdelkov.<\/p>\n<\/li>\n<li>\n<p>Storitve prilagajanja: Nudimo storitve po meri glede na potrebe strank, vklju\u010dno z velikostjo cilindra, dol\u017eino batnice in drugimi specifikacijami.<\/p>\n<\/li>\n<li>\n<p>Proizvodna oprema: Imamo napredno proizvodno opremo, kot so CNC stru\u017enice, precizni rezkalni stroji in visoko precizni brusilni stroji.<\/p>\n<\/li>\n<li>\n<p>Poprodajne storitve: Zagotavljamo celovite poprodajne storitve, kot so navodila za namestitev, vzdr\u017eevanje in popravila, da zagotovimo zadovoljstvo strank.<\/p>\n<\/li>\n<\/ul>\n<p><img decoding=\"async\" src=\"https:\/\/www.hydraulic-cylinders.net\/wp-content\/uploads\/2025\/01\/songte-company-3.webp\" alt=\"Slika podjetja\" \/><\/p>\n<p>Avtor: lyl.<\/p>","protected":false},"excerpt":{"rendered":"<p>Arm Cylinder For Bonny CE1000-7 Product Overview The arm cylinder is a specialized hydraulic cylinder designed to provide linear motion and power to arms of various machinery such as excavators, cranes, and mechanical arms. It plays a crucial role in hydraulic systems, enabling the effective movement and control of attachments and accessories. These cylinders not [&hellip;]<\/p>","protected":false},"featured_media":14786,"comment_status":"open","ping_status":"closed","template":"","meta":{"_et_pb_use_builder":"","_et_pb_old_content":"","_et_gb_content_width":""},"product_brand":[],"product_cat":[1497],"product_tag":[1498,1496],"class_list":{"0":"post-16858","1":"product","2":"type-product","3":"status-publish","4":"has-post-thumbnail","6":"product_cat-arm-cylinders","7":"product_tag-arm-cylinders","8":"product_tag-hydraulic-cylinders","10":"first","11":"instock","12":"shipping-taxable","13":"product-type-simple"},"amp_enabled":true,"_links":{"self":[{"href":"https:\/\/www.hydraulic-cylinders.net\/sl\/wp-json\/wp\/v2\/product\/16858","targetHints":{"allow":["GET"]}}],"collection":[{"href":"https:\/\/www.hydraulic-cylinders.net\/sl\/wp-json\/wp\/v2\/product"}],"about":[{"href":"https:\/\/www.hydraulic-cylinders.net\/sl\/wp-json\/wp\/v2\/types\/product"}],"replies":[{"embeddable":true,"href":"https:\/\/www.hydraulic-cylinders.net\/sl\/wp-json\/wp\/v2\/comments?post=16858"}],"wp:featuredmedia":[{"embeddable":true,"href":"https:\/\/www.hydraulic-cylinders.net\/sl\/wp-json\/wp\/v2\/media\/14786"}],"wp:attachment":[{"href":"https:\/\/www.hydraulic-cylinders.net\/sl\/wp-json\/wp\/v2\/media?parent=16858"}],"wp:term":[{"taxonomy":"product_brand","embeddable":true,"href":"https:\/\/www.hydraulic-cylinders.net\/sl\/wp-json\/wp\/v2\/product_brand?post=16858"},{"taxonomy":"product_cat","embeddable":true,"href":"https:\/\/www.hydraulic-cylinders.net\/sl\/wp-json\/wp\/v2\/product_cat?post=16858"},{"taxonomy":"product_tag","embeddable":true,"href":"https:\/\/www.hydraulic-cylinders.net\/sl\/wp-json\/wp\/v2\/product_tag?post=16858"}],"curies":[{"name":"delovni list","href":"https:\/\/api.w.org\/{rel}","templated":true}]}}