{"id":16863,"date":"2025-01-21T06:08:56","date_gmt":"2025-01-21T06:08:56","guid":{"rendered":"https:\/\/www.hydraulic-cylinders.net\/product\/arm-cylinder-for-bonny-wzyd18-6\/"},"modified":"2025-01-21T06:08:58","modified_gmt":"2025-01-21T06:08:58","slug":"arm-cylinder-for-bonny-wzyd18-6","status":"publish","type":"product","link":"https:\/\/www.hydraulic-cylinders.net\/sl\/izdelek\/arm-cylinder-for-bonny-wzyd18-6\/","title":{"rendered":"Ro\u010daj cilindra za Bonny WZYD18-6"},"content":{"rendered":"<h1>Ro\u010daj cilindra za Bonny WZYD18-6<\/h1>\n<h2>Uvod<\/h2>\n<p>Hidravli\u010dni valj roke je posebej zasnovan hidravli\u010dni valj, ki zagotavlja linearno gibanje in mo\u010d roki razli\u010dnih strojev, kot so bagri, \u017eerjavi in \u200b\u200brobotske roke. Igra klju\u010dno vlogo v hidravli\u010dnih sistemih, saj omogo\u010da u\u010dinkovito gibanje in nadzor dodatnih orodij ali priklju\u010dkov. Ti cilindri ne zagotavljajo le gladkega gibanja, temve\u010d tudi prenesejo velike obremenitve, kar zagotavlja u\u010dinkovito delovanje in zanesljivost strojev v razli\u010dnih delovnih pogojih.<\/p>\n<p><img decoding=\"async\" src=\"https:\/\/www.hydraulic-cylinders.net\/wp-content\/uploads\/2025\/01\/songte-company-2.webp\" alt=\"Slika ro\u010dnega cilindra\"><\/p>\n<h2>Klju\u010dne lastnosti<\/h2>\n<ul>\n<li><strong>Visoko u\u010dinkovit prenos:<\/strong> Cilinder roke zagotavlja mo\u010dno linearno gibanje in silo, kar zagotavlja odli\u010dno delovanje robotske roke pri razli\u010dnih operacijah.<\/li>\n<li><strong>Natan\u010den nadzor:<\/strong> S hidravli\u010dnim sistemom omogo\u010da cilinder roke natan\u010den nadzor gibanja, zaradi \u010desar je upravljanje dodatnih orodij bolj prilagodljivo in natan\u010dno.<\/li>\n<li><strong>Vzdr\u017eljivost:<\/strong> Ro\u010dajni cilindri so obi\u010dajno izdelani iz visoko trdnih materialov, ki ponujajo dobro odpornost proti obrabi in koroziji, zaradi \u010desar so primerni za dolgotrajno uporabo v zahtevnih okoljih.<\/li>\n<li><strong>Ve\u010dnamenska prilagodljivost:<\/strong> Ti cilindri se lahko \u0161iroko uporabljajo v razli\u010dnih strojih, kot so bagri, \u017eerjavi in \u200b\u200brobotske roke, ter se prilagajajo razli\u010dnim zahtevam dela.<\/li>\n<li><strong>Enostavno vzdr\u017eevanje:<\/strong> Zasnova upo\u0161teva enostavno vzdr\u017eevanje in zamenjavo, zaradi \u010desar so redni pregledi in servisiranje bolj priro\u010dni ter se skraj\u0161a \u010das izpada opreme.<\/li>\n<\/ul>\n<p><img decoding=\"async\" src=\"https:\/\/www.hydraulic-cylinders.net\/wp-content\/uploads\/2025\/01\/songte-oil-pipes-and-spare-parts.webp\" alt=\"Slika rezervnih delov\"><\/p>\n<h2>Aplikacije<\/h2>\n<p>Rokavni valj se uporablja v razli\u010dnih panogah:<\/p>\n<h3>1. Gradbeni\u0161tvo<\/h3>\n<p>Pri bagrih in \u017eerjavih cilinder roke nadzoruje gibanje \u017elice ali roke za zemeljska dela, ravnanje z materiali in monta\u017eo konstrukcij.<\/p>\n<h3>2. Predelovalna industrija<\/h3>\n<p>V avtomatiziranih proizvodnih linijah valj roke omogo\u010da gibanje robotskih rok za procese, kot so monta\u017ea, varjenje in ravnanje z materiali, kar izbolj\u0161uje u\u010dinkovitost in natan\u010dnost proizvodnje.<\/p>\n<h3>3. Kmetijska mehanizacija<\/h3>\n<p>V kmetijskih strojih, kot so \u017eetveni stroji in sejalnice, cilinder roke nadzoruje gibanje delovnih rok za naloge, kot so sajenje, gnojenje in \u017eetev.<\/p>\n<h3>4. Rudarstvo<\/h3>\n<p>V rudarski opremi cilinder roke nadzoruje gibanje roke rudarske opreme za pridobivanje in transport rude.<\/p>\n<h3>5. Logistika in transport<\/h3>\n<p>Pri vili\u010darjih in robotih za ravnanje z materiali cilinder roke nadzoruje dvigovanje in premikanje vilic, kar omogo\u010da ravnanje z materiali in zlaganje.<\/p>\n<p><img decoding=\"async\" src=\"https:\/\/www.hydraulic-cylinders.net\/wp-content\/uploads\/2025\/01\/songte-cylinder-head-with-all-kinds-excavator-models.webp\" alt=\"Modeli bagrov\"><\/p>\n<h2>Oblikovalski vidiki in izbirna merila<\/h2>\n<p>Pri na\u010drtovanju in izbiri cilindrov roke je treba upo\u0161tevati ve\u010d dejavnikov:<\/p>\n<h3>1. Nosilnost<\/h3>\n<p>Ro\u010dajni valj mora imeti zadostno trdnost in nosilnost, da prenese sile, ki nastanejo med delovanjem.<\/p>\n<h3>2. Tesnjenje in mazanje<\/h3>\n<p>Uporabiti je treba razli\u010dne tesnilne elemente, kot so tesnila bata in tesnila ojnic. Ta tesnila so izdelana iz materialov, odpornih proti obrabi, kot sta poliuretan in nitrilna guma. Telo valja in navojni konec sta fino obdelana za pove\u010danje odpornosti proti obrabi. Potrebno je redno mazanje s hidravli\u010dnim oljem.<\/p>\n<h3>3. Vzdr\u017eljivost<\/h3>\n<p>Ro\u010dajni cilindri so izpostavljeni te\u017ekim delovnim pogojem. Zato morajo biti izdelani iz visokokakovostnih materialov in podvr\u017eeni strogim proizvodnim postopkom, da se zagotovi vzdr\u017eljivost.<\/p>\n<h3>4. Varnost<\/h3>\n<p>Pri zasnovi je treba dati prednost varnostnim vidikom, kot so vklju\u010ditev varnostnih elementov za prepre\u010devanje nesre\u010d ter zagotavljanje pravilne namestitve in delovanja.<\/p>\n<h3>5. Enostavnost vzdr\u017eevanja<\/h3>\n<p>Zasnova naj bi olaj\u0161ala redne preglede in preventivno vzdr\u017eevanje, s \u010dimer bi se zmanj\u0161al \u010das izpada in zagotovila dosledna zmogljivost.<\/p>\n<p><img decoding=\"async\" src=\"https:\/\/www.hydraulic-cylinders.net\/wp-content\/uploads\/2025\/01\/songte-chushion-collar.webp\" alt=\"Ovratnik Chushion\"><\/p>\n<h2>Pregled in preventivno vzdr\u017eevanje<\/h2>\n<p>Redni pregledi in preventivni vzdr\u017eevalni ukrepi za cilindre roke vklju\u010dujejo:<\/p>\n<h3>1. Redni vizualni pregled<\/h3>\n<p>Preverite morebitne znake po\u0161kodb, pu\u0161\u010danja ali nenormalne obrabe. Preverite tesnila, palice in priklju\u010dke, da pravilno delujejo.<\/p>\n<h3>2. Mazanje<\/h3>\n<p>Zagotovite ustrezno mazanje cilindra roke tako, da redno dodajate ustrezno koli\u010dino hidravli\u010dnega olja.<\/p>\n<h3>3. \u010ci\u0161\u010denje<\/h3>\n<p>Vzdr\u017eujte \u010disto\u010do cilindra roke in okoli\u0161kih komponent, da prepre\u010dite vpliv umazanije ali onesna\u017eeval na njihovo delovanje.<\/p>\n<h3>4. Zamenjava tesnila<\/h3>\n<p>\u010ce opazite znake obrabe ali pu\u0161\u010danja, tesnila nemudoma zamenjajte, da ohranite optimalno delovanje in prepre\u010dite nadaljnjo \u0161kodo.<\/p>\n<h3>5. Profesionalno vzdr\u017eevanje<\/h3>\n<p>Za bolj zapletena vzdr\u017eevalna opravila ali odpravljanje te\u017eav se posvetujte s profesionalnim ponudnikom hidravli\u010dnih storitev, da zagotovite pravilno ravnanje in popravilo.<\/p>\n<p><img decoding=\"async\" src=\"https:\/\/www.hydraulic-cylinders.net\/wp-content\/uploads\/2025\/01\/songte-bushings-with-all-kinds-of-excavator-models.webp\" alt=\"Pu\u0161e\"><\/p>\n<h2>Varnostni vidiki in okoljski dejavniki<\/h2>\n<p>Pri uporabi cilindrov roke so varnostni ukrepi klju\u010dnega pomena za prepre\u010devanje nesre\u010d in zagotavljanje dobrega po\u010dutja upravljavca. Pomembno je upo\u0161tevati ustrezne varnostne postopke, vklju\u010dno z:<\/p>\n<ul>\n<li>Zagotavljanje ustreznega usposabljanja operaterjev glede varne uporabe in ravnanja z valji rok<\/li>\n<li>Uporaba ustreznih varnostnih naprav in za\u0161\u010ditne opreme<\/li>\n<li>Redno pregledovanje in vzdr\u017eevanje cilindra roke za odkrivanje morebitnih varnostnih tveganj<\/li>\n<li>Upo\u0161tevanje ustreznih varnostnih standardov in predpisov v industriji<\/li>\n<\/ul>\n<h2>Odpravljanje te\u017eav in pogoste te\u017eave<\/h2>\n<p>Pogoste te\u017eave, ki se lahko pojavijo z ro\u010dnimi cilindri, vklju\u010dujejo:<\/p>\n<ul>\n<li>Pu\u0161\u010danje hidravli\u010dne teko\u010dine<\/li>\n<li>Izguba mo\u010di ali po\u010dasno delovanje<\/li>\n<li>Prekomerne vibracije ali hrup<\/li>\n<li>Neenakomerno ali sunkovito gibanje<\/li>\n<li>Neuspeh pri zadr\u017eevanju bremena<\/li>\n<\/ul>\n<p>Za odpravo teh te\u017eav upo\u0161tevajte naslednje nasvete za odpravljanje te\u017eav:<\/p>\n<ul>\n<li>Preverite morebitne ohlapne povezave in jih po potrebi privijte<\/li>\n<li>Preverite tesnila in jih zamenjajte, \u010de so po\u0161kodovana ali obrabljena<\/li>\n<li>Zagotovite pravilno mazanje s preverjanjem nivoja hidravli\u010dnega olja in po potrebi dolivanjem.<\/li>\n<li>Preverite hidravli\u010dni sistem glede morebitnih blokad ali omejitev<\/li>\n<li>\u010ce te\u017eava vztraja, se za nadaljnjo diagnozo in popravilo posvetujte s strokovnjakom<\/li>\n<\/ul>\n<p><img decoding=\"async\" src=\"https:\/\/www.hydraulic-cylinders.net\/wp-content\/uploads\/2025\/01\/songte-chushion-collar.webp\" alt=\"Ovratnik Chushion\"><\/p>\n<h2>O nas<\/h2>\n<p>Smo profesionalni proizvajalec nadomestnih hidravli\u010dnih cilindrov s \u0161iroko paleto izdelkov. Postali smo eden vodilnih proizvajalcev in veleprodajnih distributerjev hidravli\u010dnih cilindrov na doma\u010dem in mednarodnem trgu. Spo\u0161tujemo na\u010delo odli\u010dnosti v kakovosti in nenehno izbolj\u0161ujemo na\u0161o tehnolo\u0161ko raven in u\u010dinkovitost proizvodnje s pomo\u010djo finih proizvodnih delavnic in industrializiranega upravljanja proizvodnje. Z uvedbo vrhunske digitalne proizvodne opreme in profesionalnih sistemov testiranja optimiziramo na\u0161o proizvodno platformo in izbolj\u0161ujemo procese nadzora kakovosti izdelkov, s \u010dimer dokazujemo mo\u010dne inovacijske sposobnosti. Na\u0161 cilj je zadovoljiti raznolike potrebe strank z u\u010dinkovitostjo, natan\u010dnostjo in visokokakovostnimi izdelki.<\/p>\n<p><img decoding=\"async\" src=\"https:\/\/www.hydraulic-cylinders.net\/wp-content\/uploads\/2025\/01\/songte-company-4.webp\" alt=\"Podjetje 4\"><br \/>\n<img decoding=\"async\" src=\"https:\/\/www.hydraulic-cylinders.net\/wp-content\/uploads\/2025\/01\/songte-company-3.webp\" alt=\"Podjetje 3\"><\/p>\n<p><strong>Avtor: lyl.<\/strong><\/p>","protected":false},"excerpt":{"rendered":"<p>Arm Cylinder For Bonny WZYD18-6 Introduction The arm cylinder is a specially designed hydraulic cylinder that provides linear motion and power to the arm of various machinery, such as excavators, cranes, and robotic arms. It plays a crucial role in hydraulic systems, enabling the effective movement and control of additional tools or attachments. These cylinders [&hellip;]<\/p>","protected":false},"featured_media":14772,"comment_status":"open","ping_status":"closed","template":"","meta":{"_et_pb_use_builder":"","_et_pb_old_content":"","_et_gb_content_width":""},"product_brand":[],"product_cat":[1497],"product_tag":[1498,1496],"class_list":{"0":"post-16863","1":"product","2":"type-product","3":"status-publish","4":"has-post-thumbnail","6":"product_cat-arm-cylinders","7":"product_tag-arm-cylinders","8":"product_tag-hydraulic-cylinders","10":"first","11":"instock","12":"shipping-taxable","13":"product-type-simple"},"amp_enabled":true,"_links":{"self":[{"href":"https:\/\/www.hydraulic-cylinders.net\/sl\/wp-json\/wp\/v2\/product\/16863","targetHints":{"allow":["GET"]}}],"collection":[{"href":"https:\/\/www.hydraulic-cylinders.net\/sl\/wp-json\/wp\/v2\/product"}],"about":[{"href":"https:\/\/www.hydraulic-cylinders.net\/sl\/wp-json\/wp\/v2\/types\/product"}],"replies":[{"embeddable":true,"href":"https:\/\/www.hydraulic-cylinders.net\/sl\/wp-json\/wp\/v2\/comments?post=16863"}],"wp:featuredmedia":[{"embeddable":true,"href":"https:\/\/www.hydraulic-cylinders.net\/sl\/wp-json\/wp\/v2\/media\/14772"}],"wp:attachment":[{"href":"https:\/\/www.hydraulic-cylinders.net\/sl\/wp-json\/wp\/v2\/media?parent=16863"}],"wp:term":[{"taxonomy":"product_brand","embeddable":true,"href":"https:\/\/www.hydraulic-cylinders.net\/sl\/wp-json\/wp\/v2\/product_brand?post=16863"},{"taxonomy":"product_cat","embeddable":true,"href":"https:\/\/www.hydraulic-cylinders.net\/sl\/wp-json\/wp\/v2\/product_cat?post=16863"},{"taxonomy":"product_tag","embeddable":true,"href":"https:\/\/www.hydraulic-cylinders.net\/sl\/wp-json\/wp\/v2\/product_tag?post=16863"}],"curies":[{"name":"delovni list","href":"https:\/\/api.w.org\/{rel}","templated":true}]}}