{"id":16866,"date":"2025-01-21T06:09:07","date_gmt":"2025-01-21T06:09:07","guid":{"rendered":"https:\/\/www.hydraulic-cylinders.net\/product\/arm-cylinder-for-bonny-ced260-6\/"},"modified":"2025-01-21T06:09:09","modified_gmt":"2025-01-21T06:09:09","slug":"arm-cylinder-for-bonny-ced260-6","status":"publish","type":"product","link":"https:\/\/www.hydraulic-cylinders.net\/sl\/izdelek\/arm-cylinder-for-bonny-ced260-6\/","title":{"rendered":"Ro\u010daj cilindra za Bonny CED260-6"},"content":{"rendered":"<h2>Ro\u010daj cilindra za Bonny CED260-6<\/h2>\n<p>Kot \u017ee ime pove, je hidravli\u010dni valj, zasnovan za zagotavljanje linearnega gibanja in mo\u010di roki razli\u010dnih strojev, kot so bagri, \u017eerjavi in \u200b\u200bmehanske roke. Ti cilindri igrajo klju\u010dno vlogo v hidravli\u010dnih sistemih, saj omogo\u010dajo u\u010dinkovito gibanje in nadzor dodatnih orodij ali priklju\u010dkov. Ti cilindri ne omogo\u010dajo le gladkega gibanja, temve\u010d tudi prenesejo velike obremenitve, kar zagotavlja u\u010dinkovito delovanje in zanesljivost strojev v razli\u010dnih delovnih pogojih.<\/p>\n<p><img decoding=\"async\" src=\"https:\/\/www.hydraulic-cylinders.net\/wp-content\/uploads\/2025\/01\/songte-company-2.webp\" alt=\"Slika ro\u010dnega cilindra\"><\/p>\n<h3>Zna\u010dilnosti ro\u010dnega cilindra za Bonny CED260-6<\/h3>\n<ol>\n<li>\n<p>Visoko u\u010dinkovit prenos: Cilinder roke zagotavlja mo\u010dno linearno gibanje in silo, kar zagotavlja visoko zmogljivost mehanske roke pri razli\u010dnih operacijah.<\/p>\n<\/li>\n<li>\n<p>Natan\u010den nadzor: S hidravli\u010dnim sistemom omogo\u010da cilinder roke natan\u010den nadzor gibanja, zaradi \u010desar je upravljanje dodatnih orodij bolj prilagodljivo in natan\u010dno.<\/p>\n<\/li>\n<li>\n<p>Visoka vzdr\u017eljivost: Valji so obi\u010dajno izdelani iz visoko trdnih materialov, ki ponujajo odli\u010dno odpornost proti obrabi in koroziji, primerni za dolgotrajno uporabo v zahtevnih okoljih.<\/p>\n<\/li>\n<li>\n<p>Ve\u010dnamenska prilagodljivost: Ti cilindri se pogosto uporabljajo v razli\u010dnih strojih, kot so bagri, \u017eerjavi in \u200b\u200bmehanske roke, ter se prilagajajo razli\u010dnim delovnim zahtevam.<\/p>\n<\/li>\n<li>\n<p>Enostavno vzdr\u017eevanje: Zasnova predvideva enostavno vzdr\u017eevanje in zamenjavo, kar omogo\u010da redni pregled in vzdr\u017eevanje, hkrati pa zmanj\u0161uje \u010das izpada opreme.<\/p>\n<\/li>\n<\/ol>\n<p><img decoding=\"async\" src=\"https:\/\/www.hydraulic-cylinders.net\/wp-content\/uploads\/2025\/01\/songte-oil-pipes-and-spare-parts.webp\" alt=\"Slika hidravli\u010dnega cilindra\"><\/p>\n<h3>Uporaba ro\u010dnega cilindra za Bonny CED260-6<\/h3>\n<p>Ro\u010dni cilindri se pogosto uporabljajo v razli\u010dnih panogah za razli\u010dne namene:<\/p>\n<ul>\n<li>\n<p>Gradbeni\u0161tvo: Pri bagrih in \u017eerjavih cilindri roke nadzorujejo gibanje \u017elic ali rok, izvajajo zemeljska dela, ravnanje z materiali in konstrukcijske instalacije.<\/p>\n<\/li>\n<li>\n<p>Proizvodna industrija: V avtomatiziranih proizvodnih linijah cilindri rok omogo\u010dajo premikanje mehanskih rok za procese, kot so monta\u017ea, varjenje in ravnanje, kar pove\u010duje u\u010dinkovitost in natan\u010dnost proizvodnje.<\/p>\n<\/li>\n<li>\n<p>Kmetijska mehanizacija: Pri kmetijski opremi, kot so kombajni in sejalnice, cilindri rok nadzorujejo gibanje delovnih rok in opravljajo naloge, kot so setev, gnojenje in \u017eetev.<\/p>\n<\/li>\n<li>\n<p>Rudarstvo: V rudarski opremi cilindri roke nadzorujejo gibanje roke rudarskih strojev, kar olaj\u0161a izkopavanje in transport rude.<\/p>\n<\/li>\n<li>\n<p>Logistika in transport: Pri vili\u010darjih in robotih za manipulacijo cilindri roke nadzorujejo dvigovanje in premikanje vilic, kar omogo\u010da ravnanje z materiali in zlaganje.<\/p>\n<\/li>\n<\/ul>\n<h3>Oblikovalski vidiki in izbirna merila<\/h3>\n<p>Pri na\u010drtovanju cilindri\u010dnih ro\u010dajev je treba upo\u0161tevati ve\u010d dejavnikov in meril:<\/p>\n<ul>\n<li>\n<p>Nosilnost: Ro\u010dni cilindri so zasnovani za obvladovanje specifi\u010dnih obremenitev, kar zagotavlja optimalno delovanje in varnost pri razli\u010dnih aplikacijah.<\/p>\n<\/li>\n<li>\n<p>Tesnjenje: Uporabljajo se razli\u010dne tesnilne komponente, kot so tesnila bata in ojnice, izdelane iz materialov, odpornih proti obrabi, kot sta poliuretan in nitrilna guma. Telo valja in navojne kon\u010dne povr\u0161ine so fino obdelane za pove\u010danje odpornosti proti obrabi.<\/p>\n<\/li>\n<li>\n<p>Vzdr\u017eljivost: Ro\u010dajni cilindri so izdelani iz visokokakovostnih materialov in natan\u010dnih tehnik obdelave, kar zagotavlja vzdr\u017eljivost in dolgo \u017eivljenjsko dobo v zahtevnih okoljih.<\/p>\n<\/li>\n<li>\n<p>Varnost: Pri na\u010drtovanju ro\u010dnih cilindrov so varnostni vidiki izjemnega pomena za prepre\u010devanje nesre\u010d in zagotavljanje dobrega po\u010dutja upravljavcev in okoli\u0161kega osebja.<\/p>\n<\/li>\n<li>\n<p>Vzdr\u017eevanje: Vgrajene so oblikovne zna\u010dilnosti, ki omogo\u010dajo enostavno vzdr\u017eevanje in popravila, kar zmanj\u0161uje \u010das izpada in pove\u010duje operativno u\u010dinkovitost.<\/p>\n<\/li>\n<\/ul>\n<p><img decoding=\"async\" src=\"https:\/\/www.hydraulic-cylinders.net\/wp-content\/uploads\/2025\/01\/songte-cylinder-head-with-all-kinds-excavator-models.webp\" alt=\"Slika glave valja\"><\/p>\n<h3>Tesnjenje in mazanje ro\u010dice cilindra<\/h3>\n<p>Ro\u010dajni cilindri uporabljajo razli\u010dne tesnilne komponente in zahtevajo redno mazanje:<\/p>\n<ul>\n<li>\n<p>Tesnilni elementi: Valji rok uporabljajo tesnila batnic, tesnila palic in druge tesnilne elemente iz materialov, odpornih proti obrabi, kot sta poliuretan in nitrilna guma.<\/p>\n<\/li>\n<li>\n<p>Obdelava ohi\u0161ja valja in navojnega konca: Povr\u0161ine ohi\u0161ja valja in navojnega konca so skrbno obdelane za pove\u010danje odpornosti proti obrabi.<\/p>\n<\/li>\n<li>\n<p>Redno mazanje: Za mazanje je potrebna zadostna koli\u010dina hidravli\u010dnega olja, ki ga je treba redno dodajati, da se zagotovi nemoteno delovanje.<\/p>\n<\/li>\n<\/ul>\n<h3>Redni pregledi in preventivno vzdr\u017eevanje<\/h3>\n<p>Za zagotovitev optimalne zmogljivosti in dolge \u017eivljenjske dobe cilindrov roke so bistveni redni pregledi in preventivno vzdr\u017eevanje:<\/p>\n<ul>\n<li>\n<p>Pregled: Redno pregledujte ro\u010di\u010dni valj glede morebitnih znakov obrabe, pu\u0161\u010danja ali po\u0161kodb. Bodite pozorni na stanje tesnilnih komponent in splo\u0161no delovanje valja.<\/p>\n<\/li>\n<li>\n<p>Preventivno vzdr\u017eevanje: Upo\u0161tevajte priporo\u010dene intervale vzdr\u017eevanja in izvajajte preventivna opravila, kot so \u010di\u0161\u010denje, mazanje in zamenjava obrabljenih komponent.<\/p>\n<\/li>\n<\/ul>\n<p><img decoding=\"async\" src=\"https:\/\/www.hydraulic-cylinders.net\/wp-content\/uploads\/2025\/01\/songte-chushion-collar.webp\" alt=\"Slika ovratnice Chushion\"><\/p>\n<h3>Pravilen vodnik za namestitev ro\u010dnega cilindra<\/h3>\n<p>Pravilna namestitev ro\u010dnega cilindra je klju\u010dnega pomena za njegovo optimalno delovanje in dolgo \u017eivljenjsko dobo:<\/p>\n<ul>\n<li>\n<p>Upo\u0161tevajte navodila proizvajalca za namestitev in zagotovite skladnost z vsemi priporo\u010denimi postopki.<\/p>\n<\/li>\n<li>\n<p>Pred namestitvijo preverite jeklenko in pripadajo\u010de komponente glede morebitnih po\u0161kodb ali napak.<\/p>\n<\/li>\n<li>\n<p>Zagotovite pravilno poravnavo in varno pritrditev cilindra na stroj, pri \u010demer upo\u0161tevajte predpisane vrednosti navora.<\/p>\n<\/li>\n<li>\n<p>Preverite vse hidravli\u010dne priklju\u010dke glede tesnjenja in zagotovite ustrezno tesnjenje.<\/p>\n<\/li>\n<li>\n<p>Po namestitvi preizkusite delovanje cilindra, da preverite njegovo funkcionalnost.<\/p>\n<\/li>\n<\/ul>\n<p><img decoding=\"async\" src=\"https:\/\/www.hydraulic-cylinders.net\/wp-content\/uploads\/2025\/01\/songte-bushings-with-all-kinds-of-excavator-models.webp\" alt=\"Slika pu\u0161\"><\/p>\n<h3>Varnostni vidiki in okoljski dejavniki<\/h3>\n<p>Pri delu z ro\u010dnimi cilindri so varnostni ukrepi klju\u010dnega pomena za prepre\u010devanje nesre\u010d in zagotavljanje varnega delovnega okolja. Pomembno je upo\u0161tevati dejavnike, kot so:<\/p>\n<ul>\n<li>\n<p>Varnostni ukrepi: Med upravljanjem strojev, opremljenih z ro\u010dnimi cilindri, upo\u0161tevajte vse varnostne smernice in protokole. Uporabljajte ustrezno za\u0161\u010ditno opremo in upo\u0161tevajte ustrezne operativne postopke.<\/p>\n<\/li>\n<li>\n<p>Okoljski dejavniki: Upo\u0161tevajte delovne pogoje in okoljske dejavnike, kot so temperatura, vla\u017enost in izpostavljenost korozivnim snovem. Prepri\u010dajte se, da je ro\u010dni valj primeren za specifi\u010dno okolje uporabe.<\/p>\n<\/li>\n<\/ul>\n<h3>Odpravljanje te\u017eav in pogoste te\u017eave<\/h3>\n<p>Kljub njihovi zanesljivosti se lahko pri cilindrih rok pojavijo te\u017eave, ki jih je treba odpraviti. Nekatere pogoste te\u017eave vklju\u010dujejo:<\/p>\n<ul>\n<li>\n<p>Pu\u0161\u010danje: Preverite morebitno pu\u0161\u010danje hidravli\u010dne teko\u010dine in ugotovite vir. Vzrok so lahko po\u0161kodovana tesnila ali priklju\u010dki.<\/p>\n<\/li>\n<li>\n<p>Slabo delovanje: \u010ce ro\u010di\u010dni valj ne zagotavlja pri\u010dakovane mo\u010di ali gibanja, preverite hidravli\u010dni sistem in preverite morebitne ovire ali okvare.<\/p>\n<\/li>\n<li>\n<p>Nenavaden hrup: Nenavaden hrup med delovanjem lahko ka\u017ee na mehanske te\u017eave ali nepravilno mazanje. Preverite valj in povezane komponente glede morebitnih nepravilnosti.<\/p>\n<\/li>\n<\/ul>\n<p><img decoding=\"async\" src=\"https:\/\/www.hydraulic-cylinders.net\/wp-content\/uploads\/2025\/01\/songte-chushion-collar.webp\" alt=\"Slika ovratnice Chushion\"><\/p>\n<p>Za u\u010dinkovito diagnosticiranje in odpravljanje te\u017eav z ro\u010di\u010dnim cilindrom upo\u0161tevajte te nasvete in re\u0161itve. Poleg tega je treba izvesti<\/p>","protected":false},"excerpt":{"rendered":"<p>Arm Cylinder For Bonny CED260-6 Arm Cylinder, as the name suggests, is a specialized hydraulic cylinder designed to provide linear motion and power to the arm of various machinery such as excavators, cranes, and mechanical arms. These cylinders play a crucial role in hydraulic systems, allowing for effective movement and control of additional tools or [&hellip;]<\/p>","protected":false},"featured_media":14763,"comment_status":"open","ping_status":"closed","template":"","meta":{"_et_pb_use_builder":"","_et_pb_old_content":"","_et_gb_content_width":""},"product_brand":[],"product_cat":[1497],"product_tag":[1498,1496],"class_list":{"0":"post-16866","1":"product","2":"type-product","3":"status-publish","4":"has-post-thumbnail","6":"product_cat-arm-cylinders","7":"product_tag-arm-cylinders","8":"product_tag-hydraulic-cylinders","10":"first","11":"instock","12":"shipping-taxable","13":"product-type-simple"},"amp_enabled":true,"_links":{"self":[{"href":"https:\/\/www.hydraulic-cylinders.net\/sl\/wp-json\/wp\/v2\/product\/16866","targetHints":{"allow":["GET"]}}],"collection":[{"href":"https:\/\/www.hydraulic-cylinders.net\/sl\/wp-json\/wp\/v2\/product"}],"about":[{"href":"https:\/\/www.hydraulic-cylinders.net\/sl\/wp-json\/wp\/v2\/types\/product"}],"replies":[{"embeddable":true,"href":"https:\/\/www.hydraulic-cylinders.net\/sl\/wp-json\/wp\/v2\/comments?post=16866"}],"wp:featuredmedia":[{"embeddable":true,"href":"https:\/\/www.hydraulic-cylinders.net\/sl\/wp-json\/wp\/v2\/media\/14763"}],"wp:attachment":[{"href":"https:\/\/www.hydraulic-cylinders.net\/sl\/wp-json\/wp\/v2\/media?parent=16866"}],"wp:term":[{"taxonomy":"product_brand","embeddable":true,"href":"https:\/\/www.hydraulic-cylinders.net\/sl\/wp-json\/wp\/v2\/product_brand?post=16866"},{"taxonomy":"product_cat","embeddable":true,"href":"https:\/\/www.hydraulic-cylinders.net\/sl\/wp-json\/wp\/v2\/product_cat?post=16866"},{"taxonomy":"product_tag","embeddable":true,"href":"https:\/\/www.hydraulic-cylinders.net\/sl\/wp-json\/wp\/v2\/product_tag?post=16866"}],"curies":[{"name":"delovni list","href":"https:\/\/api.w.org\/{rel}","templated":true}]}}