{"id":16868,"date":"2025-01-21T06:09:15","date_gmt":"2025-01-21T06:09:15","guid":{"rendered":"https:\/\/www.hydraulic-cylinders.net\/product\/arm-cylinder-for-bonny-ctd460-6\/"},"modified":"2025-01-21T06:09:17","modified_gmt":"2025-01-21T06:09:17","slug":"arm-cylinder-for-bonny-ctd460-6","status":"publish","type":"product","link":"https:\/\/www.hydraulic-cylinders.net\/sl\/izdelek\/arm-cylinder-for-bonny-ctd460-6\/","title":{"rendered":"Ro\u010dica cilindra za Bonny CTD460-6"},"content":{"rendered":"<h1>Ro\u010dica cilindra za Bonny CTD460-6<\/h1>\n<h2>Uvod<\/h2>\n<p>Hidravli\u010dni valj roke je specializiran hidravli\u010dni valj, ki se uporablja predvsem za zagotavljanje linearnega gibanja in mo\u010di rok razli\u010dnih vrst strojev, kot so bagri, \u017eerjavi in \u200b\u200brobotske roke. Cilinder roke igra klju\u010dno vlogo v hidravli\u010dnih sistemih, saj omogo\u010da u\u010dinkovito gibanje in nadzor priklju\u010denega orodja ali dodatkov. Ti cilindri ne zagotavljajo le gladkega gibanja, temve\u010d tudi prenesejo velike obremenitve, kar zagotavlja u\u010dinkovito delovanje in zanesljivost strojev v razli\u010dnih delovnih pogojih.<\/p>\n<p><img decoding=\"async\" src=\"https:\/\/www.hydraulic-cylinders.net\/wp-content\/uploads\/2025\/01\/songte-company-2.webp\"><\/p>\n<h2>Zna\u010dilnosti<\/h2>\n<ul>\n<li>\n<h3>U\u010dinkovit prenos mo\u010di:<\/h3>\n<p> Ro\u010dajni valj zagotavlja mo\u010dno linearno gibanje in mo\u010d, kar zagotavlja visoko u\u010dinkovitost delovanja stroja.<\/li>\n<li>\n<h3>Natan\u010den nadzor:<\/h3>\n<p> S hidravli\u010dnim sistemom lahko cilinder roke dose\u017ee natan\u010den nadzor gibanja, zaradi \u010desar je delovanje priklju\u010denih orodij bolj prilagodljivo in natan\u010dno.<\/li>\n<li>\n<h3>Visoka vzdr\u017eljivost:<\/h3>\n<p> Ro\u010dajni cilindri so obi\u010dajno izdelani iz visoko trdnih materialov, ki imajo dobro odpornost proti obrabi in koroziji, zaradi \u010desar so primerni za dolgotrajno uporabo v te\u017ekih okoljih.<\/li>\n<li>\n<h3>Ve\u010dnamenska prilagodljivost:<\/h3>\n<p> Ti cilindri se lahko \u0161iroko uporabljajo v razli\u010dnih vrstah strojev, kot so bagri, \u017eerjavi in \u200b\u200brobotske roke, ter se prilagajajo razli\u010dnim delovnim zahtevam.<\/li>\n<li>\n<h3>Enostavno vzdr\u017eevanje:<\/h3>\n<p> Zasnova upo\u0161teva enostavno vzdr\u017eevanje in zamenjavo, zaradi \u010desar so redni pregledi in vzdr\u017eevanje bolj priro\u010dni ter se skraj\u0161a \u010das izpada opreme.<\/li>\n<\/ul>\n<p>Ta izdelek lahko izdelamo in na\u0161i izdelki lahko popolnoma nadomestijo te hidravli\u010dne cilindre.<\/p>\n<p><img decoding=\"async\" src=\"https:\/\/www.hydraulic-cylinders.net\/wp-content\/uploads\/2025\/01\/songte-oil-pipes-and-spare-parts.webp\"><\/p>\n<h2>Aplikacije<\/h2>\n<p>Ro\u010dni cilindri se uporabljajo v razli\u010dnih panogah in aplikacijah, vklju\u010dno z:<\/p>\n<ul>\n<li>\n<h3>Gradnja:<\/h3>\n<p> V bagrih in \u017eerjavih se cilindri rok uporabljajo za krmiljenje gibanja \u017elic ali rok za zemeljska dela, ravnanje z materiali in monta\u017eo konstrukcij.<\/li>\n<li>\n<h3>Proizvodnja:<\/h3>\n<p> V avtomatiziranih proizvodnih linijah se cilindri rok uporabljajo za gibanje robotskih rok pri monta\u017ei, varjenju in rokovanju, kar izbolj\u0161uje u\u010dinkovitost in natan\u010dnost proizvodnje.<\/li>\n<li>\n<h3>Kmetijska mehanizacija:<\/h3>\n<p> V kmetijskih strojih, kot so \u017eetveni stroji in sejalniki, cilindri rok nadzorujejo gibanje delovnih rok, ki opravljajo naloge, kot so setev, gnojenje in \u017eetev.<\/li>\n<li>\n<h3>Rudarstvo:<\/h3>\n<p> V rudarski opremi se cilindri rok uporabljajo za nadzor gibanja roke rudarske opreme za rudarjenje in ravnanje z rudo.<\/li>\n<li>\n<h3>Logistika in transport:<\/h3>\n<p> V vili\u010darjih in robotih za manipulacijo se cilindri rok uporabljajo za nadzor dvigovanja in premikanja vilic, s \u010dimer se dose\u017ee ravnanje z materiali in zlaganje.<\/li>\n<\/ul>\n<h2>Oblikovalski vidiki in izbirna merila<\/h2>\n<p>Zasnova cilindra roke upo\u0161teva klju\u010dne dejavnike, kot so nosilnost, tesnjenje, vzdr\u017eljivost, varnost in vzdr\u017eevanje. <\/p>\n<ul>\n<li>\n<h3>Nosilnost:<\/h3>\n<p> Ro\u010dni valj mora biti sposoben prenesti obremenitve, ki so nanj nalo\u017eene med delovanjem, kar zagotavlja njegovo nemoteno in u\u010dinkovito delovanje.<\/li>\n<li>\n<h3>Tesnjenje:<\/h3>\n<p> Cilinder mora biti u\u010dinkovito zatesnjen, da se prepre\u010di pu\u0161\u010danje hidravli\u010dne teko\u010dine in kontaminacija z zunanjimi ostanki.<\/li>\n<li>\n<h3>Vzdr\u017eljivost:<\/h3>\n<p> Ro\u010daj cilindra mora biti izdelan iz visokokakovostnih materialov, ki lahko prenesejo zahtevne delovne pogoje.<\/li>\n<li>\n<h3>Varnost:<\/h3>\n<p> Ro\u010dni valj mora biti zasnovan tako, da prepre\u010duje nesre\u010de in po\u0161kodbe osebja in strojev.<\/li>\n<li>\n<h3>Vzdr\u017eevanje:<\/h3>\n<p> Zasnova mora upo\u0161tevati enostavno vzdr\u017eevanje in zamenjavo, s \u010dimer se zmanj\u0161a \u010das izpada in pove\u010da produktivnost.<\/li>\n<\/ul>\n<p><img decoding=\"async\" src=\"https:\/\/www.hydraulic-cylinders.net\/wp-content\/uploads\/2025\/01\/songte-cylinder-head-with-all-kinds-excavator-models.webp\"><\/p>\n<h2>Tesnjenje in mazanje<\/h2>\n<p>V cilindrih rok se uporabljajo razli\u010dni tesnilni elementi, kot so tesnila bata in tesnila palic, izdelani iz materialov, odpornih proti obrabi, kot sta poliuretan in nitrilna guma. Telo cilindra in navojne kon\u010dne povr\u0161ine so fino obdelane za izbolj\u0161anje odpornosti proti obrabi. Redno vzdr\u017eevanje vklju\u010duje dodajanje ustrezne koli\u010dine hidravli\u010dnega olja za mazanje.<\/p>\n<h2>Preventivno vzdr\u017eevanje in odpravljanje te\u017eav<\/h2>\n<p>Redni pregledi in preventivno vzdr\u017eevanje so bistveni za zagotovitev nemotenega delovanja cilindra roke. Pogoste te\u017eave, kot so pu\u0161\u010danje hidravli\u010dne teko\u010dine, premikanje cilindra in zmanj\u0161ana u\u010dinkovitost, je mogo\u010de diagnosticirati in odpraviti z ustreznimi metodami odpravljanja te\u017eav. Ukrepi za prepre\u010devanje morebitnih te\u017eav vklju\u010dujejo vzdr\u017eevanje \u010disto\u010de cilindra, zagotavljanje pravilne namestitve in pritrditve ter upo\u0161tevanje priporo\u010denih vzdr\u017eevalnih na\u010drtov.<\/p>\n<p><img decoding=\"async\" src=\"https:\/\/www.hydraulic-cylinders.net\/wp-content\/uploads\/2025\/01\/songte-chushion-collar.webp\"><\/p>\n<h2>Navodila za namestitev<\/h2>\n<p>Za pravilno namestitev ro\u010dnega cilindra upo\u0161tevajte navodila proizvajalca in ustrezne varnostne ukrepe. Preverite zdru\u017eljivost opreme in se prepri\u010dajte, da so vse pritrdilne to\u010dke varne in v dobrem stanju. Pred uporabo izvedite funkcionalni preizkus, da zagotovite pravilno delovanje cilindra.<\/p>\n<h2>O nas<\/h2>\n<p>Smo profesionalni proizvajalec nadomestnih hidravli\u010dnih cilindrov s \u0161iroko paleto izdelkov in eden vodilnih proizvajalcev in veleprodajnih distributerjev hidravli\u010dnih cilindrov na doma\u010dem in mednarodnem trgu. Vedno se dr\u017eimo na\u010dela odli\u010dnosti in se zana\u0161amo na industrializirane strategije upravljanja proizvodnje v natan\u010dno izdelanih delavnicah, da bi nenehno izbolj\u0161evali na\u0161o tehni\u010dno raven in u\u010dinkovitost proizvodnje. Z uvedbo vrhunske digitalne proizvodne opreme in profesionalnih sistemov testiranja optimiziramo proizvodno platformo in izbolj\u0161ujemo proces nadzora kakovosti izdelkov, pri \u010demer imamo mo\u010dne inovacijske zmogljivosti. Na\u0161 cilj je zadovoljiti raznolike potrebe strank z u\u010dinkovitostjo, natan\u010dnostjo in visoko kakovostjo.<\/p>\n<ul>\n<li>\n<h3>Profesionalnost:<\/h3>\n<p> Imamo ekipo izku\u0161enih in profesionalnih in\u017eenirjev in tehnikov, specializiranih za na\u010drtovanje, proizvodnjo in nadzor kakovosti hidravli\u010dnih cilindrov.<\/li>\n<li>\n<h3>Mednarodno certificiranje:<\/h3>\n<p> Na\u0161i izdelki so prejeli razli\u010dne nacionalne in mednarodne certifikate kakovosti, kot so ISO9001: 2015, CE in SGS.<\/li>\n<li>\n<h3>Storitve prilagajanja:<\/h3>\n<p> Nudimo prilagojene storitve, ki ustrezajo specifi\u010dnim zahtevam strank.<\/li>\n<li>\n<h3>Proizvodna oprema:<\/h3>\n<p> Uporabljamo napredno in vrhunsko digitalno proizvodno opremo, kot so CNC stru\u017enice in obdelovalni centri, da zagotovimo visoko natan\u010dnost in doslednost na\u0161ih izdelkov.<\/li>\n<li>\n<h3>Poprodajne storitve:<\/h3>\n<p> Nudimo celovite in profesionalne poprodajne storitve, kot so tehni\u010dna podpora, vzdr\u017eevanje izdelkov in garancija.<\/li>\n<\/ul>\n<p><img decoding=\"async\" src=\"https:\/\/www.hydraulic-cylinders.net\/wp-content\/uploads\/2025\/01\/songte-company-4.webp\"><\/p>\n<p><img decoding=\"async\" src=\"https:\/\/www.hydraulic-cylinders.net\/wp-content\/uploads\/2025\/01\/songte-company-3.webp\"><\/p>\n<footer>Avtor: lyl.<\/footer>","protected":false},"excerpt":{"rendered":"<p>Arm Cylinder For Bonny CTD460-6 Introduction An arm cylinder is a specialized hydraulic cylinder that is primarily used to provide linear motion and power to the arms of various types of machinery such as excavators, cranes, and robotic arms. The arm cylinder plays a critical role in hydraulic systems, allowing for effective movement and control [&hellip;]<\/p>","protected":false},"featured_media":14786,"comment_status":"open","ping_status":"closed","template":"","meta":{"_et_pb_use_builder":"","_et_pb_old_content":"","_et_gb_content_width":""},"product_brand":[],"product_cat":[1497],"product_tag":[1498,1496],"class_list":{"0":"post-16868","1":"product","2":"type-product","3":"status-publish","4":"has-post-thumbnail","6":"product_cat-arm-cylinders","7":"product_tag-arm-cylinders","8":"product_tag-hydraulic-cylinders","10":"first","11":"instock","12":"shipping-taxable","13":"product-type-simple"},"amp_enabled":true,"_links":{"self":[{"href":"https:\/\/www.hydraulic-cylinders.net\/sl\/wp-json\/wp\/v2\/product\/16868","targetHints":{"allow":["GET"]}}],"collection":[{"href":"https:\/\/www.hydraulic-cylinders.net\/sl\/wp-json\/wp\/v2\/product"}],"about":[{"href":"https:\/\/www.hydraulic-cylinders.net\/sl\/wp-json\/wp\/v2\/types\/product"}],"replies":[{"embeddable":true,"href":"https:\/\/www.hydraulic-cylinders.net\/sl\/wp-json\/wp\/v2\/comments?post=16868"}],"wp:featuredmedia":[{"embeddable":true,"href":"https:\/\/www.hydraulic-cylinders.net\/sl\/wp-json\/wp\/v2\/media\/14786"}],"wp:attachment":[{"href":"https:\/\/www.hydraulic-cylinders.net\/sl\/wp-json\/wp\/v2\/media?parent=16868"}],"wp:term":[{"taxonomy":"product_brand","embeddable":true,"href":"https:\/\/www.hydraulic-cylinders.net\/sl\/wp-json\/wp\/v2\/product_brand?post=16868"},{"taxonomy":"product_cat","embeddable":true,"href":"https:\/\/www.hydraulic-cylinders.net\/sl\/wp-json\/wp\/v2\/product_cat?post=16868"},{"taxonomy":"product_tag","embeddable":true,"href":"https:\/\/www.hydraulic-cylinders.net\/sl\/wp-json\/wp\/v2\/product_tag?post=16868"}],"curies":[{"name":"delovni list","href":"https:\/\/api.w.org\/{rel}","templated":true}]}}