{"id":16877,"date":"2025-01-21T06:09:50","date_gmt":"2025-01-21T06:09:50","guid":{"rendered":"https:\/\/www.hydraulic-cylinders.net\/product\/arm-cylinder-for-nhig-2006lc\/"},"modified":"2025-01-21T06:09:57","modified_gmt":"2025-01-21T06:09:57","slug":"arm-cylinder-for-nhig-2006lc","status":"publish","type":"product","link":"https:\/\/www.hydraulic-cylinders.net\/sl\/izdelek\/arm-cylinder-for-nhig-2006lc\/","title":{"rendered":"Ro\u010daj cilindra za NHIG 2006LC"},"content":{"rendered":"<h1>Ro\u010daj cilindra za NHIG 2006LC<\/h1>\n<h2>Uvod<\/h2>\n<p>Hidravli\u010dni valj roke je posebej zasnovan hidravli\u010dni valj, ki se uporablja za zagotavljanje linearnega gibanja in mo\u010di razli\u010dnim vrstam mehanskih rok, kot so bagri, \u017eerjavi in \u200b\u200brobotske roke. Cilinder roke igra klju\u010dno vlogo v hidravli\u010dnem sistemu, saj omogo\u010da u\u010dinkovito gibanje in nadzor priklju\u010dkov ali dodatne opreme. Ti cilindri ne zagotavljajo le gladkega gibanja, temve\u010d tudi prenesejo velike obremenitve, kar zagotavlja u\u010dinkovito delovanje in zanesljivost strojev v razli\u010dnih delovnih pogojih.<\/p>\n<p><img decoding=\"async\" src=\"https:\/\/www.hydraulic-cylinders.net\/wp-content\/uploads\/2025\/01\/songte-company-2.webp\"><\/p>\n<h2>Zna\u010dilnosti<\/h2>\n<h3>1. U\u010dinkovit prenos mo\u010di<\/h3>\n<p>Cilinder roke zagotavlja mo\u010dno linearno gibanje in silo, kar zagotavlja visoko u\u010dinkovitost delovanja mehanske roke pri razli\u010dnih operacijah.<\/p>\n<h3>2. Natan\u010den nadzor<\/h3>\n<p>S hidravli\u010dnim sistemom lahko cilinder roke dose\u017ee natan\u010den nadzor gibanja, zaradi \u010desar je delovanje priklju\u010dkov bolj prilagodljivo in natan\u010dno.<\/p>\n<h3>3. Mo\u010dna vzdr\u017eljivost<\/h3>\n<p>Ro\u010daj cilindra je obi\u010dajno izdelan iz visoko trdnih materialov, z dobro odpornostjo proti obrabi in koroziji, zaradi \u010desar je primeren za dolgotrajno uporabo v te\u017ekih okoljih.<\/p>\n<h3>4. Vsestranska prilagodljivost<\/h3>\n<p>Ti cilindri se lahko \u0161iroko uporabljajo v razli\u010dni mehanski opremi, kot so bagri, \u017eerjavi in \u200b\u200brobotske roke, za zadovoljevanje razli\u010dnih delovnih potreb.<\/p>\n<h3>5. Enostavno vzdr\u017eevanje<\/h3>\n<p>Zasnovani za enostavno vzdr\u017eevanje in zamenjavo, cilindri rok omogo\u010dajo la\u017eje redne preglede in vzdr\u017eevanje, kar zmanj\u0161uje \u010das izpada opreme.<\/p>\n<p><img decoding=\"async\" src=\"https:\/\/www.hydraulic-cylinders.net\/wp-content\/uploads\/2025\/01\/songte-oil-pipes-and-spare-parts.webp\"><\/p>\n<h2>Aplikacije<\/h2>\n<p>Ro\u010dni valj se uporablja v razli\u010dnih panogah:<\/p>\n<h3>1. Gradbeni\u0161tvo<\/h3>\n<p>Ro\u010dica cilindra se uporablja za krmiljenje gibanja \u017elic bagra ali \u017eerjavnih rok za zemeljska dela, ravnanje z materiali in monta\u017eo konstrukcij.<\/p>\n<h3>2. Proizvodnja<\/h3>\n<p>Robotski valj se uporablja za nadzor gibanja robotskih rok pri monta\u017ei, varjenju in rokovanju, s \u010dimer se izbolj\u0161a u\u010dinkovitost in natan\u010dnost proizvodnje.<\/p>\n<h3>3. Kmetijska mehanizacija<\/h3>\n<p>Cilinder roke se uporablja za nadzor gibanja upravljalne roke v kmetijskih strojih, kot so \u017eetveni stroji in sejalniki, za opravljanje nalog, kot so sajenje, gnojenje in \u017eetev.<\/p>\n<h3>4. Rudarstvo<\/h3>\n<p>Rokavnik se uporablja za krmiljenje gibanja rokavnika rudarske opreme za rudarjenje in transport mineralov.<\/p>\n<h3>5. Logistika in transport<\/h3>\n<p>Ro\u010dajni valj se uporablja za nadzor dvigovanja in premikanja vili\u010darjev in robotov za ravnanje z materiali ter za njihovo zlaganje.<\/p>\n<p><img decoding=\"async\" src=\"https:\/\/www.hydraulic-cylinders.net\/wp-content\/uploads\/2025\/01\/songte-chushion-collar.webp\"><\/p>\n<h2>Oblikovalski vidiki in izbirna merila<\/h2>\n<p>Pri na\u010drtovanju cilindrov roke so pomembni nosilnost, tesnjenje, vzdr\u017eljivost, varnost in vzdr\u017eevanje. Ti dejavniki so obravnavani v nadaljevanju:<\/p>\n<h3>1. Nosilnost<\/h3>\n<p>Cilinder roke mora imeti ustrezno nosilnost, da podpira te\u017eo mehanske roke in morebitnih priklju\u010dkov ali dodatkov. Cilinder mora biti zasnovan tako, da prenese velike obremenitve in sile, ki nastanejo med delovanjem.<\/p>\n<h3>2. Tesnjenje<\/h3>\n<p>Ro\u010daj valja mora biti opremljen z razli\u010dnimi tesnilnimi elementi, kot so tesnila bata in tesnila palice, izdelana iz materialov, odpornih proti obrabi, kot sta poliuretan in nitrilna guma, da se zagotovi u\u010dinkovito tesnjenje in prepre\u010di pu\u0161\u010danje.<\/p>\n<h3>3. Vzdr\u017eljivost<\/h3>\n<p>Ro\u010daj cilindra mora biti izdelan iz visoko trdnih materialov, kot sta legirano jeklo in nerjave\u010de jeklo, da se zagotovi odli\u010dna odpornost proti obrabi in koroziji, zaradi \u010desar je primeren za uporabo v zahtevnih okoljih.<\/p>\n<h3>4. Varnost<\/h3>\n<p>Ro\u010dajni valj mora biti zasnovan z varnostnimi elementi, ki prepre\u010dujejo nesre\u010de, kot so vgrajeni tla\u010dni varnostni ventili in naprave za za\u0161\u010dito pred preobremenitvijo.<\/p>\n<h3>5. Vzdr\u017eevanje<\/h3>\n<p>Ro\u010dajni valj mora biti zasnovan za enostavno vzdr\u017eevanje in popravilo, z enostavnim dostopom do notranjih komponent in preprosto zamenjavo tesnilnih kompletov in drugih delov.<\/p>\n<p><img decoding=\"async\" src=\"https:\/\/www.hydraulic-cylinders.net\/wp-content\/uploads\/2025\/01\/songte-cylinder-head-with-all-kinds-excavator-models.webp\"><\/p>\n<h2>Tesnjenje in mazanje<\/h2>\n<p>Ro\u010dajni valj uporablja razli\u010dne tesnilne elemente, kot so tesnila bata in tesnila palic, izdelane iz materialov, odpornih proti obrabi, kot sta poliuretan in nitrilni kav\u010duk, da se zagotovi u\u010dinkovito tesnjenje in prepre\u010di pu\u0161\u010danje. Telo valja in navojna kon\u010dna povr\u0161ina sta fino obdelana za izbolj\u0161anje odpornosti proti obrabi. Redno dodajanje ustrezne koli\u010dine hidravli\u010dnega olja za mazanje lahko podalj\u0161a \u017eivljenjsko dobo ro\u010dajnega valja.<\/p>\n<h2>Vzdr\u017eevalni in preventivni ukrepi<\/h2>\n<p>Redni pregledi in preventivno vzdr\u017eevanje so potrebni za zagotovitev optimalnega delovanja cilindra roke. Priporo\u010dljivo je, da enkrat letno preverite nivo hidravli\u010dnega olja in ga zamenjate. Redno pregledujte tesnilne elemente in jih po potrebi zamenjajte. Preverite obrabo ali po\u0161kodbe ohi\u0161ja cilindra in batnice. Poleg tega je priporo\u010dljivo uporabljati originalno dodatno opremo in profesionalne vzdr\u017eevalne storitve, da prepre\u010dite morebitne te\u017eave.<\/p>\n<p><img decoding=\"async\" src=\"https:\/\/www.hydraulic-cylinders.net\/wp-content\/uploads\/2025\/01\/songte-bushings-with-all-kinds-of-excavator-models.webp\"><\/p>\n<h2>Navodila za namestitev<\/h2>\n<p>Pred namestitvijo se prepri\u010dajte, da je hidravli\u010dni sistem \u010dist in brez ne\u010disto\u010d. Preverite zdru\u017eljivost cilindra roke z mehansko roko in se prepri\u010dajte, da sta polo\u017eaj in smer namestitve pravilna. Za privijanje matic in vijakov uporabite predpisan momentni klju\u010d. Preverite tesnjenje, da se prepri\u010date, da ni pu\u0161\u010danja. Na koncu preizkusite delovanje cilindra roke in ga po potrebi prilagodite.<\/p>\n<h2>Varnostni vidiki in okoljski dejavniki<\/h2>\n<p>Pri uporabi ro\u010dnega cilindra je treba upo\u0161tevati varnostne ukrepe za prepre\u010devanje nesre\u010d, kot sta no\u0161enje za\u0161\u010ditne opreme in upo\u0161tevanje navodil za uporabo. Okoljski dejavniki, kot so temperatura, vla\u017enost in prah, lahko vplivajo na delovanje ro\u010dnega cilindra, zato je treba sprejeti ukrepe za zagotovitev optimalnega delovanja cilindra v razli\u010dnih okoljskih pogojih.<\/p>\n<h2>Odpravljanje te\u017eav in pogoste te\u017eave<\/h2>\n<p>Pogoste te\u017eave z valji roke vklju\u010dujejo pu\u0161\u010danje, nenavaden hrup in po\u010dasno delovanje. \u010ce se pojavijo te te\u017eave, je treba preveriti tesnilne elemente in jih po potrebi zamenjati. Preverite nivo hidravli\u010dnega olja in ga po potrebi zamenjajte. Preverite ohi\u0161je valja in batnico glede obrabe ali po\u0161kodb. \u010ce te\u017eava ne izgine, je priporo\u010dljivo, da poi\u0161\u010dete strokovne vzdr\u017eevalne slu\u017ebe za diagnosticiranje in odpravo te\u017eave.<\/p>\n<p><img decoding=\"async\" src=\"https:\/\/www.hydraulic-cylinders.net\/wp-content\/uploads\/2025\/01\/songte-company-4.webp\"><br \/>\n<img decoding=\"async\" src=\"https:\/\/www.hydraulic-cylinders.net\/wp-content\/uploads\/2025\/01\/songte-company-3.webp\"><\/p>\n<h2>O nas<\/h2>\n<p>Smo profesionalni proizvajalec nadomestnih hidravli\u010dnih cilindrov s \u0161iroko paleto izdelkov. Postali smo eden vodilnih proizvajalcev in veleprodajnih distributerjev hidravli\u010dnih cilindrov na doma\u010dem in mednarodnem trgu. Vedno se dr\u017eimo na\u010dela odli\u010dne kakovosti, se zana\u0161amo na industrializirano strategijo upravljanja proizvodnje prefinjene proizvodne delavnice in nenehno izbolj\u0161ujemo na\u0161o tehni\u010dno raven in u\u010dinkovitost proizvodnje. Z uvajanjem vrhunske digitalne proizvodne opreme in profesionalnih sistemov testiranja nenehno optimiziramo proizvodno platformo, izbolj\u0161ujemo proces nadzora kakovosti izdelkov in imamo mo\u010dno inovacijsko sposobnost. Na\u0161 cilj je zadovoljiti raznolike potrebe strank z na\u010deli visoke u\u010dinkovitosti, natan\u010dnosti in visoke kakovosti.<\/p>\n<p>Na\u0161im strankam ponujamo profesionalne storitve, kot so mednarodno certificiranje, prilagojene storitve, proizvodna oprema in poprodajne storitve.<\/p>\n<p>Avtor: lyl<\/p>","protected":false},"excerpt":{"rendered":"<p>Arm Cylinder For NHIG 2006LC Introduction The arm cylinder is a specially designed hydraulic cylinder used to provide linear motion and power to various types of mechanical arms, such as excavators, cranes, and robotic arms. The arm cylinder plays a key role in the hydraulic system, enabling the effective movement and control of attachments or [&hellip;]<\/p>","protected":false},"featured_media":14759,"comment_status":"open","ping_status":"closed","template":"","meta":{"_et_pb_use_builder":"","_et_pb_old_content":"","_et_gb_content_width":""},"product_brand":[],"product_cat":[1497],"product_tag":[1498,1496],"class_list":{"0":"post-16877","1":"product","2":"type-product","3":"status-publish","4":"has-post-thumbnail","6":"product_cat-arm-cylinders","7":"product_tag-arm-cylinders","8":"product_tag-hydraulic-cylinders","10":"first","11":"instock","12":"shipping-taxable","13":"product-type-simple"},"amp_enabled":true,"_links":{"self":[{"href":"https:\/\/www.hydraulic-cylinders.net\/sl\/wp-json\/wp\/v2\/product\/16877","targetHints":{"allow":["GET"]}}],"collection":[{"href":"https:\/\/www.hydraulic-cylinders.net\/sl\/wp-json\/wp\/v2\/product"}],"about":[{"href":"https:\/\/www.hydraulic-cylinders.net\/sl\/wp-json\/wp\/v2\/types\/product"}],"replies":[{"embeddable":true,"href":"https:\/\/www.hydraulic-cylinders.net\/sl\/wp-json\/wp\/v2\/comments?post=16877"}],"wp:featuredmedia":[{"embeddable":true,"href":"https:\/\/www.hydraulic-cylinders.net\/sl\/wp-json\/wp\/v2\/media\/14759"}],"wp:attachment":[{"href":"https:\/\/www.hydraulic-cylinders.net\/sl\/wp-json\/wp\/v2\/media?parent=16877"}],"wp:term":[{"taxonomy":"product_brand","embeddable":true,"href":"https:\/\/www.hydraulic-cylinders.net\/sl\/wp-json\/wp\/v2\/product_brand?post=16877"},{"taxonomy":"product_cat","embeddable":true,"href":"https:\/\/www.hydraulic-cylinders.net\/sl\/wp-json\/wp\/v2\/product_cat?post=16877"},{"taxonomy":"product_tag","embeddable":true,"href":"https:\/\/www.hydraulic-cylinders.net\/sl\/wp-json\/wp\/v2\/product_tag?post=16877"}],"curies":[{"name":"delovni list","href":"https:\/\/api.w.org\/{rel}","templated":true}]}}