{"id":16885,"date":"2025-01-21T06:10:28","date_gmt":"2025-01-21T06:10:28","guid":{"rendered":"https:\/\/www.hydraulic-cylinders.net\/product\/arm-cylinder-for-baoding-wy65-8\/"},"modified":"2025-01-21T06:10:30","modified_gmt":"2025-01-21T06:10:30","slug":"arm-cylinder-for-baoding-wy65-8","status":"publish","type":"product","link":"https:\/\/www.hydraulic-cylinders.net\/sl\/izdelek\/arm-cylinder-for-baoding-wy65-8\/","title":{"rendered":"Ro\u010daj cilindra za Baoding WY65-8"},"content":{"rendered":"<h1>Ro\u010daj cilindra za Baoding WY65-8<\/h1>\n<h2>Uvod<\/h2>\n<p>Hidravli\u010dni valj roke je posebej zasnovan hidravli\u010dni valj, ki zagotavlja linearno gibanje in mo\u010d rokam razli\u010dnih vrst strojev, kot so bagri, \u017eerjavi in \u200b\u200brobotske roke. Cilindri roke igrajo klju\u010dno vlogo v hidravli\u010dnih sistemih, saj omogo\u010dajo u\u010dinkovito premikanje in krmiljenje priklju\u010dkov ali dodatne opreme. Ti cilindri ne zagotavljajo le gladkega gibanja, temve\u010d tudi prenesejo velike obremenitve, kar zagotavlja u\u010dinkovito delovanje in zanesljivost strojev v razli\u010dnih obratovalnih pogojih.<\/p>\n<p><img decoding=\"async\" src=\"https:\/\/www.hydraulic-cylinders.net\/wp-content\/uploads\/2025\/01\/songte-company-2.webp\"><\/p>\n<h2>Zna\u010dilnosti<\/h2>\n<ul>\n<li>U\u010dinkovit prenos mo\u010di: Valj roke zagotavlja mo\u010dno linearno gibanje in silo, kar zagotavlja visoko u\u010dinkovitost mehanske roke pri razli\u010dnih operacijah.<\/li>\n<li>Natan\u010den nadzor: S hidravli\u010dnim sistemom lahko cilinder roke dose\u017ee natan\u010den nadzor gibanja, zaradi \u010desar je delovanje priklju\u010dkov bolj prilagodljivo in natan\u010dno.<\/li>\n<li>Visoka vzdr\u017eljivost: Valji rok so obi\u010dajno izdelani iz visoko trdnih materialov, ki imajo dobro odpornost proti obrabi in koroziji, primerni za dolgotrajno uporabo v te\u017ekih okoljih.<\/li>\n<li>Ve\u010dnamenska prilagodljivost: Ti cilindri se lahko \u0161iroko uporabljajo v razli\u010dni mehanski opremi, kot so bagri, \u017eerjavi in \u200b\u200brobotske roke, za prilagoditev razli\u010dnim delovnim potrebam.<\/li>\n<li>Enostavno vzdr\u017eevanje: Zasnova upo\u0161teva enostavno vzdr\u017eevanje in zamenjavo, zaradi \u010desar so redni pregledi in vzdr\u017eevanje bolj priro\u010dni ter skraj\u0161ajo \u010das izpada opreme.<\/li>\n<\/ul>\n<p>Ta izdelek lahko izdelamo in na\u0161 izdelek lahko popolnoma nadomesti te hidravli\u010dne cilindre.<\/p>\n<p><img decoding=\"async\" src=\"https:\/\/www.hydraulic-cylinders.net\/wp-content\/uploads\/2025\/01\/songte-oil-pipes-and-spare-parts.webp\"><\/p>\n<h2>Aplikacije<\/h2>\n<p>Ro\u010dni cilindri se uporabljajo v razli\u010dnih panogah, vklju\u010dno z:<\/p>\n<ul>\n<li>Gradbeni\u0161tvo: Pri bagrih in \u017eerjavih se cilindri rok uporabljajo za nadzor gibanja \u017elic ali rok za izvajanje zemeljskih del, ravnanje z materiali in monta\u017eo konstrukcij.<\/li>\n<li>Proizvodnja: V avtomatiziranih proizvodnih linijah se cilindri rok uporabljajo za premikanje robotskih rok pri monta\u017ei, varjenju in ravnanju z materiali, kar izbolj\u0161uje u\u010dinkovitost in natan\u010dnost proizvodnje.<\/li>\n<li>Kmetijska mehanizacija: Pri kmetijski mehanizaciji, kot so \u017eetveni stroji in sejalniki, cilindri roke nadzorujejo gibanje delovnih rok za opravljanje nalog, kot so setev, gnojenje in \u017eetev.<\/li>\n<li>Rudarstvo: V rudarski opremi se cilindri rok uporabljajo za nadzor gibanja roke rudarske opreme, rudarjenje in ravnanje z rudo.<\/li>\n<li>Logistika in transport: Pri vili\u010darjih in robotih za manipulacijo se cilindri rok uporabljajo za nadzor dvigovanja in premikanja vilic ter za prena\u0161anje in zlaganje materialov.<\/li>\n<\/ul>\n<h2>Merila za na\u010drtovanje in izbor<\/h2>\n<p>Ro\u010dajni cilindri so zasnovani z upo\u0161tevanjem razli\u010dnih dejavnikov, kot so:<\/p>\n<ul>\n<li>Nosilnost: Cilinder roke mora biti sposoben prenesti najve\u010djo obremenitev strojev in priklju\u010dkov.<\/li>\n<li>Tesnilna zmogljivost: Ro\u010daj cilindra mora uporabljati razli\u010dne tesnilne komponente, kot so tesnila bata in tesnila palice iz materialov, odpornih proti obrabi, kot sta poliuretan in nitrilna guma, da se zagotovi dobra tesnilna zmogljivost.<\/li>\n<li>Vzdr\u017eljivost: Telo valja in navojna kon\u010dna povr\u0161ina morata biti fino obdelana, da se izbolj\u0161a odpornost proti obrabi.<\/li>\n<li>Varnost: Ro\u010dajni valj mora imeti varnostne za\u0161\u010ditne ukrepe, kot sta tla\u010dni varnostni ventil in varnostni ventil, da se prepre\u010di preobremenitev in zagotovi varnost osebja in opreme.<\/li>\n<li>Vzdr\u017eevanje: Cilinder roke mora biti zasnovan za enostavno vzdr\u017eevanje in popravilo, na primer z uporabo odstranljivih komponent in enostavno zamenljivih tesnil.<\/li>\n<\/ul>\n<p><img decoding=\"async\" src=\"https:\/\/www.hydraulic-cylinders.net\/wp-content\/uploads\/2025\/01\/songte-cylinder-head-with-all-kinds-excavator-models.webp\"><\/p>\n<h2>Tesnjenje in mazanje<\/h2>\n<p>Ro\u010dajni valj uporablja razli\u010dne tesnilne komponente, kot so tesnila bata, tesnila palic in obrabni obro\u010di, izdelani iz materialov, odpornih proti obrabi, kot sta poliuretan in nitrilna guma, da se zagotovi dobro tesnjenje. Telo valja in navojna kon\u010dna povr\u0161ina sta fino obdelana za izbolj\u0161anje odpornosti proti obrabi. Ro\u010dajni valj potrebuje redno mazanje z ustreznim hidravli\u010dnim oljem za nemoteno delovanje in podalj\u0161anje \u017eivljenjske dobe.<\/p>\n<h2>Vzdr\u017eevanje in preventivni vzdr\u017eevalni ukrepi<\/h2>\n<p>Rokavni valj je treba redno pregledovati in vzdr\u017eevati, da se zagotovi njegovo normalno delovanje, ter izvajati preventivne vzdr\u017eevalne ukrepe, vklju\u010dno z:<\/p>\n<ul>\n<li>Redno preverjajte in menjajte tesnilne komponente.<\/li>\n<li>Redno preverjajte in dolivajte ustrezno hidravli\u010dno olje.<\/li>\n<li>Redno preverjajte in nastavljajte tla\u010dni varnostni ventil in varnostni ventil.<\/li>\n<li>Redno preverjajte in \u010distite ohi\u0161je valja in navojno kon\u010dno povr\u0161ino.<\/li>\n<li>Redno preverjajte in privijte navojne povezave.<\/li>\n<\/ul>\n<h2>Navodila za namestitev<\/h2>\n<p>Pred namestitvijo natan\u010dno preberite navodila za namestitev in varnostne ukrepe, pripravite potrebno orodje in materiale ter dosledno upo\u0161tevajte korake namestitve, vklju\u010dno z:<\/p>\n<ul>\n<li>Prepri\u010dajte se, da je povr\u0161ina za namestitev \u010dista in ravna.<\/li>\n<li>Namestite valj roke v skladu z dolo\u010deno smerjo in polo\u017eajem.<\/li>\n<li>Za privijanje vijakov in matic uporabite predpisani navor.<\/li>\n<li>Preverite tesnilno sposobnost in delovanje hidravli\u010dnega sistema.<\/li>\n<\/ul>\n<p><img decoding=\"async\" src=\"https:\/\/www.hydraulic-cylinders.net\/wp-content\/uploads\/2025\/01\/songte-bushings-with-all-kinds-of-excavator-models.webp\"><\/p>\n<h2>Varnostni vidiki in okoljski dejavniki<\/h2>\n<p>Med uporabo ro\u010dnih valjev je treba upo\u0161tevati varnostne ukrepe za prepre\u010devanje telesnih po\u0161kodb in po\u0161kodb opreme, kot so:<\/p>\n<ul>\n<li>Prepri\u010dajte se, da je tlak hidravli\u010dnega sistema znotraj dovoljenega obmo\u010dja.<\/li>\n<li>Zagotovite, da je hidravli\u010dni sistem pravilno vzdr\u017eevan in redno pregledovan.<\/li>\n<li>Zagotovite, da se oprema uporablja v stabilnem in zanesljivem stanju.<\/li>\n<li>Izogibajte se delu v bli\u017eini vrte\u010dih se delov in mest, kjer lahko pride do stiskanja strojev.<\/li>\n<li>Pri delu s stroji nosite ustrezno osebno za\u0161\u010ditno opremo.<\/li>\n<\/ul>\n<h2>Odpravljanje te\u017eav in pogoste te\u017eave<\/h2>\n<p>Pogoste te\u017eave, ki se lahko pojavijo med uporabo ro\u010dnih cilindrov, vklju\u010dujejo:<\/p>\n<ul>\n<li>Pu\u0161\u010danje olja na tesnilnih elementih.<\/li>\n<li>Zmanj\u0161an ali nezadosten prenos mo\u010di.<\/li>\n<li>Hrup med delovanjem.<\/li>\n<li>Prekomerna obraba ohi\u0161ja valja in navojne kon\u010dne povr\u0161ine.<\/li>\n<li>Pregrevanje hidravli\u010dnega sistema.<\/li>\n<\/ul>\n<p>Za diagnosticiranje in re\u0161evanje teh te\u017eav lahko upo\u0161tevate naslednje nasvete in re\u0161itve:<\/p>\n<ul>\n<li>Preverite in zamenjajte tesnilne komponente.<\/li>\n<li>Preverite in prilagodite tlak in pretok hidravli\u010dnega sistema.<\/li>\n<li>Preverite in zamenjajte obrabljene komponente.<\/li>\n<li>O\u010distite in nama\u017eite ohi\u0161je valja in navojno kon\u010dno povr\u0161ino.<\/li>\n<li>Preverite in popravite hidravli\u010dni sistem.<\/li>\n<\/ul>\n<p><img decoding=\"async\" src=\"https:\/\/www.hydraulic-cylinders.net\/wp-content\/uploads\/2025\/01\/songte-chushion-collar.webp\"><\/p>\n<h2>O nas<\/h2>\n<p>Smo profesionalni proizvajalec nadomestnih hidravli\u010dnih cilindrov, ki ponuja \u0161iroko paleto izdelkov in postaja eden vodilnih proizvajalcev in veleprodajnih distributerjev hidravli\u010dnih cilindrov na doma\u010dem in mednarodnem trgu. Vedno se dr\u017eimo na\u010dela odli\u010dne kakovosti, se zana\u0161amo na strategijo upravljanja industrijske proizvodnje v delavnicah za natan\u010dno izdelavo ter nenehno izbolj\u0161ujemo na\u0161o tehnolo\u0161ko raven in u\u010dinkovitost proizvodnje. Z uvedbo napredne digitalne proizvodne opreme in profesionalnih sistemov testiranja optimiziramo proizvodno platformo, izbolj\u0161ujemo proces nadzora kakovosti izdelkov in imamo mo\u010dne inovacijske zmogljivosti. Na\u0161 cilj je zadovoljiti raznolike potrebe strank z na\u010deli u\u010dinkovitosti, natan\u010dnosti in visoke kakovosti.<\/p>\n<h2>Na\u0161e prednosti<\/h2>\n<ul>\n<li>Profesionalnost: Z dolgoletnimi izku\u0161njami v panogi smo postali strokovnjaki za proizvodnjo hidravli\u010dnih cilindrov.<\/li>\n<li>Mednarodni certifikat: Na\u0161i izdelki so pridobili mednarodni certifikat, kot je ISO9001:2015.<\/li>\n<li>Storitev prilagajanja: Nudimo storitve prilagajanja, ki ustrezajo specifi\u010dnim potrebam strank.<\/li>\n<li>Napredna proizvodna oprema: Za zagotavljanje natan\u010dnosti in kakovosti na\u0161ih izdelkov uporabljamo napredno digitalno proizvodno opremo.<\/li>\n<li>Poprodajne storitve: Nudimo celovite poprodajne storitve, vklju\u010dno s tehni\u010dno podporo, popravilom in vzdr\u017eevanjem.<\/li>\n<\/ul>\n<p><img decoding=\"async\" src=\"https:\/\/www.hydraulic-cylinders.net\/wp-content\/uploads\/2025\/01\/songte-company-4.webp\"><br \/>\n<img decoding=\"async\" src=\"https:\/\/www.hydraulic-cylinders.net\/wp-content\/uploads\/2025\/01\/songte-company-3.webp\"><\/p>\n<p>Avtor: lyl<\/p>","protected":false},"excerpt":{"rendered":"<p>Arm Cylinder For Baoding WY65-8 Introduction Arm cylinder is a specially designed hydraulic cylinder that provides linear motion and power to the arms of various types of machinery, such as excavators, cranes, and robotic arms. Arm cylinders play a crucial role in hydraulic systems, enabling attachments or accessories to move and be controlled effectively. These [&hellip;]<\/p>","protected":false},"featured_media":14766,"comment_status":"open","ping_status":"closed","template":"","meta":{"_et_pb_use_builder":"","_et_pb_old_content":"","_et_gb_content_width":""},"product_brand":[],"product_cat":[1497],"product_tag":[1498,1496],"class_list":{"0":"post-16885","1":"product","2":"type-product","3":"status-publish","4":"has-post-thumbnail","6":"product_cat-arm-cylinders","7":"product_tag-arm-cylinders","8":"product_tag-hydraulic-cylinders","10":"first","11":"instock","12":"shipping-taxable","13":"product-type-simple"},"amp_enabled":true,"_links":{"self":[{"href":"https:\/\/www.hydraulic-cylinders.net\/sl\/wp-json\/wp\/v2\/product\/16885","targetHints":{"allow":["GET"]}}],"collection":[{"href":"https:\/\/www.hydraulic-cylinders.net\/sl\/wp-json\/wp\/v2\/product"}],"about":[{"href":"https:\/\/www.hydraulic-cylinders.net\/sl\/wp-json\/wp\/v2\/types\/product"}],"replies":[{"embeddable":true,"href":"https:\/\/www.hydraulic-cylinders.net\/sl\/wp-json\/wp\/v2\/comments?post=16885"}],"wp:featuredmedia":[{"embeddable":true,"href":"https:\/\/www.hydraulic-cylinders.net\/sl\/wp-json\/wp\/v2\/media\/14766"}],"wp:attachment":[{"href":"https:\/\/www.hydraulic-cylinders.net\/sl\/wp-json\/wp\/v2\/media?parent=16885"}],"wp:term":[{"taxonomy":"product_brand","embeddable":true,"href":"https:\/\/www.hydraulic-cylinders.net\/sl\/wp-json\/wp\/v2\/product_brand?post=16885"},{"taxonomy":"product_cat","embeddable":true,"href":"https:\/\/www.hydraulic-cylinders.net\/sl\/wp-json\/wp\/v2\/product_cat?post=16885"},{"taxonomy":"product_tag","embeddable":true,"href":"https:\/\/www.hydraulic-cylinders.net\/sl\/wp-json\/wp\/v2\/product_tag?post=16885"}],"curies":[{"name":"delovni list","href":"https:\/\/api.w.org\/{rel}","templated":true}]}}