{"id":16887,"date":"2025-01-21T06:10:37","date_gmt":"2025-01-21T06:10:37","guid":{"rendered":"https:\/\/www.hydraulic-cylinders.net\/product\/arm-cylinder-for-baoding-wy90-7\/"},"modified":"2025-01-21T06:10:38","modified_gmt":"2025-01-21T06:10:38","slug":"arm-cylinder-for-baoding-wy90-7","status":"publish","type":"product","link":"https:\/\/www.hydraulic-cylinders.net\/sl\/izdelek\/arm-cylinder-for-baoding-wy90-7\/","title":{"rendered":"Ro\u010daj cilindra za Baoding WY90-7"},"content":{"rendered":"<h1>Ro\u010daj cilindra za Baoding WY90-7<\/h1>\n<h2>Uvod<\/h2>\n<p>Hidravli\u010dni valj roke je posebej zasnovan hidravli\u010dni valj, ki zagotavlja linearno gibanje in mo\u010d roki razli\u010dnih strojev, kot so bagri, \u017eerjavi in \u200b\u200bmehanske roke. Igra klju\u010dno vlogo v hidravli\u010dnih sistemih, saj omogo\u010da u\u010dinkovito premikanje in krmiljenje dodatnega orodja ali priklju\u010dkov. Ti cilindri ne zagotavljajo le gladkega gibanja, temve\u010d tudi prenesejo velike obremenitve, kar zagotavlja u\u010dinkovito delovanje in zanesljivost strojev v razli\u010dnih delovnih pogojih.<\/p>\n<p><img decoding=\"async\" src=\"https:\/\/www.hydraulic-cylinders.net\/wp-content\/uploads\/2025\/01\/songte-company-2.webp\" alt=\"Slika ro\u010dnega cilindra\"><\/p>\n<h2>Zna\u010dilnosti<\/h2>\n<ul>\n<li><strong>Visoko u\u010dinkovit menjalnik:<\/strong> Cilinder roke zagotavlja mo\u010dno linearno gibanje in silo, kar zagotavlja visoko zmogljivost mehanske roke pri razli\u010dnih operacijah.<\/li>\n<li><strong>Natan\u010den nadzor:<\/strong> S hidravli\u010dnim sistemom omogo\u010da cilinder roke natan\u010den nadzor gibanja, zaradi \u010desar je delovanje priklju\u010denih orodij bolj prilagodljivo in natan\u010dno.<\/li>\n<li><strong>Vzdr\u017eljivost:<\/strong> Ro\u010dajni cilindri so obi\u010dajno izdelani iz visoko trdnih materialov, ki ponujajo odli\u010dno odpornost proti obrabi in koroziji, primerni za dolgotrajno uporabo v zahtevnih okoljih.<\/li>\n<li><strong>Ve\u010dnamenska prilagodljivost:<\/strong> Ti cilindri se lahko \u0161iroko uporabljajo v razli\u010dnih strojih, kot so bagri, \u017eerjavi in \u200b\u200bmehanske roke, ter se prilagajajo razli\u010dnim zahtevam dela.<\/li>\n<li><strong>Enostavnost vzdr\u017eevanja:<\/strong> Zasnovan za enostavno vzdr\u017eevanje in zamenjavo, redni pregledi in vzdr\u017eevanje so priro\u010dni, kar skraj\u0161a \u010das izpada opreme.<\/li>\n<\/ul>\n<p><img decoding=\"async\" src=\"https:\/\/www.hydraulic-cylinders.net\/wp-content\/uploads\/2025\/01\/songte-oil-pipes-and-spare-parts.webp\" alt=\"Dodatna slika izdelkov\"><\/p>\n<h2>Aplikacije<\/h2>\n<p>Rokavni valj se uporablja v razli\u010dnih panogah:<\/p>\n<ul>\n<li><strong>Gradbeni\u0161tvo:<\/strong> Pri bagrih in \u017eerjavih se valj roke uporablja za nadzor gibanja \u017elice ali roke, kar olaj\u0161a zemeljska dela, ravnanje z materiali in monta\u017eo konstrukcij.<\/li>\n<li><strong>Predelovalna industrija:<\/strong> V avtomatiziranih proizvodnih linijah valj roke omogo\u010da gibanje mehanskih rok za postopke monta\u017ee, varjenja in rokovanja, kar pove\u010duje u\u010dinkovitost in natan\u010dnost proizvodnje.<\/li>\n<li><strong>Kmetijska mehanizacija:<\/strong> V kmetijskih strojih, kot so \u017eetveni stroji in sejalniki, cilinder roke nadzoruje gibanje delovne roke, ki opravlja naloge, kot so setev, gnojenje in \u017eetev.<\/li>\n<li><strong>Rudarska industrija:<\/strong> V rudarski opremi cilinder roke nadzoruje gibanje roke rudarskih strojev, kar olaj\u0161a pridobivanje in transport rude.<\/li>\n<li><strong>Logistika in transport:<\/strong> Pri vili\u010darjih in robotih za manipulacijo valj roke nadzoruje dvigovanje in premikanje vilic, kar omogo\u010da rokovanje in zlaganje materialov.<\/li>\n<\/ul>\n<h2>Oblikovalski vidiki in izbirna merila<\/h2>\n<p>Pri izbiri in izbiri ro\u010dnega cilindra je treba upo\u0161tevati ve\u010d dejavnikov:<\/p>\n<ul>\n<li><strong>Nosilnost:<\/strong> Ro\u010dajni valj mora biti sposoben prenesti pri\u010dakovane obremenitve in sile, s katerimi se bo soo\u010dil med delovanjem.<\/li>\n<li><strong>Tesnjenje:<\/strong> Za prepre\u010devanje pu\u0161\u010danja in zagotavljanje pravilnega delovanja je treba uporabiti razli\u010dne tesnilne komponente, kot so tesnila bata in ojnice. Ta tesnila so pogosto izdelana iz materialov, odpornih proti obrabi, kot sta poliuretan in nitrilna guma.<\/li>\n<li><strong>Vzdr\u017eljivost:<\/strong> Telo valja in navojni konci morajo biti fino obdelani, da se izbolj\u0161a odpornost proti obrabi in podalj\u0161a \u017eivljenjska doba.<\/li>\n<li><strong>Varnost:<\/strong> V na\u010drtovanje je treba vklju\u010diti varnostne vidike, ki zagotavljajo varno delovanje in zmanj\u0161ujejo morebitne nevarnosti.<\/li>\n<li><strong>Vzdr\u017eevanje:<\/strong> Upo\u0161tevati je treba redno mazanje z ustrezno koli\u010dino hidravli\u010dnega olja in enostaven dostop za vzdr\u017eevanje in popravila.<\/li>\n<\/ul>\n<p><img decoding=\"async\" src=\"https:\/\/www.hydraulic-cylinders.net\/wp-content\/uploads\/2025\/01\/songte-cylinder-head-with-all-kinds-excavator-models.webp\" alt=\"Slika glave valja\"><\/p>\n<h2>Tesnjenje in mazanje<\/h2>\n<p>Ro\u010dajni valj uporablja razli\u010dne tesnilne komponente, kot so tesnila bata in ojnice, izdelane iz materialov, odpornih proti obrabi, kot sta poliuretan in nitrilna guma. Telo valja in navojni konci so fino obdelani za izbolj\u0161anje odpornosti proti obrabi. Za nemoteno delovanje je potrebno redno mazanje z ustrezno koli\u010dino hidravli\u010dnega olja.<\/p>\n<h2>Redni pregledi in preventivno vzdr\u017eevanje<\/h2>\n<p>Za ohranjanje optimalne zmogljivosti so redni pregledi in preventivno vzdr\u017eevanje klju\u010dnega pomena. Sprejeti je treba naslednje ukrepe:<\/p>\n<ul>\n<li>Preverite valj glede morebitnih znakov obrabe ali po\u0161kodb.<\/li>\n<li>Preverite in zamenjajte morebitna obrabljena ali po\u0161kodovana tesnila.<\/li>\n<li>Zagotovite ustrezno mazanje in po potrebi dolijte hidravli\u010dno olje.<\/li>\n<li>Preverite vse priklju\u010dke in spoje glede pu\u0161\u010danja.<\/li>\n<li>Preverite delovanje regulacijskih ventilov in drugih hidravli\u010dnih komponent.<\/li>\n<\/ul>\n<h2>Navodila za namestitev<\/h2>\n<p>Pravilna namestitev ro\u010dnega cilindra je bistvenega pomena za optimalno delovanje. Sledite tem korakom:<\/p>\n<ol>\n<li>Prepri\u010dajte se, da je stroj izklopljen in da je spro\u0161\u010den ves hidravli\u010dni tlak.<\/li>\n<li>Namestite valj roke na \u017eeleno mesto in poravnajte pritrdilne luknje.<\/li>\n<li>Jeklenko varno pritrdite z ustreznimi vijaki in spojkami.<\/li>\n<li>Hidravli\u010dne cevi priklju\u010dite v skladu s hidravli\u010dnim sistemom stroja.<\/li>\n<li>Dvakrat preverite vse povezave glede tesnosti in pravilne poravnave.<\/li>\n<\/ol>\n<p><img decoding=\"async\" src=\"https:\/\/www.hydraulic-cylinders.net\/wp-content\/uploads\/2025\/01\/songte-bushings-with-all-kinds-of-excavator-models.webp\" alt=\"Slika pu\u0161\"><\/p>\n<h2>Varnostni vidiki in okoljski dejavniki<\/h2>\n<p>Pri uporabi cilindra roke so varnostni ukrepi izjemnega pomena. Upo\u0161tevanje varnostnih protokolov zagotavlja prepre\u010devanje nesre\u010d ter \u0161\u010diti osebje in opremo. Upo\u0161tevajte naslednje:<\/p>\n<ul>\n<li>Ustrezno usposabljanje in certificiranje za upravljavce in vzdr\u017eevalno osebje.<\/li>\n<li>Redni varnostni pregledi in ocene tveganja.<\/li>\n<li>Upo\u0161tevanje varnostnih smernic in predpisov.<\/li>\n<li>Pravilna uporaba osebne za\u0161\u010ditne opreme (OZO).<\/li>\n<li>Upo\u0161tevanje vpliva na okolje in skladnost z okoljskimi predpisi.<\/li>\n<\/ul>\n<h2>Odpravljanje te\u017eav in pogoste te\u017eave<\/h2>\n<p>Kljub zanesljivemu delovanju lahko pride do te\u017eav z valji rok. Tukaj je nekaj pogostih te\u017eav in njihovih re\u0161itev:<\/p>\n<ul>\n<li><strong>Pu\u0161\u010danje:<\/strong> Preverite in zamenjajte morebitna obrabljena ali po\u0161kodovana tesnila. Zagotovite pravilno namestitev in privijanje vseh priklju\u010dkov.<\/li>\n<li><strong>Po\u010dasno ali nedosledno gibanje:<\/strong> Preverite, ali je nivo hidravli\u010dnega olja nizek, in ga po potrebi dolijte. Preverite pravilno delovanje krmilnih ventilov in jih po potrebi prilagodite.<\/li>\n<li><strong>Hrup ali vibracije:<\/strong> Preverite, ali so komponente, kot so pritrdilni vijaki ali pu\u0161e, ohlapne ali obrabljene. Po potrebi jih privijte ali zamenjajte.<\/li>\n<\/ul>\n<p>Redni pregledi, preventivno vzdr\u017eevanje in hitro odpravljanje te\u017eav lahko zmanj\u0161ajo morebitne te\u017eave in zagotovijo optimalno delovanje cilindra roke.<\/p>\n<p><img decoding=\"async\" src=\"https:\/\/www.hydraulic-cylinders.net\/wp-content\/uploads\/2025\/01\/songte-chushion-collar.webp\" alt=\"Slika ovratnice Chushion\"><\/p>\n<p>Ne pozabite logi\u010dno organizirati \u010dlanka, uporabiti podnaslovov za la\u017ejo navigacijo, vklju\u010diti ustreznih slik ali grafikonov za bolj\u0161e razumevanje ter zagotoviti jasnost, jedrnatost in primernost vsebine za bralce z razli\u010dnimi stopnjami tehni\u010dnega znanja.<\/p>\n<h2>O na\u0161em podjetju<\/h2>\n<p>Smo profesionalni proizvajalec hidravli\u010dnih cilindrov, ki ponuja \u0161iroko paleto izdelkov. Kot eden vodilnih proizvajalcev in veleprodajnih distributerjev hidravli\u010dnih cilindrov na doma\u010dem in mednarodnem trgu dajemo prednost odli\u010dnosti v kakovosti.<\/p>\n<ul>\n<li><strong>Specializacija:<\/strong> Specializirani smo za proizvodnjo cilindrov rok in drugih hidravli\u010dnih komponent.<\/li>\n<li><strong>Mednarodni certifikati:<\/strong> Na\u0161i izdelki izpolnjujejo mednarodne standarde kakovosti in varnosti, kar zagotavlja zanesljivost in zadovoljstvo strank.<\/li>\n<li><strong>Storitve prilagajanja:<\/strong> Ponujamo prilagojene re\u0161itve, ki ustrezajo specifi\u010dnim zahtevam strank.<\/li>\n<li><strong>Napredna proizvodna oprema:<\/strong> Na\u0161i proizvodni obrati so opremljeni z najsodobnej\u0161o digitalno opremo, ki zagotavlja visoko natan\u010dnost in u\u010dinkovitost.<\/li>\n<li><strong>Poprodajne storitve:<\/strong>","protected":false},"excerpt":{"rendered":"<p>Arm Cylinder For Baoding WY90-7 Introduction The arm cylinder is a specially designed hydraulic cylinder that provides linear motion and power to the arm of various machinery, such as excavators, cranes, and mechanical arms. It plays a crucial role in hydraulic systems, enabling the efficient movement and control of additional tools or attachments. These cylinders [&hellip;]<\/p>","protected":false},"featured_media":14759,"comment_status":"open","ping_status":"closed","template":"","meta":{"_et_pb_use_builder":"","_et_pb_old_content":"","_et_gb_content_width":""},"product_brand":[],"product_cat":[1497],"product_tag":[1498,1496],"class_list":{"0":"post-16887","1":"product","2":"type-product","3":"status-publish","4":"has-post-thumbnail","6":"product_cat-arm-cylinders","7":"product_tag-arm-cylinders","8":"product_tag-hydraulic-cylinders","10":"first","11":"instock","12":"shipping-taxable","13":"product-type-simple"},"amp_enabled":true,"_links":{"self":[{"href":"https:\/\/www.hydraulic-cylinders.net\/sl\/wp-json\/wp\/v2\/product\/16887","targetHints":{"allow":["GET"]}}],"collection":[{"href":"https:\/\/www.hydraulic-cylinders.net\/sl\/wp-json\/wp\/v2\/product"}],"about":[{"href":"https:\/\/www.hydraulic-cylinders.net\/sl\/wp-json\/wp\/v2\/types\/product"}],"replies":[{"embeddable":true,"href":"https:\/\/www.hydraulic-cylinders.net\/sl\/wp-json\/wp\/v2\/comments?post=16887"}],"wp:featuredmedia":[{"embeddable":true,"href":"https:\/\/www.hydraulic-cylinders.net\/sl\/wp-json\/wp\/v2\/media\/14759"}],"wp:attachment":[{"href":"https:\/\/www.hydraulic-cylinders.net\/sl\/wp-json\/wp\/v2\/media?parent=16887"}],"wp:term":[{"taxonomy":"product_brand","embeddable":true,"href":"https:\/\/www.hydraulic-cylinders.net\/sl\/wp-json\/wp\/v2\/product_brand?post=16887"},{"taxonomy":"product_cat","embeddable":true,"href":"https:\/\/www.hydraulic-cylinders.net\/sl\/wp-json\/wp\/v2\/product_cat?post=16887"},{"taxonomy":"product_tag","embeddable":true,"href":"https:\/\/www.hydraulic-cylinders.net\/sl\/wp-json\/wp\/v2\/product_tag?post=16887"}],"curies":[{"name":"delovni list","href":"https:\/\/api.w.org\/{rel}","templated":true}]}}