{"id":16894,"date":"2025-01-21T06:11:10","date_gmt":"2025-01-21T06:11:10","guid":{"rendered":"https:\/\/www.hydraulic-cylinders.net\/product\/arm-cylinder-for-tiangong-zg3235-9\/"},"modified":"2025-01-21T06:11:11","modified_gmt":"2025-01-21T06:11:11","slug":"arm-cylinder-for-tiangong-zg3235-9","status":"publish","type":"product","link":"https:\/\/www.hydraulic-cylinders.net\/sl\/izdelek\/arm-cylinder-for-tiangong-zg3235-9\/","title":{"rendered":"Ro\u010daj cilindra za Tiangong ZG3235-9"},"content":{"rendered":"<h1>Ro\u010daj cilindra za Tiangong ZG3235-9<\/h1>\n<h2>Definicija in razlaga<\/h2>\n<p>Hidravli\u010dni valj roke je posebej zasnovan hidravli\u010dni valj, ki zagotavlja linearno gibanje in mo\u010d roki razli\u010dnih vrst strojev, kot so bagri, \u017eerjavi in \u200b\u200brobotske roke. Igra klju\u010dno vlogo v hidravli\u010dnih sistemih, saj omogo\u010da u\u010dinkovito gibanje in nadzor dodatnih orodij ali priklju\u010dkov. Ti cilindri ne omogo\u010dajo le gladkega gibanja, temve\u010d tudi prenesejo velike obremenitve, kar zagotavlja u\u010dinkovito delovanje in zanesljivost strojev v razli\u010dnih delovnih pogojih.<\/p>\n<p><img decoding=\"async\" src=\"https:\/\/www.hydraulic-cylinders.net\/wp-content\/uploads\/2025\/01\/songte-company-2.webp\"><\/p>\n<h2>Zna\u010dilnosti<\/h2>\n<ul>\n<li>U\u010dinkovit prenos mo\u010di: Cilinder roke zagotavlja mo\u010dno linearno gibanje in silo, kar zagotavlja visoko u\u010dinkovitost robotske roke pri razli\u010dnih operacijah.<\/li>\n<li>Natan\u010den nadzor: S hidravli\u010dnim sistemom omogo\u010da cilinder roke natan\u010den nadzor gibanja, zaradi \u010desar so operacije s priklju\u010denim orodjem bolj prilagodljive in natan\u010dne.<\/li>\n<li>Visoka vzdr\u017eljivost: Valji rok so obi\u010dajno izdelani iz visoko trdnih materialov, ki zagotavljajo odli\u010dno odpornost proti obrabi in koroziji, zaradi \u010desar so primerni za dolgotrajno uporabo v zahtevnih okoljih.<\/li>\n<li>Ve\u010dnamenska prilagodljivost: Te cilindre je mogo\u010de \u0161iroko uporabljati v razli\u010dnih strojih, kot so bagri, \u017eerjavi in \u200b\u200brobotske roke, ter tako zadovoljiti razli\u010dne delovne zahteve.<\/li>\n<li>Enostavno vzdr\u017eevanje: Cilindri so zasnovani z mislijo na enostavno vzdr\u017eevanje in zamenjavo, zato omogo\u010dajo priro\u010den redni pregled in vzdr\u017eevanje, kar zmanj\u0161uje \u010das izpada opreme.<\/li>\n<\/ul>\n<p><img decoding=\"async\" src=\"https:\/\/www.hydraulic-cylinders.net\/wp-content\/uploads\/2025\/01\/songte-oil-pipes-and-spare-parts.webp\"><\/p>\n<h2>Aplikacije<\/h2>\n<p>Rokavni valj se uporablja v razli\u010dnih panogah:<\/p>\n<ul>\n<li>Gradbeni\u0161tvo: Pri bagrih in \u017eerjavih valj roke nadzoruje gibanje \u017elic ali rok za zemeljska dela, ravnanje z materiali in konstrukcijsko monta\u017eo.<\/li>\n<li>Proizvodnja: V avtomatiziranih proizvodnih linijah valj roke olaj\u0161a gibanje robotskih rok za procese monta\u017ee, varjenja in ravnanja z materiali, s \u010dimer se izbolj\u0161a u\u010dinkovitost in natan\u010dnost proizvodnje.<\/li>\n<li>Kmetijska mehanizacija: Pri kmetijski mehanizaciji, kot so kombajni in sejalnice, cilinder roke nadzoruje gibanje delovnih rok za naloge, kot so sajenje, gnojenje in \u017eetev.<\/li>\n<li>Rudarstvo: V rudarski opremi cilinder roke nadzoruje gibanje roke za rudarjenje in transport rude.<\/li>\n<li>Logistika in transport: Pri vili\u010darjih in robotih za manipulacijo cilinder roke nadzoruje dvigovanje in premikanje vilic, kar omogo\u010da ravnanje z materiali in zlaganje.<\/li>\n<\/ul>\n<h2>Oblikovalski vidiki in izbirna merila<\/h2>\n<p>Pri na\u010drtovanju cilindri\u010dnih ro\u010dajev je treba upo\u0161tevati ve\u010d pomembnih dejavnikov:<\/p>\n<ul>\n<li>Nosilnost: Cilinder mora biti sposoben prenesti predvideno obremenitev in varno delovati v razli\u010dnih delovnih pogojih.<\/li>\n<li>Tesnjenje: Razli\u010dne tesnilne komponente, kot so tesnila bata in tesnila ojnic, je treba skrbno izbrati z uporabo materialov, odpornih proti obrabi, kot sta poliuretan in nitrilna guma.<\/li>\n<li>Vzdr\u017eljivost: Ohi\u0161je valja in navojni konci morajo biti fino obdelani, da se pove\u010da odpornost proti obrabi in zagotovi dalj\u0161a \u017eivljenjska doba.<\/li>\n<li>Varnost: V na\u010drt je treba vklju\u010diti ustrezne varnostne ukrepe, da se prepre\u010dijo nesre\u010de in zagotovi za\u0161\u010dita upravljavca.<\/li>\n<li>Vzdr\u017eevanje: Zasnova mora omogo\u010dati enostavno vzdr\u017eevanje in zagotavljati enostaven dostop za preglede in popravila, kar skraj\u0161a \u010das izpada.<\/li>\n<\/ul>\n<p><img decoding=\"async\" src=\"https:\/\/www.hydraulic-cylinders.net\/wp-content\/uploads\/2025\/01\/songte-cylinder-head-with-all-kinds-excavator-models.webp\"><\/p>\n<h2>Tesnjenje in mazanje<\/h2>\n<p>Ro\u010dajni valj uporablja razli\u010dne tesnilne komponente, kot so tesnila bata in tesnila palic, ki so izdelana iz materialov, odpornih proti obrabi, kot sta poliuretan in nitrilna guma. Telo valja in navojni konci so fino obdelani za ve\u010djo odpornost proti obrabi. Redno mazanje z ustreznim hidravli\u010dnim oljem je bistvenega pomena za nemoteno delovanje in dolgo \u017eivljenjsko dobo.<\/p>\n<h2>Redni pregledi in preventivno vzdr\u017eevanje<\/h2>\n<p>Redni pregledi in preventivni vzdr\u017eevalni ukrepi so klju\u010dnega pomena za zagotavljanje optimalne zmogljivosti in podalj\u0161anje \u017eivljenjske dobe ro\u010dnega cilindra:<\/p>\n<ul>\n<li>Preverite jeklenko glede morebitnih znakov pu\u0161\u010danja, po\u0161kodb ali obrabe.<\/li>\n<li>Redno \u010distite jeklenko in njene sestavne dele, da odstranite umazanijo in ostanke.<\/li>\n<li>Preverite in po potrebi dolijte hidravli\u010dno olje.<\/li>\n<li>Po potrebi preverite in zamenjajte tesnila in druge obrabljive dele.<\/li>\n<li>Zategnite vse ohlapne povezave ali pritrdilne elemente.<\/li>\n<\/ul>\n<h2>Vodnik za namestitev izdelka<\/h2>\n<p>Pravilna namestitev ro\u010dnega cilindra je bistvenega pomena za njegovo optimalno delovanje. Sledite tem korakom:<\/p>\n<ol>\n<li>Pripravite prostor za namestitev in se prepri\u010dajte, da je \u010dist in brez ovir.<\/li>\n<li>Namestite valj roke na \u017eeleno mesto in ga poravnajte s pritrdilnimi to\u010dkami.<\/li>\n<li>Jeklenko varno pritrdite z ustreznimi vijaki ali pritrdilnimi elementi.<\/li>\n<li>Hidravli\u010dne cevi ali cevi priklju\u010dite v skladu z navodili proizvajalca.<\/li>\n<li>Pred uporabo preverite morebitne pu\u0161\u010danja ali nepravilnosti.<\/li>\n<\/ol>\n<p><img decoding=\"async\" src=\"https:\/\/www.hydraulic-cylinders.net\/wp-content\/uploads\/2025\/01\/songte-bushings-with-all-kinds-of-excavator-models.webp\"><\/p>\n<h2>Varnostni vidiki in okoljski dejavniki<\/h2>\n<p>Pri uporabi cilindri\u010dnih ro\u010dnih valjev je izvajanje ustreznih varnostnih ukrepov izjemnega pomena za prepre\u010devanje nesre\u010d in zagotavljanje dobrega po\u010dutja upravljavcev. Okoljski dejavniki, kot sta temperatura in vla\u017enost, lahko vplivajo tudi na delovanje cilindra, zato je klju\u010dnega pomena, da se ti dejavniki upo\u0161tevajo med delovanjem in vzdr\u017eevanjem.<\/p>\n<h2>Odpravljanje te\u017eav in pogoste te\u017eave<\/h2>\n<p>Tukaj je nekaj pogostih te\u017eav, ki se lahko pojavijo z ro\u010dnimi cilindri:<\/p>\n<ul>\n<li>Pu\u0161\u010danje hidravli\u010dne teko\u010dine<\/li>\n<li>Nenavaden hrup med delovanjem<\/li>\n<li>Po\u010dasno ali neenakomerno gibanje<\/li>\n<\/ul>\n<p>Za odpravo teh te\u017eav sledite tem nasvetom za odpravljanje te\u017eav in re\u0161evanje te\u017eav:<\/p>\n<ul>\n<li>Preverite in privijte vse ohlapne povezave.<\/li>\n<li>Preverite in zamenjajte po\u0161kodovana tesnila ali druge okvarjene komponente.<\/li>\n<li>Zagotovite ustrezno mazanje in nivo hidravli\u010dne teko\u010dine.<\/li>\n<li>Po potrebi se posvetujte z navodili proizvajalca ali poi\u0161\u010dite strokovno pomo\u010d.<\/li>\n<\/ul>\n<p><img decoding=\"async\" src=\"https:\/\/www.hydraulic-cylinders.net\/wp-content\/uploads\/2025\/01\/songte-chushion-collar.webp\"><\/p>\n<p>Ne pozabite logi\u010dno organizirati \u010dlanka, uporabiti podnaslovov za la\u017ejo navigacijo, vklju\u010diti ustreznih slik ali grafikonov za bolj\u0161e razumevanje ter zagotoviti, da je vsebina jasna, jedrnata in primerna za bralce z razli\u010dnimi stopnjami tehni\u010dnega znanja.<\/p>\n<h2>O nas<\/h2>\n<p>Smo profesionalni proizvajalec nadomestnih hidravli\u010dnih cilindrov in ponujamo \u0161iroko paleto izdelkov. Postali smo eden vodilnih proizvajalcev in veleprodajnih distributerjev hidravli\u010dnih cilindrov na doma\u010dem in mednarodnem trgu. Spo\u0161tujemo na\u010delo odli\u010dnosti v kakovosti in nenehno izbolj\u0161ujemo svoje tehnolo\u0161ke zmogljivosti in u\u010dinkovitost proizvodnje. Z uvedbo vrhunske digitalne proizvodne opreme in profesionalnih sistemov testiranja optimiziramo na\u0161o proizvodno platformo in izbolj\u0161ujemo procese nadzora kakovosti izdelkov, s \u010dimer dokazujemo mo\u010dne inovacijske sposobnosti. Na\u0161 cilj je zadovoljiti raznolike potrebe strank z u\u010dinkovitostjo, natan\u010dnostjo in visokokakovostnimi izdelki.<\/p>\n<p><img decoding=\"async\" src=\"https:\/\/www.hydraulic-cylinders.net\/wp-content\/uploads\/2025\/01\/songte-company-4.webp\"><br \/>\n<img decoding=\"async\" src=\"https:\/\/www.hydraulic-cylinders.net\/wp-content\/uploads\/2025\/01\/songte-company-3.webp\"><\/p>\n<p>Avtor: lyl<\/p>","protected":false},"excerpt":{"rendered":"<p>Arm Cylinder For Tiangong ZG3235-9 Definition and Explanation The arm cylinder is a specially designed hydraulic cylinder that provides linear motion and power to the arm of various types of machinery, such as excavators, cranes, and robotic arms. It plays a key role in hydraulic systems, allowing for efficient movement and control of additional tools [&hellip;]<\/p>","protected":false},"featured_media":14770,"comment_status":"open","ping_status":"closed","template":"","meta":{"_et_pb_use_builder":"","_et_pb_old_content":"","_et_gb_content_width":""},"product_brand":[],"product_cat":[1497],"product_tag":[1498,1496],"class_list":{"0":"post-16894","1":"product","2":"type-product","3":"status-publish","4":"has-post-thumbnail","6":"product_cat-arm-cylinders","7":"product_tag-arm-cylinders","8":"product_tag-hydraulic-cylinders","10":"first","11":"instock","12":"shipping-taxable","13":"product-type-simple"},"amp_enabled":true,"_links":{"self":[{"href":"https:\/\/www.hydraulic-cylinders.net\/sl\/wp-json\/wp\/v2\/product\/16894","targetHints":{"allow":["GET"]}}],"collection":[{"href":"https:\/\/www.hydraulic-cylinders.net\/sl\/wp-json\/wp\/v2\/product"}],"about":[{"href":"https:\/\/www.hydraulic-cylinders.net\/sl\/wp-json\/wp\/v2\/types\/product"}],"replies":[{"embeddable":true,"href":"https:\/\/www.hydraulic-cylinders.net\/sl\/wp-json\/wp\/v2\/comments?post=16894"}],"wp:featuredmedia":[{"embeddable":true,"href":"https:\/\/www.hydraulic-cylinders.net\/sl\/wp-json\/wp\/v2\/media\/14770"}],"wp:attachment":[{"href":"https:\/\/www.hydraulic-cylinders.net\/sl\/wp-json\/wp\/v2\/media?parent=16894"}],"wp:term":[{"taxonomy":"product_brand","embeddable":true,"href":"https:\/\/www.hydraulic-cylinders.net\/sl\/wp-json\/wp\/v2\/product_brand?post=16894"},{"taxonomy":"product_cat","embeddable":true,"href":"https:\/\/www.hydraulic-cylinders.net\/sl\/wp-json\/wp\/v2\/product_cat?post=16894"},{"taxonomy":"product_tag","embeddable":true,"href":"https:\/\/www.hydraulic-cylinders.net\/sl\/wp-json\/wp\/v2\/product_tag?post=16894"}],"curies":[{"name":"delovni list","href":"https:\/\/api.w.org\/{rel}","templated":true}]}}