{"id":16901,"date":"2025-01-21T06:11:37","date_gmt":"2025-01-21T06:11:37","guid":{"rendered":"https:\/\/www.hydraulic-cylinders.net\/product\/arm-cylinder-for-dasin-ds50-7\/"},"modified":"2025-01-21T06:11:39","modified_gmt":"2025-01-21T06:11:39","slug":"arm-cylinder-for-dasin-ds50-7","status":"publish","type":"product","link":"https:\/\/www.hydraulic-cylinders.net\/sl\/izdelek\/arm-cylinder-for-dasin-ds50-7\/","title":{"rendered":"Ro\u010daj cilindra za Dasin DS50-7"},"content":{"rendered":"<h1>Ro\u010daj cilindra za Dasin DS50-7<\/h1>\n<h2>Uvod<\/h2>\n<p>Hidravli\u010dni valj roke je posebej zasnovan hidravli\u010dni valj, ki se uporablja za zagotavljanje linearnega gibanja in mo\u010di rok razli\u010dnih vrst strojev, kot so bagri, \u017eerjavi in \u200b\u200brobotske roke. Cilinder roke igra klju\u010dno vlogo v hidravli\u010dnih sistemih, saj omogo\u010da u\u010dinkovito premikanje in krmiljenje priklju\u010dkov ali dodatne opreme. Ti cilindri ne zagotavljajo le gladkega gibanja, temve\u010d tudi prenesejo velike obremenitve, kar zagotavlja u\u010dinkovito delovanje in zanesljivost strojev v razli\u010dnih obratovalnih pogojih.<\/p>\n<p><img decoding=\"async\" src=\"https:\/\/www.hydraulic-cylinders.net\/wp-content\/uploads\/2025\/01\/songte-company-2.webp\" alt=\"Ro\u010daj cilindra\"><\/p>\n<h2>Zna\u010dilnosti<\/h2>\n<ul>\n<li>Visoko u\u010dinkovit prenos: Cilinder roke zagotavlja mo\u010dno linearno gibanje in silo, kar zagotavlja visoko u\u010dinkovitost delovanja robotske roke med razli\u010dnimi operacijami.<\/li>\n<li>Natan\u010den nadzor: S hidravli\u010dnim sistemom lahko cilinder roke dose\u017ee natan\u010den nadzor gibanja, zaradi \u010desar je delovanje priklju\u010dkov bolj prilagodljivo in natan\u010dno.<\/li>\n<li>Visoka vzdr\u017eljivost: Valji rok so obi\u010dajno izdelani iz visoko trdnih materialov, z dobro odpornostjo proti obrabi in koroziji, primerni za dolgotrajno uporabo v te\u017ekih okoljih.<\/li>\n<li>Ve\u010dnamenska prilagodljivost: Ti cilindri se lahko \u0161iroko uporabljajo v razli\u010dni mehanski opremi, kot so bagri, \u017eerjavi in \u200b\u200brobotske roke, za izpolnjevanje razli\u010dnih delovnih zahtev.<\/li>\n<li>Enostavno vzdr\u017eevanje: Zasnova upo\u0161teva enostavno vzdr\u017eevanje in zamenjavo, zaradi \u010desar so redni pregledi in vzdr\u017eevanje bolj priro\u010dni ter skraj\u0161ajo \u010das izpada opreme.<\/li>\n<\/ul>\n<p>Na\u0161 izdelek lahko popolnoma nadomesti te hidravli\u010dne cilindre.<\/p>\n<p><img decoding=\"async\" src=\"https:\/\/www.hydraulic-cylinders.net\/wp-content\/uploads\/2025\/01\/songte-oil-pipes-and-spare-parts.webp\" alt=\"Deli hidravli\u010dnega cilindra\"><\/p>\n<h2>Aplikacije<\/h2>\n<p>Rokavni valj se uporablja v razli\u010dnih panogah in aplikacijah, kot so:<\/p>\n<ul>\n<li>Gradbeni\u0161tvo: Pri bagrih in \u017eerjavih se valj roke uporablja za nadzor gibanja \u017elice ali roke pri zemeljskih delih, ravnanju z materiali in monta\u017ei konstrukcij.<\/li>\n<li>Proizvodnja: V avtomatiziranih proizvodnih linijah se valj roke uporablja za gibanje robotskih rok za monta\u017eo, varjenje in ravnanje z materiali, kar izbolj\u0161uje u\u010dinkovitost in natan\u010dnost proizvodnje.<\/li>\n<li>Kmetijska mehanizacija: Pri kmetijski mehanizaciji, kot so \u017eetveni stroji in sejalniki, cilinder roke nadzoruje gibanje delovne roke in opravlja naloge, kot so sajenje, gnojenje in \u017eetev.<\/li>\n<li>Rudarstvo: V rudarski opremi se valj roke uporablja za nadzor gibanja rok rudarske opreme za rudarjenje in ravnanje z rudo.<\/li>\n<li>Logistika in transport: Pri vili\u010darjih in robotih za ravnanje z materiali se valj roke uporablja za nadzor dvigovanja in premikanja vilic, s \u010dimer se dose\u017ee ravnanje z materiali in zlaganje.<\/li>\n<\/ul>\n<h2>Oblikovalski vidiki in izbirna merila<\/h2>\n<p>Kar zadeva konstrukcijske vidike, morajo imeti ro\u010dajni cilindri visoko nosilnost, dobro tesnjenje, vzdr\u017eljivost, varnost in enostavno vzdr\u017eevanje. Obravnavamo lahko naslednje to\u010dke:<\/p>\n<ul>\n<li>Nosilnost: Valj roke mora prenesti velike obremenitve in zagotavljati mo\u010dno linearno gibanje, da se zagotovi u\u010dinkovito delovanje strojev.<\/li>\n<li>Tesnjenje: Za zagotovitev dobrega tesnjenja valja se uporabljajo razli\u010dni tesnilni elementi, kot so tesnila bata in tesnila palice, izdelani iz materialov, odpornih proti obrabi, kot sta poliuretan in nitrilna guma.<\/li>\n<li>Vzdr\u017eljivost: Ro\u010dajni cilindri so obi\u010dajno izdelani iz visoko trdnih materialov, z dobro odpornostjo proti obrabi in koroziji, primerni za dolgotrajno uporabo v te\u017ekih okoljih.<\/li>\n<li>Varnost: Jeklenka mora biti zasnovana z varnostnimi funkcijami, kot so tla\u010dni varnostni ventili, za\u0161\u010dita pred preobremenitvijo in mehanizmi za zaklepanje, da se prepre\u010dijo nesre\u010de.<\/li>\n<li>Vzdr\u017eevanje: Zasnova mora upo\u0161tevati enostavnost vzdr\u017eevanja in zamenjave, da bodo redni pregledi in vzdr\u017eevanje bolj priro\u010dni ter da se bo zmanj\u0161al \u010das izpada opreme.<\/li>\n<\/ul>\n<p><img decoding=\"async\" src=\"https:\/\/www.hydraulic-cylinders.net\/wp-content\/uploads\/2025\/01\/songte-cylinder-head-with-all-kinds-excavator-models.webp\" alt=\"Glava valja\"><\/p>\n<h2>Tesnjenje in mazanje<\/h2>\n<p>Ro\u010daj cilindra uporablja razli\u010dne tesnilne elemente, kot so tesnila bata in tesnila palic, izdelane iz materialov, odpornih proti obrabi, kot sta poliuretan in nitrilni kav\u010duk, da se zagotovi dobro tesnjenje cilindra. Telo cilindra in povr\u0161ina navoja sta fino obdelana za izbolj\u0161anje odpornosti proti obrabi. Za mazanje cilindra je potrebno redno dodajanje ustreznega hidravli\u010dnega olja.<\/p>\n<h2>Vzdr\u017eevanje in preventivni ukrepi<\/h2>\n<p>Redni pregledi in preventivno vzdr\u017eevanje lahko u\u010dinkovito podalj\u0161ajo \u017eivljenjsko dobo ro\u010dnega cilindra. Sprejeti je mogo\u010de naslednje ukrepe:<\/p>\n<ul>\n<li>Redno preverjajte in menjajte tesnila, da zagotovite dobro tesnjenje.<\/li>\n<li>Preverite ohi\u0161je valja in povr\u0161ino navojnega konca glede obrabe in po\u0161kodb ter ju po potrebi zamenjajte.<\/li>\n<li>Redno menjajte hidravli\u010dno olje in ga vzdr\u017eujte \u010disto, da zagotovite pravilno mazanje valja.<\/li>\n<li>Preverite varnostne funkcije jeklenke, kot so varnostni ventili, za\u0161\u010dita pred preobremenitvijo in mehanizmi za zaklepanje, ter se prepri\u010dajte, da delujejo pravilno.<\/li>\n<\/ul>\n<p><img decoding=\"async\" src=\"https:\/\/www.hydraulic-cylinders.net\/wp-content\/uploads\/2025\/01\/songte-chushion-collar.webp\" alt=\"Blazinasti ovratnik\"><\/p>\n<h2>Navodila za namestitev<\/h2>\n<p>Pred namestitvijo natan\u010dno preberite in razumite navodila za namestitev ter se prepri\u010dajte, da so valj roke in njegovi sestavni deli v dobrem stanju. Sledite tem korakom:<\/p>\n<ol>\n<li>Namestite valj v skladu s smerjo pu\u0161\u010dice na ohi\u0161ju valja.<\/li>\n<li>Prepri\u010dajte se, da sta sti\u010dna povr\u0161ina valja in monta\u017ena povr\u0161ina stroja \u010disti in nepo\u0161kodovani.<\/li>\n<li>Na valj in sti\u010dno povr\u0161ino nanesite ustrezno koli\u010dino maziva.<\/li>\n<li>Namestite jeklenko v skladu z navedenim navorom in zaporedjem privijanja.<\/li>\n<li>Preverite namestitev glede tesnjenja in pravilnega delovanja.<\/li>\n<\/ol>\n<h2>Varnostni vidiki in okoljski dejavniki<\/h2>\n<p>Pri uporabi cilindri\u010dnih ro\u010dajev so pomembni varnostni ukrepi. Uporaba cilindrov v skladu z navodili proizvajalca, vzdr\u017eevanje opreme in zagotavljanje pravilnega delovanja varnostnih funkcij lahko pomagajo prepre\u010diti nesre\u010de. Okoljski dejavniki, kot so temperatura, vla\u017enost in kemi\u010dna kontaminacija, lahko vplivajo na delovanje in \u017eivljenjsko dobo cilindrov.<\/p>\n<h2>Odpravljanje te\u017eav in pogoste te\u017eave<\/h2>\n<p>Pogoste te\u017eave z cilindri rok vklju\u010dujejo pu\u0161\u010danje, po\u010dasno delovanje in nenavaden hrup. Naslednji nasveti in re\u0161itve lahko pomagajo pri diagnosticiranju in re\u0161evanju teh te\u017eav:<\/p>\n<ul>\n<li>Pu\u0161\u010danje: Preverite tesnilne elemente in sti\u010dne povr\u0161ine glede po\u0161kodb ali obrabe in jih po potrebi zamenjajte.<\/li>\n<li>Po\u010dasno delovanje: Preverite nivo in kakovost hidravli\u010dnega olja ter ga po potrebi zamenjajte.<\/li>\n<li>Nenavaden hrup: Preverite ohi\u0161je valja in povr\u0161ino navojnega konca glede obrabe ali po\u0161kodb ter ju po potrebi zamenjajte.<\/li>\n<\/ul>\n<p>Za zmanj\u0161anje morebitnih te\u017eav se lahko sprejmejo tudi preventivni ukrepi, kot so redni pregledi in vzdr\u017eevanje ter pravilna uporaba in shranjevanje jeklenk.<\/p>\n<p><img decoding=\"async\" src=\"https:\/\/www.hydraulic-cylinders.net\/wp-content\/uploads\/2025\/01\/songte-bushings-with-all-kinds-of-excavator-models.webp\" alt=\"Pu\u0161e\"><\/p>\n<h2>O nas<\/h2>\n<p>Smo profesionalni proizvajalec nadomestnih hidravli\u010dnih cilindrov s \u0161iroko paleto izdelkov in smo postali eden vodilnih proizvajalcev in veleprodajnih distributerjev hidravli\u010dnih cilindrov na doma\u010dem in mednarodnem trgu. Vedno se dr\u017eimo na\u010dela odli\u010dne kakovosti, se zana\u0161amo na strategije upravljanja industrijske proizvodnje za natan\u010dne proizvodne delavnice, nenehno izbolj\u0161ujemo tehnologijo in u\u010dinkovitost proizvodnje. Z uvajanjem vrhunske digitalne proizvodne opreme in profesionalnih kontrolnih sistemov nenehno optimiziramo proizvodno platformo, izbolj\u0161ujemo procese nadzora kakovosti izdelkov in imamo mo\u010dne inovacijske zmogljivosti. Na\u0161 cilj je zadovoljiti raznolike potrebe strank z visoko u\u010dinkovitostjo, natan\u010dnostjo in visokokakovostnimi na\u010deli.<\/p>\n<p>Na\u0161im strankam nudimo profesionalne storitve, mednarodno certificiranje, prilagojene storitve, proizvodno opremo in poprodajne storitve.<\/p>\n<p><img decoding=\"async\" src=\"https:\/\/www.hydraulic-cylinders.net\/wp-content\/uploads\/2025\/01\/songte-company-4.webp\" alt=\"Slika podjetja\"><br \/>\n<img decoding=\"async\" src=\"https:\/\/www.hydraulic-cylinders.net\/wp-content\/uploads\/2025\/01\/songte-company-3.webp\" alt=\"Slika podjetja\"><\/p>\n<p>Avtor: lyl<\/p>","protected":false},"excerpt":{"rendered":"<p>Arm Cylinder For Dasin DS50-7 Introduction An arm cylinder is a specially designed hydraulic cylinder used to provide linear motion and power to the arms of various types of machinery, such as excavators, cranes, and robotic arms. The arm cylinder plays a key role in hydraulic systems, allowing attachments or accessories to move and be [&hellip;]<\/p>","protected":false},"featured_media":14777,"comment_status":"open","ping_status":"closed","template":"","meta":{"_et_pb_use_builder":"","_et_pb_old_content":"","_et_gb_content_width":""},"product_brand":[],"product_cat":[1497],"product_tag":[1498,1496],"class_list":{"0":"post-16901","1":"product","2":"type-product","3":"status-publish","4":"has-post-thumbnail","6":"product_cat-arm-cylinders","7":"product_tag-arm-cylinders","8":"product_tag-hydraulic-cylinders","10":"first","11":"instock","12":"shipping-taxable","13":"product-type-simple"},"amp_enabled":true,"_links":{"self":[{"href":"https:\/\/www.hydraulic-cylinders.net\/sl\/wp-json\/wp\/v2\/product\/16901","targetHints":{"allow":["GET"]}}],"collection":[{"href":"https:\/\/www.hydraulic-cylinders.net\/sl\/wp-json\/wp\/v2\/product"}],"about":[{"href":"https:\/\/www.hydraulic-cylinders.net\/sl\/wp-json\/wp\/v2\/types\/product"}],"replies":[{"embeddable":true,"href":"https:\/\/www.hydraulic-cylinders.net\/sl\/wp-json\/wp\/v2\/comments?post=16901"}],"wp:featuredmedia":[{"embeddable":true,"href":"https:\/\/www.hydraulic-cylinders.net\/sl\/wp-json\/wp\/v2\/media\/14777"}],"wp:attachment":[{"href":"https:\/\/www.hydraulic-cylinders.net\/sl\/wp-json\/wp\/v2\/media?parent=16901"}],"wp:term":[{"taxonomy":"product_brand","embeddable":true,"href":"https:\/\/www.hydraulic-cylinders.net\/sl\/wp-json\/wp\/v2\/product_brand?post=16901"},{"taxonomy":"product_cat","embeddable":true,"href":"https:\/\/www.hydraulic-cylinders.net\/sl\/wp-json\/wp\/v2\/product_cat?post=16901"},{"taxonomy":"product_tag","embeddable":true,"href":"https:\/\/www.hydraulic-cylinders.net\/sl\/wp-json\/wp\/v2\/product_tag?post=16901"}],"curies":[{"name":"delovni list","href":"https:\/\/api.w.org\/{rel}","templated":true}]}}