{"id":16902,"date":"2025-01-21T06:11:41","date_gmt":"2025-01-21T06:11:41","guid":{"rendered":"https:\/\/www.hydraulic-cylinders.net\/product\/arm-cylinder-for-dasin-ds35\/"},"modified":"2025-01-21T06:11:43","modified_gmt":"2025-01-21T06:11:43","slug":"arm-cylinder-for-dasin-ds35","status":"publish","type":"product","link":"https:\/\/www.hydraulic-cylinders.net\/sl\/izdelek\/arm-cylinder-for-dasin-ds35\/","title":{"rendered":"Ro\u010daj cilindra za Dasin DS35"},"content":{"rendered":"<h2>Ro\u010daj cilindra za Dasin DS35<\/h2>\n<h3>Uvod<\/h3>\n<p>Hidravli\u010dni cilinder za Dasin DS35 je vrsta hidravli\u010dnega cilindra, zasnovanega posebej za zagotavljanje linearnega gibanja in mo\u010di roki razli\u010dnih vrst strojev, kot so bagri, \u017eerjavi in \u200b\u200brobotske roke. Cilinder roke igra klju\u010dno vlogo v hidravli\u010dnih sistemih, saj omogo\u010da u\u010dinkovito gibanje in nadzor dodatnih orodij ali priklju\u010dkov. Ti cilindri ne zagotavljajo le gladkega gibanja, temve\u010d lahko prenesejo tudi velike obremenitve, kar zagotavlja u\u010dinkovito delovanje in zanesljivost strojev v razli\u010dnih obratovalnih pogojih.<\/p>\n<p><img decoding=\"async\" src=\"https:\/\/www.hydraulic-cylinders.net\/wp-content\/uploads\/2025\/01\/songte-company-2.webp\" \/><\/p>\n<h3>Zna\u010dilnosti<\/h3>\n<ul>\n<li><strong>U\u010dinkovit prenos mo\u010di:<\/strong> Cilinder roke zagotavlja mo\u010dno linearno gibanje in silo, kar zagotavlja visoko zmogljivost robotske roke pri razli\u010dnih operacijah.<\/li>\n<li><strong>Natan\u010den nadzor:<\/strong> S hidravli\u010dnim sistemom lahko cilinder roke dose\u017ee natan\u010den nadzor gibanja, zaradi \u010desar je delovanje dodatnih orodij bolj prilagodljivo in natan\u010dno.<\/li>\n<li><strong>Trpe\u017eno:<\/strong> Ro\u010dajni cilindri so obi\u010dajno izdelani iz visoko trdnih materialov, z dobro odpornostjo proti obrabi in koroziji, zaradi \u010desar so primerni za dolgotrajno uporabo v zahtevnih okoljih.<\/li>\n<li><strong>Ve\u010dnamenska prilagodljivost:<\/strong> Ti cilindri se lahko \u0161iroko uporabljajo v razli\u010dnih vrstah strojev, kot so bagri, \u017eerjavi in \u200b\u200brobotske roke, ter se prilagajajo razli\u010dnim zahtevam dela.<\/li>\n<li><strong>Enostavno vzdr\u017eevanje:<\/strong> Zasnovan za enostavno vzdr\u017eevanje in zamenjavo, redni pregledi in vzdr\u017eevanje postanejo bolj priro\u010dni, kar skraj\u0161a \u010das izpada opreme.<\/li>\n<\/ul>\n<p>Ta izdelek lahko izdelamo in na\u0161 izdelek lahko popolnoma nadomesti te hidravli\u010dne cilindre.<\/p>\n<p><img decoding=\"async\" src=\"https:\/\/www.hydraulic-cylinders.net\/wp-content\/uploads\/2025\/01\/songte-oil-pipes-and-spare-parts.webp\" \/><\/p>\n<h3>Aplikacije<\/h3>\n<p>Ro\u010dni valj se uporablja v razli\u010dnih panogah, vklju\u010dno z:<\/p>\n<ul>\n<li><strong>Gradnja:<\/strong> Pri bagrih in \u017eerjavih se valj roke uporablja za krmiljenje gibanja \u017elic ali rok pri zemeljskih delih, ravnanju z materiali in monta\u017ei konstrukcij.<\/li>\n<li><strong>Proizvodnja:<\/strong> V avtomatiziranih proizvodnih linijah se valj roke uporablja za gibanje robotskih rok, izvajanje postopkov monta\u017ee, varjenja in ravnanja z materiali, kar izbolj\u0161uje u\u010dinkovitost in natan\u010dnost proizvodnje.<\/li>\n<li><strong>Kmetijska mehanizacija:<\/strong> V kmetijskih strojih, kot so kombajni in sejalnice, cilinder roke nadzoruje gibanje delovne roke, ki opravlja naloge, kot so setev, gnojenje in \u017eetev.<\/li>\n<li><strong>Rudarstvo:<\/strong> V rudarski opremi se valj roke uporablja za nadzor gibanja roke rudarske opreme, opravljanje rudarskih in ravnanje z materiali nalog.<\/li>\n<li><strong>Logistika in transport:<\/strong> Pri vili\u010darjih in robotih za ravnanje se valj roke uporablja za nadzor dvigovanja in premikanja tovora, s \u010dimer se dose\u017ee ravnanje in zlaganje materialov.<\/li>\n<\/ul>\n<h3>Oblikovalski vidiki in izbirna merila<\/h3>\n<p>Merila za na\u010drtovanje in izbiro ro\u010dnega cilindra vklju\u010dujejo:<\/p>\n<ul>\n<li><strong>Nosilnost:<\/strong> Ro\u010dajni valj mora biti sposoben prenesti obremenitev stroja in dodatne opreme, ki jo nosi.<\/li>\n<li><strong>Tesnjenje:<\/strong> Ro\u010dica cilindra mora uporabljati razli\u010dne vrste tesnil, kot so tesnila bata in tesnila palice, ki so izdelana iz materialov, odpornih proti obrabi, kot sta poliuretan in nitrilna guma.<\/li>\n<li><strong>Vzdr\u017eljivost:<\/strong> Ro\u010daj valja mora biti izdelan iz visoko trdnih materialov in imeti dobro odpornost proti obrabi in koroziji, primeren za uporabo v te\u017ekih okoljih.<\/li>\n<li><strong>Varnost:<\/strong> Ro\u010dajni valj mora imeti varnostni faktor, da se prepre\u010di zlom ali nesre\u010de med delovanjem.<\/li>\n<li><strong>Vzdr\u017eevanje:<\/strong> Ro\u010dajni valj mora biti zasnovan za enostavno vzdr\u017eevanje in zamenjavo, kar zmanj\u0161a stro\u0161ke vzdr\u017eevanja in izpade opreme.<\/li>\n<\/ul>\n<p><img decoding=\"async\" src=\"https:\/\/www.hydraulic-cylinders.net\/wp-content\/uploads\/2025\/01\/songte-cylinder-head-with-all-kinds-excavator-models.webp\" \/><\/p>\n<h3>Tesnjenje in mazanje<\/h3>\n<p>Valj roke mora uporabljati razli\u010dne vrste tesnil, kot so tesnila bata in tesnila palice, ki so izdelana iz materialov, odpornih proti obrabi, kot sta poliuretan in nitrilna guma. Telo valja in povr\u0161ina navoja morata biti natan\u010dno obdelana za izbolj\u0161anje odpornosti proti obrabi. Valj roke je treba redno mazati z ustrezno koli\u010dino hidravli\u010dnega olja, da se zagotovi nemoteno delovanje.<\/p>\n<h3>Vzdr\u017eevanje in odpravljanje te\u017eav<\/h3>\n<p>Za zagotovitev u\u010dinkovitega delovanja ro\u010dnega cilindra je potrebno redno vzdr\u017eevanje. Vzdr\u017eevanje vklju\u010duje preverjanje pu\u0161\u010danja, \u010di\u0161\u010denje cilindra, zamenjavo tesnil in pregled batnice glede po\u0161kodb. V primeru odpravljanja te\u017eav so vam lahko v pomo\u010d naslednji nasveti:<\/p>\n<ul>\n<li><strong>Te\u017eava:<\/strong> Cilinder se ne premika ali se premika po\u010dasi.<\/li>\n<li><strong>Re\u0161itev:<\/strong> Preverite nivo hidravli\u010dnega olja, oljno \u010drpalko in ventil.<\/li>\n<li><strong>Te\u017eava:<\/strong> Cilinder se premika neenakomerno ali vibrira.<\/li>\n<li><strong>Re\u0161itev:<\/strong> Preverite, ali je batnica po\u0161kodovana ali upognjena, in preverite viskoznost hidravli\u010dnega olja.<\/li>\n<\/ul>\n<p>Preventivni ukrepi vklju\u010dujejo upo\u0161tevanje navodil proizvajalca, redno vzdr\u017eevanje in spremljanje tlaka in temperature hidravli\u010dnega sistema.<\/p>\n<p><img decoding=\"async\" src=\"https:\/\/www.hydraulic-cylinders.net\/wp-content\/uploads\/2025\/01\/songte-chushion-collar.webp\" \/><\/p>\n<h3>Navodila za namestitev<\/h3>\n<p>Namestitev ro\u010dnega cilindra zahteva previdnost, da se izognete po\u0161kodbam ali nesre\u010dam. Naslednji koraki vam lahko pomagajo pri postopku namestitve:<\/p>\n<ol>\n<li>Hidravli\u010dni sistem in valj roke pripravite v skladu z navodili proizvajalca.<\/li>\n<li>Namestite valj na stroj in se prepri\u010dajte, da je pravilno poravnan in podprt.<\/li>\n<li>Hidravli\u010dne cevi priklju\u010dite na valj.<\/li>\n<li>Preverite pu\u0161\u010danje in preizkusite delovanje cilindra.<\/li>\n<\/ol>\n<p><img decoding=\"async\" src=\"https:\/\/www.hydraulic-cylinders.net\/wp-content\/uploads\/2025\/01\/songte-bushings-with-all-kinds-of-excavator-models.webp\" \/><\/p>\n<h3>Varnostni vidiki in okoljski dejavniki<\/h3>\n<p>Delovanje cilindra roke mora biti v skladu z navodili proizvajalca in varnostnimi smernicami. Varnostni vidiki vklju\u010dujejo uporabo za\u0161\u010ditne opreme, redno vzdr\u017eevanje in pregled hidravli\u010dnega sistema glede pu\u0161\u010danja in tlaka. Okoljski dejavniki vklju\u010dujejo pravilno odstranjevanje hidravli\u010dnega olja in upo\u0161tevanje lokalnih predpisov.<\/p>\n<h3>O nas<\/h3>\n<p>Smo profesionalni proizvajalec hidravli\u010dnih cilindrov s \u0161iroko paleto izdelkov in smo postali eden vodilnih proizvajalcev in veleprodajnih distributerjev hidravli\u010dnih cilindrov na doma\u010dem in mednarodnem trgu. Vedno se dr\u017eimo na\u010dela odli\u010dne kakovosti, pri \u010demer se zana\u0161amo na industrializirane strategije upravljanja proizvodnje v delavnicah za natan\u010dno izdelavo, s \u010dimer nenehno izbolj\u0161ujemo na\u0161o tehni\u010dno raven in u\u010dinkovitost proizvodnje.<\/p>\n<p>Z uvajanjem vrhunske digitalne proizvodne opreme in profesionalnih sistemov za zaznavanje nenehno optimiziramo proizvodno platformo, izbolj\u0161ujemo procese nadzora kakovosti izdelkov in imamo mo\u010dne inovacijske zmogljivosti. Na\u0161 cilj je zadovoljiti raznolike potrebe strank z visoko u\u010dinkovitostjo, natan\u010dnostjo in visoko kakovostjo.<\/p>\n<p>Ponujamo profesionalne storitve, mednarodne certifikate, prilagojene storitve, napredno proizvodno opremo in celovito poprodajno storitev.<\/p>\n<p><img decoding=\"async\" src=\"https:\/\/www.hydraulic-cylinders.net\/wp-content\/uploads\/2025\/01\/songte-company-4.webp\" \/><br \/>\n<img decoding=\"async\" src=\"https:\/\/www.hydraulic-cylinders.net\/wp-content\/uploads\/2025\/01\/songte-company-3.webp\" \/><\/p>\n<p>Avtor: lyl<\/p>","protected":false},"excerpt":{"rendered":"<p>Arm Cylinder For Dasin DS35 Introduction The Arm Cylinder for Dasin DS35 is a type of hydraulic cylinder designed specifically to provide linear motion and power to the arm of various types of machinery, such as excavators, cranes, and robotic arms. The arm cylinder plays a critical role in hydraulic systems, enabling the effective movement [&hellip;]<\/p>","protected":false},"featured_media":14774,"comment_status":"open","ping_status":"closed","template":"","meta":{"_et_pb_use_builder":"","_et_pb_old_content":"","_et_gb_content_width":""},"product_brand":[],"product_cat":[1497],"product_tag":[1498,1496],"class_list":{"0":"post-16902","1":"product","2":"type-product","3":"status-publish","4":"has-post-thumbnail","6":"product_cat-arm-cylinders","7":"product_tag-arm-cylinders","8":"product_tag-hydraulic-cylinders","10":"first","11":"instock","12":"shipping-taxable","13":"product-type-simple"},"amp_enabled":true,"_links":{"self":[{"href":"https:\/\/www.hydraulic-cylinders.net\/sl\/wp-json\/wp\/v2\/product\/16902","targetHints":{"allow":["GET"]}}],"collection":[{"href":"https:\/\/www.hydraulic-cylinders.net\/sl\/wp-json\/wp\/v2\/product"}],"about":[{"href":"https:\/\/www.hydraulic-cylinders.net\/sl\/wp-json\/wp\/v2\/types\/product"}],"replies":[{"embeddable":true,"href":"https:\/\/www.hydraulic-cylinders.net\/sl\/wp-json\/wp\/v2\/comments?post=16902"}],"wp:featuredmedia":[{"embeddable":true,"href":"https:\/\/www.hydraulic-cylinders.net\/sl\/wp-json\/wp\/v2\/media\/14774"}],"wp:attachment":[{"href":"https:\/\/www.hydraulic-cylinders.net\/sl\/wp-json\/wp\/v2\/media?parent=16902"}],"wp:term":[{"taxonomy":"product_brand","embeddable":true,"href":"https:\/\/www.hydraulic-cylinders.net\/sl\/wp-json\/wp\/v2\/product_brand?post=16902"},{"taxonomy":"product_cat","embeddable":true,"href":"https:\/\/www.hydraulic-cylinders.net\/sl\/wp-json\/wp\/v2\/product_cat?post=16902"},{"taxonomy":"product_tag","embeddable":true,"href":"https:\/\/www.hydraulic-cylinders.net\/sl\/wp-json\/wp\/v2\/product_tag?post=16902"}],"curies":[{"name":"delovni list","href":"https:\/\/api.w.org\/{rel}","templated":true}]}}